{"id":80,"date":"2024-12-05T10:57:57","date_gmt":"2024-12-05T10:57:57","guid":{"rendered":"http:\/\/longcando.id.vn\/?post_type=product&#038;p=80"},"modified":"2024-12-20T13:33:09","modified_gmt":"2024-12-20T13:33:09","slug":"khay-ve-sinh-cho-meo-cua-ngang","status":"publish","type":"product","link":"http:\/\/longcando.id.vn\/index.php\/san-pham\/khay-ve-sinh-cho-meo-cua-ngang\/","title":{"rendered":"Khay v\u1ec7 sinh cho m\u00e8o c\u1eeda ngang"},"content":{"rendered":"<p><strong>TH\u00d4NG TIN S\u1ea2N PH\u1ea8M<\/strong><br \/>\nS\u1ea3n ph\u1ea9m d\u00f9ng \u0111\u1ec3 \u0111\u1ef1ng c\u00e1t v\u1ec7 sinh gi\u00fap m\u00e8o \u0111i v\u1ec7 sinh \u0111\u00fang ch\u1ed7.<br \/>\nS\u1ea3n ph\u1ea9m \u0111\u01b0\u1ee3c l\u00e0m t\u1eeb ch\u1ea5t li\u1ec7u nh\u1ef1a PP kh\u00f4ng \u0111\u1ed9c h\u1ea1i, an to\u00e0n cho ng\u01b0\u1eddi v\u00e0 v\u1eadt nu\u00f4i.Khay v\u1ec7 sinh h\u00ecnh d\u00e1ng ch\u1eef nh\u1eadt bo cong 4 g\u00f3c, th\u00e0nh cao r\u1ea5t hi\u1ec7n \u0111\u1ea1i, c\u00f3 3 m\u00e0u s\u1eafc h\u1ed3ng, xanh l\u00e1 v\u00e0 xanh d\u01b0\u01a1ng.<\/p>\n<p>K\u00edch c\u1ee1 S\u1ea3n ph\u1ea9m : 44*35*23cm<\/p>\n<p><strong>C\u00f4ng d\u1ee5ng c\u1ee7a s\u1ea3n ph\u1ea9m:<\/strong><\/p>\n<p>&#8211; Gi\u00fap th\u00fa c\u01b0ng \u0111i v\u1ec7 sinh \u0111\u01b0\u1ee3c d\u1ec5 d\u00e0ng h\u01a1n.<\/p>\n<p>&#8211; X\u1ebbng \u0111i k\u00e8m gi\u00fap b\u1ea1n d\u1ec5 d\u00e0ng d\u1ecdn d\u1eb9p, lau ch\u00f9i v\u00e0 v\u1ec7 sinh h\u01a1n, kh\u00f4ng b\u1ecb v\u1ea5y b\u1ea9n ra kh\u1eafp nh\u00e0.<\/p>\n<p>&#8211; Ph\u1ea7n n\u1eafp cong v\u00e0o b\u00ean trong gi\u00fap cho c\u00e1t v\u1ec7 sinh kh\u00f4ng b\u1ecb b\u1eafn tung t\u00f3e khi th\u00fa c\u01b0ng \u0111i v\u1ec7 sinh.<\/p>\n<p>&#8211; B\u1ea1n c\u00f3 th\u1ec3 \u0111\u1ed5 c\u00e1t v\u1ec7 sinh ho\u1eb7c t\u1ea5m l\u00f3t h\u00fat kh\u1eed m\u00f9i b\u00ean d\u01b0\u1edbi khay \u0111\u1ec3 lo\u1ea1i b\u1ecf m\u00f9i h\u00f4i c\u1ee7a ph\u00e2n v\u00e0 n\u01b0\u1edbc ti\u1ec3u. S\u1ea3n ph\u1ea9m ti\u1ec7n l\u1ee3i cho nh\u1eefng gia \u0111\u00ecnh \u1edf th\u00e0nh ph\u1ed1 kh\u00f4ng c\u00f3 nhi\u1ec1u kh\u00f4ng gian.<\/p>\n","protected":false},"excerpt":{"rendered":"<p>TH\u00d4NG TIN S\u1ea2N PH\u1ea8M S\u1ea3n ph\u1ea9m d\u00f9ng \u0111\u1ec3 \u0111\u1ef1ng c\u00e1t v\u1ec7 sinh gi\u00fap m\u00e8o \u0111i v\u1ec7 sinh \u0111\u00fang ch\u1ed7. S\u1ea3n ph\u1ea9m \u0111\u01b0\u1ee3c l\u00e0m t\u1eeb ch\u1ea5t li\u1ec7u nh\u1ef1a PP kh\u00f4ng \u0111\u1ed9c h\u1ea1i, an to\u00e0n cho ng\u01b0\u1eddi v\u00e0 v\u1eadt nu\u00f4i.Khay v\u1ec7 sinh h\u00ecnh d\u00e1ng ch\u1eef nh\u1eadt bo cong 4 g\u00f3c, th\u00e0nh cao r\u1ea5t hi\u1ec7n \u0111\u1ea1i, c\u00f3 3 [&hellip;]<\/p>\n","protected":false},"featured_media":77,"comment_status":"open","ping_status":"closed","template":"","meta":[],"product_cat":[23],"product_tag":[38,31,34,37],"class_list":{"0":"post-80","1":"product","2":"type-product","3":"status-publish","4":"has-post-thumbnail","6":"product_cat-chau-va-cat-ve-sinh","7":"product_tag-khay-ve-sinh","8":"product_tag-meo","9":"product_tag-nha-ve-sinh","10":"product_tag-ve-sinh-meo","12":"first","13":"instock","14":"sale","15":"taxable","16":"shipping-taxable","17":"purchasable","18":"product-type-simple"},"jetpack_sharing_enabled":true,"_links":{"self":[{"href":"http:\/\/longcando.id.vn\/index.php\/wp-json\/wp\/v2\/product\/80","targetHints":{"allow":["GET"]}}],"collection":[{"href":"http:\/\/longcando.id.vn\/index.php\/wp-json\/wp\/v2\/product"}],"about":[{"href":"http:\/\/longcando.id.vn\/index.php\/wp-json\/wp\/v2\/types\/product"}],"replies":[{"embeddable":true,"href":"http:\/\/longcando.id.vn\/index.php\/wp-json\/wp\/v2\/comments?post=80"}],"wp:featuredmedia":[{"embeddable":true,"href":"http:\/\/longcando.id.vn\/index.php\/wp-json\/wp\/v2\/media\/77"}],"wp:attachment":[{"href":"http:\/\/longcando.id.vn\/index.php\/wp-json\/wp\/v2\/media?parent=80"}],"wp:term":[{"taxonomy":"product_cat","embeddable":true,"href":"http:\/\/longcando.id.vn\/index.php\/wp-json\/wp\/v2\/product_cat?post=80"},{"taxonomy":"product_tag","embeddable":true,"href":"http:\/\/longcando.id.vn\/index.php\/wp-json\/wp\/v2\/product_tag?post=80"}],"curies":[{"name":"wp","href":"https:\/\/api.w.org\/{rel}","templated":true}]}}