{"id":79,"date":"2024-12-05T10:56:17","date_gmt":"2024-12-05T10:56:17","guid":{"rendered":"http:\/\/longcando.id.vn\/?post_type=product&#038;p=79"},"modified":"2024-12-20T13:51:18","modified_gmt":"2024-12-20T13:51:18","slug":"cat-ve-sinh-natural-tofu-cat-litter-cho-meo-mui-sua","status":"publish","type":"product","link":"http:\/\/longcando.id.vn\/index.php\/san-pham\/cat-ve-sinh-natural-tofu-cat-litter-cho-meo-mui-sua\/","title":{"rendered":"C\u00e1t v\u1ec7 sinh Natural Tofu Cat Litter cho m\u00e8o m\u00f9i s\u1eefa"},"content":{"rendered":"<p><strong>TH\u00d4NG TIN S\u1ea2N PH\u1ea8M<\/strong><\/p>\n<p>C\u00e1t v\u1ec7 sinh Natural Tofu Cat Litter l\u00e0 lo\u1ea1i c\u00e1t t\u1ef1 nhi\u00ean \u0111\u01b0\u1ee3c s\u1ea3n xu\u1ea5t b\u1eb1ng \u0111\u1eadu ph\u1ee5, \u0111\u1eadu h\u1ee7 l\u00e0 th\u00e0nh ph\u1ea7n ch\u00ednh an to\u00e0n cho ch\u1ee7 s\u1edf h\u1eefu v\u00e0 v\u1eadt nu\u00f4i, ngay c\u1ea3 khi b\u1ecb th\u00fa c\u01b0ng v\u00f4 t\u00ecnh nu\u1ed1t ph\u1ea3i.<br \/>\n&#8211; S\u1ea3n ph\u1ea9m th\u00e2n thi\u1ec7n v\u1edbi m\u00f4i tr\u01b0\u1eddng ch\u1ea5t th\u1ea3i c\u00f3 th\u1ec3 d\u00f9ng \u0111\u1ec3 b\u00f3n c\u00e2y tr\u1ed3ng cho khu v\u01b0\u1eddn c\u1ee7a b\u1ea1n th\u00eam xanh.<br \/>\n&#8211; Th\u1ea5m h\u00fat nhanh ch\u00f3ng, an to\u00e0n, kinh t\u1ebf. Tr\u1ecdng l\u01b0\u1ee3ng nh\u1eb9, m\u1ec1m m\u1ea1i t\u1ea1o c\u1ea3m gi\u00e1c tho\u1ea3i m\u00e1i cho th\u00fa c\u01b0ng.<br \/>\n&#8211; Kh\u1eed m\u00f9i h\u00f4i to\u00e0n di\u1ec7n \u2013 kh\u00f4ng d\u00f9ng ho\u00e1 ch\u1ea5t, ph\u1ee5 gia nh\u00e2n t\u1ea1o.<br \/>\n&#8211; C\u1ef1c k\u1ef3 ti\u1ebft ki\u1ec7m: Sau khi x\u00fac b\u1ecf vi\u00ean ch\u1ea5t th\u1ea3i v\u00f3n c\u1ee5c, ph\u1ea7n l\u00f3t \u1ed5 c\u00f2n l\u1ea1i c\u00f3 th\u1ec3 d\u00f9ng ti\u1ebfp trong 4-6 tu\u1ea7n!<br \/>\n&#8211; V\u00f3n c\u1ee5c ch\u1eafc, th\u1ea5m h\u00fat xu\u1ea5t s\u1eafc h\u01a1n 700%.<\/p>\n<p><strong>\u0110\u1eb6C \u0110I\u1ec2M N\u1ed4I B\u1eacT<\/strong><\/p>\n<ul>\n<li>Ch\u1ea5t x\u01a1 c\u00f3 th\u1ec3 ti\u00eau ho\u00e1 \u0111\u01b0\u1ee3c n\u00ean s\u1ebd an to\u00e0n n\u1ebfu m\u00e8o nu\u1ed1t ph\u1ea3i.<\/li>\n<li>Ph\u00e2n hu\u1ef7 sinh h\u1ecdc 100%, th\u00e2n thi\u1ec7n v\u1edbi m\u00f4i tr\u01b0\u1eddng.<\/li>\n<li>Ch\u1ea5t th\u1ea3i v\u00f3n l\u1ea1i c\u00f3 th\u1ec3 ti\u00eau hu\u1ef7 trong toilet gia \u0111\u00ecnh ho\u1eb7c d\u00f9ng l\u00e0m ph\u00e2n b\u00f3n<\/li>\n<li>Nh\u1eb9 \u2013 d\u1ec5 v\u1eadn chuy\u1ec3n \u2013 d\u00f9ng l\u00e2u h\u01a1n \u2013 \u00edt r\u00e1c th\u1ea3i h\u01a1n.<\/li>\n<li>\u0110\u1ed9c \u0111\u00e1o: h\u1ea1t v\u1ec7 sinh m\u00e0u s\u1eafc \u0111\u1eb7c bi\u1ec7t hi\u1ec7u qu\u1ea3 trong vi\u1ec7c ng\u0103n ch\u1eb7n m\u00f9i h\u00f4i ph\u00e1t t\u00e1n.<\/li>\n<li>Nh\u1eb9 g\u1ea5p 3 l\u1ea7n so v\u1edbi c\u00e1t v\u1ec7 sinh th\u00f4ng th\u01b0\u1eddng h\u1ea5p th\u1ee5 ch\u1ea5t l\u1ecfng g\u1ea5p 3 l\u1ea7n th\u1ec3 t\u00edch c\u1ee7a n\u00f3.<\/li>\n<\/ul>\n","protected":false},"excerpt":{"rendered":"<p>TH\u00d4NG TIN S\u1ea2N PH\u1ea8M C\u00e1t v\u1ec7 sinh Natural Tofu Cat Litter l\u00e0 lo\u1ea1i c\u00e1t t\u1ef1 nhi\u00ean \u0111\u01b0\u1ee3c s\u1ea3n xu\u1ea5t b\u1eb1ng \u0111\u1eadu ph\u1ee5, \u0111\u1eadu h\u1ee7 l\u00e0 th\u00e0nh ph\u1ea7n ch\u00ednh an to\u00e0n cho ch\u1ee7 s\u1edf h\u1eefu v\u00e0 v\u1eadt nu\u00f4i, ngay c\u1ea3 khi b\u1ecb th\u00fa c\u01b0ng v\u00f4 t\u00ecnh nu\u1ed1t ph\u1ea3i. &#8211; S\u1ea3n ph\u1ea9m th\u00e2n thi\u1ec7n v\u1edbi m\u00f4i tr\u01b0\u1eddng [&hellip;]<\/p>\n","protected":false},"featured_media":75,"comment_status":"open","ping_status":"closed","template":"","meta":[],"product_cat":[23],"product_tag":[32,36,35,31,37],"class_list":{"0":"post-79","1":"product","2":"type-product","3":"status-publish","4":"has-post-thumbnail","6":"product_cat-chau-va-cat-ve-sinh","7":"product_tag-cat","8":"product_tag-cat-meo","9":"product_tag-cat-ve-sinh","10":"product_tag-meo","11":"product_tag-ve-sinh-meo","13":"first","14":"instock","15":"sale","16":"taxable","17":"shipping-taxable","18":"purchasable","19":"product-type-simple"},"jetpack_sharing_enabled":true,"_links":{"self":[{"href":"http:\/\/longcando.id.vn\/index.php\/wp-json\/wp\/v2\/product\/79","targetHints":{"allow":["GET"]}}],"collection":[{"href":"http:\/\/longcando.id.vn\/index.php\/wp-json\/wp\/v2\/product"}],"about":[{"href":"http:\/\/longcando.id.vn\/index.php\/wp-json\/wp\/v2\/types\/product"}],"replies":[{"embeddable":true,"href":"http:\/\/longcando.id.vn\/index.php\/wp-json\/wp\/v2\/comments?post=79"}],"wp:featuredmedia":[{"embeddable":true,"href":"http:\/\/longcando.id.vn\/index.php\/wp-json\/wp\/v2\/media\/75"}],"wp:attachment":[{"href":"http:\/\/longcando.id.vn\/index.php\/wp-json\/wp\/v2\/media?parent=79"}],"wp:term":[{"taxonomy":"product_cat","embeddable":true,"href":"http:\/\/longcando.id.vn\/index.php\/wp-json\/wp\/v2\/product_cat?post=79"},{"taxonomy":"product_tag","embeddable":true,"href":"http:\/\/longcando.id.vn\/index.php\/wp-json\/wp\/v2\/product_tag?post=79"}],"curies":[{"name":"wp","href":"https:\/\/api.w.org\/{rel}","templated":true}]}}