{"id":71,"date":"2024-12-05T10:50:43","date_gmt":"2024-12-05T10:50:43","guid":{"rendered":"http:\/\/longcando.id.vn\/?post_type=product&#038;p=71"},"modified":"2024-12-20T13:39:22","modified_gmt":"2024-12-20T13:39:22","slug":"cat-dau-nanh-acropet-cho-meo-huong-tra-xanh-5l","status":"publish","type":"product","link":"http:\/\/longcando.id.vn\/index.php\/san-pham\/cat-dau-nanh-acropet-cho-meo-huong-tra-xanh-5l\/","title":{"rendered":"C\u00e1t \u0111\u1eadu n\u00e0nh ACROPET cho m\u00e8o h\u01b0\u01a1ng tr\u00e0 xanh 5L"},"content":{"rendered":"<p><strong>TH\u00d4NG TIN S\u1ea2N PH\u1ea8M<\/strong><\/p>\n<ul>\n<li>Kh\u00f4ng gi\u1ed1ng nh\u01b0 c\u00e1c lo\u1ea1i c\u00e1t th\u00f4ng th\u01b0\u1eddng, C\u00e1t \u0111\u1eadu ph\u1ee5 Acropet \u0111\u01b0\u1ee3c l\u00e0m t\u1eeb \u0111\u1eadu n\u00e0nh thi\u00ean nhi\u00ean c\u00f3 th\u1ec3 \u0103n \u0111\u01b0\u1ee3c, an to\u00e0n cho m\u00e8o. Ngo\u00e0i ra, C\u00e1t c\u00f3 r\u1ea5t \u00edt b\u1ee5i, gi\u00fap ng\u0103n ng\u1eeba c\u00e1c b\u1ec7nh v\u1ec1 \u0111\u01b0\u1eddng h\u00f4 h\u1ea5p cho m\u00e8o v\u00e0 c\u1ea3 ng\u01b0\u1eddi nu\u00f4i.<\/li>\n<li>\u0110\u1eb7c bi\u1ec7t n\u1ebfu gia \u0111\u00ecnh b\u1ea1n c\u00f3 em b\u00e9 th\u00ec C\u00e1t \u0111\u1eadu ph\u1ee5 c\u1ef1c k\u1ef3 th\u00e2n thi\u1ec7n.L\u00e0 s\u1ea3n ph\u1ea9m th\u00e2n thi\u1ec7n v\u1edbi m\u00f4i tr\u01b0\u1eddng, h\u00f2a tan t\u1ed1t trong nh\u00e0 v\u1ec7 sinh v\u00e0 kh\u00f4ng \u0111\u1ed9c h\u1ea1i ngay c\u1ea3 khi m\u00e8o kh\u00f4ng may \u0103n ph\u1ea3i.<\/li>\n<\/ul>\n<p><strong><em>4 \u01b0u \u0111i\u1ec3m n\u1ed5i b\u1eadt c\u1ee7a C\u00e1t v\u1ec7 sinh \u0111\u1eadu ph\u1ee5 Acropet<\/em><\/strong><\/p>\n<ul>\n<li>S\u1ea3n ph\u1ea9m th\u00e2n thi\u1ec7n v\u1edbi m\u00f4i tr\u01b0\u1eddng, \u0111\u01b0\u1ee3c l\u00e0m t\u1eeb \u0111\u1eadu n\u00e0nh thi\u00ean nhi\u00ean.<\/li>\n<li>D\u1ec5 d\u00e0ng h\u00f2a tan v\u00e0 nhanh ch\u00f3ng ph\u00e2n h\u1ee7y trong n\u01b0\u1edbc.<\/li>\n<li>H\u1ea5p th\u1ee5 n\u01b0\u1edbc v\u00e0 ki\u1ec3m so\u00e1t m\u00f9i v\u01b0\u1ee3t tr\u1ed9i &#8211; V\u1edbi c\u00f4ng th\u1ee9c v\u00f3n c\u1ee5c ngay l\u1eadp t\u1ee9c, c\u00e1c h\u1ea1t c\u00e1t h\u1ea5p th\u1ee5 h\u01a1n 4 l\u1ea7n tr\u1ecdng l\u01b0\u1ee3ng c\u1ee7a ch\u00fang ngay khi ti\u1ebfp x\u00fac v\u1edbi ch\u1ea5t l\u1ecfng, c\u00e1c h\u1ea1t c\u00e1t s\u1ebd t\u1ef1 trung h\u00f2a m\u00f9i amoniac trong n\u01b0\u1edbc ti\u1ec3u c\u1ee7a m\u00e8o.<\/li>\n<li>Kh\u00f4ng b\u1ee5i 99% gi\u00fap b\u1ea3o v\u1ec7 s\u1ee9c kh\u1ecfe \u0111\u01b0\u1eddng h\u00f4 h\u1ea5p cho m\u00e8o v\u00e0 Sen hi\u1ec7u qu\u1ea3.<\/li>\n<\/ul>\n","protected":false},"excerpt":{"rendered":"<p>TH\u00d4NG TIN S\u1ea2N PH\u1ea8M Kh\u00f4ng gi\u1ed1ng nh\u01b0 c\u00e1c lo\u1ea1i c\u00e1t th\u00f4ng th\u01b0\u1eddng, C\u00e1t \u0111\u1eadu ph\u1ee5 Acropet \u0111\u01b0\u1ee3c l\u00e0m t\u1eeb \u0111\u1eadu n\u00e0nh thi\u00ean nhi\u00ean c\u00f3 th\u1ec3 \u0103n \u0111\u01b0\u1ee3c, an to\u00e0n cho m\u00e8o. Ngo\u00e0i ra, C\u00e1t c\u00f3 r\u1ea5t \u00edt b\u1ee5i, gi\u00fap ng\u0103n ng\u1eeba c\u00e1c b\u1ec7nh v\u1ec1 \u0111\u01b0\u1eddng h\u00f4 h\u1ea5p cho m\u00e8o v\u00e0 c\u1ea3 ng\u01b0\u1eddi nu\u00f4i. \u0110\u1eb7c bi\u1ec7t [&hellip;]<\/p>\n","protected":false},"featured_media":73,"comment_status":"open","ping_status":"closed","template":"","meta":[],"product_cat":[23],"product_tag":[32,36,35,31],"class_list":{"0":"post-71","1":"product","2":"type-product","3":"status-publish","4":"has-post-thumbnail","6":"product_cat-chau-va-cat-ve-sinh","7":"product_tag-cat","8":"product_tag-cat-meo","9":"product_tag-cat-ve-sinh","10":"product_tag-meo","12":"first","13":"instock","14":"taxable","15":"shipping-taxable","16":"purchasable","17":"product-type-simple"},"jetpack_sharing_enabled":true,"_links":{"self":[{"href":"http:\/\/longcando.id.vn\/index.php\/wp-json\/wp\/v2\/product\/71","targetHints":{"allow":["GET"]}}],"collection":[{"href":"http:\/\/longcando.id.vn\/index.php\/wp-json\/wp\/v2\/product"}],"about":[{"href":"http:\/\/longcando.id.vn\/index.php\/wp-json\/wp\/v2\/types\/product"}],"replies":[{"embeddable":true,"href":"http:\/\/longcando.id.vn\/index.php\/wp-json\/wp\/v2\/comments?post=71"}],"wp:featuredmedia":[{"embeddable":true,"href":"http:\/\/longcando.id.vn\/index.php\/wp-json\/wp\/v2\/media\/73"}],"wp:attachment":[{"href":"http:\/\/longcando.id.vn\/index.php\/wp-json\/wp\/v2\/media?parent=71"}],"wp:term":[{"taxonomy":"product_cat","embeddable":true,"href":"http:\/\/longcando.id.vn\/index.php\/wp-json\/wp\/v2\/product_cat?post=71"},{"taxonomy":"product_tag","embeddable":true,"href":"http:\/\/longcando.id.vn\/index.php\/wp-json\/wp\/v2\/product_tag?post=71"}],"curies":[{"name":"wp","href":"https:\/\/api.w.org\/{rel}","templated":true}]}}