{"id":69,"date":"2024-12-05T10:50:09","date_gmt":"2024-12-05T10:50:09","guid":{"rendered":"http:\/\/longcando.id.vn\/?post_type=product&#038;p=69"},"modified":"2024-12-20T13:41:20","modified_gmt":"2024-12-20T13:41:20","slug":"nha-ve-sinh-cho-meo-nap-mo-tien-loi","status":"publish","type":"product","link":"http:\/\/longcando.id.vn\/index.php\/san-pham\/nha-ve-sinh-cho-meo-nap-mo-tien-loi\/","title":{"rendered":"Nh\u00e0 v\u1ec7 sinh cho m\u00e8o n\u1eafp m\u1edf ti\u1ec7n l\u1ee3i"},"content":{"rendered":"<p><strong>TH\u00d4NG TIN S\u1ea2N PH\u1ea8M<\/strong><\/p>\n<p>T\u00ean s\u1ea3n ph\u1ea9m: Nh\u00e0 v\u1ec7 sinh ch\u1eef nh\u1eadt cho m\u00e8o c\u00f3 n\u1eafp m\u1edf size l\u1edbn.<\/p>\n<p>K\u00edch th\u01b0\u1edbc: 49x39x38 ph\u00f9 h\u1ee3p &lt; 10kg (t\u1eb7ng k\u00e8m x\u1ebbng x\u00fac c\u00e1t)<\/p>\n<p><strong>\u0110\u1eb6C \u0110I\u1ec2M N\u1ed4I B\u1eacT<\/strong><\/p>\n<p>&#8211; Kh\u00f4ng gian r\u1ed9ng r\u00e3i, tho\u1ea3i m\u00e1i.<\/p>\n<p>&#8211; H\u1ea1n ch\u1ebf c\u00f4n tr\u00f9ng bay v\u00e0o ch\u1ea5t th\u1ea3i c\u1ee7a m\u00e8o.<\/p>\n<p>&#8211; D\u1ec5 d\u00e0ng ra v\u00e0o, h\u1ea1n ch\u1ebf m\u00f9i bay ra kh\u00f4ng gian s\u1ed1ng.<\/p>\n<p>&#8211; Gi\u1ea3m thi\u1ec3u c\u00e1t b\u1ecb h\u1ea5t v\u0103ng ra ngo\u00e0i.<\/p>\n<p>&#8211; N\u1eafp nh\u00e0 v\u1ec7 sinh cho m\u00e8o c\u00f3 th\u1ec3 m\u1edf d\u1ec5 d\u00e0ng, thu\u1eadn ti\u1ec7n cho vi\u1ec7c d\u1ecdn d\u1eb9p.<\/p>\n<p>&#8211; Thi\u1ebft k\u1ebf \u0111\u1eb9p m\u1eaft, c\u00f3 khe tr\u01b0\u1edbc c\u1eeda ch\u1ed1ng c\u00e1t b\u00e1m v\u00e0o ch\u00e2n m\u00e8o theo ra b\u00ean ngo\u00e0i.<\/p>\n<p>&#8211; Ng\u0103n m\u00f9i hi\u1ec7u qu\u1ea3, h\u1ea1n ch\u1ebf 99% m\u00f9i v\u00e0 vi khu\u1ea9n g\u00e2y h\u1ea1i.<\/p>\n<p>&#8211; \u0110\u01b0\u1ee3c l\u00e0m t\u1eeb ch\u1ea5t li\u1ec7u nh\u1ef1a cao c\u1ea5p, an to\u00e0n v\u00e0 b\u1ec1n b\u1ec9.<\/p>\n","protected":false},"excerpt":{"rendered":"<p>TH\u00d4NG TIN S\u1ea2N PH\u1ea8M T\u00ean s\u1ea3n ph\u1ea9m: Nh\u00e0 v\u1ec7 sinh ch\u1eef nh\u1eadt cho m\u00e8o c\u00f3 n\u1eafp m\u1edf size l\u1edbn. K\u00edch th\u01b0\u1edbc: 49x39x38 ph\u00f9 h\u1ee3p &lt; 10kg (t\u1eb7ng k\u00e8m x\u1ebbng x\u00fac c\u00e1t) \u0110\u1eb6C \u0110I\u1ec2M N\u1ed4I B\u1eacT &#8211; Kh\u00f4ng gian r\u1ed9ng r\u00e3i, tho\u1ea3i m\u00e1i. &#8211; H\u1ea1n ch\u1ebf c\u00f4n tr\u00f9ng bay v\u00e0o ch\u1ea5t th\u1ea3i c\u1ee7a m\u00e8o. &#8211; D\u1ec5 [&hellip;]<\/p>\n","protected":false},"featured_media":70,"comment_status":"open","ping_status":"closed","template":"","meta":[],"product_cat":[23],"product_tag":[32,33,30,31,34],"class_list":{"0":"post-69","1":"product","2":"type-product","3":"status-publish","4":"has-post-thumbnail","6":"product_cat-chau-va-cat-ve-sinh","7":"product_tag-cat","8":"product_tag-chau","9":"product_tag-chau-ve-sinh","10":"product_tag-meo","11":"product_tag-nha-ve-sinh","13":"first","14":"instock","15":"sale","16":"taxable","17":"shipping-taxable","18":"purchasable","19":"product-type-simple"},"jetpack_sharing_enabled":true,"_links":{"self":[{"href":"http:\/\/longcando.id.vn\/index.php\/wp-json\/wp\/v2\/product\/69","targetHints":{"allow":["GET"]}}],"collection":[{"href":"http:\/\/longcando.id.vn\/index.php\/wp-json\/wp\/v2\/product"}],"about":[{"href":"http:\/\/longcando.id.vn\/index.php\/wp-json\/wp\/v2\/types\/product"}],"replies":[{"embeddable":true,"href":"http:\/\/longcando.id.vn\/index.php\/wp-json\/wp\/v2\/comments?post=69"}],"wp:featuredmedia":[{"embeddable":true,"href":"http:\/\/longcando.id.vn\/index.php\/wp-json\/wp\/v2\/media\/70"}],"wp:attachment":[{"href":"http:\/\/longcando.id.vn\/index.php\/wp-json\/wp\/v2\/media?parent=69"}],"wp:term":[{"taxonomy":"product_cat","embeddable":true,"href":"http:\/\/longcando.id.vn\/index.php\/wp-json\/wp\/v2\/product_cat?post=69"},{"taxonomy":"product_tag","embeddable":true,"href":"http:\/\/longcando.id.vn\/index.php\/wp-json\/wp\/v2\/product_tag?post=69"}],"curies":[{"name":"wp","href":"https:\/\/api.w.org\/{rel}","templated":true}]}}