{"id":531,"date":"2024-12-07T10:51:40","date_gmt":"2024-12-07T10:51:40","guid":{"rendered":"http:\/\/longcando.id.vn\/?post_type=product&#038;p=531"},"modified":"2024-12-15T08:48:15","modified_gmt":"2024-12-15T08:48:15","slug":"sua-bot-precaten-cho-meo-con-110g","status":"publish","type":"product","link":"http:\/\/longcando.id.vn\/index.php\/san-pham\/sua-bot-precaten-cho-meo-con-110g\/","title":{"rendered":"S\u1eefa b\u1ed9t PRECATEN cho m\u00e8o con 110g"},"content":{"rendered":"<p><strong>TH\u00d4NG TIN S\u1ea2N PH\u1ea8M\u00a0<\/strong><\/p>\n<p><strong><em>1. M\u00f4 t\u1ea3 chung:<\/em><\/strong><\/p>\n<p>S\u1eefa b\u1ed9t cho m\u00e8o PREDOGEN \u0111\u01b0\u1ee3c s\u1ea3n xu\u1ea5t theo c\u00f4ng th\u1ee9c c\u1ee7a WONDERLIFE PHARMA (M\u1ef9) l\u00e0 m\u1ed9t th\u1ef1c ph\u1ea9m b\u1ed5 d\u01b0\u1ee1ng cho m\u00e8o y\u00eau c\u1ee7a b\u1ea1n ngo\u00e0i nh\u1eefng th\u1ee9c \u0103n th\u00f4ng th\u01b0\u1eddng, gi\u00fap m\u00e8o y\u00eau c\u1ea3m th\u1ea5y ngon mi\u1ec7ng h\u01a1n, b\u1ed3i b\u1ed5 c\u01a1 th\u1ec3 v\u00e0 cung c\u1ea5p nh\u1eefng th\u1ee9 c\u1ea7n thi\u1ebft \u0111\u1ec3 ph\u00e1t tri\u1ec3n to\u00e0n di\u1ec7n..<\/p>\n<p>Th\u00e0nh Ph\u1ea7n: S\u1eefa b\u1ed9t nguy\u00ean kem, S\u1eefa b\u1ed9t g\u1ea7y,Nondairycreamer,Maltodextrin,Sucrose,Whey protein concentrate,H\u01b0\u01a1ng d\u00f9ng trong th\u1ef1c ph\u1ea9m,Ch\u1ea5t x\u01a1 Inulin, Lysine, Nano &#8211; Precipitated Calcium Carbonate,Vitamin C, Vitamin K1, Vitamin B6, Vitamin B1, VitaminB2, Vitamin D3, Vitamin A, Vitamin B12, Vitamin Axit Pantothenic, Biotine, Axit Folic&#8230;<br \/>\nDinh d\u01b0\u1ee1ng<\/p>\n<p>&#8211; Canxi nano v\u00e0 vitamin D : K\u00edch th\u01b0\u1edbc si\u00eau nh\u1ecf gi\u00fa h\u1ea5p th\u1ee5 t\u1ed1i \u01b0u v\u00e0o x\u01b0\u01a1ng, gi\u00fap x\u01b0\u01a1ng v\u00e0 rang ch\u1eafc kh\u1ecfe, \u0111\u1eb7c bi\u1ec7t kh\u00f4ng t\u1ea1o ra s\u1ecfi th\u1eadn nh\u01b0 th\u1ee9c \u0103n th\u00f4ng th\u01b0\u1eddng.<\/p>\n<p>&#8211; Vitamin A : T\u1ed1t cho m\u1eaft v\u00e0 ng\u0103n bi\u1ebfn ch\u1ee9ng v\u00f5ng m\u1ea1c.<\/p>\n<p>&#8211; Biotine : Gi\u00fap cho da kh\u1ecfe m\u1ea1nh v\u00e0 b\u1ed9 l\u00f4ng b\u00f3ng m\u01b0\u1ee3t.<br \/>\n&#8211; Lnulin :ch\u1ea5t x\u01a1 t\u1ef1 nhi\u00ean gi\u00fap h\u1ec7 ti\u00eau h\u00f3a kh\u1ecfe m\u1ea1nh.<br \/>\n&#8211; Lysine : K\u00edch th\u00edch them \u0103n.<br \/>\n&#8211; Folic acid : H\u1ed7 tr\u1ee3 ph\u00e1t tri\u1ec3n tr\u00ed n\u00e3o.<\/p>\n<p><em><strong>2. H\u01b0\u1edbng d\u1eabn s\u1eed d\u1ee5ng:<\/strong><\/em><\/p>\n<p>*Pha v\u1edbi n\u01b0\u1edbc \u1ea5m kho\u1ea3ng 40 &#8211; 50\u00b0C<\/p>\n<p>&#8211; M\u00e8o con d\u01b0\u1edbi 1 th\u00e1ng tu\u1ed5i: H\u00f2a 3 mu\u1ed7ng s\u1eefa b\u1ed9t ( kho\u1ea3ng 15gr ) v\u00e0o 30ml n\u01b0\u1edbc \u1ea5m, chia th\u00e0nh 4-6 l\u1ea7n, dung b\u00ecnh cho b\u00fa ho\u1eb7c \u0111\u1ec3 m\u00e8o t\u1ef1 \u0103n h\u1ebft trong ng\u00e0y<br \/>\n&#8211; M\u00e8o con t\u1eeb 1 \u2013 2 th\u00e1ng tu\u1ed5i: H\u00f2a 6 mu\u1ed7ng s\u1eefa b\u1ed9t (kho\u1ea3ng 30gr) v\u1edbi 60ml n\u01b0\u1edbc \u1ea5m, chia th\u00e0nh 3-3 l\u1ea5n \u0103n trong ng\u00e0y .<br \/>\n&#8211; M\u00e8o tr\u00ean 2 th\u00e1ng tu\u1ed5i: Cho \u0103n kho\u1ea3ng 2-3 l\u1ea7n\/ ng\u00e0y nh\u01b0 b\u1eefa ph\u1ee5 xen k\u1ebd v\u1edbi c\u00e1c b\u1eefa ch\u00ednh, m\u1ed7i l\u1ea7n cho \u0103n b\u1eb1ng c\u00e1ch h\u00f2a 2 mu\u1ed7ng s\u1eefa b\u1ed9t (kho\u1ea3ng 10gr) v\u1edbi 20ml n\u01b0\u1edbc \u1ea5m \u0111\u1ec3 t\u1ef1 \u0103n.<br \/>\n&#8211; M\u00e8o \u0111ang \u1ed1m\/ c\u00f2i\/ \u0111ang mang thai: cho \u0103n kho\u1ea3ng 3 l\u1ea7n\/ ng\u00e0y nh\u01b0 b\u1eefa ph\u1ee5 xen k\u1ebd v\u1edbi c\u00e1c b\u1eefa ch\u00ednh, m\u1ed7i l\u1ea7n cho \u0103n b\u1eb1ng c\u00e1ch h\u00f2a 2 mu\u1ed7ng s\u1eefa b\u1ed9t (kho\u1ea3ng 10gr) v\u1edbi<\/p>\n<p><strong><em>3. B\u1ea3o qu\u1ea3n:<\/em><\/strong><\/p>\n<p>&#8211; N\u01a1i kh\u00f4 r\u00e1o tho\u00e1ng m\u00e1t.<br \/>\n&#8211; S\u1eefa \u0111\u00e3 pha, b\u1ea3o qu\u1ea3n trong t\u1ee7 l\u1ea1nh \u0111\u01b0\u1ee3c 24h.<\/p>\n<p><em><strong>4. Gi\u1edbi thi\u1ec7u Dr. Kyan:<\/strong><\/em><\/p>\n<p>C\u00e1c s\u1ea3n ph\u1ea9m d\u00e0nh cho th\u00fa c\u01b0ng c\u1ee7a Dr. Kyan \u0111\u01b0\u1ee3c t\u01b0 v\u1ea5n c\u00f4ng th\u1ee9c v\u00e0 c\u00f4ng ngh\u1ec7 s\u1ea3n xu\u1ea5t b\u1edfi Wonderlife Pharma \u2013 m\u1ed9t trong nh\u1eefng c\u00f4ng ty ph\u00e1t tri\u1ec3n c\u00f4ng th\u1ee9c h\u00e0ng \u0111\u1ea7u c\u1ee7a M\u1ef9.<br \/>\nDr. Kyan cung c\u1ea5p kh\u00f4ng ch\u1ec9 c\u00e1c s\u1ea3n ph\u1ea9m t\u1ed1t m\u00e0 c\u00f2n c\u00f3 ch\u1ea5t l\u01b0\u1ee3ng v\u01b0\u1ee3t tr\u1ed9i c\u0169ng nh\u01b0 \u0111\u1ec1 cao vi\u1ec7c cung c\u1ea5p h\u00e0m l\u01b0\u1ee3ng dinh d\u01b0\u1ee1ng c\u00e2n b\u1eb1ng cho th\u00fa c\u01b0ng gi\u00fap ch\u00fang c\u00f3 kh\u1ea3 n\u0103ng h\u1ea5p thu t\u1ed1t, \u0111\u1ea3m b\u1ea3o c\u01a1 th\u1ec3 d\u1ebbo dai v\u00e0 c\u00f3 s\u1ee9c \u0111\u1ec1 kh\u00e1ng \u0111\u1ea7y \u0111\u1ee7.&#8221;<\/p>\n<p><em><strong>Quy\u1ec1n l\u1ee3i khi mua h\u00e0ng t\u1ea1i P-Pet Shop:<\/strong><\/em><br \/>\nCam k\u1ebft h\u00e0ng ch\u00ednh h\u00e3ng 100%<br \/>\nHo\u00e0n ti\u1ec1n v\u00e0 \u0111\u1ed5i tr\u1ea3 s\u1ea3n ph\u1ea9m n\u1ebfu kh\u00f4ng \u0111\u00fang mi\u00eau t\u1ea3. N\u1ebfu ph\u00e1t hi\u1ec7n ra h\u00e0ng Fake ho\u00e0n ti\u1ec1n g\u1ea5p \u0111\u00f4i s\u1ea3n ph\u1ea9m<br \/>\nN\u1ebfu c\u00f3 b\u1ea5t k\u00ec \u0111i\u1ec1u g\u00ec c\u1ea7n h\u1ed7 tr\u1ee3 v\u1edbi s\u1ea3n ph\u1ea9m vui l\u00f2ng li\u00ean h\u1ec7 ngay v\u1edbi P-Pet Shop<br \/>\nCh\u00fang t\u00f4i cam k\u1ebft \u0111\u1eb7t uy t\u00edn v\u00e0 ch\u1ea5t l\u01b0\u1ee3ng s\u1ea3n ph\u1ea9m l\u00ean h\u00e0ng \u0111\u1ea7u<\/p>\n","protected":false},"excerpt":{"rendered":"<p>TH\u00d4NG TIN S\u1ea2N PH\u1ea8M\u00a0 1. M\u00f4 t\u1ea3 chung: S\u1eefa b\u1ed9t cho m\u00e8o PREDOGEN \u0111\u01b0\u1ee3c s\u1ea3n xu\u1ea5t theo c\u00f4ng th\u1ee9c c\u1ee7a WONDERLIFE PHARMA (M\u1ef9) l\u00e0 m\u1ed9t th\u1ef1c ph\u1ea9m b\u1ed5 d\u01b0\u1ee1ng cho m\u00e8o y\u00eau c\u1ee7a b\u1ea1n ngo\u00e0i nh\u1eefng th\u1ee9c \u0103n th\u00f4ng th\u01b0\u1eddng, gi\u00fap m\u00e8o y\u00eau c\u1ea3m th\u1ea5y ngon mi\u1ec7ng h\u01a1n, b\u1ed3i b\u1ed5 c\u01a1 th\u1ec3 v\u00e0 cung c\u1ea5p [&hellip;]<\/p>\n","protected":false},"featured_media":523,"comment_status":"open","ping_status":"closed","template":"","meta":[],"product_cat":[24],"product_tag":[134,31,136],"class_list":{"0":"post-531","1":"product","2":"type-product","3":"status-publish","4":"has-post-thumbnail","6":"product_cat-thuoc-va-dinh-duong","7":"product_tag-dinh-duong","8":"product_tag-meo","9":"product_tag-sua","11":"first","12":"instock","13":"sale","14":"taxable","15":"shipping-taxable","16":"purchasable","17":"product-type-simple"},"jetpack_sharing_enabled":true,"_links":{"self":[{"href":"http:\/\/longcando.id.vn\/index.php\/wp-json\/wp\/v2\/product\/531","targetHints":{"allow":["GET"]}}],"collection":[{"href":"http:\/\/longcando.id.vn\/index.php\/wp-json\/wp\/v2\/product"}],"about":[{"href":"http:\/\/longcando.id.vn\/index.php\/wp-json\/wp\/v2\/types\/product"}],"replies":[{"embeddable":true,"href":"http:\/\/longcando.id.vn\/index.php\/wp-json\/wp\/v2\/comments?post=531"}],"wp:featuredmedia":[{"embeddable":true,"href":"http:\/\/longcando.id.vn\/index.php\/wp-json\/wp\/v2\/media\/523"}],"wp:attachment":[{"href":"http:\/\/longcando.id.vn\/index.php\/wp-json\/wp\/v2\/media?parent=531"}],"wp:term":[{"taxonomy":"product_cat","embeddable":true,"href":"http:\/\/longcando.id.vn\/index.php\/wp-json\/wp\/v2\/product_cat?post=531"},{"taxonomy":"product_tag","embeddable":true,"href":"http:\/\/longcando.id.vn\/index.php\/wp-json\/wp\/v2\/product_tag?post=531"}],"curies":[{"name":"wp","href":"https:\/\/api.w.org\/{rel}","templated":true}]}}