{"id":529,"date":"2024-12-07T10:45:45","date_gmt":"2024-12-07T10:45:45","guid":{"rendered":"http:\/\/longcando.id.vn\/?post_type=product&#038;p=529"},"modified":"2024-12-15T08:46:38","modified_gmt":"2024-12-15T08:46:38","slug":"tay-giun-cho-meo-bayer-drontal-cat","status":"publish","type":"product","link":"http:\/\/longcando.id.vn\/index.php\/san-pham\/tay-giun-cho-meo-bayer-drontal-cat\/","title":{"rendered":"T\u1ea9y giun cho m\u00e8o BAYER Drontal Cat"},"content":{"rendered":"<p><strong>TH\u00d4NG TIN S\u1ea2N PH\u1ea8M\u00a0<\/strong><\/p>\n<p><strong>1. M\u00f4 t\u1ea3 chung<\/strong><\/p>\n<p>T\u1ea9y giun cho m\u00e8o BAYER Drontal Cat s\u1eed d\u1ee5ng cho m\u00e8o con tr\u00ean 6 tu\u1ea7n tu\u1ed5i. S\u1eed d\u1ee5ng 1 vi\u00ean cho th\u1ec3 tr\u1ecdng 4kg. C\u00f3 th\u1ec3 cho m\u00e8o \u0103n tr\u1ef1c ti\u1ebfp ho\u1eb7c tr\u1ed9n l\u1eabn v\u00e0o th\u1ee9c \u0103n.<\/p>\n<p><strong>2. L\u1ee3i \u00edch ch\u00ednh<\/strong><br \/>\nT\u1ea9y giun cho m\u00e8o BAYER Drontal Cat gi\u00fap s\u1ed5 c\u00e1c lo\u1ea1i giun nh\u01b0 giun m\u00f3c, giun \u0111\u0169a, giun d\u1eb9p, giun tr\u00f2n, s\u00e1n d\u00e2y\u2026 g\u00e2y ra ch\u1ee9ng bi\u1ebfng \u0103n, n\u00f4n \u00f3i, ch\u1eadm ph\u00e1t tri\u1ec3n\u2026 \u1edf m\u00e8o.<\/p>\n<p>Ch\u1ed1ng ch\u1ec9 \u0111\u1ecbnh v\u1edbi m\u00e8o \u0111ang mang thai. Kh\u00f4ng s\u1eed d\u1ee5ng cho m\u00e8o con d\u01b0\u1edbi 6 tu\u1ea7n tu\u1ed5i. Khuy\u1ebfn c\u00e1o ch\u1ee7 nu\u00f4i n\u00ean t\u1ea9y giun c\u00f9ng th\u1eddi \u0111i\u1ec3m v\u1edbi m\u00e8o. 1 h\u1ed9p c\u00f3 60 vi\u00ean (c\u00f3 b\u00e1n l\u1ebb).<\/p>\n<p>1 vi\u00ean thu\u1ed1c cho 4 kg th\u1ec3 tr\u1ecdng m\u00e8o. Drontal ch\u1ec9 cho u\u1ed1ng 1 li\u1ec1u \u0111\u01a1n.<\/p>\n<p>Giun c\u00f3 th\u1ec3 kh\u00f4ng hi\u1ec7n di\u1ec7n trong ph\u00e2n sau khi \u0111i\u1ec1u tr\u1ecb ho\u1eb7c kh\u00f4ng xu\u1ea5t hi\u1ec7n sau \u0111i\u1ec1u tr\u1ecb 48 gi\u1edd.<\/p>\n<p>Do Praziquantel c\u00f3 v\u1ecb \u0111\u1eafng, n\u00ean c\u00e1ch t\u1ed1t nh\u1ea5t l\u00e0 cho u\u1ed1ng nguy\u00ean vi\u00ean h\u01a1n l\u00e0 nghi\u1ec1n vi\u00ean thu\u1ed1c ra v\u00e0 tr\u1ed9n v\u00e0o th\u1ee9c \u0103n. C\u00f3 th\u1ec3 cho u\u1ed1ng l\u00fac \u0111\u00f3i ho\u1eb7c tr\u1ed9n v\u1edbi th\u1ee9c \u0103n.<\/p>\n<p><strong>3. Th\u1ec3 tr\u1ecdng<\/strong><\/p>\n<p>Vi\u00ean thu\u1ed1c<\/p>\n<p>1,0 \u2013 2,0 kg: \u00bd<\/p>\n<p>2,1 \u2013 4,0 kg:\u00a01<\/p>\n<p>4,1 \u2013 6,0 kg:\u00a01 \u00bd<\/p>\n<p>6,1 \u2013 8 kg:\u00a02<\/p>\n<p>M\u00e8o r\u1ea5t d\u1ec5 nhi\u1ec5m giun, do \u0111\u00f3 c\u1ea7n \u0111i\u1ec1u tr\u1ecb cho m\u00e8o v\u00e0 gi\u1ea3m v\u1ea5y nhi\u1ec5m m\u00f4i tr\u01b0\u1eddng b\u1eb1ng c\u00e1ch d\u1ecdn s\u1ea1ch ph\u00e2n m\u1ed7i ng\u00e0y. \u0110\u1ed3ng th\u1eddi ki\u1ec3m so\u00e1t k\u00ed ch\u1ee7 trung gian nh\u01b0 b\u1ecd ch\u00e9t, chu\u1ed9t.<\/p>\n<p><em><strong>T\u00f3m t\u1eaft nh\u1eefng khuy\u1ebfn c\u00e1o khi \u0111i\u1ec1u tr\u1ecb nh\u01b0 sau:<\/strong><\/em><\/p>\n<p>M\u00e8o con<\/p>\n<p>M\u00e8o tr\u01b0\u1edfng th\u00e0nh<\/p>\n<p>M\u00e8o mang thai\/ cho con b\u00fa<\/p>\n<p>\u0110i\u1ec1u tr\u1ecb v\u00e0o tu\u1ea7n 6, 8, 12; sau \u0111\u00f3 m\u1ed7i 3 th\u00e1ng.<\/p>\n<p>M\u1ed7i 3 th\u00e1ng.<\/p>\n<p>Tr\u01b0\u1edbc khi ph\u1ed1i gi\u1ed1ng,10 ng\u00e0y tr\u01b0\u1edbc khi sinh v\u00e0 2,4 tu\u1ea7n sau khi sinh. Sau \u0111\u00f3 m\u1ed7i 3 th\u00e1ng.<\/p>\n<p>N\u1ebfu c\u00f3 nang s\u00e1n xu\u1ea5t hi\u1ec7n tr\u01b0\u1edbc l\u1ea7n \u0111i\u1ec1u tr\u1ecb Drontal ti\u1ebfp theo, c\u00f3 th\u1ec3 \u0111i\u1ec1u tr\u1ecb l\u1ea1i b\u1eb1ng Drontal AllWormer for Cats \u0111\u1ec3 \u0111i\u1ec1u tr\u1ecb s\u00e1n d\u00e2y trung gian.&#8221;<\/p>\n<p><em><strong>Quy\u1ec1n l\u1ee3i khi mua h\u00e0ng t\u1ea1i P-Pet Shop:<\/strong><\/em><br \/>\nCam k\u1ebft h\u00e0ng ch\u00ednh h\u00e3ng 100%<br \/>\nHo\u00e0n ti\u1ec1n v\u00e0 \u0111\u1ed5i tr\u1ea3 s\u1ea3n ph\u1ea9m n\u1ebfu kh\u00f4ng \u0111\u00fang mi\u00eau t\u1ea3. N\u1ebfu ph\u00e1t hi\u1ec7n ra h\u00e0ng Fake ho\u00e0n ti\u1ec1n g\u1ea5p \u0111\u00f4i s\u1ea3n ph\u1ea9m<br \/>\nN\u1ebfu c\u00f3 b\u1ea5t k\u00ec \u0111i\u1ec1u g\u00ec c\u1ea7n h\u1ed7 tr\u1ee3 v\u1edbi s\u1ea3n ph\u1ea9m vui l\u00f2ng li\u00ean h\u1ec7 ngay v\u1edbi P-Pet Shop<br \/>\nCh\u00fang t\u00f4i cam k\u1ebft \u0111\u1eb7t uy t\u00edn v\u00e0 ch\u1ea5t l\u01b0\u1ee3ng s\u1ea3n ph\u1ea9m l\u00ean h\u00e0ng \u0111\u1ea7u<\/p>\n","protected":false},"excerpt":{"rendered":"<p>TH\u00d4NG TIN S\u1ea2N PH\u1ea8M\u00a0 1. M\u00f4 t\u1ea3 chung T\u1ea9y giun cho m\u00e8o BAYER Drontal Cat s\u1eed d\u1ee5ng cho m\u00e8o con tr\u00ean 6 tu\u1ea7n tu\u1ed5i. S\u1eed d\u1ee5ng 1 vi\u00ean cho th\u1ec3 tr\u1ecdng 4kg. C\u00f3 th\u1ec3 cho m\u00e8o \u0103n tr\u1ef1c ti\u1ebfp ho\u1eb7c tr\u1ed9n l\u1eabn v\u00e0o th\u1ee9c \u0103n. 2. L\u1ee3i \u00edch ch\u00ednh T\u1ea9y giun cho m\u00e8o BAYER Drontal [&hellip;]<\/p>\n","protected":false},"featured_media":520,"comment_status":"open","ping_status":"closed","template":"","meta":[],"product_cat":[24],"product_tag":[43,31,133,139],"class_list":{"0":"post-529","1":"product","2":"type-product","3":"status-publish","4":"has-post-thumbnail","6":"product_cat-thuoc-va-dinh-duong","7":"product_tag-cho","8":"product_tag-meo","9":"product_tag-thuoc","10":"product_tag-tri-giun","12":"first","13":"instock","14":"sale","15":"taxable","16":"shipping-taxable","17":"purchasable","18":"product-type-simple"},"jetpack_sharing_enabled":true,"_links":{"self":[{"href":"http:\/\/longcando.id.vn\/index.php\/wp-json\/wp\/v2\/product\/529","targetHints":{"allow":["GET"]}}],"collection":[{"href":"http:\/\/longcando.id.vn\/index.php\/wp-json\/wp\/v2\/product"}],"about":[{"href":"http:\/\/longcando.id.vn\/index.php\/wp-json\/wp\/v2\/types\/product"}],"replies":[{"embeddable":true,"href":"http:\/\/longcando.id.vn\/index.php\/wp-json\/wp\/v2\/comments?post=529"}],"wp:featuredmedia":[{"embeddable":true,"href":"http:\/\/longcando.id.vn\/index.php\/wp-json\/wp\/v2\/media\/520"}],"wp:attachment":[{"href":"http:\/\/longcando.id.vn\/index.php\/wp-json\/wp\/v2\/media?parent=529"}],"wp:term":[{"taxonomy":"product_cat","embeddable":true,"href":"http:\/\/longcando.id.vn\/index.php\/wp-json\/wp\/v2\/product_cat?post=529"},{"taxonomy":"product_tag","embeddable":true,"href":"http:\/\/longcando.id.vn\/index.php\/wp-json\/wp\/v2\/product_tag?post=529"}],"curies":[{"name":"wp","href":"https:\/\/api.w.org\/{rel}","templated":true}]}}