{"id":528,"date":"2024-12-07T10:43:20","date_gmt":"2024-12-07T10:43:20","guid":{"rendered":"http:\/\/longcando.id.vn\/?post_type=product&#038;p=528"},"modified":"2024-12-07T10:48:44","modified_gmt":"2024-12-07T10:48:44","slug":"nho-mat-bio-gentadrop-cho-cho-meo","status":"publish","type":"product","link":"http:\/\/longcando.id.vn\/index.php\/san-pham\/nho-mat-bio-gentadrop-cho-cho-meo\/","title":{"rendered":"Nh\u1ecf m\u1eaft BIO-GENTADROP cho ch\u00f3 m\u00e8o"},"content":{"rendered":"<p><strong>TH\u00d4NG TIN S\u1ea2N PH\u1ea8M\u00a0<\/strong><\/p>\n<p>&nbsp;<\/p>\n<p><strong><em>TH\u00c0NH PH\u1ea6N:<\/em><\/strong><br \/>\n&#8211; Gentamicin (as Sulfate)<br \/>\n&#8211; Dexamethasone<br \/>\n&#8211; Dung m\u00f4i v\u1eeba \u0111\u1ee7<\/p>\n<p><em><strong>C\u00d4NG D\u1ee4NG:<\/strong><\/em><br \/>\n&#8211; S\u1eed d\u1ee5ng cho c\u00e1c tr\u01b0\u1eddng h\u1ee3p vi\u00eam m\u1eaft do nhi\u1ec5m tr\u00f9ng g\u00e2y tri\u1ec7u ch\u1ee9ng m\u1eaft \u0111\u1ecf, ch\u1ea3y nhi\u1ec1u n\u01b0\u1edbc m\u1eaft, gh\u00e8n m\u1eaft, c\u00f3 m\u1ee7 ho\u1eb7c \u0111\u1ee5c gi\u00e1c m\u1ea1c tr\u00ean ch\u00f3 m\u00e8o, gia s\u00fac, gia c\u1ea7m.<\/p>\n<p><em><strong>LI\u1ec0U L\u01af\u1ee2NG V\u00c0 C\u00c1CH D\u00d9NG:<\/strong><\/em><br \/>\n&#8211; V\u1edbi th\u00fa nh\u1ecf: 1-2 gi\u1ecdt\/m\u1eaft\/l\u1ea7n. Ng\u00e0y 4-5 l\u1ea7n.<br \/>\n&#8211; V\u1edbi th\u00fa l\u1edbn: 4-5 gi\u1ecdt\/m\u1eaft\/l\u1ea7n. Ng\u00e0y 4-5 l\u1ea7n.<\/p>\n<p><em><strong>L\u01afU \u00dd:<\/strong><\/em><br \/>\n&#8211; N\u00ean r\u1eeda s\u1ea1ch gh\u00e8n, n\u01b0\u1edbc m\u1eaft b\u1eb1ng n\u01b0\u1edbc s\u00f4i \u0111\u1ec3 ngu\u1ed9i ho\u1eb7c b\u1eb1ng n\u01b0\u1edbc mu\u1ed1i sinh l\u00fd tr\u01b0\u1edbc khi nh\u1ecf.<br \/>\n&#8211; N\u00ean nh\u1ecf c\u1ea3 2 m\u1eaft c\u00f9ng m\u1ed9t l\u00fac k\u1ec3 c\u1ea3 tr\u01b0\u1eddng h\u1ee3p ch\u1ec9 c\u00f3 m\u1ed9t b\u00ean m\u1eaft b\u1ecb vi\u00eam.<br \/>\n&#8211; Kh\u00f4ng s\u1eed d\u1ee5ng s\u1ea3n ph\u1ea9m trong tr\u01b0\u1eddng h\u1ee3p lo\u00e9t gi\u00e1c m\u1ea1c, c\u00e1c tr\u01b0\u1eddng h\u1ee3p t\u0103ng nh\u00e3n \u00e1p.<br \/>\n&#8211; S\u1ea3n ph\u1ea9m sau khi m\u1edf ch\u1ec9 n\u00ean s\u1eed d\u1ee5ng trong 2 tu\u1ea7n.<br \/>\n&#8211; Kh\u00f4ng n\u00ean s\u1eed d\u1ee5ng s\u1ea3n ph\u1ea9m li\u00ean t\u1ee5c qu\u00e1 10 ng\u00e0y.<br \/>\n&#8211; Kh\u00f4ng d\u00f9ng qu\u00e1 li\u1ec1u quy \u0111\u1ecbnh.<\/p>\n<p><em><strong>Quy\u1ec1n l\u1ee3i khi mua h\u00e0ng t\u1ea1i P-Pet Shop:<\/strong><\/em><br \/>\nCam k\u1ebft h\u00e0ng ch\u00ednh h\u00e3ng 100%<br \/>\nHo\u00e0n ti\u1ec1n v\u00e0 \u0111\u1ed5i tr\u1ea3 s\u1ea3n ph\u1ea9m n\u1ebfu kh\u00f4ng \u0111\u00fang mi\u00eau t\u1ea3. N\u1ebfu ph\u00e1t hi\u1ec7n ra h\u00e0ng Fake ho\u00e0n ti\u1ec1n g\u1ea5p \u0111\u00f4i s\u1ea3n ph\u1ea9m<br \/>\nN\u1ebfu c\u00f3 b\u1ea5t k\u00ec \u0111i\u1ec1u g\u00ec c\u1ea7n h\u1ed7 tr\u1ee3 v\u1edbi s\u1ea3n ph\u1ea9m vui l\u00f2ng li\u00ean h\u1ec7 ngay v\u1edbi P-Pet Shop<br \/>\nCh\u00fang t\u00f4i cam k\u1ebft \u0111\u1eb7t uy t\u00edn v\u00e0 ch\u1ea5t l\u01b0\u1ee3ng s\u1ea3n ph\u1ea9m l\u00ean h\u00e0ng \u0111\u1ea7u<\/p>\n","protected":false},"excerpt":{"rendered":"<p>TH\u00d4NG TIN S\u1ea2N PH\u1ea8M\u00a0 &nbsp; TH\u00c0NH PH\u1ea6N: &#8211; Gentamicin (as Sulfate) &#8211; Dexamethasone &#8211; Dung m\u00f4i v\u1eeba \u0111\u1ee7 C\u00d4NG D\u1ee4NG: &#8211; S\u1eed d\u1ee5ng cho c\u00e1c tr\u01b0\u1eddng h\u1ee3p vi\u00eam m\u1eaft do nhi\u1ec5m tr\u00f9ng g\u00e2y tri\u1ec7u ch\u1ee9ng m\u1eaft \u0111\u1ecf, ch\u1ea3y nhi\u1ec1u n\u01b0\u1edbc m\u1eaft, gh\u00e8n m\u1eaft, c\u00f3 m\u1ee7 ho\u1eb7c \u0111\u1ee5c gi\u00e1c m\u1ea1c tr\u00ean ch\u00f3 m\u00e8o, gia s\u00fac, gia [&hellip;]<\/p>\n","protected":false},"featured_media":521,"comment_status":"open","ping_status":"closed","template":"","meta":[],"product_cat":[24],"product_tag":[43,138,133],"class_list":{"0":"post-528","1":"product","2":"type-product","3":"status-publish","4":"has-post-thumbnail","6":"product_cat-thuoc-va-dinh-duong","7":"product_tag-cho","8":"product_tag-nho-mat","9":"product_tag-thuoc","11":"first","12":"instock","13":"taxable","14":"shipping-taxable","15":"purchasable","16":"product-type-simple"},"jetpack_sharing_enabled":true,"_links":{"self":[{"href":"http:\/\/longcando.id.vn\/index.php\/wp-json\/wp\/v2\/product\/528","targetHints":{"allow":["GET"]}}],"collection":[{"href":"http:\/\/longcando.id.vn\/index.php\/wp-json\/wp\/v2\/product"}],"about":[{"href":"http:\/\/longcando.id.vn\/index.php\/wp-json\/wp\/v2\/types\/product"}],"replies":[{"embeddable":true,"href":"http:\/\/longcando.id.vn\/index.php\/wp-json\/wp\/v2\/comments?post=528"}],"wp:featuredmedia":[{"embeddable":true,"href":"http:\/\/longcando.id.vn\/index.php\/wp-json\/wp\/v2\/media\/521"}],"wp:attachment":[{"href":"http:\/\/longcando.id.vn\/index.php\/wp-json\/wp\/v2\/media?parent=528"}],"wp:term":[{"taxonomy":"product_cat","embeddable":true,"href":"http:\/\/longcando.id.vn\/index.php\/wp-json\/wp\/v2\/product_cat?post=528"},{"taxonomy":"product_tag","embeddable":true,"href":"http:\/\/longcando.id.vn\/index.php\/wp-json\/wp\/v2\/product_tag?post=528"}],"curies":[{"name":"wp","href":"https:\/\/api.w.org\/{rel}","templated":true}]}}