{"id":527,"date":"2024-12-07T10:40:57","date_gmt":"2024-12-07T10:40:57","guid":{"rendered":"http:\/\/longcando.id.vn\/?post_type=product&#038;p=527"},"modified":"2024-12-07T10:42:57","modified_gmt":"2024-12-07T10:42:57","slug":"gel-dinh-duong-cho-cho-meo-nutri-plus-gel","status":"publish","type":"product","link":"http:\/\/longcando.id.vn\/index.php\/san-pham\/gel-dinh-duong-cho-cho-meo-nutri-plus-gel\/","title":{"rendered":"Gel dinh d\u01b0\u1ee1ng cho ch\u00f3 m\u00e8o NUTRI-PLUS GEL"},"content":{"rendered":"<p><strong>TH\u00d4NG TIN S\u1ea2N PH\u1ea8M\u00a0<\/strong><\/p>\n<p>Kem \u0103n dinh d\u01b0\u1ee1ng ch\u00f3 m\u00e8o Nutri plus Gel l\u00e0 th\u1ef1c ph\u1ea9m ch\u1ee9c n\u0103ng gi\u00e0u d\u01b0\u1ee1ng ch\u1ea5t. Gi\u00fap cho ch\u00f3, m\u00e8o v\u00e0 v\u1eadt nu\u00f4i \u0103n ngon mi\u1ec7ng, mau l\u1edbn, mau h\u1ed3i ph\u1ee5c s\u1ee9c kh\u1ecfe.<br \/>\nTr\u1ecdng l\u01b0\u1ee3ng: 120.5 g\/tu\u00fdp<\/p>\n<p>Th\u01b0\u01a1ng hi\u1ec7u: Virbac<\/p>\n<p><strong>C\u00d4NG D\u1ee4NG<\/strong><\/p>\n<p>Nutri-plus gel b\u1ed5 sung \u0111\u1ea7y \u0111\u1ee7 c\u00e1c d\u01b0\u1ee1ng ch\u1ea5t, cung c\u1ea5p n\u0103ng l\u01b0\u1ee3ng c\u00f9ng t\u1ea5t c\u1ea3 c\u00e1c vitamin v\u00e0 kho\u00e1ng ch\u1ea5t c\u1ea7n thi\u1ebft cho ch\u00f3, m\u00e8o v\u1eadt c\u01b0ng c\u1ee7a b\u1ea1n:<\/p>\n<p>+ \u0110\u1eb7c bi\u1ec7t \u0111\u01b0\u1ee3c coi l\u00e0 th\u1ee9c \u0103n ch\u00f3 con, m\u00e8o con l\u00fd t\u01b0\u1edfng ch\u1ee9a nhi\u1ec1u ch\u1ea5t b\u00e9o v\u00e0 carbonhydrate d\u1ea1ng d\u1ec5 ti\u00eau h\u00f3a gi\u00fap ch\u00f3 con, m\u00e8o con mau l\u1edbn.<\/p>\n<p>+ H\u1ed7 tr\u1ee3 s\u1ee9c kh\u1ecfe ch\u00f3 m\u1eb9 mang thai, t\u0103ng l\u01b0\u1ee3ng s\u1eefa, ch\u1ea5t l\u01b0\u1ee3ng s\u1eefa \u0111\u1ea3m b\u1ea3o.<\/p>\n<p>+ B\u1ed3i b\u1ed5 c\u01a1 th\u1ec3 ch\u00f3 nghi\u1ec7p v\u1ee5, ch\u00f3 s\u0103n.<\/p>\n<p>+ T\u0103ng c\u01b0\u1eddng s\u1ee9c kh\u1ecfe cho ch\u00f3 b\u1ecb th\u01b0\u01a1ng, ch\u00f3 b\u1ecb \u1ed1m, ch\u00f3 sau ph\u1eabu thu\u1eadt,\u2026<\/p>\n<p>Nutriplus Gel v\u1ecb th\u01a1m, r\u1ea5t ngon mi\u1ec7ng cho ch\u00f3 v\u00e0 m\u00e8o. \u0110i\u1ec3m kh\u00e1c bi\u1ec7t c\u1ee7a kem \u0103n dinh d\u01b0\u1ee1ng n\u00e0y v\u1edbi c\u00e1c lo\u1ea1i th\u1ee9c \u0103n cho ch\u00f3 m\u00e8o kh\u00e1c l\u00e0 s\u1eed d\u1ee5ng c\u00e1c ch\u1ea5t dinh d\u01b0\u1ee1ng c\u00f3 ngu\u1ed3n g\u1ed1c \u0111\u1ed9ng v\u1eadt, cho ph\u00e9p chuy\u1ec3n \u0111\u1ed5i d\u1ec5 d\u00e0ng h\u01a1n v\u00e0 nhanh h\u01a1n c\u00e1c ch\u1ea5t dinh d\u01b0\u1ee1ng th\u00e0nh n\u0103ng l\u01b0\u1ee3ng.<\/p>\n<p><strong>TH\u00c0NH PH\u1ea6N<\/strong><\/p>\n<p>Calcium pantothenate\u2026\u2026\u2026\u2026\u2026. 35,25mg<br \/>\nFolic acid\u2026\u2026\u2026\u2026\u2026\u2026\u2026..3,5mg<br \/>\nIron\u2026\u2026\u2026\u2026\u2026.. .8,8mg<br \/>\nIodine\u2026\u2026\u2026\u2026\u2026\u2026\u20268,8mg<br \/>\nManganese\u2026\u2026\u2026\u2026\u2026\u2026.17,65mg<br \/>\nMagnesium\u2026\u2026.. .7,00mg<br \/>\nVitamin A\u2026\u2026\u2026\u2026.. 17635<br \/>\nIU Vitamin D\u2026\u2026\u2026\u2026\u2026\u2026.. 882<br \/>\nIU Vitamin E\u2026\u2026\u2026\u2026\u2026\u2026\u2026. 106<br \/>\nIU Thiamine hydrochloride (B1)\u2026.. \u2026\u2026\u2026\u2026\u2026\u202635,25 mg<br \/>\nRiboflavine (B2)\u2026\u2026\u2026\u2026\u2026\u2026..3,5 mg<br \/>\nPyridoxine hydrochloride (B6)\u2026 \u2026\u2026\u2026\u2026\u2026\u20267,6 mg<br \/>\nCyanocobalamin (B12)\u2026\u2026\u2026.. .0,03525 mg<br \/>\nNiacinamide (nicotinamide)\u2026.. \u2026\u2026.35,25 mg<br \/>\nT\u00e1 d\u01b0\u1ee3c g\u1ed3m triglycerides, meat peptones, glucose, maltose qs\u2026\u2026\u2026.120,5g<\/p>\n<p><strong>CH\u1ec8 \u0110\u1ecaNH<\/strong><\/p>\n<p>Kem \u0103n dinh d\u01b0\u1ee1ng ch\u00f3 m\u00e8o Nutri-plus gel m\u1ed9t s\u1ea3n ph\u1ea9m r\u1ea5t ngon mi\u1ec7ng, \u0111\u01b0\u1ee3c ch\u1ec9 \u0111\u1ecbnh d\u00f9ng cung c\u1ea5p n\u0103ng l\u01b0\u1ee3ng v\u00e0 ch\u1ea5t dinh d\u01b0\u1ee1ng c\u1ea7n thi\u1ebft t\u0103ng c\u01b0\u1eddng s\u1ee9c kh\u1ecfe, l\u00e0n da v\u00e0 b\u1ed9 l\u00f4ng kh\u1ecfe m\u1ea1nh cho c\u00e1c tr\u01b0\u1eddng h\u1ee3p sau:<\/p>\n<p>Ch\u00f3 v\u00e0 m\u00e8o \u0111\u1eb7c bi\u1ec7t l\u00e0 ch\u00f3 m\u00e8o \u0111ang l\u1edbn, \u0111ang mang thai hay nu\u00f4i con nh\u1ecf.<br \/>\nCh\u00f3 s\u0103n, ch\u00f3 nghi\u1ec7p v\u1ee5<br \/>\nCh\u00f3 m\u00e8o, v\u1eadt nu\u00f4i c\u1ea7n h\u1ed3i ph\u1ee5c sau khi \u1ed1m, ph\u1eabu thu\u1eadt,\u2026<br \/>\nCh\u00f3 m\u00e8o, v\u1eadt nu\u00f4i sinh ra y\u1ebfu, c\u00f2i x\u01b0\u01a1ng, nh\u1eb9 c\u00e2n, thi\u1ebfu s\u1eefa.<\/p>\n<p><strong>H\u01af\u1edaNG D\u1eaaN S\u1eec D\u1ee4NG<\/strong><\/p>\n<p>Cho \u0103n tr\u1ef1c ti\u1ebfp ho\u1eb7c tr\u1ed9n trong th\u1ee9c \u0103n cho ch\u00f3, th\u1ee9c \u0103n cho m\u00e8o\u2026<br \/>\nNutri-plus gel c\u00f3 th\u1ec3 d\u00f9ng t\u1eeb 3 \u2013 5 ng\u00e0y.<br \/>\nLi\u1ec1u d\u00f9ng: 1 \u2013 2 th\u00eca cho 5 kg th\u1ec3 tr\u1ecdng\/ng\u00e0y (kho\u1ea3ng 10 cm khi b\u01a1m thu\u1ed1c ra kh\u1ecfi \u1ed1ng). Trong tr\u01b0\u1eddng h\u1ee3p th\u00fa b\u1ecb qu\u00e1 suy nh\u01b0\u1ee3c ho\u1eb7c \u0111ang h\u1ed3i s\u1ee9c, Nutri-plus gel c\u00f3 th\u1ec3 d\u00f9ng nh\u01b0 l\u00e0 m\u1ed9t ngu\u1ed3n th\u1ee9c \u0103n duy nh\u1ea5t v\u1edbi li\u1ec1u 2 \u2013 4 th\u00eca\/ 5 kg th\u1ec3 tr\u1ecdng m\u1ed7i ng\u00e0y.&#8221;<\/p>\n<p><em><strong>Quy\u1ec1n l\u1ee3i khi mua h\u00e0ng t\u1ea1i P-Pet Shop:<\/strong><\/em><br \/>\nCam k\u1ebft h\u00e0ng ch\u00ednh h\u00e3ng 100%<br \/>\nHo\u00e0n ti\u1ec1n v\u00e0 \u0111\u1ed5i tr\u1ea3 s\u1ea3n ph\u1ea9m n\u1ebfu kh\u00f4ng \u0111\u00fang mi\u00eau t\u1ea3. N\u1ebfu ph\u00e1t hi\u1ec7n ra h\u00e0ng Fake ho\u00e0n ti\u1ec1n g\u1ea5p \u0111\u00f4i s\u1ea3n ph\u1ea9m<br \/>\nN\u1ebfu c\u00f3 b\u1ea5t k\u00ec \u0111i\u1ec1u g\u00ec c\u1ea7n h\u1ed7 tr\u1ee3 v\u1edbi s\u1ea3n ph\u1ea9m vui l\u00f2ng li\u00ean h\u1ec7 ngay v\u1edbi P-Pet Shop<br \/>\nCh\u00fang t\u00f4i cam k\u1ebft \u0111\u1eb7t uy t\u00edn v\u00e0 ch\u1ea5t l\u01b0\u1ee3ng s\u1ea3n ph\u1ea9m l\u00ean h\u00e0ng \u0111\u1ea7u<\/p>\n","protected":false},"excerpt":{"rendered":"<p>TH\u00d4NG TIN S\u1ea2N PH\u1ea8M\u00a0 Kem \u0103n dinh d\u01b0\u1ee1ng ch\u00f3 m\u00e8o Nutri plus Gel l\u00e0 th\u1ef1c ph\u1ea9m ch\u1ee9c n\u0103ng gi\u00e0u d\u01b0\u1ee1ng ch\u1ea5t. Gi\u00fap cho ch\u00f3, m\u00e8o v\u00e0 v\u1eadt nu\u00f4i \u0103n ngon mi\u1ec7ng, mau l\u1edbn, mau h\u1ed3i ph\u1ee5c s\u1ee9c kh\u1ecfe. Tr\u1ecdng l\u01b0\u1ee3ng: 120.5 g\/tu\u00fdp Th\u01b0\u01a1ng hi\u1ec7u: Virbac C\u00d4NG D\u1ee4NG Nutri-plus gel b\u1ed5 sung \u0111\u1ea7y \u0111\u1ee7 c\u00e1c d\u01b0\u1ee1ng [&hellip;]<\/p>\n","protected":false},"featured_media":519,"comment_status":"open","ping_status":"closed","template":"","meta":[],"product_cat":[24],"product_tag":[43,134,137,136,133],"class_list":{"0":"post-527","1":"product","2":"type-product","3":"status-publish","4":"has-post-thumbnail","6":"product_cat-thuoc-va-dinh-duong","7":"product_tag-cho","8":"product_tag-dinh-duong","9":"product_tag-gel-dinh-duong","10":"product_tag-sua","11":"product_tag-thuoc","13":"first","14":"instock","15":"sale","16":"taxable","17":"shipping-taxable","18":"purchasable","19":"product-type-simple"},"jetpack_sharing_enabled":true,"_links":{"self":[{"href":"http:\/\/longcando.id.vn\/index.php\/wp-json\/wp\/v2\/product\/527","targetHints":{"allow":["GET"]}}],"collection":[{"href":"http:\/\/longcando.id.vn\/index.php\/wp-json\/wp\/v2\/product"}],"about":[{"href":"http:\/\/longcando.id.vn\/index.php\/wp-json\/wp\/v2\/types\/product"}],"replies":[{"embeddable":true,"href":"http:\/\/longcando.id.vn\/index.php\/wp-json\/wp\/v2\/comments?post=527"}],"wp:featuredmedia":[{"embeddable":true,"href":"http:\/\/longcando.id.vn\/index.php\/wp-json\/wp\/v2\/media\/519"}],"wp:attachment":[{"href":"http:\/\/longcando.id.vn\/index.php\/wp-json\/wp\/v2\/media?parent=527"}],"wp:term":[{"taxonomy":"product_cat","embeddable":true,"href":"http:\/\/longcando.id.vn\/index.php\/wp-json\/wp\/v2\/product_cat?post=527"},{"taxonomy":"product_tag","embeddable":true,"href":"http:\/\/longcando.id.vn\/index.php\/wp-json\/wp\/v2\/product_tag?post=527"}],"curies":[{"name":"wp","href":"https:\/\/api.w.org\/{rel}","templated":true}]}}