{"id":526,"date":"2024-12-07T10:37:10","date_gmt":"2024-12-07T10:37:10","guid":{"rendered":"http:\/\/longcando.id.vn\/?post_type=product&#038;p=526"},"modified":"2024-12-07T10:39:52","modified_gmt":"2024-12-07T10:39:52","slug":"sua-bot-petlac-cho-cho-meo","status":"publish","type":"product","link":"http:\/\/longcando.id.vn\/index.php\/san-pham\/sua-bot-petlac-cho-cho-meo\/","title":{"rendered":"S\u1eefa b\u1ed9t PETLAC cho ch\u00f3 m\u00e8o"},"content":{"rendered":"<p><strong>TH\u00d4NG TIN S\u1ea2N PH\u1ea8M\u00a0<\/strong><\/p>\n<p>PetLac \u0111\u01b0\u1ee3c khuy\u1ebfn kh\u00edch s\u1eed d\u1ee5ng nh\u01b0 ngu\u1ed3n dinh d\u01b0\u1ee1ng ch\u00ednh cho ch\u00f3 m\u00e8o s\u01a1 sinh, ch\u00f3 m\u00e8o con m\u1ea5t m\u1eb9 ho\u1eb7c ch\u00f3 m\u00e8o m\u1eb9 kh\u00f4ng \u0111\u1ee7 s\u1eefa. Bao g\u1ed3m ngu\u1ed3n dinh d\u01b0\u1ee1ng d\u1ed3i d\u00e0o d\u1ec5 ti\u00eau h\u00f3a bao g\u1ed3m c\u00e1c protein c\u1ea7n thi\u1ebft, carbohydrate, vitamin, ch\u1ea5t kho\u00e1ng v\u00e0 h\u00e0m l\u01b0\u1ee3ng calories cao t\u01b0\u01a1ng t\u1ef1 nh\u01b0 ngu\u1ed3n s\u1eefa t\u1ef1 nhi\u00ean t\u1eeb ch\u00f3 m\u00e8o m\u1eb9, PetLac v\u1edbi h\u01b0\u01a1ng v\u1ecb th\u01a1m ngon gi\u00fap ch\u00f3 m\u00e8o s\u01a1 sinh d\u1ec5 d\u00e0ng ti\u00eau h\u00f3a, \u0111\u1ea3m b\u1ea3o cho s\u1ef1 ph\u00e1t tri\u1ec3n v\u00e0 t\u0103ng tr\u01b0\u1edfng to\u00e0n di\u1ec7n.<\/p>\n<p><strong>1. Ph\u00f9 H\u1ee3p Cho<\/strong><br \/>\nCh\u00f3 m\u00e8o s\u01a1 sinh, ch\u1ed3n s\u01b0\u01a1ng v\u00e0 th\u1ecf<br \/>\nCh\u00f3 m\u00e8o m\u1eb9 \u0111ang mang thai v\u00e0 cho con b\u00fa<br \/>\nCh\u00f3 m\u00e8o b\u1ecb stress, bi\u1ebfng \u0103n, b\u1ecb b\u1ec7nh, sau cu\u1ed9c gi\u1ea3i ph\u1eabu, ho\u1eb7c \u0111ang d\u01b0\u1ee1ng b\u1ec7nh<\/p>\n<p><strong>2. H\u01b0\u1edbng D\u1eabn S\u1eed D\u1ee5ng<\/strong><br \/>\n\u0110\u1ed1i V\u1edbi Ch\u00f3 M\u00e8o S\u01a1 Sinh<br \/>\nKhu\u1ea5y b\u1ed9t s\u1eefa Pet L\u1ea1c v\u1edbi n\u01b0\u1edbc \u1ea5m ho\u1eb7c n\u01b0\u1edbc u\u1ed1ng v\u1edbi t\u1ec9 l\u1ec7 1:4 trong c\u00f9ng 1 \u0111\u01a1n v\u1ecb \u0111o l\u01b0\u1eddng m\u00e0 b\u1ea1n s\u1eed d\u1ee5ng, v\u00ed d\u1ee5: mu\u1ed7ng c\u00e0 ph\u00ea, mu\u1ed7ng u\u1ed1ng canh&#8230; M\u1ed7i ng\u00e0y n\u00ean cho b\u00fa kho\u1ea3ng 15ml \u2013 25ml s\u1eefa PetLac 5 &#8211; 6 l\u1ea7n, cho b\u00fa sau m\u1ed7i 2 &#8211; 3 gi\u1edd.<\/p>\n<p><strong>3. Th\u00e0nh Ph\u1ea7n Dinh D\u01b0\u1ee1ng<\/strong><br \/>\nCh\u1ea5t \u0111\u1ea1m (t\u1ed1i thi\u1ec3u): 23%<\/p>\n<p>Ch\u1ea5t B\u00e9o (t\u1ed1i thi\u1ec3u): 30%<\/p>\n<p>Ch\u1ea5t x\u01a1 (t\u1ed1i \u0111a) 0%<\/p>\n<p>\u0110\u1ed9 \u1ea9m (t\u1ed1i \u0111a): 3%<\/p>\n<p><strong>4. H\u01b0\u1edbng D\u1eabn B\u1ea3o Qu\u1ea3n<\/strong><br \/>\n\u0110\u1ec3 n\u01a1i kh\u00f4 tho\u00e1ng m\u00e1t ho\u1eb7c trong t\u1ee7 l\u1ea1nh.<\/p>\n<p><em><strong>L\u01b0u \u00dd<\/strong><\/em><br \/>\n&#8211; S\u1eefa PetLac \u0111\u00e3 pha n\u00ean cho b\u00fa \u1edf nhi\u1ec7t \u0111\u1ed9 ph\u00f2ng (kh\u00f4ng n\u00f3ng, kh\u00f4ng l\u1ea1nh).<br \/>\n&#8211; S\u1eefa \u0111\u00e3 pha ch\u01b0a s\u1eed d\u1ee5ng n\u00ean b\u1ea3o qu\u1ea3n trong t\u1ee7 l\u1ea1nh, v\u00e0 \u0111\u1ec3 \u1edf nhi\u1ec7t \u0111\u1ed9 ph\u00f2ng cho h\u1ebft l\u1ea1nh r\u1ed3i h\u1eb5ng s\u1eed d\u1ee5ng.<br \/>\n&#8211; S\u1eefa \u0111\u00e3 pha n\u00ean s\u1eed d\u1ee5ng h\u1ebft trong v\u00f2ng 24 gi\u1edd. Ph\u1ea7n s\u1eefa d\u01b0 \u0111\u1ec3 qu\u00e1 24 gi\u1edd n\u00ean b\u1ecf \u0111i<br \/>\n&#8211; S\u1eefa b\u1ed9t (ch\u01b0a pha) n\u00ean b\u1ea3o qu\u1ea3n l\u1ea1nh sau khi m\u1edf h\u1ed9p v\u00e0 s\u1eed d\u1ee5ng trong v\u00f2ng 3 th\u00e1ng.<br \/>\n-Sau 3 th\u00e1ng n\u00ean v\u1ee9t b\u1ecf ph\u1ea7n s\u1eefa b\u1ed9t th\u1eeba.<br \/>\nTh\u1ec3 t\u00edch :300gr<br \/>\nNh\u00e0 S\u1ea3n Xu\u1ea5t: PetAg<\/p>\n<p>Xu\u1ea5t X\u1ee9: M\u1ef9<\/p>\n<p><em><strong>Quy\u1ec1n l\u1ee3i khi mua h\u00e0ng t\u1ea1i P-Pet Shop:<\/strong><\/em><br \/>\nCam k\u1ebft h\u00e0ng ch\u00ednh h\u00e3ng 100%<br \/>\nHo\u00e0n ti\u1ec1n v\u00e0 \u0111\u1ed5i tr\u1ea3 s\u1ea3n ph\u1ea9m n\u1ebfu kh\u00f4ng \u0111\u00fang mi\u00eau t\u1ea3. N\u1ebfu ph\u00e1t hi\u1ec7n ra h\u00e0ng Fake ho\u00e0n ti\u1ec1n g\u1ea5p \u0111\u00f4i s\u1ea3n ph\u1ea9m<br \/>\nN\u1ebfu c\u00f3 b\u1ea5t k\u00ec \u0111i\u1ec1u g\u00ec c\u1ea7n h\u1ed7 tr\u1ee3 v\u1edbi s\u1ea3n ph\u1ea9m vui l\u00f2ng li\u00ean h\u1ec7 ngay v\u1edbi P-Pet Shop<br \/>\nCh\u00fang t\u00f4i cam k\u1ebft \u0111\u1eb7t uy t\u00edn v\u00e0 ch\u1ea5t l\u01b0\u1ee3ng s\u1ea3n ph\u1ea9m l\u00ean h\u00e0ng \u0111\u1ea7u<\/p>\n","protected":false},"excerpt":{"rendered":"<p>TH\u00d4NG TIN S\u1ea2N PH\u1ea8M\u00a0 PetLac \u0111\u01b0\u1ee3c khuy\u1ebfn kh\u00edch s\u1eed d\u1ee5ng nh\u01b0 ngu\u1ed3n dinh d\u01b0\u1ee1ng ch\u00ednh cho ch\u00f3 m\u00e8o s\u01a1 sinh, ch\u00f3 m\u00e8o con m\u1ea5t m\u1eb9 ho\u1eb7c ch\u00f3 m\u00e8o m\u1eb9 kh\u00f4ng \u0111\u1ee7 s\u1eefa. Bao g\u1ed3m ngu\u1ed3n dinh d\u01b0\u1ee1ng d\u1ed3i d\u00e0o d\u1ec5 ti\u00eau h\u00f3a bao g\u1ed3m c\u00e1c protein c\u1ea7n thi\u1ebft, carbohydrate, vitamin, ch\u1ea5t kho\u00e1ng v\u00e0 h\u00e0m l\u01b0\u1ee3ng [&hellip;]<\/p>\n","protected":false},"featured_media":518,"comment_status":"open","ping_status":"closed","template":"","meta":[],"product_cat":[24],"product_tag":[135,43,134,136,133],"class_list":{"0":"post-526","1":"product","2":"type-product","3":"status-publish","4":"has-post-thumbnail","6":"product_cat-thuoc-va-dinh-duong","7":"product_tag-canxi","8":"product_tag-cho","9":"product_tag-dinh-duong","10":"product_tag-sua","11":"product_tag-thuoc","13":"first","14":"instock","15":"sale","16":"taxable","17":"shipping-taxable","18":"purchasable","19":"product-type-simple"},"jetpack_sharing_enabled":true,"_links":{"self":[{"href":"http:\/\/longcando.id.vn\/index.php\/wp-json\/wp\/v2\/product\/526","targetHints":{"allow":["GET"]}}],"collection":[{"href":"http:\/\/longcando.id.vn\/index.php\/wp-json\/wp\/v2\/product"}],"about":[{"href":"http:\/\/longcando.id.vn\/index.php\/wp-json\/wp\/v2\/types\/product"}],"replies":[{"embeddable":true,"href":"http:\/\/longcando.id.vn\/index.php\/wp-json\/wp\/v2\/comments?post=526"}],"wp:featuredmedia":[{"embeddable":true,"href":"http:\/\/longcando.id.vn\/index.php\/wp-json\/wp\/v2\/media\/518"}],"wp:attachment":[{"href":"http:\/\/longcando.id.vn\/index.php\/wp-json\/wp\/v2\/media?parent=526"}],"wp:term":[{"taxonomy":"product_cat","embeddable":true,"href":"http:\/\/longcando.id.vn\/index.php\/wp-json\/wp\/v2\/product_cat?post=526"},{"taxonomy":"product_tag","embeddable":true,"href":"http:\/\/longcando.id.vn\/index.php\/wp-json\/wp\/v2\/product_tag?post=526"}],"curies":[{"name":"wp","href":"https:\/\/api.w.org\/{rel}","templated":true}]}}