{"id":525,"date":"2024-12-07T10:32:40","date_gmt":"2024-12-07T10:32:40","guid":{"rendered":"http:\/\/longcando.id.vn\/?post_type=product&#038;p=525"},"modified":"2024-12-07T10:36:58","modified_gmt":"2024-12-07T10:36:58","slug":"canxi-my-petag-calcium-phosphorus-cho-cho-meo-hop-50-vien","status":"publish","type":"product","link":"http:\/\/longcando.id.vn\/index.php\/san-pham\/canxi-my-petag-calcium-phosphorus-cho-cho-meo-hop-50-vien\/","title":{"rendered":"Canxi M\u1ef9 PetAg Calcium Phosphorus cho ch\u00f3 m\u00e8o h\u1ed9p 50 vi\u00ean"},"content":{"rendered":"<p><strong>TH\u00d4NG TIN S\u1ea2N PH\u1ea8M\u00a0<\/strong><\/p>\n<p>Calcium Phosphorus l\u00e0 vi\u00ean nhai d\u1ea1ng n\u00e9n b\u1ed5 sung canxi cho ch\u00f3 m\u00e8o c\u1ee7a PetAg, M\u1ef9.<\/p>\n<p><strong>1. C\u00f4ng d\u1ee5ng<\/strong><br \/>\nCalcium Phosphorus l\u00e0 d\u1ea1ng vi\u00ean nhai b\u1ed9t n\u00e9n v\u1edbi c\u00f4ng th\u1ee9c k\u1ebft h\u1ee3p c\u00e2n b\u1eb1ng t\u1ec9 l\u1ec7 Canxi v\u00e0 Ph\u1ed1t-pho, b\u1ed5 sung th\u00eam vitamin D3 gi\u00fap c\u01a1 th\u1ec3 th\u00fa nu\u00f4i h\u1ea5p th\u1ee5 \u0111\u01b0\u1ee3c h\u00e0m l\u01b0\u01a1ng canxi t\u1ed1i \u0111a \u0111\u1ec3 ph\u00e1t tri\u1ec3n khung x\u01b0\u01a1ng ch\u1eafc kho\u1ebb, c\u0169ng nh\u01b0 \u0111\u00e1p \u1ee9ng \u0111\u1ee7 nhu c\u1ea7u canxi cho th\u00fa nu\u00f4i trong th\u1eddi k\u00ec mang thai.sinh s\u1ea3n, nu\u00f4i con&#8230; Calcium Phosphorus c\u00f3 v\u1ecb s\u1eefa h\u1ea5p d\u1eabn d\u1ec5 \u0103n.<br \/>\nPh\u00f9 H\u1ee3p Cho:<br \/>\n&#8211; Ch\u00f3 m\u00e8o con \u0111ang trong giai \u0111o\u1ea1n ph\u00e1t tri\u1ec3n, t\u0103ng tr\u01b0\u1edfng<br \/>\n&#8211; Ch\u00f3 m\u00e8o c\u1ea7n b\u1ed5 sung canxi<br \/>\n&#8211; Ch\u00f3 m\u00e8o v\u1edbi c\u00e1c tri\u1ec7u ch\u1ee9ng nh\u01b0 h\u1ea1 b\u00e0n, s\u1eadp b\u00e0n, cong ch\u00e2n, li\u1ec7t, thi\u1ebfu canxi tr\u1ea7m tr\u1ecdng<br \/>\n&#8211; Ch\u00f3 m\u00e8o m\u1eb9 trong giai \u0111o\u1ea1n mang thai, nu\u00f4i con v\u00e0 cho con b\u00fa<\/p>\n<p><strong>2. Th\u00e0nh ph\u1ea7n<\/strong><br \/>\n&#8211; Dicalcium phosphate, men bia kh\u00f4, s\u1eefa kh\u00f4, protein \u0111\u1eadu n\u00e0nh th\u1ee7y ph\u00e2n, magnesi stearat, v\u00e0 vitamin D3<br \/>\nPh\u00e2n T\u00edch \u0110\u1ea3m B\u1ea3o:<br \/>\n+ Canxi (min) &#8211; 300mg<br \/>\n+ Canxi (max) &#8211; 360mg<br \/>\n+ Photpho (min) &#8211; 250mg<br \/>\n+ Vitamin D3 &#8211; 245IU<\/p>\n<p><strong>3. H\u01b0\u1edbng d\u1eabn s\u1eed d\u1ee5ng<\/strong><br \/>\n&#8211; Calcium Phosphorus c\u00f3 th\u1ec3 cho ch\u00f3 m\u00e8o \u0103n tr\u1ef1c ti\u1ebfp (tr\u00ean tay ch\u1ee7 nu\u00f4i); ho\u1eb7c nghi\u1ec1n n\u00e1t (th\u00e0nh d\u1ea1ng b\u1ed9t) v\u00e0 tr\u1ed9n v\u00e0o th\u1ee9c \u0103n.<br \/>\nLi\u1ec1u l\u01b0\u1ee3ng d\u00f9ng cho Ch\u00f3:<br \/>\n&#8211; 1\/2 vi\u00ean \/ ng\u00e0y \/ th\u1ec3 tr\u1ecdng 10kg cho c h\u00f3 c\u1ea7n b\u1ed5 sung canxi<br \/>\n&#8211; 1 vi\u00ean \/ ng\u00e0y \/ th\u1ec3 tr\u1ecdng 10kg cho ch\u00f3 \u0111ang trong giai \u0111o\u1ea1n ph\u00e1t tri\u1ec3n, ch\u00f3 m\u1eb9 mang thai v\u00e0 cho con b\u00fa<br \/>\n&#8211; Kh\u00f4ng s\u1eed d\u1ee5ng qu\u00e1 3 vi\u00ean \/ ng\u00e0y<br \/>\nLi\u1ec1u l\u01b0\u1ee3ng d\u00f9ng cho M\u00e8o:<br \/>\n&#8211; 1\/4 vi\u00ean \/ ng\u00e0y \/ th\u1ec3 tr\u1ecdng 2g cho m\u00e8o c\u1ea7n b\u1ed5 sung canxi<br \/>\n&#8211; 1\/2 vi\u00ean \/ ng\u00e0y \/ th\u1ec3 tr\u1ecdng 10kg cho m\u00e8o \u0111ang trong giai \u0111o\u1ea1n ph\u00e1t tri\u1ec3n, m\u00e8o m\u1eb9 mang thai v\u00e0 cho con b\u00fa<br \/>\n&#8211; Kh\u00f4ng s\u1eed d\u1ee5ng qu\u00e1 1 vi\u00ean \/ ng\u00e0y<\/p>\n<p><strong>4. H\u01b0\u1edbng d\u1eabn b\u1ea3o qu\u1ea3n<\/strong><br \/>\n&#8211; B\u1ea3o qu\u1ea3n n\u01a1i tho\u00e1ng m\u00e1t, tr\u00e1nh \u00e1nh s\u00e1ng tr\u1ef1c ti\u1ebfp v\u00e0 nhi\u1ec7t \u0111\u1ed9 cao<br \/>\n&#8211; Tr\u00e1nh xa t\u1ea7m tay tr\u1ebb em<br \/>\n&#8211; N\u00ean cho th\u00fa c\u01b0ng u\u1ed1ng v\u00e0o l\u00fac s\u00e1ng s\u1edbm \u0111\u1ec3 c\u01a1 th\u1ec3 th\u00fa c\u01b0ng c\u00f3 th\u1ec3 h\u1ea5p th\u1ee5 \u0111\u01b0\u1ee3c t\u1ed1i \u0111a c\u00e1c ch\u1ea5t Dinh d\u01b0\u1ee1ng:<br \/>\n&#8211; Th\u00fa c\u01b0ng c\u1ea7n \u0111\u01b0\u1ee3c t\u1eafm n\u1eafng th\u01b0\u1eddng xuy\u00ean \u0111\u1ec3 c\u01a1 th\u1ec3 th\u00fa c\u01b0ng t\u1ef1 t\u1ed5ng h\u1ee3p \u0111\u01b0\u1ee3c l\u01b0\u1ee3ng canxi c\u1ea7n thi\u1ebft \u0111\u1ec3 ph\u00e1t tri\u1ec3n to\u00e0n di\u1ec7n<br \/>\n\u0110\u00f3ng g\u00f3i: L\u1ecd 50 vi\u00ean<br \/>\nNh\u00e0 s\u1ea3n xu\u1ea5t: PetAg<br \/>\nTh\u01b0\u01a1ng hi\u1ec7u: PetAg \u0111\u01b0\u1ee3c th\u00e0nh l\u1eadp v\u00e0o n\u0103m 1986 v\u00e0 c\u00f3 tr\u1ee5 s\u1edf t\u1ea1i Hampshire, Illinois, M\u1ef9. T\u1eeb n\u0103m 2013, PetAg tr\u1edf th\u00e0nh m\u1ed9t c\u00f4ng ty con c\u1ee7a T\u1eadp \u0111o\u00e0n PBI \/ Gordon, M\u1ef9.<\/p>\n<p><em><strong>Quy\u1ec1n l\u1ee3i khi mua h\u00e0ng t\u1ea1i P-Pet Shop:<\/strong><\/em><br \/>\nCam k\u1ebft h\u00e0ng ch\u00ednh h\u00e3ng 100%<br \/>\nHo\u00e0n ti\u1ec1n v\u00e0 \u0111\u1ed5i tr\u1ea3 s\u1ea3n ph\u1ea9m n\u1ebfu kh\u00f4ng \u0111\u00fang mi\u00eau t\u1ea3. N\u1ebfu ph\u00e1t hi\u1ec7n ra h\u00e0ng Fake ho\u00e0n ti\u1ec1n g\u1ea5p \u0111\u00f4i s\u1ea3n ph\u1ea9m<br \/>\nN\u1ebfu c\u00f3 b\u1ea5t k\u00ec \u0111i\u1ec1u g\u00ec c\u1ea7n h\u1ed7 tr\u1ee3 v\u1edbi s\u1ea3n ph\u1ea9m vui l\u00f2ng li\u00ean h\u1ec7 ngay v\u1edbi P-Pet Shop<br \/>\nCh\u00fang t\u00f4i cam k\u1ebft \u0111\u1eb7t uy t\u00edn v\u00e0 ch\u1ea5t l\u01b0\u1ee3ng s\u1ea3n ph\u1ea9m l\u00ean h\u00e0ng \u0111\u1ea7u<\/p>\n","protected":false},"excerpt":{"rendered":"<p>TH\u00d4NG TIN S\u1ea2N PH\u1ea8M\u00a0 Calcium Phosphorus l\u00e0 vi\u00ean nhai d\u1ea1ng n\u00e9n b\u1ed5 sung canxi cho ch\u00f3 m\u00e8o c\u1ee7a PetAg, M\u1ef9. 1. C\u00f4ng d\u1ee5ng Calcium Phosphorus l\u00e0 d\u1ea1ng vi\u00ean nhai b\u1ed9t n\u00e9n v\u1edbi c\u00f4ng th\u1ee9c k\u1ebft h\u1ee3p c\u00e2n b\u1eb1ng t\u1ec9 l\u1ec7 Canxi v\u00e0 Ph\u1ed1t-pho, b\u1ed5 sung th\u00eam vitamin D3 gi\u00fap c\u01a1 th\u1ec3 th\u00fa nu\u00f4i h\u1ea5p th\u1ee5 [&hellip;]<\/p>\n","protected":false},"featured_media":517,"comment_status":"open","ping_status":"closed","template":"","meta":[],"product_cat":[24],"product_tag":[135,43,134,133],"class_list":{"0":"post-525","1":"product","2":"type-product","3":"status-publish","4":"has-post-thumbnail","6":"product_cat-thuoc-va-dinh-duong","7":"product_tag-canxi","8":"product_tag-cho","9":"product_tag-dinh-duong","10":"product_tag-thuoc","12":"first","13":"instock","14":"sale","15":"taxable","16":"shipping-taxable","17":"purchasable","18":"product-type-simple"},"jetpack_sharing_enabled":true,"_links":{"self":[{"href":"http:\/\/longcando.id.vn\/index.php\/wp-json\/wp\/v2\/product\/525","targetHints":{"allow":["GET"]}}],"collection":[{"href":"http:\/\/longcando.id.vn\/index.php\/wp-json\/wp\/v2\/product"}],"about":[{"href":"http:\/\/longcando.id.vn\/index.php\/wp-json\/wp\/v2\/types\/product"}],"replies":[{"embeddable":true,"href":"http:\/\/longcando.id.vn\/index.php\/wp-json\/wp\/v2\/comments?post=525"}],"wp:featuredmedia":[{"embeddable":true,"href":"http:\/\/longcando.id.vn\/index.php\/wp-json\/wp\/v2\/media\/517"}],"wp:attachment":[{"href":"http:\/\/longcando.id.vn\/index.php\/wp-json\/wp\/v2\/media?parent=525"}],"wp:term":[{"taxonomy":"product_cat","embeddable":true,"href":"http:\/\/longcando.id.vn\/index.php\/wp-json\/wp\/v2\/product_cat?post=525"},{"taxonomy":"product_tag","embeddable":true,"href":"http:\/\/longcando.id.vn\/index.php\/wp-json\/wp\/v2\/product_tag?post=525"}],"curies":[{"name":"wp","href":"https:\/\/api.w.org\/{rel}","templated":true}]}}