{"id":514,"date":"2024-12-07T10:28:36","date_gmt":"2024-12-07T10:28:36","guid":{"rendered":"http:\/\/longcando.id.vn\/?post_type=product&#038;p=514"},"modified":"2024-12-07T10:28:36","modified_gmt":"2024-12-07T10:28:36","slug":"nho-gay-diet-ve-bo-chet-cho-cho","status":"publish","type":"product","link":"http:\/\/longcando.id.vn\/index.php\/san-pham\/nho-gay-diet-ve-bo-chet-cho-cho\/","title":{"rendered":"Nh\u1ecf g\u00e1y di\u1ec7t ve b\u1ecd ch\u00e9t cho ch\u00f3 <10kg FRONTLINE PLUS"},"content":{"rendered":"<p><strong>TH\u00d4NG TIN S\u1ea2N PH\u1ea8M\u00a0<\/strong><\/p>\n<p><strong>1\/ M\u00f4 t\u1ea3 chung<\/strong><\/p>\n<p>Nh\u1ecf g\u00e1y ng\u1eeba ve r\u1eadn cho ch\u00f3 &lt;10kg Frontline Plus. D\u00e0nh cho c\u00e1c gi\u1ed1ng ch\u00f3 l\u1edbn v\u00e0 trung b\u00ecnh. \u0110\u1eb7c bi\u1ec7t an to\u00e0n, c\u00f3 th\u1ec3 s\u1eed d\u1ee5ng cho ch\u00f3 mang thai v\u00e0 nu\u00f4i con b\u00fa.<\/p>\n<p><strong>2\/ L\u1ee3i \u00edch ch\u00ednh<\/strong><\/p>\n<p>S\u1ea3n ph\u1ea9m \u0111\u00e1p \u1ee9ng t\u1ea5t c\u1ea3 nhu c\u1ea7u gi\u00fap b\u1ea1n th\u1eadt an t\u00e2m khi th\u00fa c\u01b0ng s\u1ea1ch r\u1eadn b\u1ecd m\u00e0 l\u1ea1i an to\u00e0n. Frontline l\u00e0 s\u1ea3n ph\u1ea9m ng\u1eeba r\u1eadn nh\u1ecf g\u00e1y c\u00f3 t\u00e1c d\u1ee5ng ti\u00eau di\u1ec7t ve r\u1eadn tr\u00ean c\u01a1 th\u1ec3 ch\u00f3.<\/p>\n<p>Nh\u1ecf g\u00e1y di\u1ec7t ve r\u1eadn cho ch\u00f3 &lt;10kg MERIAL Frontline Plus s\u1eed d\u1ee5ng \u0111\u1ec3 nh\u1ecf v\u00e0o g\u00e1y. \u1ede v\u1ecb tr\u00ed \u0111\u1eb7c bi\u1ec7t n\u00e0y c\u00e1c b\u00e9 s\u1ebd kh\u00f4ng th\u1ec3 li\u1ebfm \u0111\u01b0\u1ee3c. L\u01b0\u1ee3ng Frontline s\u1eed d\u1ee5ng r\u1ea5t nh\u1ecf n\u00ean kh\u00f4ng l\u00e0m l\u00f4ng th\u00fa b\u1ecb \u01b0\u1edbt nhi\u1ec1u. Frontline Plus t\u1ef1 lan t\u1ecfa ra kh\u1eafp c\u01a1 th\u1ec3 th\u00fa c\u01b0ng. Sau khi \u0111\u01b0\u1ee3c nh\u1ecf sau \u0111\u00f3 \u0111\u01b0\u1ee3c th\u1ea5m v\u00e0 l\u01b0u tr\u1eef \u1edf l\u1edbp m\u1ee1 c\u1ee7a th\u00fa c\u01b0ng \u0111\u1ec3 duy tr\u00ec t\u00e1c d\u1ee5ng trong th\u1eddi gian d\u00e0i. Ngay c\u1ea3 khi b\u1ea1n t\u1eafm, hay c\u1ea1o l\u00f4ng c\u1ee7a b\u00e9. Ngo\u00e0i ra, Frontline Plus c\u00f3 th\u1ec3 ti\u00eau di\u1ec7t \u0111\u01b0\u1ee3c c\u1ea3 tr\u1ee9ng r\u1eadn.<\/p>\n<p><strong>3\/ H\u01b0\u1edbng d\u1eabn s\u1eed d\u1ee5ng<\/strong><\/p>\n<p>Ch\u1ec9 c\u1ea7n t\u00e1ch ph\u1ea7n l\u00f4ng tr\u00ean l\u01b0ng ch\u00f3 ra, \u0111\u1ec3 l\u1ed9 da. Nh\u1ecf g\u00e1y cho ch\u00f3 Frontline l\u00ean tr\u00ean da. D\u1ea7n d\u1ea7n s\u1ea3n ph\u1ea9m s\u1ebd th\u1ea5m th\u1ea5u v\u00e0o tuy\u1ebfn b\u00e3 nh\u1eddn. V\u00ec th\u1ebf cho d\u00f9 t\u1eafm r\u1eeda s\u1ebd kh\u00f4ng \u1ea3nh h\u01b0\u1edfng \u0111\u1ebfn c\u00f4ng d\u1ee5ng. \u0110\u1ec3 th\u00fa c\u01b0ng ph\u00e1t tri\u1ec3n kh\u1ecfe m\u1ea1nh nh\u1ea5t, ch\u00fang t\u00f4i khuy\u00ean ch\u1ee7 nh\u00e2n n\u00ean s\u1eed d\u1ee5ng Frontline m\u1ed7i th\u00e1ng m\u1ed9t l\u1ea7n.<\/p>\n<p>B\u01b0\u1edbc 1: sau khi th\u1ea5y l\u00f4ng \u0111\u00e3 kh\u00f4, b\u1ebb \u0111\u1ea7u \u1ed1ng Frontline.<br \/>\nB\u01b0\u1edbc 2: t\u00e1ch ph\u1ea7n l\u00f4ng tr\u00ean vai ho\u1eb7c g\u00e1y c\u1ee7a ch\u00f3 ra, nh\u1ecf Frontline tr\u1ef1c ti\u1ebfp l\u00ean da. Ch\u00fa \u00fd kh\u00f4ng nh\u1ecf l\u00ean l\u00f4ng. Nh\u1ecf tr\u00ean l\u00f4ng s\u1ebd b\u1ecb tr\u00f4i \u0111i m\u1ea5t, r\u1ea5t \u00edt l\u01b0\u1ee3ng Frontline th\u1ea5m \u0111\u01b0\u1ee3c v\u00e0o tuy\u1ebfn b\u00e3 nh\u1eddn c\u1ee7a da. \u0110i\u1ec1u n\u00e0y s\u1ebd h\u1ea1n ch\u1ebf t\u00e1c d\u1ee5ng c\u1ee7a s\u1ea3n ph\u1ea9m.<br \/>\nB\u01b0\u1edbc 3: \u1ea5n \u1ed1ng Frontline xu\u1ed1ng, x\u00e1c \u0111\u1ecbnh \u0111\u00e3 nh\u1ecf h\u1ebft m\u1ed9t \u1ed1ng. M\u1ed7i th\u00e1ng 1 l\u1ea7n, m\u1ed7i l\u1ea7n m\u1ed9t \u1ed1ng, kh\u00f4ng c\u1ea7n chia ra nhi\u1ec1u l\u1ea7n.&#8221;<\/p>\n<p><em><strong>Quy\u1ec1n l\u1ee3i khi mua h\u00e0ng t\u1ea1i P-Pet Shop:<\/strong><\/em><br \/>\nCam k\u1ebft h\u00e0ng ch\u00ednh h\u00e3ng 100%<br \/>\nHo\u00e0n ti\u1ec1n v\u00e0 \u0111\u1ed5i tr\u1ea3 s\u1ea3n ph\u1ea9m n\u1ebfu kh\u00f4ng \u0111\u00fang mi\u00eau t\u1ea3. N\u1ebfu ph\u00e1t hi\u1ec7n ra h\u00e0ng Fake ho\u00e0n ti\u1ec1n g\u1ea5p \u0111\u00f4i s\u1ea3n ph\u1ea9m<br \/>\nN\u1ebfu c\u00f3 b\u1ea5t k\u00ec \u0111i\u1ec1u g\u00ec c\u1ea7n h\u1ed7 tr\u1ee3 v\u1edbi s\u1ea3n ph\u1ea9m vui l\u00f2ng li\u00ean h\u1ec7 ngay v\u1edbi P-Pet Shop<br \/>\nCh\u00fang t\u00f4i cam k\u1ebft \u0111\u1eb7t uy t\u00edn v\u00e0 ch\u1ea5t l\u01b0\u1ee3ng s\u1ea3n ph\u1ea9m l\u00ean h\u00e0ng \u0111\u1ea7u<\/p>\n","protected":false},"excerpt":{"rendered":"<p>TH\u00d4NG TIN S\u1ea2N PH\u1ea8M\u00a0 1\/ M\u00f4 t\u1ea3 chung Nh\u1ecf g\u00e1y ng\u1eeba ve r\u1eadn cho ch\u00f3 &lt;10kg Frontline Plus. D\u00e0nh cho c\u00e1c gi\u1ed1ng ch\u00f3 l\u1edbn v\u00e0 trung b\u00ecnh. \u0110\u1eb7c bi\u1ec7t an to\u00e0n, c\u00f3 th\u1ec3 s\u1eed d\u1ee5ng cho ch\u00f3 mang thai v\u00e0 nu\u00f4i con b\u00fa. 2\/ L\u1ee3i \u00edch ch\u00ednh S\u1ea3n ph\u1ea9m \u0111\u00e1p \u1ee9ng t\u1ea5t c\u1ea3 nhu c\u1ea7u [&hellip;]<\/p>\n","protected":false},"featured_media":515,"comment_status":"open","ping_status":"closed","template":"","meta":[],"product_cat":[24],"product_tag":[43,134,131,133,132],"class_list":{"0":"post-514","1":"product","2":"type-product","3":"status-publish","4":"has-post-thumbnail","6":"product_cat-thuoc-va-dinh-duong","7":"product_tag-cho","8":"product_tag-dinh-duong","9":"product_tag-nho-gay","10":"product_tag-thuoc","11":"product_tag-tri-ve","13":"first","14":"instock","15":"taxable","16":"shipping-taxable","17":"purchasable","18":"product-type-simple"},"jetpack_sharing_enabled":true,"_links":{"self":[{"href":"http:\/\/longcando.id.vn\/index.php\/wp-json\/wp\/v2\/product\/514","targetHints":{"allow":["GET"]}}],"collection":[{"href":"http:\/\/longcando.id.vn\/index.php\/wp-json\/wp\/v2\/product"}],"about":[{"href":"http:\/\/longcando.id.vn\/index.php\/wp-json\/wp\/v2\/types\/product"}],"replies":[{"embeddable":true,"href":"http:\/\/longcando.id.vn\/index.php\/wp-json\/wp\/v2\/comments?post=514"}],"wp:featuredmedia":[{"embeddable":true,"href":"http:\/\/longcando.id.vn\/index.php\/wp-json\/wp\/v2\/media\/515"}],"wp:attachment":[{"href":"http:\/\/longcando.id.vn\/index.php\/wp-json\/wp\/v2\/media?parent=514"}],"wp:term":[{"taxonomy":"product_cat","embeddable":true,"href":"http:\/\/longcando.id.vn\/index.php\/wp-json\/wp\/v2\/product_cat?post=514"},{"taxonomy":"product_tag","embeddable":true,"href":"http:\/\/longcando.id.vn\/index.php\/wp-json\/wp\/v2\/product_tag?post=514"}],"curies":[{"name":"wp","href":"https:\/\/api.w.org\/{rel}","templated":true}]}}