{"id":512,"date":"2024-12-07T10:23:28","date_gmt":"2024-12-07T10:23:28","guid":{"rendered":"http:\/\/longcando.id.vn\/?post_type=product&#038;p=512"},"modified":"2024-12-20T13:36:18","modified_gmt":"2024-12-20T13:36:18","slug":"pate-meo-vi-ca-ngu-rac-thanh-cua-kanikama-dang-thach-nekko-70g","status":"publish","type":"product","link":"http:\/\/longcando.id.vn\/index.php\/san-pham\/pate-meo-vi-ca-ngu-rac-thanh-cua-kanikama-dang-thach-nekko-70g\/","title":{"rendered":"Pate M\u00e8o v\u1ecb c\u00e1 ng\u1eeb r\u1eafc thanh cua KANIKAMA d\u1ea1ng th\u1ea1ch NEKKO 70g"},"content":{"rendered":"<p><strong>TH\u00d4NG TIN S\u1ea2N PH\u1ea8M<\/strong><\/p>\n<p><strong>C\u00f4ng d\u1ee5ng:<\/strong> D\u00f9ng l\u00e0m th\u1ee9c \u0103n b\u1ed5 sung cho m\u00e8o.<\/p>\n<p><strong>Kh\u1ed1i l\u01b0\u1ee3ng:<\/strong> 70g<\/p>\n<p><strong>TH\u00c0NH PH\u1ea6N<\/strong><\/p>\n<ul>\n<li><strong>Nguy\u00ean li\u1ec7u ch\u00ednh:<\/strong> n\u01b0\u1edbc, c\u00e1 ng\u1eeb, thanh cua Kanikama, b\u1ed9t th\u1ea1ch, Enhancer, Guar gum, d\u1ea7u c\u00e1, taurine, vitamin E, Fructooligosaccharide.<\/li>\n<li><strong>Dinh d\u01b0\u1ee1ng:<\/strong> \u0110\u1ed9 \u1ea9m (t\u1ed1i \u0111a) 90%, protein th\u00f4 (t\u1ed1i thi\u1ec3u) 8%, b\u00e9o th\u00f4 (t\u1ed1i thi\u1ec3u) 0,2%, x\u01a1 th\u00f4 (t\u1ed1i \u0111a) 1%, kho\u00e1ng t\u1ed5ng s\u1ed1 (t\u1ed1i \u0111a) 3%, h\u00f3a ch\u1ea5t\/kh\u00e1ng sinh: kh\u00f4ng c\u00f3.<\/li>\n<\/ul>\n<p><strong>H\u01af\u1edaNG D\u1eaaN S\u1eec D\u1ee4NG<\/strong><\/p>\n<ul>\n<li>\n<ul>\n<li>1.5-4 t\u00fai\/ng\u00e0y \u0111\u1ed1i v\u1edbi m\u00e8o c\u00f3 tr\u1ecdng l\u01b0\u1ee3ng 1-3kg.<\/li>\n<\/ul>\n<\/li>\n<li>\n<ul>\n<li>4-7 t\u00fai\/ng\u00e0y \u0111\u1ed1i v\u1edbi m\u00e8o c\u00f3 tr\u1ecdng l\u01b0\u1ee3ng 3-5kg.<\/li>\n<\/ul>\n<\/li>\n<li>L\u01b0\u1ee3ng th\u1ee9c \u0103n m\u1ed7i b\u1eefa c\u00f3 th\u1ec3 \u0111i\u1ec1u ch\u1ec9nh ph\u00f9 h\u1ee3p v\u1edbi k\u00edch c\u1ee1, c\u00e2n n\u1eb7ng, \u0111\u1ed9 tu\u1ed5i v\u00e0 m\u1ee9c \u0111\u1ed9 ho\u1ea1t \u0111\u1ed9ng c\u1ee7a m\u00e8o.<\/li>\n<li>D\u00f9ng tr\u1ef1c ti\u1ebfp kh\u00f4ng c\u1ea7n h\u00e2m n\u00f3ng.<\/li>\n<\/ul>\n<p><strong>KHUY\u1ebeN NGH\u1eca:<\/strong><\/p>\n<ul>\n<li>D\u00e0nh cho m\u00e8o t\u1eeb 6 th\u00e1ng tu\u1ed5i tr\u1edf l\u00ean. C\u1ea7n b\u1ed5 sung th\u00eam c\u00e1c lo\u1ea1i th\u1ef1c ph\u1ea9m kh\u00e1c \u0111\u1ec3 cung c\u1ea5p \u0111\u1ee7 dinh d\u01b0\u1ee1ng cho c\u01a1 th\u1ec3. N\u00ean chu\u1ea9n b\u1ecb \u0111\u1ee7 n\u01b0\u1edbc s\u1ea1ch cho m\u00e8o u\u1ed1ng m\u1ecdi l\u00fac.<\/li>\n<\/ul>\n<p><strong>B\u1ea2O QU\u1ea2N:<\/strong><\/p>\n<ul>\n<li>Gi\u1eef n\u01a1i kh\u00f4 r\u00e1o, tho\u00e1ng m\u00e1t. Sau khi m\u1edf t\u00fai b\u1ea3o qu\u1ea3n v\u00e0 ch\u1ec9 n\u00ean s\u1eed d\u1ee5ng t\u1ed1i \u0111a 2 ng\u00e0y \u0111\u1ec3 duy tr\u00ec ch\u1ea5t l\u01b0\u1ee3ng s\u1ea3n ph\u1ea9m.<\/li>\n<\/ul>\n<p><em><strong>Quy\u1ec1n l\u1ee3i khi mua h\u00e0ng t\u1ea1i P-Pet Shop:<\/strong><\/em><br \/>\nCam k\u1ebft h\u00e0ng ch\u00ednh h\u00e3ng 100%<br \/>\nHo\u00e0n ti\u1ec1n v\u00e0 \u0111\u1ed5i tr\u1ea3 s\u1ea3n ph\u1ea9m n\u1ebfu kh\u00f4ng \u0111\u00fang mi\u00eau t\u1ea3. N\u1ebfu ph\u00e1t hi\u1ec7n ra h\u00e0ng Fake ho\u00e0n ti\u1ec1n g\u1ea5p \u0111\u00f4i s\u1ea3n ph\u1ea9m<br \/>\nN\u1ebfu c\u00f3 b\u1ea5t k\u00ec \u0111i\u1ec1u g\u00ec c\u1ea7n h\u1ed7 tr\u1ee3 v\u1edbi s\u1ea3n ph\u1ea9m vui l\u00f2ng li\u00ean h\u1ec7 ngay v\u1edbi P-Pet Shop<br \/>\nCh\u00fang t\u00f4i cam k\u1ebft \u0111\u1eb7t uy t\u00edn v\u00e0 ch\u1ea5t l\u01b0\u1ee3ng s\u1ea3n ph\u1ea9m l\u00ean h\u00e0ng \u0111\u1ea7u<\/p>\n","protected":false},"excerpt":{"rendered":"<p>TH\u00d4NG TIN S\u1ea2N PH\u1ea8M C\u00f4ng d\u1ee5ng: D\u00f9ng l\u00e0m th\u1ee9c \u0103n b\u1ed5 sung cho m\u00e8o. Kh\u1ed1i l\u01b0\u1ee3ng: 70g TH\u00c0NH PH\u1ea6N Nguy\u00ean li\u1ec7u ch\u00ednh: n\u01b0\u1edbc, c\u00e1 ng\u1eeb, thanh cua Kanikama, b\u1ed9t th\u1ea1ch, Enhancer, Guar gum, d\u1ea7u c\u00e1, taurine, vitamin E, Fructooligosaccharide. Dinh d\u01b0\u1ee1ng: \u0110\u1ed9 \u1ea9m (t\u1ed1i \u0111a) 90%, protein th\u00f4 (t\u1ed1i thi\u1ec3u) 8%, b\u00e9o th\u00f4 (t\u1ed1i thi\u1ec3u) [&hellip;]<\/p>\n","protected":false},"featured_media":513,"comment_status":"open","ping_status":"closed","template":"","meta":[],"product_cat":[16],"product_tag":[32,31,57,49],"class_list":{"0":"post-512","1":"product","2":"type-product","3":"status-publish","4":"has-post-thumbnail","6":"product_cat-thuc-an-cho-meo","7":"product_tag-cat","8":"product_tag-meo","9":"product_tag-pate-meo","10":"product_tag-thuc-an-meo","12":"first","13":"instock","14":"taxable","15":"shipping-taxable","16":"purchasable","17":"product-type-simple"},"jetpack_sharing_enabled":true,"_links":{"self":[{"href":"http:\/\/longcando.id.vn\/index.php\/wp-json\/wp\/v2\/product\/512","targetHints":{"allow":["GET"]}}],"collection":[{"href":"http:\/\/longcando.id.vn\/index.php\/wp-json\/wp\/v2\/product"}],"about":[{"href":"http:\/\/longcando.id.vn\/index.php\/wp-json\/wp\/v2\/types\/product"}],"replies":[{"embeddable":true,"href":"http:\/\/longcando.id.vn\/index.php\/wp-json\/wp\/v2\/comments?post=512"}],"wp:featuredmedia":[{"embeddable":true,"href":"http:\/\/longcando.id.vn\/index.php\/wp-json\/wp\/v2\/media\/513"}],"wp:attachment":[{"href":"http:\/\/longcando.id.vn\/index.php\/wp-json\/wp\/v2\/media?parent=512"}],"wp:term":[{"taxonomy":"product_cat","embeddable":true,"href":"http:\/\/longcando.id.vn\/index.php\/wp-json\/wp\/v2\/product_cat?post=512"},{"taxonomy":"product_tag","embeddable":true,"href":"http:\/\/longcando.id.vn\/index.php\/wp-json\/wp\/v2\/product_tag?post=512"}],"curies":[{"name":"wp","href":"https:\/\/api.w.org\/{rel}","templated":true}]}}