{"id":510,"date":"2024-12-07T09:59:17","date_gmt":"2024-12-07T09:59:17","guid":{"rendered":"http:\/\/longcando.id.vn\/?post_type=product&#038;p=510"},"modified":"2024-12-20T13:59:36","modified_gmt":"2024-12-20T13:59:36","slug":"luoc-chai-long-bo-cao-cho-thu-cung","status":"publish","type":"product","link":"http:\/\/longcando.id.vn\/index.php\/san-pham\/luoc-chai-long-bo-cao-cho-thu-cung\/","title":{"rendered":"L\u01b0\u1ee3c ch\u1ea3i l\u00f4ng b\u1ed3 c\u00e0o cho th\u00fa c\u01b0ng"},"content":{"rendered":"<p>Nu\u00f4i ch\u00f3 m\u00e8o, ai c\u0169ng ph\u1ea3i g\u1eb7p c\u01a1n \u00e1c m\u1ed9ng v\u1ec1 l\u00f4ng khi \u0111\u1ebfn m\u00f9a thay l\u00f4ng hay nh\u1eefng l\u00fac ch\u00f3 m\u00e8o \u0111\u00f9a gi\u1ee1n l\u00f4ng bay l\u1ea3 t\u1ea3 h\u00e0ng ng\u00e0y. \u0110\u1ebfn m\u00f9a thay l\u00f4ng, b\u1ea1n th\u1ea5y l\u00f4ng ch\u00f3 m\u00e8o b\u00e1m \u0111\u1ea7y tr\u00ean gi\u01b0\u1eddng n\u1ec7m, b\u00e0n gh\u1ebf&#8230;<\/p>\n<p>TH\u00d4NG TIN S\u1ea2N PH\u1ea8M<\/p>\n<p>\u2728M\u00e0u s\u1eafc (\u0110\u01b0\u1ee3c shop random g\u1eedi \u0111\u1ebfn kh\u00e1ch h\u00e0ng)<br \/>\n&#8211; Xanh bi\u1ec3n<br \/>\n&#8211; H\u1ed3ng<\/p>\n<p>\u2728Thi\u1ebft k\u1ebf:<br \/>\n&#8211; L\u01b0\u1ee3c ch\u1ea3i l\u00f4ng ch\u00f3 m\u00e8o thi\u1ebft k\u1ebf b\u1ed3 c\u00e0o c\u00f3 n\u00fat g\u1ea1t l\u00f4ng, th\u00edch h\u1ee3p ch\u1ea3i l\u00f4ng cho ch\u00f3 m\u00e8o l\u00f4ng ng\u1eafn v\u00e0 d\u00e0y<br \/>\n&#8211; D\u00f2ng s\u1ea3n ph\u1ea9m l\u01b0\u1ee3c ch\u1ea3i l\u00f4ng m\u00e8o v\u00e0 ch\u00f3 m\u1edbi v\u1edbi thi\u1ebft k\u1ebf ki\u1ec3u b\u1ed3 c\u00e0o c\u00f9ng v\u1edbi r\u0103ng l\u01b0\u1ee3c h\u00ecnh ch\u1eef V, kh\u00f4ng g\u00e2y kh\u00f3 ch\u1ecbu cho th\u00fa c\u01b0ng m\u00e0 l\u1ea1i l\u1ea5y \u0111\u01b0\u1ee3c l\u00f4ng r\u1ea5t hi\u1ec7u qu\u1ea3.<br \/>\n&#8211; L\u01b0\u1ee3c ch\u1ea3i l\u00f4ng ch\u00f3 m\u00e8o ki\u1ec3u b\u1ed3 c\u00e0o \u0111\u1eb7c bi\u1ec7t ph\u00f9 h\u1ee3p v\u1edbi c\u00e1c gi\u1ed1ng ch\u00f3 m\u00e8o nh\u01b0: m\u00e8o l\u00f4ng ng\u1eafn, c\u00e1c gi\u1ed1ng ch\u00f3 bull hay ch\u00f3 l\u00f4ng 2 l\u1edbp nh\u01b0 corgi, husky\u2026<br \/>\n&#8211; L\u01b0\u1ee3c ch\u1ea3i l\u00f4ng ch\u00f3 m\u00e8o ki\u1ec3u b\u1ed3 c\u00e0o c\u00f2n c\u00f3 n\u00fat g\u1ea1t l\u00f4ng ti\u1ec7n l\u1ee3i, gi\u00fap sen ti\u1ebft ki\u1ec7m th\u1eddi gian m\u1ed7i khi ch\u1ea3i l\u00f4ng cho boss.<\/p>\n<p><strong>Quy\u1ec1n l\u1ee3i khi mua h\u00e0ng t\u1ea1i P-Pet Shop:<\/strong><br \/>\nCam k\u1ebft h\u00e0ng ch\u00ednh h\u00e3ng 100% Ho\u00e0n ti\u1ec1n v\u00e0 \u0111\u1ed5i tr\u1ea3 s\u1ea3n ph\u1ea9m n\u1ebfu kh\u00f4ng \u0111\u00fang mi\u00eau t\u1ea3.<br \/>\nN\u1ebfu ph\u00e1t hi\u1ec7n ra h\u00e0ng Fake ho\u00e0n ti\u1ec1n g\u1ea5p \u0111\u00f4i s\u1ea3n ph\u1ea9m<br \/>\nN\u1ebfu c\u00f3 b\u1ea5t k\u00ec \u0111i\u1ec1u g\u00ec c\u1ea7n h\u1ed7 tr\u1ee3 v\u1edbi s\u1ea3n ph\u1ea9m vui l\u00f2ng li\u00ean h\u1ec7 ngay v\u1edbi P-Pet Shop<br \/>\nCh\u00fang t\u00f4i cam k\u1ebft \u0111\u1eb7t uy t\u00edn v\u00e0 ch\u1ea5t l\u01b0\u1ee3ng s\u1ea3n ph\u1ea9m l\u00ean h\u00e0ng \u0111\u1ea7u<\/p>\n","protected":false},"excerpt":{"rendered":"<p>Nu\u00f4i ch\u00f3 m\u00e8o, ai c\u0169ng ph\u1ea3i g\u1eb7p c\u01a1n \u00e1c m\u1ed9ng v\u1ec1 l\u00f4ng khi \u0111\u1ebfn m\u00f9a thay l\u00f4ng hay nh\u1eefng l\u00fac ch\u00f3 m\u00e8o \u0111\u00f9a gi\u1ee1n l\u00f4ng bay l\u1ea3 t\u1ea3 h\u00e0ng ng\u00e0y. \u0110\u1ebfn m\u00f9a thay l\u00f4ng, b\u1ea1n th\u1ea5y l\u00f4ng ch\u00f3 m\u00e8o b\u00e1m \u0111\u1ea7y tr\u00ean gi\u01b0\u1eddng n\u1ec7m, b\u00e0n gh\u1ebf&#8230; TH\u00d4NG TIN S\u1ea2N PH\u1ea8M \u2728M\u00e0u s\u1eafc (\u0110\u01b0\u1ee3c shop random [&hellip;]<\/p>\n","protected":false},"featured_media":511,"comment_status":"open","ping_status":"closed","template":"","meta":[],"product_cat":[21],"product_tag":[43,105,106,31,62],"class_list":{"0":"post-510","1":"product","2":"type-product","3":"status-publish","4":"has-post-thumbnail","6":"product_cat-sua-tam-dung-cu-ve-sinh","7":"product_tag-cho","8":"product_tag-luoc","9":"product_tag-luoc-chai","10":"product_tag-meo","11":"product_tag-thu-cung","13":"first","14":"instock","15":"taxable","16":"shipping-taxable","17":"purchasable","18":"product-type-simple"},"jetpack_sharing_enabled":true,"_links":{"self":[{"href":"http:\/\/longcando.id.vn\/index.php\/wp-json\/wp\/v2\/product\/510","targetHints":{"allow":["GET"]}}],"collection":[{"href":"http:\/\/longcando.id.vn\/index.php\/wp-json\/wp\/v2\/product"}],"about":[{"href":"http:\/\/longcando.id.vn\/index.php\/wp-json\/wp\/v2\/types\/product"}],"replies":[{"embeddable":true,"href":"http:\/\/longcando.id.vn\/index.php\/wp-json\/wp\/v2\/comments?post=510"}],"wp:featuredmedia":[{"embeddable":true,"href":"http:\/\/longcando.id.vn\/index.php\/wp-json\/wp\/v2\/media\/511"}],"wp:attachment":[{"href":"http:\/\/longcando.id.vn\/index.php\/wp-json\/wp\/v2\/media?parent=510"}],"wp:term":[{"taxonomy":"product_cat","embeddable":true,"href":"http:\/\/longcando.id.vn\/index.php\/wp-json\/wp\/v2\/product_cat?post=510"},{"taxonomy":"product_tag","embeddable":true,"href":"http:\/\/longcando.id.vn\/index.php\/wp-json\/wp\/v2\/product_tag?post=510"}],"curies":[{"name":"wp","href":"https:\/\/api.w.org\/{rel}","templated":true}]}}