{"id":499,"date":"2024-12-07T09:54:15","date_gmt":"2024-12-07T09:54:15","guid":{"rendered":"http:\/\/longcando.id.vn\/?post_type=product&#038;p=499"},"modified":"2024-12-20T14:00:37","modified_gmt":"2024-12-20T14:00:37","slug":"mu-det-kim-cho-thu-cung-de-thuong","status":"publish","type":"product","link":"http:\/\/longcando.id.vn\/index.php\/san-pham\/mu-det-kim-cho-thu-cung-de-thuong\/","title":{"rendered":"M\u0169 d\u1ec7t kim cho th\u00fa c\u01b0ng d\u1ec5 th\u01b0\u01a1ng"},"content":{"rendered":"<p><strong>TH\u00d4NG TIN S\u1ea2N PH\u1ea8M<\/strong><\/p>\n<p>M\u0169 \u0111\u1ed9i \u0111\u1ea7u cho th\u00fa c\u01b0ng M\u0169 d\u1ec7t cho m\u00e8o v\u00e0 ch\u00f3<br \/>\nPh\u01b0\u01a1ng ph\u00e1p d\u1ec7t: M\u00f3c<br \/>\nM\u00f4 h\u00ecnh: Vui nh\u1ed9n<br \/>\nPh\u01b0\u01a1ng ph\u00e1p ch\u1ebf bi\u1ebfn: M\u00f3c tay<br \/>\nK\u00edch th\u01b0\u1edbc th\u00fa c\u01b0ng khuy\u1ebfn ngh\u1ecb 2-6,5kg<br \/>\nCh\u1ea5t li\u1ec7u: Len<br \/>\nM\u00f9a th\u00edch h\u1ee3p: B\u1ed1n m\u00f9a<br \/>\nPhong c\u00e1ch: d\u1ec5 th\u01b0\u01a1ng, cute.<\/p>\n<p><em><strong>Quy\u1ec1n l\u1ee3i khi mua h\u00e0ng t\u1ea1i P-Pet Shop:<\/strong><\/em><br \/>\nCam k\u1ebft h\u00e0ng ch\u00ednh h\u00e3ng 100%<br \/>\nHo\u00e0n ti\u1ec1n v\u00e0 \u0111\u1ed5i tr\u1ea3 s\u1ea3n ph\u1ea9m n\u1ebfu kh\u00f4ng \u0111\u00fang mi\u00eau t\u1ea3. N\u1ebfu ph\u00e1t hi\u1ec7n ra h\u00e0ng Fake ho\u00e0n ti\u1ec1n g\u1ea5p \u0111\u00f4i s\u1ea3n ph\u1ea9m<br \/>\nN\u1ebfu c\u00f3 b\u1ea5t k\u00ec \u0111i\u1ec1u g\u00ec c\u1ea7n h\u1ed7 tr\u1ee3 v\u1edbi s\u1ea3n ph\u1ea9m vui l\u00f2ng li\u00ean h\u1ec7 ngay v\u1edbi P-Pet Shop<br \/>\nCh\u00fang t\u00f4i cam k\u1ebft \u0111\u1eb7t uy t\u00edn v\u00e0 ch\u1ea5t l\u01b0\u1ee3ng s\u1ea3n ph\u1ea9m l\u00ean h\u00e0ng \u0111\u1ea7u.<\/p>\n","protected":false},"excerpt":{"rendered":"<p>TH\u00d4NG TIN S\u1ea2N PH\u1ea8M M\u0169 \u0111\u1ed9i \u0111\u1ea7u cho th\u00fa c\u01b0ng M\u0169 d\u1ec7t cho m\u00e8o v\u00e0 ch\u00f3 Ph\u01b0\u01a1ng ph\u00e1p d\u1ec7t: M\u00f3c M\u00f4 h\u00ecnh: Vui nh\u1ed9n Ph\u01b0\u01a1ng ph\u00e1p ch\u1ebf bi\u1ebfn: M\u00f3c tay K\u00edch th\u01b0\u1edbc th\u00fa c\u01b0ng khuy\u1ebfn ngh\u1ecb 2-6,5kg Ch\u1ea5t li\u1ec7u: Len M\u00f9a th\u00edch h\u1ee3p: B\u1ed1n m\u00f9a Phong c\u00e1ch: d\u1ec5 th\u01b0\u01a1ng, cute. Quy\u1ec1n l\u1ee3i khi mua h\u00e0ng [&hellip;]<\/p>\n","protected":false},"featured_media":504,"comment_status":"open","ping_status":"closed","template":"","meta":[],"product_cat":[26],"product_tag":[43,130,31,128,129,120],"class_list":{"0":"post-499","1":"product","2":"type-product","3":"status-publish","4":"has-post-thumbnail","6":"product_cat-thoi-trang-thu-cung","7":"product_tag-cho","8":"product_tag-len","9":"product_tag-meo","10":"product_tag-mu","11":"product_tag-mu-de-thuong","12":"product_tag-thoi-trang","14":"first","15":"instock","16":"taxable","17":"shipping-taxable","18":"purchasable","19":"product-type-variable"},"jetpack_sharing_enabled":true,"_links":{"self":[{"href":"http:\/\/longcando.id.vn\/index.php\/wp-json\/wp\/v2\/product\/499","targetHints":{"allow":["GET"]}}],"collection":[{"href":"http:\/\/longcando.id.vn\/index.php\/wp-json\/wp\/v2\/product"}],"about":[{"href":"http:\/\/longcando.id.vn\/index.php\/wp-json\/wp\/v2\/types\/product"}],"replies":[{"embeddable":true,"href":"http:\/\/longcando.id.vn\/index.php\/wp-json\/wp\/v2\/comments?post=499"}],"wp:featuredmedia":[{"embeddable":true,"href":"http:\/\/longcando.id.vn\/index.php\/wp-json\/wp\/v2\/media\/504"}],"wp:attachment":[{"href":"http:\/\/longcando.id.vn\/index.php\/wp-json\/wp\/v2\/media?parent=499"}],"wp:term":[{"taxonomy":"product_cat","embeddable":true,"href":"http:\/\/longcando.id.vn\/index.php\/wp-json\/wp\/v2\/product_cat?post=499"},{"taxonomy":"product_tag","embeddable":true,"href":"http:\/\/longcando.id.vn\/index.php\/wp-json\/wp\/v2\/product_tag?post=499"}],"curies":[{"name":"wp","href":"https:\/\/api.w.org\/{rel}","templated":true}]}}