{"id":462,"date":"2024-12-07T09:20:13","date_gmt":"2024-12-07T09:20:13","guid":{"rendered":"http:\/\/longcando.id.vn\/?post_type=product&#038;p=462"},"modified":"2024-12-20T14:03:59","modified_gmt":"2024-12-20T14:03:59","slug":"ao-thun-polo-cho-thu-cung-cho-meo-mong-thoang-khi","status":"publish","type":"product","link":"http:\/\/longcando.id.vn\/index.php\/san-pham\/ao-thun-polo-cho-thu-cung-cho-meo-mong-thoang-khi\/","title":{"rendered":"\u00c1o thun polo cho th\u00fa c\u01b0ng Ch\u00f3 m\u00e8o m\u1ecfng tho\u00e1ng kh\u00ed"},"content":{"rendered":"<p><strong>TH\u00d4NG TIN S\u1ea2N PH\u1ea8M<\/strong><\/p>\n<p>\u00c1o s\u01a1 mi polo cho th\u00fa c\u01b0ng \u00c1o ph\u00f4ng m\u1ecfng tho\u00e1ng kh\u00ed cho ch\u00f3 m\u00e8o<br \/>\nDanh m\u1ee5c s\u1ea3n ph\u1ea9m: \u00c1o ph\u00f4ng<br \/>\nGi\u1edbi t\u00ednh \u00e1p d\u1ee5ng: Chung<br \/>\nCh\u1ea5t li\u1ec7u: Polyester<br \/>\nPhong c\u00e1ch: Gi\u1ea3n d\u1ecb<br \/>\nTh\u1ec3 lo\u1ea1i: Qu\u1ea7n \u00e1o cho th\u00fa c\u01b0ng<br \/>\nM\u00e0u: \u0110\u1ecf, Xanh d\u01b0\u01a1ng, H\u1ed3ng<br \/>\nK\u00edch th\u01b0\u1edbc:<br \/>\nS, Ng\u1ef1c 34cm, Chi\u1ec1u d\u00e0i l\u01b0ng 25cm, C\u00e2n n\u1eb7ng khuy\u1ebfn ngh\u1ecb 1-2,5kg<br \/>\nM, Ng\u1ef1c 38cm, Chi\u1ec1u d\u00e0i l\u01b0ng 30cm, Tr\u1ecdng l\u01b0\u1ee3ng khuy\u1ebfn ngh\u1ecb 2,5-4kg<br \/>\nL, Ng\u1ef1c 44cm, Chi\u1ec1u d\u00e0i l\u01b0ng 35cm, C\u00e2n n\u1eb7ng khuy\u1ebfn ngh\u1ecb 4-5,5kg<br \/>\nXl, Ng\u1ef1c 48cm, Chi\u1ec1u d\u00e0i l\u01b0ng 40cm, C\u00e2n n\u1eb7ng khuy\u1ebfn ngh\u1ecb 5,5-9kg<\/p>\n<p>L\u01b0u \u00fd:<\/p>\n<p>1. Xin vui l\u00f2ng cho ph\u00e9p s\u1ef1 kh\u00e1c bi\u1ec7t 1-3 cm. Do \u0111o l\u01b0\u1eddng th\u1ee7 c\u00f4ng v\u00e0 3-5 gam cho s\u1ef1 kh\u00e1c bi\u1ec7t gi\u1eefa c\u00e1c m\u00e0u s\u1eafc kh\u00e1c nhau.<\/p>\n<p>2. Do s\u1ef1 kh\u00e1c bi\u1ec7t v\u1ec1 m\u00e0n h\u00ecnh M\u00e0u s\u1eafc c\u00f3 th\u1ec3 h\u01a1i kh\u00e1c so v\u1edbi nh\u1eefng g\u00ec b\u1ea1n mong \u0111\u1ee3i. Vui l\u00f2ng cho ph\u00e9p<\/p>\n<p><em><strong>Quy\u1ec1n l\u1ee3i khi mua h\u00e0ng t\u1ea1i P-Pet Shop:<\/strong><\/em><br \/>\nCam k\u1ebft h\u00e0ng ch\u00ednh h\u00e3ng 100%<br \/>\nHo\u00e0n ti\u1ec1n v\u00e0 \u0111\u1ed5i tr\u1ea3 s\u1ea3n ph\u1ea9m n\u1ebfu kh\u00f4ng \u0111\u00fang mi\u00eau t\u1ea3. N\u1ebfu ph\u00e1t hi\u1ec7n ra h\u00e0ng Fake ho\u00e0n ti\u1ec1n g\u1ea5p \u0111\u00f4i s\u1ea3n ph\u1ea9m<br \/>\nN\u1ebfu c\u00f3 b\u1ea5t k\u00ec \u0111i\u1ec1u g\u00ec c\u1ea7n h\u1ed7 tr\u1ee3 v\u1edbi s\u1ea3n ph\u1ea9m vui l\u00f2ng li\u00ean h\u1ec7 ngay v\u1edbi P-Pet Shop<br \/>\nCh\u00fang t\u00f4i cam k\u1ebft \u0111\u1eb7t uy t\u00edn v\u00e0 ch\u1ea5t l\u01b0\u1ee3ng s\u1ea3n ph\u1ea9m l\u00ean h\u00e0ng \u0111\u1ea7u<\/p>\n","protected":false},"excerpt":{"rendered":"<p>TH\u00d4NG TIN S\u1ea2N PH\u1ea8M \u00c1o s\u01a1 mi polo cho th\u00fa c\u01b0ng \u00c1o ph\u00f4ng m\u1ecfng tho\u00e1ng kh\u00ed cho ch\u00f3 m\u00e8o Danh m\u1ee5c s\u1ea3n ph\u1ea9m: \u00c1o ph\u00f4ng Gi\u1edbi t\u00ednh \u00e1p d\u1ee5ng: Chung Ch\u1ea5t li\u1ec7u: Polyester Phong c\u00e1ch: Gi\u1ea3n d\u1ecb Th\u1ec3 lo\u1ea1i: Qu\u1ea7n \u00e1o cho th\u00fa c\u01b0ng M\u00e0u: \u0110\u1ecf, Xanh d\u01b0\u01a1ng, H\u1ed3ng K\u00edch th\u01b0\u1edbc: S, Ng\u1ef1c 34cm, Chi\u1ec1u [&hellip;]<\/p>\n","protected":false},"featured_media":471,"comment_status":"open","ping_status":"closed","template":"","meta":[],"product_cat":[26],"product_tag":[43,31,118,119,117,120],"class_list":{"0":"post-462","1":"product","2":"type-product","3":"status-publish","4":"has-post-thumbnail","6":"product_cat-thoi-trang-thu-cung","7":"product_tag-cho","8":"product_tag-meo","9":"product_tag-quan-ao-cho","10":"product_tag-quan-ao-meo","11":"product_tag-quan-ao-thu-cung","12":"product_tag-thoi-trang","14":"first","15":"instock","16":"sale","17":"taxable","18":"shipping-taxable","19":"purchasable","20":"product-type-variable"},"jetpack_sharing_enabled":true,"_links":{"self":[{"href":"http:\/\/longcando.id.vn\/index.php\/wp-json\/wp\/v2\/product\/462","targetHints":{"allow":["GET"]}}],"collection":[{"href":"http:\/\/longcando.id.vn\/index.php\/wp-json\/wp\/v2\/product"}],"about":[{"href":"http:\/\/longcando.id.vn\/index.php\/wp-json\/wp\/v2\/types\/product"}],"replies":[{"embeddable":true,"href":"http:\/\/longcando.id.vn\/index.php\/wp-json\/wp\/v2\/comments?post=462"}],"wp:featuredmedia":[{"embeddable":true,"href":"http:\/\/longcando.id.vn\/index.php\/wp-json\/wp\/v2\/media\/471"}],"wp:attachment":[{"href":"http:\/\/longcando.id.vn\/index.php\/wp-json\/wp\/v2\/media?parent=462"}],"wp:term":[{"taxonomy":"product_cat","embeddable":true,"href":"http:\/\/longcando.id.vn\/index.php\/wp-json\/wp\/v2\/product_cat?post=462"},{"taxonomy":"product_tag","embeddable":true,"href":"http:\/\/longcando.id.vn\/index.php\/wp-json\/wp\/v2\/product_tag?post=462"}],"curies":[{"name":"wp","href":"https:\/\/api.w.org\/{rel}","templated":true}]}}