{"id":445,"date":"2024-12-07T09:08:59","date_gmt":"2024-12-07T09:08:59","guid":{"rendered":"http:\/\/longcando.id.vn\/?post_type=product&#038;p=445"},"modified":"2024-12-20T14:00:40","modified_gmt":"2024-12-20T14:00:40","slug":"trang-phuc-cua-cap-doi-thu-cung-ao-dam-toi-gian-den-va-trang","status":"publish","type":"product","link":"http:\/\/longcando.id.vn\/index.php\/san-pham\/trang-phuc-cua-cap-doi-thu-cung-ao-dam-toi-gian-den-va-trang\/","title":{"rendered":"Trang ph\u1ee5c c\u1ee7a c\u1eb7p \u0111\u00f4i th\u00fa c\u01b0ng, \u00e1o \u0111\u1ea7m t\u1ed1i gi\u1ea3n \u0111en v\u00e0 tr\u1eafng"},"content":{"rendered":"<p><strong>TH\u00d4NG TIN S\u1ea2N PH\u1ea8M<\/strong><\/p>\n<p>Th\u00edch h\u1ee3p cho c\u00e1c m\u00f9a: t\u1ea5t c\u1ea3 c\u00e1c m\u00f9a<\/p>\n<p>Gi\u1edbi t\u00ednh \u00e1p d\u1ee5ng: ph\u1ed5 th\u00f4ng cho ch\u00f3 m\u00e8o<\/p>\n<p>K\u00edch th\u01b0\u1edbc: S, M, L, XL<\/p>\n<p>S (chi\u1ec1u d\u00e0i l\u01b0ng 25 v\u00f2ng ng\u1ef1c 34cm), tr\u1ecdng l\u01b0\u1ee3ng khuy\u1ebfn ngh\u1ecb 1,5-3kg<\/p>\n<p>M (chi\u1ec1u d\u00e0i l\u01b0ng 30, v\u00f2ng ng\u1ef1c 38cm), tr\u1ecdng l\u01b0\u1ee3ng khuy\u1ebfn ngh\u1ecb 3-4kg<\/p>\n<p>L\u01b0u \u00fd size M qu\u00e1 l\u1edbn N\u1ebfu b\u1ea1n c\u1ea7n th\u1ee9 g\u00ec \u0111\u00f3 ch\u1eb7t h\u01a1n, b\u1ea1n c\u00f3 th\u1ec3 ch\u1ecdn m\u00e3 S<\/p>\n<p>L (chi\u1ec1u d\u00e0i l\u01b0ng 35, v\u00f2ng ng\u1ef1c 44cm), tr\u1ecdng l\u01b0\u1ee3ng khuy\u1ebfn ngh\u1ecb 4-6kg<\/p>\n<p>XL (chi\u1ec1u d\u00e0i l\u01b0ng 40, v\u00f2ng ng\u1ef1c 48cm), tr\u1ecdng l\u01b0\u1ee3ng khuy\u1ebfn ngh\u1ecb 6-8kg<\/p>\n<p>Xin l\u01b0u \u00fd r\u1eb1ng qu\u1ea7n \u00e1o ph\u1ea3i t\u01b0\u01a1ng \u0111\u1ed1i l\u1ecfng l\u1ebbo<\/p>\n<p>L\u01b0u \u00fd:<\/p>\n<p>1. Xin vui l\u00f2ng cho ph\u00e9p s\u1ef1 kh\u00e1c bi\u1ec7t 1-3 cm. Do \u0111o l\u01b0\u1eddng th\u1ee7 c\u00f4ng v\u00e0 3-5 gam cho s\u1ef1 kh\u00e1c bi\u1ec7t gi\u1eefa c\u00e1c m\u00e0u s\u1eafc kh\u00e1c nhau.<\/p>\n<p>2. Do s\u1ef1 kh\u00e1c bi\u1ec7t v\u1ec1 m\u00e0n h\u00ecnh M\u00e0u s\u1eafc c\u00f3 th\u1ec3 h\u01a1i kh\u00e1c so v\u1edbi nh\u1eefng g\u00ec b\u1ea1n mong \u0111\u1ee3i. Vui l\u00f2ng cho ph\u00e9p<\/p>\n<p><em><strong>Quy\u1ec1n l\u1ee3i khi mua h\u00e0ng t\u1ea1i P-Pet Shop:<\/strong><\/em><br \/>\nCam k\u1ebft h\u00e0ng ch\u00ednh h\u00e3ng 100%<br \/>\nHo\u00e0n ti\u1ec1n v\u00e0 \u0111\u1ed5i tr\u1ea3 s\u1ea3n ph\u1ea9m n\u1ebfu kh\u00f4ng \u0111\u00fang mi\u00eau t\u1ea3. N\u1ebfu ph\u00e1t hi\u1ec7n ra h\u00e0ng Fake ho\u00e0n ti\u1ec1n g\u1ea5p \u0111\u00f4i s\u1ea3n ph\u1ea9m<br \/>\nN\u1ebfu c\u00f3 b\u1ea5t k\u00ec \u0111i\u1ec1u g\u00ec c\u1ea7n h\u1ed7 tr\u1ee3 v\u1edbi s\u1ea3n ph\u1ea9m vui l\u00f2ng li\u00ean h\u1ec7 ngay v\u1edbi P-Pet Shop<br \/>\nCh\u00fang t\u00f4i cam k\u1ebft \u0111\u1eb7t uy t\u00edn v\u00e0 ch\u1ea5t l\u01b0\u1ee3ng s\u1ea3n ph\u1ea9m l\u00ean h\u00e0ng \u0111\u1ea7u<\/p>\n","protected":false},"excerpt":{"rendered":"<p>TH\u00d4NG TIN S\u1ea2N PH\u1ea8M Th\u00edch h\u1ee3p cho c\u00e1c m\u00f9a: t\u1ea5t c\u1ea3 c\u00e1c m\u00f9a Gi\u1edbi t\u00ednh \u00e1p d\u1ee5ng: ph\u1ed5 th\u00f4ng cho ch\u00f3 m\u00e8o K\u00edch th\u01b0\u1edbc: S, M, L, XL S (chi\u1ec1u d\u00e0i l\u01b0ng 25 v\u00f2ng ng\u1ef1c 34cm), tr\u1ecdng l\u01b0\u1ee3ng khuy\u1ebfn ngh\u1ecb 1,5-3kg M (chi\u1ec1u d\u00e0i l\u01b0ng 30, v\u00f2ng ng\u1ef1c 38cm), tr\u1ecdng l\u01b0\u1ee3ng khuy\u1ebfn ngh\u1ecb 3-4kg L\u01b0u [&hellip;]<\/p>\n","protected":false},"featured_media":453,"comment_status":"open","ping_status":"closed","template":"","meta":[],"product_cat":[26],"product_tag":[43,31,118,119,117,120],"class_list":{"0":"post-445","1":"product","2":"type-product","3":"status-publish","4":"has-post-thumbnail","6":"product_cat-thoi-trang-thu-cung","7":"product_tag-cho","8":"product_tag-meo","9":"product_tag-quan-ao-cho","10":"product_tag-quan-ao-meo","11":"product_tag-quan-ao-thu-cung","12":"product_tag-thoi-trang","14":"first","15":"instock","16":"sale","17":"taxable","18":"shipping-taxable","19":"purchasable","20":"product-type-variable"},"jetpack_sharing_enabled":true,"_links":{"self":[{"href":"http:\/\/longcando.id.vn\/index.php\/wp-json\/wp\/v2\/product\/445","targetHints":{"allow":["GET"]}}],"collection":[{"href":"http:\/\/longcando.id.vn\/index.php\/wp-json\/wp\/v2\/product"}],"about":[{"href":"http:\/\/longcando.id.vn\/index.php\/wp-json\/wp\/v2\/types\/product"}],"replies":[{"embeddable":true,"href":"http:\/\/longcando.id.vn\/index.php\/wp-json\/wp\/v2\/comments?post=445"}],"wp:featuredmedia":[{"embeddable":true,"href":"http:\/\/longcando.id.vn\/index.php\/wp-json\/wp\/v2\/media\/453"}],"wp:attachment":[{"href":"http:\/\/longcando.id.vn\/index.php\/wp-json\/wp\/v2\/media?parent=445"}],"wp:term":[{"taxonomy":"product_cat","embeddable":true,"href":"http:\/\/longcando.id.vn\/index.php\/wp-json\/wp\/v2\/product_cat?post=445"},{"taxonomy":"product_tag","embeddable":true,"href":"http:\/\/longcando.id.vn\/index.php\/wp-json\/wp\/v2\/product_tag?post=445"}],"curies":[{"name":"wp","href":"https:\/\/api.w.org\/{rel}","templated":true}]}}