{"id":437,"date":"2024-12-07T09:00:53","date_gmt":"2024-12-07T09:00:53","guid":{"rendered":"http:\/\/longcando.id.vn\/?post_type=product&#038;p=437"},"modified":"2024-12-20T14:08:59","modified_gmt":"2024-12-20T14:08:59","slug":"quan-ao-cho-thu-cung-cosplay-ong-bap-cay","status":"publish","type":"product","link":"http:\/\/longcando.id.vn\/index.php\/san-pham\/quan-ao-cho-thu-cung-cosplay-ong-bap-cay\/","title":{"rendered":"Qu\u1ea7n \u00e1o cho th\u00fa c\u01b0ng cosplay Ong B\u1eafp C\u00e0y"},"content":{"rendered":"<p><strong>TH\u00d4NG TIN S\u1ea2N PH\u1ea8M<\/strong><\/p>\n<p>Nh\u1eefng b\u1ed9 qu\u1ea7n \u00e1o \u0111\u1ed9c \u0111\u00e1o n\u00e0y \u0111\u01b0\u1ee3c thi\u1ebft k\u1ebf ri\u00eang cho nh\u1eefng th\u00fa c\u01b0ng \u0111\u1ea7y c\u00e1 t\u00ednh v\u00e0 th\u00edch tr\u00eau ch\u1ecdc. M\u1ed7i m\u1ea3nh \u0111\u1ec1u \u0111\u1ea7y s\u00e1ng t\u1ea1o v\u00e0 b\u1ea5t ng\u1edd, khi\u1ebfn b\u00e9 ngay l\u1eadp t\u1ee9c tr\u1edf th\u00e0nh t\u00e2m \u0111i\u1ec3m c\u1ee7a s\u1ef1 ch\u00fa \u00fd.<\/p>\n<p>100% th\u01b0\u01a1ng hi\u1ec7u m\u1edbi v\u00e0 m\u1eb7t h\u00e0ng ch\u1ea5t l\u01b0\u1ee3ng cao<\/p>\n<p>Th\u1eddi gian giao h\u00e0ng \u01b0\u1edbc t\u00ednh cho s\u1ea3n ph\u1ea9m n\u00e0y l\u00e0 7-9 ng\u00e0y.<\/p>\n<p>M\u00e0u s\u1eafc: Ch\u00fa ong nh\u1ecf vui nh\u1ed9n<\/p>\n<p>Danh m\u1ee5c s\u1ea3n ph\u1ea9m: Qu\u1ea7n \u00e1o bi\u1ebfn h\u00ecnh<\/p>\n<p>Gi\u1edbi t\u00ednh \u00e1p d\u1ee5ng: Chung<\/p>\n<p>V\u1eadt nu\u00f4i \u00e1p d\u1ee5ng: Ch\u00f3 v\u00e0 m\u00e8o n\u00f3i chung<\/p>\n<p>Ch\u1ea5t li\u1ec7u: Polyester<\/p>\n<p>Phong c\u00e1ch: H\u00e0i h\u01b0\u1edbc vui nh\u1ed9n<\/p>\n<p>Th\u1ec3 lo\u1ea1i: Qu\u1ea7n \u00e1o cho th\u00fa c\u01b0ng<\/p>\n<p>K\u00edch th\u01b0\u1edbc: S, M, L, XL<\/p>\n<p>M\u00e0u s\u1eafc: Ong v\u00e0ng<\/p>\n<p>K\u00edch th\u01b0\u1edbc<\/p>\n<p>S: Ng\u1ef1c 35cm, D\u00e0i l\u01b0ng 23cm, Th\u00edch h\u1ee3p cho 1 ~ 2kg.<\/p>\n<p>M: Ng\u1ef1c 40cm, D\u00e0i l\u01b0ng 28cm, Th\u00edch h\u1ee3p cho 2 ~ 4kg.<\/p>\n<p>L: Ng\u1ef1c 45cm, D\u00e0i l\u01b0ng 33cm, Th\u00edch h\u1ee3p cho 4 ~ 6kg.<\/p>\n<p>XL: Ng\u1ef1c 50cm, D\u00e0i l\u01b0ng 38cm, Th\u00edch h\u1ee3p cho 6 ~ 8kg.<\/p>\n<p>&nbsp;<\/p>\n<p>\ud83d\udd14Ng\u1ef1c Qu\u1ea7n \u00c1o L\u1edbn H\u01a1n Ng\u1ef1c Ch\u00f3 2-3 cm, Chi\u1ec1u D\u00e0i L\u01b0ng D\u01b0\u1edbi 3 cm.\ud83d\udd14<\/p>\n<p>\ud83d\udd14N\u1ebfu con ch\u00f3 c\u1ee7a b\u1ea1n l\u1edbn nhanh, vui l\u00f2ng ch\u1ecdn k\u00edch th\u01b0\u1edbc l\u1edbn h\u01a1n.\ud83d\udd14<\/p>\n<p>L\u01b0u \u00fd:<\/p>\n<p>1. Xin vui l\u00f2ng cho ph\u00e9p s\u1ef1 kh\u00e1c bi\u1ec7t 2-3 cm do \u0111o l\u01b0\u1eddng th\u1ee7 c\u00f4ng.<\/p>\n<p>2.Do s\u1ef1 kh\u00e1c bi\u1ec7t tr\u00ean m\u00e0n h\u00ecnh, m\u00e0u s\u1eafc c\u00f3 th\u1ec3 h\u01a1i kh\u00e1c so v\u1edbi mong \u0111\u1ee3i c\u1ee7a b\u1ea1n. Vui l\u00f2ng cho ph\u00e9p.<\/p>\n<p><em><strong>Quy\u1ec1n l\u1ee3i khi mua h\u00e0ng t\u1ea1i P-Pet Shop:<\/strong><\/em><br \/>\nCam k\u1ebft h\u00e0ng ch\u00ednh h\u00e3ng 100%<br \/>\nHo\u00e0n ti\u1ec1n v\u00e0 \u0111\u1ed5i tr\u1ea3 s\u1ea3n ph\u1ea9m n\u1ebfu kh\u00f4ng \u0111\u00fang mi\u00eau t\u1ea3. N\u1ebfu ph\u00e1t hi\u1ec7n ra h\u00e0ng Fake ho\u00e0n ti\u1ec1n g\u1ea5p \u0111\u00f4i s\u1ea3n ph\u1ea9m<br \/>\nN\u1ebfu c\u00f3 b\u1ea5t k\u00ec \u0111i\u1ec1u g\u00ec c\u1ea7n h\u1ed7 tr\u1ee3 v\u1edbi s\u1ea3n ph\u1ea9m vui l\u00f2ng li\u00ean h\u1ec7 ngay v\u1edbi P-Pet Shop<br \/>\nCh\u00fang t\u00f4i cam k\u1ebft \u0111\u1eb7t uy t\u00edn v\u00e0 ch\u1ea5t l\u01b0\u1ee3ng s\u1ea3n ph\u1ea9m l\u00ean h\u00e0ng \u0111\u1ea7u<\/p>\n","protected":false},"excerpt":{"rendered":"<p>TH\u00d4NG TIN S\u1ea2N PH\u1ea8M Nh\u1eefng b\u1ed9 qu\u1ea7n \u00e1o \u0111\u1ed9c \u0111\u00e1o n\u00e0y \u0111\u01b0\u1ee3c thi\u1ebft k\u1ebf ri\u00eang cho nh\u1eefng th\u00fa c\u01b0ng \u0111\u1ea7y c\u00e1 t\u00ednh v\u00e0 th\u00edch tr\u00eau ch\u1ecdc. M\u1ed7i m\u1ea3nh \u0111\u1ec1u \u0111\u1ea7y s\u00e1ng t\u1ea1o v\u00e0 b\u1ea5t ng\u1edd, khi\u1ebfn b\u00e9 ngay l\u1eadp t\u1ee9c tr\u1edf th\u00e0nh t\u00e2m \u0111i\u1ec3m c\u1ee7a s\u1ef1 ch\u00fa \u00fd. 100% th\u01b0\u01a1ng hi\u1ec7u m\u1edbi v\u00e0 m\u1eb7t h\u00e0ng [&hellip;]<\/p>\n","protected":false},"featured_media":444,"comment_status":"open","ping_status":"closed","template":"","meta":[],"product_cat":[26],"product_tag":[43,31,118,119,117,120],"class_list":{"0":"post-437","1":"product","2":"type-product","3":"status-publish","4":"has-post-thumbnail","6":"product_cat-thoi-trang-thu-cung","7":"product_tag-cho","8":"product_tag-meo","9":"product_tag-quan-ao-cho","10":"product_tag-quan-ao-meo","11":"product_tag-quan-ao-thu-cung","12":"product_tag-thoi-trang","14":"first","15":"instock","16":"sale","17":"taxable","18":"shipping-taxable","19":"purchasable","20":"product-type-variable"},"jetpack_sharing_enabled":true,"_links":{"self":[{"href":"http:\/\/longcando.id.vn\/index.php\/wp-json\/wp\/v2\/product\/437","targetHints":{"allow":["GET"]}}],"collection":[{"href":"http:\/\/longcando.id.vn\/index.php\/wp-json\/wp\/v2\/product"}],"about":[{"href":"http:\/\/longcando.id.vn\/index.php\/wp-json\/wp\/v2\/types\/product"}],"replies":[{"embeddable":true,"href":"http:\/\/longcando.id.vn\/index.php\/wp-json\/wp\/v2\/comments?post=437"}],"wp:featuredmedia":[{"embeddable":true,"href":"http:\/\/longcando.id.vn\/index.php\/wp-json\/wp\/v2\/media\/444"}],"wp:attachment":[{"href":"http:\/\/longcando.id.vn\/index.php\/wp-json\/wp\/v2\/media?parent=437"}],"wp:term":[{"taxonomy":"product_cat","embeddable":true,"href":"http:\/\/longcando.id.vn\/index.php\/wp-json\/wp\/v2\/product_cat?post=437"},{"taxonomy":"product_tag","embeddable":true,"href":"http:\/\/longcando.id.vn\/index.php\/wp-json\/wp\/v2\/product_tag?post=437"}],"curies":[{"name":"wp","href":"https:\/\/api.w.org\/{rel}","templated":true}]}}