{"id":428,"date":"2024-12-07T08:52:26","date_gmt":"2024-12-07T08:52:26","guid":{"rendered":"http:\/\/longcando.id.vn\/?post_type=product&#038;p=428"},"modified":"2024-12-20T14:00:41","modified_gmt":"2024-12-20T14:00:41","slug":"combo-do-cosplay-hoang-thuong-cho-cho-meo","status":"publish","type":"product","link":"http:\/\/longcando.id.vn\/index.php\/san-pham\/combo-do-cosplay-hoang-thuong-cho-cho-meo\/","title":{"rendered":"Combo \u0111\u1ed3 cosplay ho\u00e0ng th\u01b0\u1ee3ng cho ch\u00f3 m\u00e8o"},"content":{"rendered":"<p><strong>TH\u00d4NG TIN S\u1ea2N PH\u1ea8M<\/strong><\/p>\n<p>T\u00ean s\u1ea3n ph\u1ea9m: Qu\u1ea7n \u00e1o ch\u00f3 m\u00e8o &#8211; Combo \u0111\u1ed3 cosplay ho\u00e0ng th\u01b0\u1ee3ng cho ch\u00f3 m\u00e8o &#8211; H\u00f3a trang Halloween cho ch\u00f3 m\u00e8o<br \/>\nCh\u1ea5t li\u1ec7u: V\u1ea3i g\u1ed1m cao c\u1ea5p<br \/>\nCombo g\u1ed3m: n\u00f3n, \u00e1o, kh\u0103n cho\u00e0ng l\u01b0ng<br \/>\nSize: S, M, L, XL<br \/>\nT\u00ednh n\u0103ng: S\u1ea3n ph\u1ea9m combo \u0111\u1ed3 cosplay Ho\u00e0ng Th\u01b0\u1ee3ng d\u00e0nh cho ch\u00f3 m\u00e8o l\u00e0 b\u1ed9 trang ph\u1ee5c \u0111\u1ed9c \u0111\u00e1o, \u0111\u01b0\u1ee3c thi\u1ebft k\u1ebf \u0111\u1eb7c bi\u1ec7t \u0111\u1ec3 ch\u1ee7 nh\u00e2n c\u00f3 th\u1ec3 bi\u1ebfn tinh th\u1ea7n ho\u00e0ng gia c\u1ee7a th\u1ebf gi\u1edbi c\u1ed5 \u0111i\u1ec3n v\u00e0o cu\u1ed9c s\u1ed1ng h\u00e0ng ng\u00e0y c\u1ee7a th\u00fa c\u01b0ng y\u00eau qu\u00fd. B\u1ed9 combo bao g\u1ed3m m\u0169 \u0111\u00ednh v\u01b0\u01a1ng mi\u1ec7n l\u1ed9ng l\u1eaby c\u00f9ng chi\u1ebfc \u00e1o cho\u00e0ng m\u1ec1m m\u1ea1i, v\u1edbi c\u00e1c chi ti\u1ebft hoa v\u0103n huy\u1ec1n b\u00ed v\u00e0 hoa l\u00e1 tinh t\u1ebf. M\u1ed7i s\u1ea3n ph\u1ea9m \u0111\u01b0\u1ee3c l\u00e0m t\u1eeb ch\u1ea5t li\u1ec7u an to\u00e0n, th\u00e2n thi\u1ec7n v\u1edbi da v\u00e0 kh\u00f4ng g\u00e2y k\u00edch \u1ee9ng cho th\u00fa c\u01b0ng.<\/p>\n<p>Qu\u1ea7n \u00e1o ch\u00f3 m\u00e8o cosplay ho\u00e0ng th\u01b0\u1ee3ng th\u01b0\u1eddng \u0111\u01b0\u1ee3c thi\u1ebft k\u1ebf \u0111\u1ec3 t\u1ea1o ra m\u1ed9t di\u1ec7n m\u1ea1o \u0111\u1ed9c \u0111\u00e1o v\u00e0 \u1ea5n t\u01b0\u1ee3ng, bi\u1ebfn ch\u00fang th\u00e0nh m\u1ed9t phi\u00ean b\u1ea3n ho\u00e0ng gia \u0111\u00e1ng y\u00eau. D\u01b0\u1edbi \u0111\u00e2y l\u00e0 m\u1ed9t s\u1ed1 t\u00ednh n\u0103ng ph\u1ed5 bi\u1ebfn m\u00e0 s\u1ea3n ph\u1ea9m n\u00e0y c\u00f3 th\u1ec3 mang l\u1ea1i:<\/p>\n<p>1. Phong c\u00e1ch \u0111\u1ed9c \u0111\u00e1o: Qu\u1ea7n \u00e1o cosplay ho\u00e0ng th\u01b0\u1ee3ng gi\u00fap ch\u00f3 m\u00e8o tr\u1edf n\u00ean n\u1ed5i b\u1eadt v\u00e0 thu h\u00fat s\u1ef1 ch\u00fa \u00fd v\u1edbi phong c\u00e1ch ho\u00e0ng gia \u0111\u1eb7c bi\u1ec7t, th\u01b0\u1eddng bao g\u1ed3m c\u00e1c chi ti\u1ebft nh\u01b0 \u0111\u1ea7u n\u00f3n, \u00e1o cho\u00e0ng, v\u00e0 c\u00e1c ph\u1ee5 ki\u1ec7n kh\u00e1c.<\/p>\n<p>2. Ch\u1ea5t li\u1ec7u tho\u1ea3i m\u00e1i: \u0110a s\u1ed1 qu\u1ea7n \u00e1o cosplay \u0111\u01b0\u1ee3c l\u00e0m t\u1eeb ch\u1ea5t li\u1ec7u m\u1ec1m m\u1ea1i, tho\u00e1ng kh\u00ed v\u00e0 tho\u1ea3i m\u00e1i, gi\u00fap ch\u00f3 m\u00e8o c\u1ea3m th\u1ea5y d\u1ec5 ch\u1ecbu khi m\u1eb7c trong th\u1eddi gian d\u00e0i.<\/p>\n<p>3. K\u00edch th\u01b0\u1edbc ph\u00f9 h\u1ee3p: C\u00f3 nhi\u1ec1u k\u00edch c\u1ee1 kh\u00e1c nhau cho qu\u1ea7n \u00e1o cosplay ho\u00e0ng th\u01b0\u1ee3ng, gi\u00fap b\u1ea1n d\u1ec5 d\u00e0ng ch\u1ecdn l\u1ef1a k\u00edch th\u01b0\u1edbc ph\u00f9 h\u1ee3p v\u1edbi ch\u00f3 m\u00e8o c\u1ee7a m\u00ecnh \u0111\u1ec3 \u0111\u1ea3m b\u1ea3o s\u1ef1 v\u1eeba v\u1eb7n v\u00e0 tho\u1ea3i m\u00e1i.<\/p>\n<p>4. L\u00e0m n\u1ed5i b\u1eadt c\u00e1 t\u00ednh: S\u1ea3n ph\u1ea9m n\u00e0y gi\u00fap th\u1ec3 hi\u1ec7n c\u00e1 t\u00ednh c\u1ee7a ch\u00f3 m\u00e8o v\u00e0 t\u1ea1o ra c\u01a1 h\u1ed9i cho ch\u1ee7 nh\u00e2n \u0111\u1ec3 ch\u1ee5p \u1ea3nh v\u00e0 chia s\u1ebb tr\u00ean m\u1ea1ng x\u00e3 h\u1ed9i, t\u1ea1o n\u00ean nh\u1eefng kho\u1ea3nh kh\u1eafc \u0111\u00e1ng y\u00eau v\u00e0 th\u00fa v\u1ecb.<\/p>\n<p>5. D\u00f9ng trong c\u00e1c d\u1ecbp \u0111\u1eb7c bi\u1ec7t: Qu\u1ea7n \u00e1o cosplay ho\u00e0ng th\u01b0\u1ee3ng th\u01b0\u1eddng \u0111\u01b0\u1ee3c s\u1eed d\u1ee5ng trong c\u00e1c d\u1ecbp l\u1ec5, ti\u1ec7c, ho\u1eb7c s\u1ef1 ki\u1ec7n \u0111\u1eb7c bi\u1ec7t nh\u01b0 Halloween, Noel, ho\u1eb7c c\u00e1c d\u1ecbp k\u1ef7 ni\u1ec7m kh\u00e1c \u0111\u1ec3 t\u0103ng th\u00eam kh\u00f4ng kh\u00ed vui v\u1ebb v\u00e0 \u0111\u1eb7c bi\u1ec7t cho ch\u00f3 m\u00e8o v\u00e0 gia \u0111\u00ecnh.<\/p>\n<p>Tr\u01b0\u1edbc khi mua, h\u00e3y ch\u1eafc ch\u1eafn r\u1eb1ng qu\u1ea7n \u00e1o c\u00f3 k\u00edch th\u01b0\u1edbc ph\u00f9 h\u1ee3p v\u1edbi ch\u00f3 m\u00e8o c\u1ee7a b\u1ea1n v\u00e0 r\u1eb1ng ch\u00fang c\u1ea3m th\u1ea5y tho\u1ea3i m\u00e1i khi m\u1eb7c \u0111\u1ec3 tr\u00e1nh g\u00e2y kh\u00f3 ch\u1ecbu ho\u1eb7c c\u1ea3n tr\u1edf \u0111\u1ebfn ho\u1ea1t \u0111\u1ed9ng t\u1ef1 nhi\u00ean c\u1ee7a ch\u00fang.<\/p>\n<p><em><strong>Quy\u1ec1n l\u1ee3i khi mua h\u00e0ng t\u1ea1i P-Pet Shop:<\/strong><\/em><br \/>\nCam k\u1ebft h\u00e0ng ch\u00ednh h\u00e3ng 100%<br \/>\nHo\u00e0n ti\u1ec1n v\u00e0 \u0111\u1ed5i tr\u1ea3 s\u1ea3n ph\u1ea9m n\u1ebfu kh\u00f4ng \u0111\u00fang mi\u00eau t\u1ea3. N\u1ebfu ph\u00e1t hi\u1ec7n ra h\u00e0ng Fake ho\u00e0n ti\u1ec1n g\u1ea5p \u0111\u00f4i s\u1ea3n ph\u1ea9m<br \/>\nN\u1ebfu c\u00f3 b\u1ea5t k\u00ec \u0111i\u1ec1u g\u00ec c\u1ea7n h\u1ed7 tr\u1ee3 v\u1edbi s\u1ea3n ph\u1ea9m vui l\u00f2ng li\u00ean h\u1ec7 ngay v\u1edbi P-Pet Shop<br \/>\nCh\u00fang t\u00f4i cam k\u1ebft \u0111\u1eb7t uy t\u00edn v\u00e0 ch\u1ea5t l\u01b0\u1ee3ng s\u1ea3n ph\u1ea9m l\u00ean h\u00e0ng \u0111\u1ea7u<\/p>\n","protected":false},"excerpt":{"rendered":"<p>TH\u00d4NG TIN S\u1ea2N PH\u1ea8M T\u00ean s\u1ea3n ph\u1ea9m: Qu\u1ea7n \u00e1o ch\u00f3 m\u00e8o &#8211; Combo \u0111\u1ed3 cosplay ho\u00e0ng th\u01b0\u1ee3ng cho ch\u00f3 m\u00e8o &#8211; H\u00f3a trang Halloween cho ch\u00f3 m\u00e8o Ch\u1ea5t li\u1ec7u: V\u1ea3i g\u1ed1m cao c\u1ea5p Combo g\u1ed3m: n\u00f3n, \u00e1o, kh\u0103n cho\u00e0ng l\u01b0ng Size: S, M, L, XL T\u00ednh n\u0103ng: S\u1ea3n ph\u1ea9m combo \u0111\u1ed3 cosplay Ho\u00e0ng Th\u01b0\u1ee3ng d\u00e0nh [&hellip;]<\/p>\n","protected":false},"featured_media":433,"comment_status":"open","ping_status":"closed","template":"","meta":[],"product_cat":[26],"product_tag":[43,31,118,119,117,120],"class_list":{"0":"post-428","1":"product","2":"type-product","3":"status-publish","4":"has-post-thumbnail","6":"product_cat-thoi-trang-thu-cung","7":"product_tag-cho","8":"product_tag-meo","9":"product_tag-quan-ao-cho","10":"product_tag-quan-ao-meo","11":"product_tag-quan-ao-thu-cung","12":"product_tag-thoi-trang","14":"first","15":"instock","16":"sale","17":"taxable","18":"shipping-taxable","19":"purchasable","20":"product-type-variable"},"jetpack_sharing_enabled":true,"_links":{"self":[{"href":"http:\/\/longcando.id.vn\/index.php\/wp-json\/wp\/v2\/product\/428","targetHints":{"allow":["GET"]}}],"collection":[{"href":"http:\/\/longcando.id.vn\/index.php\/wp-json\/wp\/v2\/product"}],"about":[{"href":"http:\/\/longcando.id.vn\/index.php\/wp-json\/wp\/v2\/types\/product"}],"replies":[{"embeddable":true,"href":"http:\/\/longcando.id.vn\/index.php\/wp-json\/wp\/v2\/comments?post=428"}],"wp:featuredmedia":[{"embeddable":true,"href":"http:\/\/longcando.id.vn\/index.php\/wp-json\/wp\/v2\/media\/433"}],"wp:attachment":[{"href":"http:\/\/longcando.id.vn\/index.php\/wp-json\/wp\/v2\/media?parent=428"}],"wp:term":[{"taxonomy":"product_cat","embeddable":true,"href":"http:\/\/longcando.id.vn\/index.php\/wp-json\/wp\/v2\/product_cat?post=428"},{"taxonomy":"product_tag","embeddable":true,"href":"http:\/\/longcando.id.vn\/index.php\/wp-json\/wp\/v2\/product_tag?post=428"}],"curies":[{"name":"wp","href":"https:\/\/api.w.org\/{rel}","templated":true}]}}