{"id":374,"date":"2024-12-06T18:39:46","date_gmt":"2024-12-06T18:39:46","guid":{"rendered":"http:\/\/longcando.id.vn\/?post_type=product&#038;p=374"},"modified":"2024-12-20T13:59:37","modified_gmt":"2024-12-20T13:59:37","slug":"sua-tam-cho-cho-meo-sos-530ml","status":"publish","type":"product","link":"http:\/\/longcando.id.vn\/index.php\/san-pham\/sua-tam-cho-cho-meo-sos-530ml\/","title":{"rendered":"S\u1eefa t\u1eafm cho ch\u00f3 m\u00e8o SOS 530ml"},"content":{"rendered":"<p><strong>TH\u00d4NG TIN S\u1ea2N PH\u1ea8M<\/strong><\/p>\n<p>C\u00f4ng d\u1ee5ng:<\/p>\n<p>S\u1eefa t\u1eafm SOS c\u00f3 nhi\u1ec1u \u01b0u \u0111i\u1ec3m h\u01a1n h\u1eb3n v\u1ec1 c\u1ea3 c\u00f4ng d\u1ee5ng l\u1eabn gi\u00e1 th\u00e0nh so v\u1edbi c\u00e1c lo\u1ea1i s\u1eefa t\u1eafm chuy\u00ean d\u00e0nh cho ch\u00f3 m\u00e8o s\u1ea3n xu\u1ea5t t\u1ea1i Vi\u1ec7t Nam hay m\u1ed9t s\u1ed1 lo\u1ea1i nh\u1eadp kh\u1ea9u kh\u00e1c.<\/p>\n<p>Ngo\u00e0i vi\u1ec7c gi\u00fap l\u00f4ng b\u00f3ng m\u01b0\u1ee3t, s\u1eefa t\u1eafm SOS c\u00f2n l\u01b0u gi\u1eef h\u01b0\u01a1ng th\u01a1m t\u1edbi 10 ng\u00e0y, h\u1ea1n ch\u1ebf vi\u1ec7c ph\u1ea3i t\u1eafm cho th\u00fa c\u01b0ng nhi\u1ec1u l\u1ea7n.<\/p>\n<p>H\u01b0\u1edbng d\u1eabn s\u1eed d\u1ee5ng :<\/p>\n<p>L\u1eafc k\u1ef9 tr\u01b0\u1edbc khi d\u00f9ng, pha lo\u00e3ng v\u1edbi n\u01b0\u1edbc t\u1ec9 l\u1ec7 1-12, l\u00e0m \u01b0\u1edbt l\u00f4ng, b\u1eaft \u0111\u1ea7u v\u1edbi \u0111\u1ea7u v\u00e0 c\u1ed5 c\u1ee7a th\u00fa c\u01b0ng r\u1ed3i xu\u1ed1ng \u0111u\u00f4i, xoa \u0111\u1ec1u.<\/p>\n<p>\u0110\u1ec3 y\u00ean trong v\u00e0i ph\u00fat, x\u1ea3 l\u1ea1i b\u1eb1ng n\u01b0\u1edbc \u1ea5m cho \u0111\u1ebfn khi h\u1ebft b\u1ecdt, l\u1eb7p l\u1ea1i n\u1ebfu c\u1ea7n.<\/p>\n<p>L\u00e0m kh\u00f4 l\u00f4ng b\u1eb1ng kh\u0103n v\u00e0 m\u00e1y s\u1ea5y.<\/p>\n<p>C\u00f3 kh\u1ea3 n\u0103ng kh\u1eed m\u00f9i c\u1ef1c m\u1ea1nh, lo\u1ea1i b\u1ecf ho\u00e0n to\u00e0n m\u00f9i h\u00f4i t\u1eeb ng\u01b0\u1eddi th\u00fa c\u01b0ng, c\u00f3 kh\u1ea3 n\u0103ng gi\u1eef n\u1ebfp c\u1ef1c t\u1ed1t cho l\u00f4ng th\u00fa c\u01b0ng.<\/p>\n<p>Dung t\u00edch : 530ml<\/p>\n<p>Ch\u1ec9 \u0111\u1ecbnh : Cho ch\u00f3 m\u00e8o v\u00e0 nh\u1eefng v\u1eadt nu\u00f4i kh\u00e1c<\/p>\n<p><strong>Quy\u1ec1n l\u1ee3i khi mua h\u00e0ng t\u1ea1i P-Pet Shop:<\/strong><\/p>\n<p>Cam k\u1ebft h\u00e0ng ch\u00ednh h\u00e3ng 100% Ho\u00e0n ti\u1ec1n v\u00e0 \u0111\u1ed5i tr\u1ea3 s\u1ea3n ph\u1ea9m n\u1ebfu kh\u00f4ng \u0111\u00fang mi\u00eau t\u1ea3.<\/p>\n<p>N\u1ebfu ph\u00e1t hi\u1ec7n ra h\u00e0ng Fake ho\u00e0n ti\u1ec1n g\u1ea5p \u0111\u00f4i s\u1ea3n ph\u1ea9m<\/p>\n<p>N\u1ebfu c\u00f3 b\u1ea5t k\u00ec \u0111i\u1ec1u g\u00ec c\u1ea7n h\u1ed7 tr\u1ee3 v\u1edbi s\u1ea3n ph\u1ea9m vui l\u00f2ng li\u00ean h\u1ec7 ngay v\u1edbi P-Pet Shop<\/p>\n<p>Ch\u00fang t\u00f4i cam k\u1ebft \u0111\u1eb7t uy t\u00edn v\u00e0 ch\u1ea5t l\u01b0\u1ee3ng s\u1ea3n ph\u1ea9m l\u00ean h\u00e0ng \u0111\u1ea7u<\/p>\n","protected":false},"excerpt":{"rendered":"<p>TH\u00d4NG TIN S\u1ea2N PH\u1ea8M C\u00f4ng d\u1ee5ng: S\u1eefa t\u1eafm SOS c\u00f3 nhi\u1ec1u \u01b0u \u0111i\u1ec3m h\u01a1n h\u1eb3n v\u1ec1 c\u1ea3 c\u00f4ng d\u1ee5ng l\u1eabn gi\u00e1 th\u00e0nh so v\u1edbi c\u00e1c lo\u1ea1i s\u1eefa t\u1eafm chuy\u00ean d\u00e0nh cho ch\u00f3 m\u00e8o s\u1ea3n xu\u1ea5t t\u1ea1i Vi\u1ec7t Nam hay m\u1ed9t s\u1ed1 lo\u1ea1i nh\u1eadp kh\u1ea9u kh\u00e1c. Ngo\u00e0i vi\u1ec7c gi\u00fap l\u00f4ng b\u00f3ng m\u01b0\u1ee3t, s\u1eefa t\u1eafm SOS c\u00f2n [&hellip;]<\/p>\n","protected":false},"featured_media":375,"comment_status":"open","ping_status":"closed","template":"","meta":[],"product_cat":[21],"product_tag":[43,31,103],"class_list":{"0":"post-374","1":"product","2":"type-product","3":"status-publish","4":"has-post-thumbnail","6":"product_cat-sua-tam-dung-cu-ve-sinh","7":"product_tag-cho","8":"product_tag-meo","9":"product_tag-sua-tam","11":"first","12":"instock","13":"sale","14":"taxable","15":"shipping-taxable","16":"purchasable","17":"product-type-simple"},"jetpack_sharing_enabled":true,"_links":{"self":[{"href":"http:\/\/longcando.id.vn\/index.php\/wp-json\/wp\/v2\/product\/374","targetHints":{"allow":["GET"]}}],"collection":[{"href":"http:\/\/longcando.id.vn\/index.php\/wp-json\/wp\/v2\/product"}],"about":[{"href":"http:\/\/longcando.id.vn\/index.php\/wp-json\/wp\/v2\/types\/product"}],"replies":[{"embeddable":true,"href":"http:\/\/longcando.id.vn\/index.php\/wp-json\/wp\/v2\/comments?post=374"}],"wp:featuredmedia":[{"embeddable":true,"href":"http:\/\/longcando.id.vn\/index.php\/wp-json\/wp\/v2\/media\/375"}],"wp:attachment":[{"href":"http:\/\/longcando.id.vn\/index.php\/wp-json\/wp\/v2\/media?parent=374"}],"wp:term":[{"taxonomy":"product_cat","embeddable":true,"href":"http:\/\/longcando.id.vn\/index.php\/wp-json\/wp\/v2\/product_cat?post=374"},{"taxonomy":"product_tag","embeddable":true,"href":"http:\/\/longcando.id.vn\/index.php\/wp-json\/wp\/v2\/product_tag?post=374"}],"curies":[{"name":"wp","href":"https:\/\/api.w.org\/{rel}","templated":true}]}}