{"id":372,"date":"2024-12-06T18:36:49","date_gmt":"2024-12-06T18:36:49","guid":{"rendered":"http:\/\/longcando.id.vn\/?post_type=product&#038;p=372"},"modified":"2024-12-20T13:59:37","modified_gmt":"2024-12-20T13:59:37","slug":"tham-chui-chan-cho-cho-meo-hinh-ban-chan","status":"publish","type":"product","link":"http:\/\/longcando.id.vn\/index.php\/san-pham\/tham-chui-chan-cho-cho-meo-hinh-ban-chan\/","title":{"rendered":"Th\u1ea3m ch\u00f9i ch\u00e2n cho ch\u00f3 m\u00e8o h\u00ecnh b\u00e0n ch\u00e2n"},"content":{"rendered":"<p>TH\u00d4NG TIN S\u1ea2N PH\u1ea8M<\/p>\n<p>\u0110\u1eb7t t\u1ea5m l\u00f3t c\u1ea1nh c\u1eeda ra ch\u1eadu c\u00e1t v\u1ec7 sinh c\u1ee7a m\u00e8o, khi b\u00e9 \u0111i v\u1ec7 sinh xong b\u01b0\u1edbc ra v\u00e0 d\u1eb7m l\u00ean t\u1ea5m l\u00f3t th\u00ec nh\u1eefng h\u1ea1t c\u00e1t v\u1ec7 sinh trong ch\u00e2n b\u00e9 s\u1ebd b\u00e1m v\u00e0o t\u1ea5m l\u00f3t gi\u00fap gi\u1eef g\u00ecn v\u1ec7 sinh.<\/p>\n<p>V\u1edbi ch\u00f3 b\u1ea1n c\u00f3 th\u1ec3 \u0111\u1eb7t d\u01b0\u1edbi khay th\u1ee9c \u0103n tr\u00e1nh ch\u00f3 m\u00e8o \u0103n r\u01a1i v\u00e3i v\u00e0 d\u1eabm \u0111\u1ea1p ra s\u00e0n nh\u00e0.<\/p>\n<p>Th\u1ea3m gi\u00fap gi\u1eef c\u00e1t \u1edf ch\u00e2n m\u00e8o, gi\u1eef khu v\u1ef1c xung quanh nh\u00e0 v\u1ec7 sinh m\u00e8o \u0111\u01b0\u1ee3c kh\u00f4 r\u00e1o v\u00e0 s\u1ea1ch s\u1ebd, hay ngay c\u1ea3 ch\u1ed7 \u0103n c\u1ee7a v\u1eadt nu\u00f4i c\u1ee7a b\u1ea1n s\u1ebd s\u1ea1ch s\u1ebd h\u01a1n.<\/p>\n<p>T\u1ea5m th\u1ea3m c\u00f3 b\u1ec1 m\u1eb7t m\u1ec1m m\u1ea1i v\u00e0 linh ho\u1ea1t gi\u00fap gi\u1eef l\u1ea1i c\u00e1t tr\u00ean ch\u00e2n v\u00e0 m\u00f3ng khi m\u00e8o d\u1eabm l\u00ean sau khi \u0111i v\u1ec7 sinh.<\/p>\n<p>S\u1ea3n ph\u1ea9m \u0111\u01b0\u1ee3c l\u00e0m b\u1eb1ng ch\u1ea5t l\u01b0\u1ee3ng cao, an to\u00e0n v\u00e0 kh\u00f4ng \u0111\u1ed9c h\u1ea1i v\u1eadt li\u1ec7u PVC Ch\u1ed1ng th\u1ea5m n\u01b0\u1edbc &amp; d\u1ec5 d\u00e0ng l\u00e0m s\u1ea1ch C\u00f3 nhi\u1ec1u m\u00e0u s\u1eafc v\u00e0 ki\u1ec3u d\u00e1ng cho b\u1ea1n l\u1ef1a ch\u1ecdn.<\/p>\n<p>K\u00edch th\u01b0\u1edbc: 30 x 40cm<\/p>\n<p><em><strong>Quy\u1ec1n l\u1ee3i khi mua h\u00e0ng t\u1ea1i P-Pet Shop:<\/strong><br \/>\n<\/em>Cam k\u1ebft h\u00e0ng ch\u00ednh h\u00e3ng 100%<br \/>\nHo\u00e0n ti\u1ec1n v\u00e0 \u0111\u1ed5i tr\u1ea3 s\u1ea3n ph\u1ea9m n\u1ebfu kh\u00f4ng \u0111\u00fang mi\u00eau t\u1ea3.<br \/>\nN\u1ebfu ph\u00e1t hi\u1ec7n ra h\u00e0ng Fake ho\u00e0n ti\u1ec1n g\u1ea5p \u0111\u00f4i s\u1ea3n ph\u1ea9m<br \/>\nN\u1ebfu c\u00f3 b\u1ea5t k\u00ec \u0111i\u1ec1u g\u00ec c\u1ea7n h\u1ed7 tr\u1ee3 v\u1edbi s\u1ea3n ph\u1ea9m vui l\u00f2ng li\u00ean h\u1ec7 ngay v\u1edbi P-Pet Shop<br \/>\nCh\u00fang t\u00f4i cam k\u1ebft \u0111\u1eb7t uy t\u00edn v\u00e0 ch\u1ea5t l\u01b0\u1ee3ng s\u1ea3n ph\u1ea9m l\u00ean h\u00e0ng \u0111\u1ea7u<\/p>\n","protected":false},"excerpt":{"rendered":"<p>TH\u00d4NG TIN S\u1ea2N PH\u1ea8M \u0110\u1eb7t t\u1ea5m l\u00f3t c\u1ea1nh c\u1eeda ra ch\u1eadu c\u00e1t v\u1ec7 sinh c\u1ee7a m\u00e8o, khi b\u00e9 \u0111i v\u1ec7 sinh xong b\u01b0\u1edbc ra v\u00e0 d\u1eb7m l\u00ean t\u1ea5m l\u00f3t th\u00ec nh\u1eefng h\u1ea1t c\u00e1t v\u1ec7 sinh trong ch\u00e2n b\u00e9 s\u1ebd b\u00e1m v\u00e0o t\u1ea5m l\u00f3t gi\u00fap gi\u1eef g\u00ecn v\u1ec7 sinh. V\u1edbi ch\u00f3 b\u1ea1n c\u00f3 th\u1ec3 \u0111\u1eb7t d\u01b0\u1edbi [&hellip;]<\/p>\n","protected":false},"featured_media":373,"comment_status":"open","ping_status":"closed","template":"","meta":[],"product_cat":[21],"product_tag":[43,31,111],"class_list":{"0":"post-372","1":"product","2":"type-product","3":"status-publish","4":"has-post-thumbnail","6":"product_cat-sua-tam-dung-cu-ve-sinh","7":"product_tag-cho","8":"product_tag-meo","9":"product_tag-tham","11":"first","12":"instock","13":"sale","14":"taxable","15":"shipping-taxable","16":"purchasable","17":"product-type-simple"},"jetpack_sharing_enabled":true,"_links":{"self":[{"href":"http:\/\/longcando.id.vn\/index.php\/wp-json\/wp\/v2\/product\/372","targetHints":{"allow":["GET"]}}],"collection":[{"href":"http:\/\/longcando.id.vn\/index.php\/wp-json\/wp\/v2\/product"}],"about":[{"href":"http:\/\/longcando.id.vn\/index.php\/wp-json\/wp\/v2\/types\/product"}],"replies":[{"embeddable":true,"href":"http:\/\/longcando.id.vn\/index.php\/wp-json\/wp\/v2\/comments?post=372"}],"wp:featuredmedia":[{"embeddable":true,"href":"http:\/\/longcando.id.vn\/index.php\/wp-json\/wp\/v2\/media\/373"}],"wp:attachment":[{"href":"http:\/\/longcando.id.vn\/index.php\/wp-json\/wp\/v2\/media?parent=372"}],"wp:term":[{"taxonomy":"product_cat","embeddable":true,"href":"http:\/\/longcando.id.vn\/index.php\/wp-json\/wp\/v2\/product_cat?post=372"},{"taxonomy":"product_tag","embeddable":true,"href":"http:\/\/longcando.id.vn\/index.php\/wp-json\/wp\/v2\/product_tag?post=372"}],"curies":[{"name":"wp","href":"https:\/\/api.w.org\/{rel}","templated":true}]}}