{"id":360,"date":"2024-12-06T18:10:43","date_gmt":"2024-12-06T18:10:43","guid":{"rendered":"http:\/\/longcando.id.vn\/?post_type=product&#038;p=360"},"modified":"2024-12-20T13:59:38","modified_gmt":"2024-12-20T13:59:38","slug":"tam-lot-ve-sinh-cao-cap-purmi-pad-han-quoc-cho-thu-cung","status":"publish","type":"product","link":"http:\/\/longcando.id.vn\/index.php\/san-pham\/tam-lot-ve-sinh-cao-cap-purmi-pad-han-quoc-cho-thu-cung\/","title":{"rendered":"T\u1ea5m l\u00f3t v\u1ec7 sinh cao c\u1ea5p PURMI PAD H\u00e0n Qu\u1ed1c cho th\u00fa c\u01b0ng"},"content":{"rendered":"<p>B\u1ec9m v\u1ec7 sinh cho th\u00fa c\u01b0ng cao c\u1ea5p PURMI PAD kh\u00f4ng s\u1eed d\u1ee5ng ch\u1ea5t t\u1ea9y tr\u1eafng hu\u1ef3nh quang \u0111\u1ed9c h\u1ea1i n\u00ean r\u1ea5t an to\u00e0n cho c\u00e1c b\u00e9 c\u01b0ng.<\/p>\n<p>H\u1ea1t th\u1ea5m h\u00fat SAP v\u1edbi l\u1ef1c th\u1ea5m h\u00fat c\u1ef1c m\u1ea1nh v\u00e0 ch\u1ed1ng tr\u00e0n ra ngo\u00e0i.<\/p>\n<p>Kh\u1ea3 n\u0103ng th\u1ea5m h\u00fat c\u1ef1c m\u1ea1nh, 1 mi\u1ebfng l\u00f3t c\u00f3 th\u1ec3 s\u1eed d\u1ee5ng \u0111\u01b0\u1ee3c nhi\u1ec1u l\u1ea7n h\u01a1n c\u00e1c s\u1ea3n ph\u1ea9m th\u00f4ng th\u01b0\u1eddng. Khi th\u00fa c\u01b0ng \u0111i v\u1ec7 sinh s\u1ebd t\u1ea1o l\u1ef1c k\u1ebft d\u00ednh v\u00ec th\u1ebf b\u1ea1n ho\u00e0n to\u00e0n y\u00ean t\u00e2m v\u1ec1 vi\u1ec7c ch\u1ea5t th\u1ea3i b\u1ecb r\u1ec9 ra ngo\u00e0i.<\/p>\n<p>B\u1ec1 m\u1eb7t mi\u1ebfng l\u00f3t \u0111\u01b0\u1ee3c l\u00e0m t\u1eeb l\u00f5i b\u00f4ng v\u00e0 gi\u1ea5y n\u00e9n ch\u1eb7t k\u1ebft h\u1ee3p v\u1edbi thi\u1ebft k\u1ebf d\u1eadp n\u1ed5i h\u00ecnh t\u1ee9 gi\u00e1c ng\u0103n ng\u1eeba ch\u1ea5t th\u1ea3i b\u1ecb \u1ee9 \u0111\u1ecdng tr\u00ean b\u1ec1 m\u1eb7t.<\/p>\n<p>\u0110\u1eb7c bi\u1ec7t, T\u1ea5m l\u00f3t \u0111\u01b0\u1ee3c \u00e9p kh\u00f4 dai, kh\u00f4ng b\u1ecb r\u00e1ch b\u1edfi m\u00f3ng c\u1ee7a v\u1eadt nu\u00f4i. \u0110\u1ed3ng th\u1eddi, trang b\u1ecb t\u00ednh n\u0103ng ch\u1ed1ng th\u1ea5m ng\u01b0\u1ee3c gi\u00fap ch\u00e2n th\u00fa c\u01b0ng kh\u00f4ng b\u1ecb b\u1ea9n b\u1edfi ch\u1ea5t th\u1ea3i. B\u00e9 y\u00eau c\u1ee7a b\u1ea1n s\u1ebd lu\u00f4n s\u1ea1ch s\u1ebd t\u1eeb ch\u00e2n t\u1edbi \u0111\u1ea7u! K\u1ebft h\u1ee3p v\u1edbi th\u00e0nh ph\u1ea7n kh\u00e1ng khu\u1ea9n, c\u00f3 hi\u1ec7u qu\u1ea3 ng\u0103n ch\u1eb7n s\u1ef1 t\u0103ng tr\u01b0\u1edfng c\u1ee7a vi khu\u1ea9n.<\/p>\n<p>Ngo\u00e0i ra v\u1edbi ch\u1ee9c n\u0103ng kh\u1eed m\u00f9i, gi\u00fap b\u1ea1n y\u00ean t\u00e2m kh\u00f4ng lo ng\u1eedi th\u1ea5y m\u00f9i h\u00f4i trong ph\u00f2ng. \u0110\u1eb7c bi\u1ec7t, b\u1ea1n c\u00f2n c\u00f3 th\u1ec3 s\u1eed d\u1ee5ng t\u1ea5m l\u00f3t PURMI ngay c\u1ea3 khi \u0111i du l\u1ecbch c\u00f9ng th\u00fa c\u01b0ng.<\/p>\n<p>Th\u00f4ng tin v\u1ec1 s\u1ea3n ph\u1ea9m<\/p>\n<p>K\u00edch th\u01b0\u1edbc: L40cm x W50cm\/ Mi\u1ebfng<\/p>\n<p>Tr\u1ecdng l\u01b0\u1ee3ng: 1750g<\/p>\n<p>Ch\u1ea5t li\u1ec7u: V\u1ea3i kh\u00f4ng d\u1ec7t<\/p>\n<p>S\u1ed1 l\u01b0\u1ee3ng: 50 mi\u1ebfng<\/p>\n<p>\u0110\u1ed1i t\u01b0\u1ee3ng s\u1eed d\u1ee5ng: d\u00e0nh cho th\u00fa c\u01b0ng S\u1eed d\u1ee5ng B\u1ec9m v\u1ec7 sinh cho th\u00fa c\u01b0ng cao c\u1ea5p Purmi Pad:<\/p>\n<p>&#8211; B\u1ec9m hu\u1ea5n luy\u1ec7n v\u1ec7 sinh cho th\u00fa c\u01b0ng<\/p>\n<p>&#8211; D\u00f9ng b\u1ec9m x\u00e1ch tay khi cho th\u00fa c\u01b0ng \u0111i d\u1ea1o<\/p>\n<p>&#8211; S\u1eed d\u1ee5ng l\u00ean t\u1ea5m l\u00f3t th\u1ea5m h\u00fat khi c\u00fan c\u01b0ng sinh \u0111\u1ebb ho\u1eb7c ph\u1eabu thu\u1eadt<\/p>\n<p><strong>Quy\u1ec1n l\u1ee3i khi mua h\u00e0ng t\u1ea1i P-Pet Shop:<\/strong><br \/>\nCam k\u1ebft h\u00e0ng ch\u00ednh h\u00e3ng 100%<br \/>\nHo\u00e0n ti\u1ec1n v\u00e0 \u0111\u1ed5i tr\u1ea3 s\u1ea3n ph\u1ea9m n\u1ebfu kh\u00f4ng \u0111\u00fang mi\u00eau t\u1ea3.<br \/>\nN\u1ebfu ph\u00e1t hi\u1ec7n ra h\u00e0ng Fake ho\u00e0n ti\u1ec1n g\u1ea5p \u0111\u00f4i s\u1ea3n ph\u1ea9m<br \/>\nN\u1ebfu c\u00f3 b\u1ea5t k\u00ec \u0111i\u1ec1u g\u00ec c\u1ea7n h\u1ed7 tr\u1ee3 v\u1edbi s\u1ea3n ph\u1ea9m vui l\u00f2ng li\u00ean h\u1ec7 ngay v\u1edbi P-Pet Shop<br \/>\nCh\u00fang t\u00f4i cam k\u1ebft \u0111\u1eb7t uy t\u00edn v\u00e0 ch\u1ea5t l\u01b0\u1ee3ng s\u1ea3n ph\u1ea9m l\u00ean h\u00e0ng \u0111\u1ea7u<\/p>\n","protected":false},"excerpt":{"rendered":"<p>B\u1ec9m v\u1ec7 sinh cho th\u00fa c\u01b0ng cao c\u1ea5p PURMI PAD kh\u00f4ng s\u1eed d\u1ee5ng ch\u1ea5t t\u1ea9y tr\u1eafng hu\u1ef3nh quang \u0111\u1ed9c h\u1ea1i n\u00ean r\u1ea5t an to\u00e0n cho c\u00e1c b\u00e9 c\u01b0ng. H\u1ea1t th\u1ea5m h\u00fat SAP v\u1edbi l\u1ef1c th\u1ea5m h\u00fat c\u1ef1c m\u1ea1nh v\u00e0 ch\u1ed1ng tr\u00e0n ra ngo\u00e0i. Kh\u1ea3 n\u0103ng th\u1ea5m h\u00fat c\u1ef1c m\u1ea1nh, 1 mi\u1ebfng l\u00f3t c\u00f3 th\u1ec3 s\u1eed [&hellip;]<\/p>\n","protected":false},"featured_media":367,"comment_status":"open","ping_status":"closed","template":"","meta":[],"product_cat":[21],"product_tag":[43,31,109],"class_list":{"0":"post-360","1":"product","2":"type-product","3":"status-publish","4":"has-post-thumbnail","6":"product_cat-sua-tam-dung-cu-ve-sinh","7":"product_tag-cho","8":"product_tag-meo","9":"product_tag-mieng-lot","11":"first","12":"instock","13":"sale","14":"taxable","15":"shipping-taxable","16":"purchasable","17":"product-type-simple"},"jetpack_sharing_enabled":true,"_links":{"self":[{"href":"http:\/\/longcando.id.vn\/index.php\/wp-json\/wp\/v2\/product\/360","targetHints":{"allow":["GET"]}}],"collection":[{"href":"http:\/\/longcando.id.vn\/index.php\/wp-json\/wp\/v2\/product"}],"about":[{"href":"http:\/\/longcando.id.vn\/index.php\/wp-json\/wp\/v2\/types\/product"}],"replies":[{"embeddable":true,"href":"http:\/\/longcando.id.vn\/index.php\/wp-json\/wp\/v2\/comments?post=360"}],"wp:featuredmedia":[{"embeddable":true,"href":"http:\/\/longcando.id.vn\/index.php\/wp-json\/wp\/v2\/media\/367"}],"wp:attachment":[{"href":"http:\/\/longcando.id.vn\/index.php\/wp-json\/wp\/v2\/media?parent=360"}],"wp:term":[{"taxonomy":"product_cat","embeddable":true,"href":"http:\/\/longcando.id.vn\/index.php\/wp-json\/wp\/v2\/product_cat?post=360"},{"taxonomy":"product_tag","embeddable":true,"href":"http:\/\/longcando.id.vn\/index.php\/wp-json\/wp\/v2\/product_tag?post=360"}],"curies":[{"name":"wp","href":"https:\/\/api.w.org\/{rel}","templated":true}]}}