{"id":357,"date":"2024-12-06T18:07:34","date_gmt":"2024-12-06T18:07:34","guid":{"rendered":"http:\/\/longcando.id.vn\/?post_type=product&#038;p=357"},"modified":"2024-12-20T13:59:38","modified_gmt":"2024-12-20T13:59:38","slug":"keo-cat-mong-vuot-cho-cho-meo","status":"publish","type":"product","link":"http:\/\/longcando.id.vn\/index.php\/san-pham\/keo-cat-mong-vuot-cho-cho-meo\/","title":{"rendered":"K\u00e9o c\u1eaft m\u00f3ng vu\u1ed1t cho ch\u00f3 m\u00e8o"},"content":{"rendered":"<p>K\u00e9o c\u1eaft m\u00f3ng nh\u1ecf ph\u00f9 h\u1ee3p v\u1edbi th\u00fa d\u01b0\u1edbi 7 kg.<\/p>\n<p>&#8211; Ti\u1ec7n l\u1ee3i, h\u1ee3p gi\u00e1 ti\u1ec1n.<\/p>\n<p>&#8211; D\u1ec5 d\u00e0ng c\u1eaft. kh\u00f4ng c\u1ea7n d\u00f9ng l\u1ef1c nhi\u1ec1u.<\/p>\n<p>&#8211; D\u1ec5 d\u00e0ng l\u00e0m \u0111\u1eb9p cho th\u00fa c\u01b0ng m\u00e0 kh\u00f4ng t\u1ed1n k\u00e9m.<\/p>\n<p>&#8211; S\u1ea3n ph\u1ea9m \u0111\u01b0\u1ee3c thi\u1ebft k\u1ebf l\u01b0\u1ee1i tr\u00f2n, d\u1ec5 d\u00e0ng c\u1eaft m\u00f3ng cho th\u00fa c\u01b0ng s\u1ea1ch \u0111\u1eb9p kh\u00f4ng c\u1ea7n ph\u1ea3i lo l\u1eafng s\u1ebd l\u00e0m \u0111au th\u00fa c\u01b0ng nh\u01b0 c\u00e1c lo\u1ea1i k\u00ecm c\u1ee7a ng\u01b0\u1eddi.<\/p>\n<p><strong>Quy\u1ec1n l\u1ee3i khi mua h\u00e0ng t\u1ea1i P-Pet Shop:<\/strong><br \/>\nCam k\u1ebft h\u00e0ng ch\u00ednh h\u00e3ng 100% Ho\u00e0n ti\u1ec1n v\u00e0 \u0111\u1ed5i tr\u1ea3 s\u1ea3n ph\u1ea9m n\u1ebfu kh\u00f4ng \u0111\u00fang mi\u00eau t\u1ea3.<br \/>\nN\u1ebfu ph\u00e1t hi\u1ec7n ra h\u00e0ng Fake ho\u00e0n ti\u1ec1n g\u1ea5p \u0111\u00f4i s\u1ea3n ph\u1ea9m<br \/>\nN\u1ebfu c\u00f3 b\u1ea5t k\u00ec \u0111i\u1ec1u g\u00ec c\u1ea7n h\u1ed7 tr\u1ee3 v\u1edbi s\u1ea3n ph\u1ea9m vui l\u00f2ng li\u00ean h\u1ec7 ngay v\u1edbi P-Pet Shop<br \/>\nCh\u00fang t\u00f4i cam k\u1ebft \u0111\u1eb7t uy t\u00edn v\u00e0 ch\u1ea5t l\u01b0\u1ee3ng s\u1ea3n ph\u1ea9m l\u00ean h\u00e0ng \u0111\u1ea7u<\/p>\n","protected":false},"excerpt":{"rendered":"<p>K\u00e9o c\u1eaft m\u00f3ng nh\u1ecf ph\u00f9 h\u1ee3p v\u1edbi th\u00fa d\u01b0\u1edbi 7 kg. &#8211; Ti\u1ec7n l\u1ee3i, h\u1ee3p gi\u00e1 ti\u1ec1n. &#8211; D\u1ec5 d\u00e0ng c\u1eaft. kh\u00f4ng c\u1ea7n d\u00f9ng l\u1ef1c nhi\u1ec1u. &#8211; D\u1ec5 d\u00e0ng l\u00e0m \u0111\u1eb9p cho th\u00fa c\u01b0ng m\u00e0 kh\u00f4ng t\u1ed1n k\u00e9m. &#8211; S\u1ea3n ph\u1ea9m \u0111\u01b0\u1ee3c thi\u1ebft k\u1ebf l\u01b0\u1ee1i tr\u00f2n, d\u1ec5 d\u00e0ng c\u1eaft m\u00f3ng cho th\u00fa c\u01b0ng s\u1ea1ch \u0111\u1eb9p [&hellip;]<\/p>\n","protected":false},"featured_media":359,"comment_status":"open","ping_status":"closed","template":"","meta":[],"product_cat":[21],"product_tag":[108,43,107,31],"class_list":{"0":"post-357","1":"product","2":"type-product","3":"status-publish","4":"has-post-thumbnail","6":"product_cat-sua-tam-dung-cu-ve-sinh","7":"product_tag-cat-mong","8":"product_tag-cho","9":"product_tag-keo","10":"product_tag-meo","12":"first","13":"instock","14":"sale","15":"taxable","16":"shipping-taxable","17":"purchasable","18":"product-type-simple"},"jetpack_sharing_enabled":true,"_links":{"self":[{"href":"http:\/\/longcando.id.vn\/index.php\/wp-json\/wp\/v2\/product\/357","targetHints":{"allow":["GET"]}}],"collection":[{"href":"http:\/\/longcando.id.vn\/index.php\/wp-json\/wp\/v2\/product"}],"about":[{"href":"http:\/\/longcando.id.vn\/index.php\/wp-json\/wp\/v2\/types\/product"}],"replies":[{"embeddable":true,"href":"http:\/\/longcando.id.vn\/index.php\/wp-json\/wp\/v2\/comments?post=357"}],"wp:featuredmedia":[{"embeddable":true,"href":"http:\/\/longcando.id.vn\/index.php\/wp-json\/wp\/v2\/media\/359"}],"wp:attachment":[{"href":"http:\/\/longcando.id.vn\/index.php\/wp-json\/wp\/v2\/media?parent=357"}],"wp:term":[{"taxonomy":"product_cat","embeddable":true,"href":"http:\/\/longcando.id.vn\/index.php\/wp-json\/wp\/v2\/product_cat?post=357"},{"taxonomy":"product_tag","embeddable":true,"href":"http:\/\/longcando.id.vn\/index.php\/wp-json\/wp\/v2\/product_tag?post=357"}],"curies":[{"name":"wp","href":"https:\/\/api.w.org\/{rel}","templated":true}]}}