{"id":355,"date":"2024-12-06T18:04:04","date_gmt":"2024-12-06T18:04:04","guid":{"rendered":"http:\/\/longcando.id.vn\/?post_type=product&#038;p=355"},"modified":"2024-12-20T13:59:39","modified_gmt":"2024-12-20T13:59:39","slug":"sua-tam-dorrikey-cho-cho-meo-510ml","status":"publish","type":"product","link":"http:\/\/longcando.id.vn\/index.php\/san-pham\/sua-tam-dorrikey-cho-cho-meo-510ml\/","title":{"rendered":"S\u1eefa t\u1eafm DORRIKEY cho ch\u00f3 m\u00e8o 510ml"},"content":{"rendered":"<p>TH\u00d4NG TIN S\u1ea2N PH\u1ea8M<\/p>\n<p>S\u1eefa t\u1eafm cho ch\u00f3 m\u00e8o DORRIKEY v\u1edbi tinh d\u1ea7u chi\u1ebft xu\u1ea5t t\u1eeb hoa h\u1ed3ng, s\u1ea3n ph\u1ea9m n\u00e0y \u0111\u00f3ng vai tr\u00f2 c\u1ee7a c\u00e1c ch\u1ee9c n\u0103ng da trong vi\u1ec7c kh\u1eed m\u00f9i h\u00f4i c\u1ee7a ch\u00f3 m\u00e8o m\u1ed9t c\u00e1ch hi\u1ec7u qu\u1ea3 nh\u1ea5t.<\/p>\n<p>Kh\u1eed m\u00f9i v\u00e0 l\u01b0u l\u1ea1i h\u01b0\u01a1ng th\u01a1m, gi\u1eef \u1ea9m cho b\u1ed9 l\u00f4ng m\u1ec1m m\u01b0\u1ee3t, chi\u1ebft xu\u1ea5t tinh ch\u1ea5t th\u1ef1c v\u1eadt, an to\u00e0n cho s\u1ee9c kh\u1ecfe. 100% s\u1eed d\u1ee5ng th\u00e0nh ph\u1ea7n chi\u1ebft xu\u1ea5t t\u1ef1 nhi\u00ean: hoa h\u1ed3ng, tinh d\u1ea7u d\u1eeba, l\u00e1 b\u1ea1c h\u00e0 v\u00e0 v\u1ecf cam.<\/p>\n<p>Tuy\u1ec7t \u0111\u1ed1i an to\u00e0n khi s\u1eed d\u1ee5ng, kh\u00f4ng g\u00e2y k\u00edch \u1ee9ng da c\u1ee7a c\u00e1c boss.<\/p>\n<p>C\u00f4ng d\u1ee5ng:<\/p>\n<p>&#8211; T\u00e1i t\u1ea1o bi\u1ec3u b\u00ec, gi\u00fap da th\u00fa c\u01b0ng lu\u00f4n kh\u1ecfe m\u1ea1nh, h\u1ea1n ch\u1ebf s\u1ef1 t\u1ea5n c\u00f4ng c\u1ee7a vi khu\u1ea9n k\u00fd sinh v\u00e0 ve r\u1eadn.<\/p>\n<p>&#8211; Gi\u00fap l\u00f4ng th\u00fa c\u01b0ng lu\u00f4n su\u00f4n m\u01b0\u1ee3t, ch\u1eafc kh\u1ecfe, h\u1ea1n ch\u1ebf r\u1ee5ng l\u00f4ng, r\u1ed1i l\u00f4ng.<\/p>\n<p>&#8211; Gi\u00fap kh\u1eed m\u00f9i h\u00f4i hi\u1ec7u qu\u1ea3 nh\u1edd c\u00e1c h\u01b0\u01a1ng th\u01a1m t\u1ef1 nhi\u00ean t\u1eeb hoa h\u1ed3ng, b\u1ea1c h\u00e0 v\u00e0 v\u1ecf cam.<\/p>\n<p>&#8211; L\u01b0u h\u01b0\u01a1ng l\u00e2u gi\u00fap b\u00e9 lu\u00f4n th\u01a1m tho.<\/p>\n<p>H\u01b0\u1edbng d\u1eabn s\u1eed d\u1ee5ng:<\/p>\n<p>B\u01b0\u1edbc 1: L\u00e0m \u01b0\u1edbt l\u00f4ng th\u00fa c\u01b0ng<\/p>\n<p>B\u01b0\u1edbc 2: L\u1ea5y l\u01b0\u1ee3ng s\u1eefa t\u1eafm v\u1eeba \u0111\u1ee7 v\u00e0o l\u00f2ng b\u00e0n tay, xoa \u0111\u1ec1u l\u00ean l\u00f4ng th\u00fa c\u01b0ng v\u00e0 massage nh\u1eb9 \u0111\u1ec3 th\u1ea9m th\u1ea5u. K\u1ebft h\u1ee3p v\u1edbi g\u0103ng tay t\u1eafm v\u00e0 kh\u0103n t\u1eafm si\u00eau th\u1ea5m h\u00fat c\u1ee7a PAWTY \u0111\u1ec3 t\u0103ng hi\u1ec7u qu\u1ea3 t\u1ed1i \u0111a.<\/p>\n<p>B\u01b0\u1edbc 3: T\u1eafm l\u1ea1i v\u1edbi n\u01b0\u1edbc s\u1ea1ch, c\u00f3 th\u1ec3 t\u1eafm 2 l\u1ea7n d\u1ea7u n\u1ebfu l\u00f4ng c\u00f2n b\u1ea9n, lau v\u00e0 s\u1ea5y kh\u00f4 l\u00f4ng \u0111\u1ec3 l\u01b0u h\u01b0\u01a1ng l\u00e2u, h\u1ea1n ch\u1ebf b\u1ecb n\u1ea5m. S\u1ea3n ph\u1ea9m c\u00f3 6 c\u00f4ng th\u1ee9c:<\/p>\n<p>&#8211; M\u00e0u h\u1ed3ng: \u0111\u1eb7c tr\u1ecb ve r\u1eadn, vi khu\u1ea9n k\u00fd sinh tr\u00ean l\u00f4ng v\u00e0 da.<\/p>\n<p>&#8211; M\u00e0u t\u00edm: ch\u0103m s\u00f3c l\u00f4ng to\u00e0n di\u1ec7n, gi\u00fap c\u00e1c boss lu\u00f4n gi\u1eef \u0111\u01b0\u1ee3c b\u1ed9 l\u00f4ng ch\u1eafc kh\u1ecfe, h\u1ea1n ch\u1ebf r\u1ed1i v\u00e0 r\u1ee5ng l\u00f4ng.<\/p>\n<p>&#8211; M\u00e0u v\u00e0ng: \u0111\u1eb7c tr\u1ecb vi\u00eam da, n\u1ea5m ng\u1ee9a.<\/p>\n<p>&#8211; M\u00e0u n\u00e2u: d\u00e0nh cho l\u00f4ng \u0111\u1ecf v\u00e0 n\u00e2u &#8211; M\u00e0u xanh l\u00e1: d\u1ecbu nh\u1eb9 d\u00e0nh cho m\u00e8o con.<\/p>\n<p>&#8211; M\u00e0u xanh d\u01b0\u01a1ng: d\u00e0nh cho l\u00f4ng tr\u1eafng.<\/p>\n<p>Dung t\u00edch: 510ml<\/p>\n<p><strong>Quy\u1ec1n l\u1ee3i khi mua h\u00e0ng t\u1ea1i P-Pet Shop:<\/strong><br \/>\nCam k\u1ebft h\u00e0ng ch\u00ednh h\u00e3ng 100% Ho\u00e0n ti\u1ec1n v\u00e0 \u0111\u1ed5i tr\u1ea3 s\u1ea3n ph\u1ea9m n\u1ebfu kh\u00f4ng \u0111\u00fang mi\u00eau t\u1ea3.<br \/>\nN\u1ebfu ph\u00e1t hi\u1ec7n ra h\u00e0ng Fake ho\u00e0n ti\u1ec1n g\u1ea5p \u0111\u00f4i s\u1ea3n ph\u1ea9m<br \/>\nN\u1ebfu c\u00f3 b\u1ea5t k\u00ec \u0111i\u1ec1u g\u00ec c\u1ea7n h\u1ed7 tr\u1ee3 v\u1edbi s\u1ea3n ph\u1ea9m vui l\u00f2ng li\u00ean h\u1ec7 ngay v\u1edbi P-Pet Shop<br \/>\nCh\u00fang t\u00f4i cam k\u1ebft \u0111\u1eb7t uy t\u00edn v\u00e0 ch\u1ea5t l\u01b0\u1ee3ng s\u1ea3n ph\u1ea9m l\u00ean h\u00e0ng \u0111\u1ea7u<\/p>\n","protected":false},"excerpt":{"rendered":"<p>TH\u00d4NG TIN S\u1ea2N PH\u1ea8M S\u1eefa t\u1eafm cho ch\u00f3 m\u00e8o DORRIKEY v\u1edbi tinh d\u1ea7u chi\u1ebft xu\u1ea5t t\u1eeb hoa h\u1ed3ng, s\u1ea3n ph\u1ea9m n\u00e0y \u0111\u00f3ng vai tr\u00f2 c\u1ee7a c\u00e1c ch\u1ee9c n\u0103ng da trong vi\u1ec7c kh\u1eed m\u00f9i h\u00f4i c\u1ee7a ch\u00f3 m\u00e8o m\u1ed9t c\u00e1ch hi\u1ec7u qu\u1ea3 nh\u1ea5t. Kh\u1eed m\u00f9i v\u00e0 l\u01b0u l\u1ea1i h\u01b0\u01a1ng th\u01a1m, gi\u1eef \u1ea9m cho b\u1ed9 l\u00f4ng m\u1ec1m [&hellip;]<\/p>\n","protected":false},"featured_media":356,"comment_status":"open","ping_status":"closed","template":"","meta":[],"product_cat":[21],"product_tag":[43,31,103],"class_list":{"0":"post-355","1":"product","2":"type-product","3":"status-publish","4":"has-post-thumbnail","6":"product_cat-sua-tam-dung-cu-ve-sinh","7":"product_tag-cho","8":"product_tag-meo","9":"product_tag-sua-tam","11":"first","12":"instock","13":"taxable","14":"shipping-taxable","15":"purchasable","16":"product-type-simple"},"jetpack_sharing_enabled":true,"_links":{"self":[{"href":"http:\/\/longcando.id.vn\/index.php\/wp-json\/wp\/v2\/product\/355","targetHints":{"allow":["GET"]}}],"collection":[{"href":"http:\/\/longcando.id.vn\/index.php\/wp-json\/wp\/v2\/product"}],"about":[{"href":"http:\/\/longcando.id.vn\/index.php\/wp-json\/wp\/v2\/types\/product"}],"replies":[{"embeddable":true,"href":"http:\/\/longcando.id.vn\/index.php\/wp-json\/wp\/v2\/comments?post=355"}],"wp:featuredmedia":[{"embeddable":true,"href":"http:\/\/longcando.id.vn\/index.php\/wp-json\/wp\/v2\/media\/356"}],"wp:attachment":[{"href":"http:\/\/longcando.id.vn\/index.php\/wp-json\/wp\/v2\/media?parent=355"}],"wp:term":[{"taxonomy":"product_cat","embeddable":true,"href":"http:\/\/longcando.id.vn\/index.php\/wp-json\/wp\/v2\/product_cat?post=355"},{"taxonomy":"product_tag","embeddable":true,"href":"http:\/\/longcando.id.vn\/index.php\/wp-json\/wp\/v2\/product_tag?post=355"}],"curies":[{"name":"wp","href":"https:\/\/api.w.org\/{rel}","templated":true}]}}