{"id":350,"date":"2024-12-06T17:57:12","date_gmt":"2024-12-06T17:57:12","guid":{"rendered":"http:\/\/longcando.id.vn\/?post_type=product&#038;p=350"},"modified":"2024-12-20T13:59:40","modified_gmt":"2024-12-20T13:59:40","slug":"sua-tam-joyce-dolls-huong-tra-xanh-cho-cho-meo","status":"publish","type":"product","link":"http:\/\/longcando.id.vn\/index.php\/san-pham\/sua-tam-joyce-dolls-huong-tra-xanh-cho-cho-meo\/","title":{"rendered":"S\u1eefa t\u1eafm JOYCE &#038; DOLLS h\u01b0\u01a1ng tr\u00e0 xanh cho ch\u00f3 m\u00e8o"},"content":{"rendered":"<p>M\u00f4 t\u1ea3 S\u1eefa t\u1eafm cho ch\u00f3 m\u00e8o h\u01b0\u01a1ng tr\u00e0 xanh JOYCE &amp; DOLLS Tea Medoly c\u00f3 t\u00e1c d\u1ee5ng kh\u00e1ng khu\u1ea9n oxy h\u00f3a.<\/p>\n<p>S\u1ea3n ph\u1ea9m n\u00e0y \u0111\u01b0\u1ee3c ph\u00e1t tri\u1ec3n v\u1edbi kh\u1ea3 n\u0103ng gi\u1eef \u1ea9m da v\u00e0 c\u1ea3i thi\u1ec7n v\u1ebb \u0111\u1eb9p c\u1ee7a l\u00f4ng ch\u00f3 m\u00e8o.<\/p>\n<p>S\u1ef1 \u0111\u1eb7c s\u1eafc c\u1ee7a s\u1ea3n ph\u1ea9m n\u00e0y l\u00e0 m\u1ed7i khi s\u1eed d\u1ee5ng n\u00f3 s\u1ebd gi\u00fap ch\u00fang ta s\u1ebd c\u1ea3m nh\u1eadn \u0111\u01b0\u1ee3c h\u01b0\u01a1ng th\u01a1m tinh t\u1ebf. Absolute Technology m\u00e0 JOYCE &amp; DOLLS s\u1eed d\u1ee5ng l\u00e0 m\u1ed9t ph\u01b0\u01a1ng ph\u00e1p tinh ch\u1ebf ch\u1ea5t l\u01b0\u1ee3ng cao l\u1ea5y c\u1ea3m h\u1ee9ng t\u1eeb h\u01b0\u01a1ng th\u01a1m \u201ctr\u00e0 xanh\u201d tao nh\u00e3.<\/p>\n<p>H\u01b0\u1edbng d\u1eabn s\u1eed d\u1ee5ng V\u1edbi c\u00f4ng th\u1ee9c d\u1ea1ng \u0111\u1eadm \u0111\u1eb7c, n\u00ean s\u1eed d\u1ee5ng pha lo\u00e3ng 6 \u2013 8 l\u1ea7n. Trong m\u00f4t c\u00e1i b\u00ecnh kh\u00f4ng, cho m\u1ed9t ph\u1ea7n s\u1eefa t\u1eafm v\u00e0o, th\u00eam 6 \u2013 8 ph\u1ea7n n\u01b0\u1edbc s\u1ea1ch v\u00e0o pha lo\u00e3ng. X\u1ecbt tr\u1ef1c ti\u1ebfp s\u1eefa t\u1eafm sau khi \u0111\u01b0\u1ee3c pha lo\u00e3ng l\u00ean l\u00f4ng ch\u00f3 \u0111\u00e3 \u0111\u01b0\u1ee3c l\u00e0m \u01b0\u1edbt, nh\u1eb9 nh\u00e0ng xoa \u0111\u1ec1u Sau \u0111\u00f3 d\u00f9ng n\u01b0\u1edbc s\u1ea1ch r\u1eeda s\u1ea1ch \u0111\u1ebfn khi kh\u00f4ng c\u00f3 b\u1ecdt.<\/p>\n<p>Dung t\u00edch: 400ml<\/p>\n<p><strong>Quy\u1ec1n l\u1ee3i khi mua h\u00e0ng t\u1ea1i P-Pet Shop:<\/strong><br \/>\nCam k\u1ebft h\u00e0ng ch\u00ednh h\u00e3ng 100% Ho\u00e0n ti\u1ec1n v\u00e0 \u0111\u1ed5i tr\u1ea3 s\u1ea3n ph\u1ea9m n\u1ebfu kh\u00f4ng \u0111\u00fang mi\u00eau t\u1ea3.<br \/>\nN\u1ebfu ph\u00e1t hi\u1ec7n ra h\u00e0ng Fake ho\u00e0n ti\u1ec1n g\u1ea5p \u0111\u00f4i s\u1ea3n ph\u1ea9m<br \/>\nN\u1ebfu c\u00f3 b\u1ea5t k\u00ec \u0111i\u1ec1u g\u00ec c\u1ea7n h\u1ed7 tr\u1ee3 v\u1edbi s\u1ea3n ph\u1ea9m vui l\u00f2ng li\u00ean h\u1ec7 ngay v\u1edbi P-Pet Shop<br \/>\nCh\u00fang t\u00f4i cam k\u1ebft \u0111\u1eb7t uy t\u00edn v\u00e0 ch\u1ea5t l\u01b0\u1ee3ng s\u1ea3n ph\u1ea9m l\u00ean h\u00e0ng \u0111\u1ea7u<\/p>\n","protected":false},"excerpt":{"rendered":"<p>M\u00f4 t\u1ea3 S\u1eefa t\u1eafm cho ch\u00f3 m\u00e8o h\u01b0\u01a1ng tr\u00e0 xanh JOYCE &amp; DOLLS Tea Medoly c\u00f3 t\u00e1c d\u1ee5ng kh\u00e1ng khu\u1ea9n oxy h\u00f3a. S\u1ea3n ph\u1ea9m n\u00e0y \u0111\u01b0\u1ee3c ph\u00e1t tri\u1ec3n v\u1edbi kh\u1ea3 n\u0103ng gi\u1eef \u1ea9m da v\u00e0 c\u1ea3i thi\u1ec7n v\u1ebb \u0111\u1eb9p c\u1ee7a l\u00f4ng ch\u00f3 m\u00e8o. S\u1ef1 \u0111\u1eb7c s\u1eafc c\u1ee7a s\u1ea3n ph\u1ea9m n\u00e0y l\u00e0 m\u1ed7i khi s\u1eed d\u1ee5ng [&hellip;]<\/p>\n","protected":false},"featured_media":351,"comment_status":"open","ping_status":"closed","template":"","meta":[],"product_cat":[21],"product_tag":[43,63,31,103,62],"class_list":{"0":"post-350","1":"product","2":"type-product","3":"status-publish","4":"has-post-thumbnail","6":"product_cat-sua-tam-dung-cu-ve-sinh","7":"product_tag-cho","8":"product_tag-dung-cu","9":"product_tag-meo","10":"product_tag-sua-tam","11":"product_tag-thu-cung","13":"first","14":"instock","15":"sale","16":"taxable","17":"shipping-taxable","18":"purchasable","19":"product-type-simple"},"jetpack_sharing_enabled":true,"_links":{"self":[{"href":"http:\/\/longcando.id.vn\/index.php\/wp-json\/wp\/v2\/product\/350","targetHints":{"allow":["GET"]}}],"collection":[{"href":"http:\/\/longcando.id.vn\/index.php\/wp-json\/wp\/v2\/product"}],"about":[{"href":"http:\/\/longcando.id.vn\/index.php\/wp-json\/wp\/v2\/types\/product"}],"replies":[{"embeddable":true,"href":"http:\/\/longcando.id.vn\/index.php\/wp-json\/wp\/v2\/comments?post=350"}],"wp:featuredmedia":[{"embeddable":true,"href":"http:\/\/longcando.id.vn\/index.php\/wp-json\/wp\/v2\/media\/351"}],"wp:attachment":[{"href":"http:\/\/longcando.id.vn\/index.php\/wp-json\/wp\/v2\/media?parent=350"}],"wp:term":[{"taxonomy":"product_cat","embeddable":true,"href":"http:\/\/longcando.id.vn\/index.php\/wp-json\/wp\/v2\/product_cat?post=350"},{"taxonomy":"product_tag","embeddable":true,"href":"http:\/\/longcando.id.vn\/index.php\/wp-json\/wp\/v2\/product_tag?post=350"}],"curies":[{"name":"wp","href":"https:\/\/api.w.org\/{rel}","templated":true}]}}