{"id":343,"date":"2024-12-06T17:54:32","date_gmt":"2024-12-06T17:54:32","guid":{"rendered":"http:\/\/longcando.id.vn\/?post_type=product&#038;p=343"},"modified":"2024-12-20T13:59:41","modified_gmt":"2024-12-20T13:59:41","slug":"ban-chai-cao-su-tam-massage-cho-cho-meo","status":"publish","type":"product","link":"http:\/\/longcando.id.vn\/index.php\/san-pham\/ban-chai-cao-su-tam-massage-cho-cho-meo\/","title":{"rendered":"B\u00e0n ch\u1ea3i cao su t\u1eafm massage cho ch\u00f3 m\u00e8o"},"content":{"rendered":"<p>TH\u00d4NG TIN S\u1ea2N PH\u1ea8M<\/p>\n<p>V\u1edbi nh\u1eefng ai c\u00f3 s\u1edf th\u00edch nu\u00f4i th\u00fa c\u01b0ng nh\u01b0 ch\u00f3 m\u00e8o th\u00ec h\u1eb3n ph\u1ea3i g\u1eb7p nhi\u1ec1u v\u1ea5t v\u1ea3 trong vi\u1ec7c t\u1eafm r\u1eeda cho ch\u00fang. Vi\u1ec7c t\u1eafm r\u1eeda cho th\u00fa c\u01b0ng b\u1eb1ng tay kh\u00f4ng nh\u1eefng g\u00e2y t\u00ea m\u1ecfi m\u00e0 c\u00f2n kh\u00f4ng th\u1ef1c s\u1ef1 s\u1ea1ch s\u1ebd. Hi\u1ec3u t\u00e2m l\u00fd kh\u00e1ch h\u00e0ng, s\u1ea3n ph\u1ea9m B\u00e0n ch\u1ea3i cao su t\u1eafm massage cho th\u00fa c\u01b0ng \u0111\u00e3 ra \u0111\u1eddi!<\/p>\n<p>\u0110\u1eb6C \u0110I\u1ec2M N\u1ed4I B\u1eacT:<\/p>\n<p>Thi\u1ebft k\u1ebf \u0111\u1eb7c bi\u1ec7t d\u1ea1ng h\u00ecnh vu\u00f4ng v\u1edbi b\u1ec1 m\u1eb7t g\u1ed3m nhi\u1ec1u gai silicon nh\u1ecf. V\u1eeba t\u1eafm, v\u1eeba massage cho th\u00fa c\u01b0ng, \u0111\u1ed3ng th\u1eddi lo\u1ea1i b\u1ecf l\u00f4ng r\u1ee5ng, gi\u1eef cho th\u00fa c\u01b0ng c\u1ee7a b\u1ea1n lu\u00f4n s\u1ea1ch s\u1ebd g\u1ecdn g\u00e0ng.<\/p>\n<p>\u0110\u01b0\u1ee3c l\u00e0m t\u1eeb ch\u1ea5t li\u1ec7u silicone cao c\u1ea5p n\u00ean c\u1ef1c k\u00ec m\u1ec1m m\u1ea1i, \u00eam \u00e1i, \u0111\u00e0n h\u1ed3i v\u00e0 an to\u00e0n cho th\u00fa c\u01b0ng.<\/p>\n<p>\u0110i\u1ec3m \u0111\u1eb7c bi\u1ec7t l\u00e0 ph\u1ea7n th\u00e2n c\u1ee7a b\u00e0n ch\u1ea3i c\u00f3 ch\u1ee9c n\u0103ng ch\u1ee9a s\u1eefa t\u1eafm, ch\u1ec9 vi\u1ec7c m\u1edf ph\u1ea7n n\u1eafp \u0111\u1eady b\u00ean tr\u00ean ra, r\u00f3t s\u1eefa t\u1eafm v\u00e0o r\u1ed3i \u0111\u00f3ng ch\u1eb7t n\u1eafp. Khi s\u1eed d\u1ee5ng ch\u1ec9 vi\u1ec7c b\u00f3p nh\u1eb9 b\u00e0n ch\u1ea3i l\u00e0 s\u1eefa t\u1eafm s\u1ebd t\u1ef1 \u0111\u1ed9ng tu\u00f4n ra theo c\u00e1c l\u1ed7 nh\u1ecf v\u00e0 tr\u00e0n t\u1edbi c\u00e1c gai silicon.<\/p>\n<p>K\u00edch th\u01b0\u1edbc nh\u1ecf nh\u1eafn, n\u1eb1m v\u1eeba v\u1eb7n trong l\u00f2ng b\u00e0n tay, tr\u1ecdng l\u01b0\u1ee3ng c\u1ef1c k\u00ec nh\u1eb9 gi\u00fap cho c\u00e1c thao t\u00e1c khi s\u1eed d\u1ee5ng d\u1ec5 d\u00e0ng v\u00e0 hi\u1ec7u qu\u1ea3 h\u01a1n. Kh\u00f4ng ch\u1ec9 th\u1ebf, b\u00e0n ch\u1ea3i c\u00f2n c\u00f3 quai \u0111\u1ec3 gi\u1eef s\u1ea3n ph\u1ea9m kh\u00f4ng b\u1ecb tr\u01a1n tr\u01b0\u1ee3t trong khi s\u1eed d\u1ee5ng, \u0111\u1ed3ng th\u1eddi c\u00f3 th\u1ec3 treo l\u00ean m\u00f3c khi kh\u00f4ng d\u00f9ng t\u1edbi.<\/p>\n<p><strong>Quy\u1ec1n l\u1ee3i khi mua h\u00e0ng t\u1ea1i P-Pet Shop:<\/strong><br \/>\nCam k\u1ebft h\u00e0ng ch\u00ednh h\u00e3ng 100% Ho\u00e0n ti\u1ec1n v\u00e0 \u0111\u1ed5i tr\u1ea3 s\u1ea3n ph\u1ea9m n\u1ebfu kh\u00f4ng \u0111\u00fang mi\u00eau t\u1ea3.<br \/>\nN\u1ebfu ph\u00e1t hi\u1ec7n ra h\u00e0ng Fake ho\u00e0n ti\u1ec1n g\u1ea5p \u0111\u00f4i s\u1ea3n ph\u1ea9m<br \/>\nN\u1ebfu c\u00f3 b\u1ea5t k\u00ec \u0111i\u1ec1u g\u00ec c\u1ea7n h\u1ed7 tr\u1ee3 v\u1edbi s\u1ea3n ph\u1ea9m vui l\u00f2ng li\u00ean h\u1ec7 ngay v\u1edbi P-Pet Shop<br \/>\nCh\u00fang t\u00f4i cam k\u1ebft \u0111\u1eb7t uy t\u00edn v\u00e0 ch\u1ea5t l\u01b0\u1ee3ng s\u1ea3n ph\u1ea9m l\u00ean h\u00e0ng \u0111\u1ea7u<\/p>\n","protected":false},"excerpt":{"rendered":"<p>TH\u00d4NG TIN S\u1ea2N PH\u1ea8M V\u1edbi nh\u1eefng ai c\u00f3 s\u1edf th\u00edch nu\u00f4i th\u00fa c\u01b0ng nh\u01b0 ch\u00f3 m\u00e8o th\u00ec h\u1eb3n ph\u1ea3i g\u1eb7p nhi\u1ec1u v\u1ea5t v\u1ea3 trong vi\u1ec7c t\u1eafm r\u1eeda cho ch\u00fang. Vi\u1ec7c t\u1eafm r\u1eeda cho th\u00fa c\u01b0ng b\u1eb1ng tay kh\u00f4ng nh\u1eefng g\u00e2y t\u00ea m\u1ecfi m\u00e0 c\u00f2n kh\u00f4ng th\u1ef1c s\u1ef1 s\u1ea1ch s\u1ebd. Hi\u1ec3u t\u00e2m l\u00fd kh\u00e1ch h\u00e0ng, s\u1ea3n [&hellip;]<\/p>\n","protected":false},"featured_media":344,"comment_status":"open","ping_status":"closed","template":"","meta":[],"product_cat":[21],"product_tag":[102,43,104,31,103],"class_list":{"0":"post-343","1":"product","2":"type-product","3":"status-publish","4":"has-post-thumbnail","6":"product_cat-sua-tam-dung-cu-ve-sinh","7":"product_tag-ban-chai","8":"product_tag-cho","9":"product_tag-dung-cu-ve-sinh","10":"product_tag-meo","11":"product_tag-sua-tam","13":"first","14":"instock","15":"sale","16":"taxable","17":"shipping-taxable","18":"purchasable","19":"product-type-simple"},"jetpack_sharing_enabled":true,"_links":{"self":[{"href":"http:\/\/longcando.id.vn\/index.php\/wp-json\/wp\/v2\/product\/343","targetHints":{"allow":["GET"]}}],"collection":[{"href":"http:\/\/longcando.id.vn\/index.php\/wp-json\/wp\/v2\/product"}],"about":[{"href":"http:\/\/longcando.id.vn\/index.php\/wp-json\/wp\/v2\/types\/product"}],"replies":[{"embeddable":true,"href":"http:\/\/longcando.id.vn\/index.php\/wp-json\/wp\/v2\/comments?post=343"}],"wp:featuredmedia":[{"embeddable":true,"href":"http:\/\/longcando.id.vn\/index.php\/wp-json\/wp\/v2\/media\/344"}],"wp:attachment":[{"href":"http:\/\/longcando.id.vn\/index.php\/wp-json\/wp\/v2\/media?parent=343"}],"wp:term":[{"taxonomy":"product_cat","embeddable":true,"href":"http:\/\/longcando.id.vn\/index.php\/wp-json\/wp\/v2\/product_cat?post=343"},{"taxonomy":"product_tag","embeddable":true,"href":"http:\/\/longcando.id.vn\/index.php\/wp-json\/wp\/v2\/product_tag?post=343"}],"curies":[{"name":"wp","href":"https:\/\/api.w.org\/{rel}","templated":true}]}}