{"id":341,"date":"2024-12-06T17:50:55","date_gmt":"2024-12-06T17:50:55","guid":{"rendered":"http:\/\/longcando.id.vn\/?post_type=product&#038;p=341"},"modified":"2024-12-20T13:49:52","modified_gmt":"2024-12-20T13:49:52","slug":"do-choi-cao-mong-hinh-cu-ca-rot-cho-meo","status":"publish","type":"product","link":"http:\/\/longcando.id.vn\/index.php\/san-pham\/do-choi-cao-mong-hinh-cu-ca-rot-cho-meo\/","title":{"rendered":"\u0110\u1ed3 ch\u01a1i c\u00e0o m\u00f3ng h\u00ecnh c\u1ee7 c\u00e0 r\u1ed1t cho m\u00e8o"},"content":{"rendered":"<p>M\u00f4 t\u1ea3 TH\u00d4NG TIN S\u1ea2N PH\u1ea8M<\/p>\n<p>T\u00ean s\u1ea3n ph\u1ea9m: \u0110\u1ed3 ch\u01a1i c\u00e0o m\u00f3ng h\u00ecnh c\u1ee7 c\u00e0 r\u1ed1t cho m\u00e8o.<\/p>\n<p>K\u00edch th\u01b0\u1edbc: Nh\u1ecf: 25x28cm To: 30x40cm<\/p>\n<p>S\u1ea3n ph\u1ea9m c\u00f3 thi\u1ebft k\u1ebf d\u1ec5 th\u01b0\u01a1ng, d\u00e2y th\u1eebng sisal b\u1ec1n \u0111\u1eb9p, ch\u1eafc ch\u1eafn.<\/p>\n<p>S\u1ea3n ph\u1ea9m \u0111\u01b0\u1ee3c s\u1eed d\u1ee5ng nh\u01b0 m\u00f3n \u0111\u1ed3 ch\u01a1i h\u00e0ng ng\u00e0y gi\u00fap c\u00e1c b\u00e9 m\u00e8o m\u00e0i m\u00f3ng, gi\u1ea3m stress, h\u1ea1n ch\u1ebf ph\u00e1 ph\u00e1ch, c\u00e0o ph\u00e1 \u0111\u1ed3 \u0111\u1ea1c trong nh\u00e0.<\/p>\n<p><strong>Quy\u1ec1n l\u1ee3i khi mua h\u00e0ng t\u1ea1i P-Pet Shop:<\/strong><br \/>\nCam k\u1ebft h\u00e0ng ch\u00ednh h\u00e3ng 100% Ho\u00e0n ti\u1ec1n v\u00e0 \u0111\u1ed5i tr\u1ea3 s\u1ea3n ph\u1ea9m n\u1ebfu kh\u00f4ng \u0111\u00fang mi\u00eau t\u1ea3.<br \/>\nN\u1ebfu ph\u00e1t hi\u1ec7n ra h\u00e0ng Fake ho\u00e0n ti\u1ec1n g\u1ea5p \u0111\u00f4i s\u1ea3n ph\u1ea9m<br \/>\nN\u1ebfu c\u00f3 b\u1ea5t k\u00ec \u0111i\u1ec1u g\u00ec c\u1ea7n h\u1ed7 tr\u1ee3 v\u1edbi s\u1ea3n ph\u1ea9m vui l\u00f2ng li\u00ean h\u1ec7 ngay v\u1edbi P-Pet Shop<br \/>\nCh\u00fang t\u00f4i cam k\u1ebft \u0111\u1eb7t uy t\u00edn v\u00e0 ch\u1ea5t l\u01b0\u1ee3ng s\u1ea3n ph\u1ea9m l\u00ean h\u00e0ng \u0111\u1ea7u<\/p>\n","protected":false},"excerpt":{"rendered":"<p>M\u00f4 t\u1ea3 TH\u00d4NG TIN S\u1ea2N PH\u1ea8M T\u00ean s\u1ea3n ph\u1ea9m: \u0110\u1ed3 ch\u01a1i c\u00e0o m\u00f3ng h\u00ecnh c\u1ee7 c\u00e0 r\u1ed1t cho m\u00e8o. K\u00edch th\u01b0\u1edbc: Nh\u1ecf: 25x28cm To: 30x40cm S\u1ea3n ph\u1ea9m c\u00f3 thi\u1ebft k\u1ebf d\u1ec5 th\u01b0\u01a1ng, d\u00e2y th\u1eebng sisal b\u1ec1n \u0111\u1eb9p, ch\u1eafc ch\u1eafn. S\u1ea3n ph\u1ea9m \u0111\u01b0\u1ee3c s\u1eed d\u1ee5ng nh\u01b0 m\u00f3n \u0111\u1ed3 ch\u01a1i h\u00e0ng ng\u00e0y gi\u00fap c\u00e1c b\u00e9 m\u00e8o m\u00e0i [&hellip;]<\/p>\n","protected":false},"featured_media":342,"comment_status":"open","ping_status":"closed","template":"","meta":[],"product_cat":[25],"product_tag":[101,83,31,62],"class_list":{"0":"post-341","1":"product","2":"type-product","3":"status-publish","4":"has-post-thumbnail","6":"product_cat-do-choi-thu-cung","7":"product_tag-ca-rot","8":"product_tag-do-choi","9":"product_tag-meo","10":"product_tag-thu-cung","12":"first","13":"instock","14":"sale","15":"taxable","16":"shipping-taxable","17":"purchasable","18":"product-type-simple"},"jetpack_sharing_enabled":true,"_links":{"self":[{"href":"http:\/\/longcando.id.vn\/index.php\/wp-json\/wp\/v2\/product\/341","targetHints":{"allow":["GET"]}}],"collection":[{"href":"http:\/\/longcando.id.vn\/index.php\/wp-json\/wp\/v2\/product"}],"about":[{"href":"http:\/\/longcando.id.vn\/index.php\/wp-json\/wp\/v2\/types\/product"}],"replies":[{"embeddable":true,"href":"http:\/\/longcando.id.vn\/index.php\/wp-json\/wp\/v2\/comments?post=341"}],"wp:featuredmedia":[{"embeddable":true,"href":"http:\/\/longcando.id.vn\/index.php\/wp-json\/wp\/v2\/media\/342"}],"wp:attachment":[{"href":"http:\/\/longcando.id.vn\/index.php\/wp-json\/wp\/v2\/media?parent=341"}],"wp:term":[{"taxonomy":"product_cat","embeddable":true,"href":"http:\/\/longcando.id.vn\/index.php\/wp-json\/wp\/v2\/product_cat?post=341"},{"taxonomy":"product_tag","embeddable":true,"href":"http:\/\/longcando.id.vn\/index.php\/wp-json\/wp\/v2\/product_tag?post=341"}],"curies":[{"name":"wp","href":"https:\/\/api.w.org\/{rel}","templated":true}]}}