{"id":332,"date":"2024-12-06T17:44:27","date_gmt":"2024-12-06T17:44:27","guid":{"rendered":"http:\/\/longcando.id.vn\/?post_type=product&#038;p=332"},"modified":"2024-12-20T13:35:56","modified_gmt":"2024-12-20T13:35:56","slug":"co-bac-ha-catnip-gan-tuong-cho-meo-hinh-con-ca","status":"publish","type":"product","link":"http:\/\/longcando.id.vn\/index.php\/san-pham\/co-bac-ha-catnip-gan-tuong-cho-meo-hinh-con-ca\/","title":{"rendered":"C\u1ecf b\u1ea1c h\u00e0 Catnip g\u1eafn t\u01b0\u1eddng cho m\u00e8o h\u00ecnh con c\u00e1"},"content":{"rendered":"<p>TH\u00d4NG TIN S\u1ea2N PH\u1ea8M<\/p>\n<p>T\u00ean s\u1ea3n ph\u1ea9m: Catnip cho m\u00e8o<\/p>\n<p>Ch\u1ea5t li\u1ec7u: Nh\u1ef1a, b\u1ea1c h\u00e0 m\u00e8o<\/p>\n<p>T\u00ednh n\u0103ng: T\u01b0\u01a1ng t\u00e1c, th\u00e2n thi\u1ec7n v\u1edbi m\u00f4i tr\u01b0\u1eddng, gi\u00fap m\u00e8o x\u1ea3 stress, ch\u1ed1ng c\u1eafn ph\u00e1<\/p>\n<p>K\u00edch th\u01b0\u1edbc: 6.2cm x 3.5cm<\/p>\n<p>+ C\u1ecf b\u1ea1c h\u00e0 gi\u00fap m\u00e8o vui v\u1ebb khi ng\u1eedi ho\u1eb7c li\u1ebfm, b\u00e9 s\u1ebd c\u00f3 nh\u1eefng h\u00e0nh \u0111\u1ed9ng nh\u01b0: l\u0103n qua l\u0103n l\u1ea1i tr\u00ean \u0111\u1ea5t, d\u00f9ng m\u1eb7t c\u1ecd v\u00e0o c\u00e1c m\u1eb7t ph\u1eb3ng&#8230;<\/p>\n<p>+ C\u1ecf b\u1ea1c h\u00e0 ch\u1ec9 c\u00f3 t\u00e1c d\u1ee5ng trong kho\u1ea3ng 5p-15p.<\/p>\n<p>+ D\u1ea1ng vi\u00ean l\u0103n g\u1eafn t\u01b0\u1eddng ti\u1ec7n l\u1ee3i.<\/p>\n<p>+ C\u00f3 th\u1ec3 d\u00ednh l\u00ean t\u01b0\u1eddng, b\u00e0n gh\u1ebf.<\/p>\n<p>+ Gi\u1ea3m stress cho m\u00e8o hi\u1ec7u qu\u1ea3.<\/p>\n<p><strong>Quy\u1ec1n l\u1ee3i khi mua h\u00e0ng t\u1ea1i P-Pet Shop:<\/strong><\/p>\n<p>Cam k\u1ebft h\u00e0ng ch\u00ednh h\u00e3ng 100%<\/p>\n<p>Ho\u00e0n ti\u1ec1n v\u00e0 \u0111\u1ed5i tr\u1ea3 s\u1ea3n ph\u1ea9m n\u1ebfu kh\u00f4ng \u0111\u00fang mi\u00eau t\u1ea3.<\/p>\n<p>N\u1ebfu ph\u00e1t hi\u1ec7n ra h\u00e0ng Fake ho\u00e0n ti\u1ec1n g\u1ea5p \u0111\u00f4i s\u1ea3n ph\u1ea9m<\/p>\n<p>N\u1ebfu c\u00f3 b\u1ea5t k\u00ec \u0111i\u1ec1u g\u00ec c\u1ea7n h\u1ed7 tr\u1ee3 v\u1edbi s\u1ea3n ph\u1ea9m vui l\u00f2ng li\u00ean h\u1ec7 ngay v\u1edbi P-Pet Shop<\/p>\n<p>Ch\u00fang t\u00f4i cam k\u1ebft \u0111\u1eb7t uy t\u00edn v\u00e0 ch\u1ea5t l\u01b0\u1ee3ng s\u1ea3n ph\u1ea9m l\u00ean h\u00e0ng \u0111\u1ea7u<\/p>\n","protected":false},"excerpt":{"rendered":"<p>TH\u00d4NG TIN S\u1ea2N PH\u1ea8M T\u00ean s\u1ea3n ph\u1ea9m: Catnip cho m\u00e8o Ch\u1ea5t li\u1ec7u: Nh\u1ef1a, b\u1ea1c h\u00e0 m\u00e8o T\u00ednh n\u0103ng: T\u01b0\u01a1ng t\u00e1c, th\u00e2n thi\u1ec7n v\u1edbi m\u00f4i tr\u01b0\u1eddng, gi\u00fap m\u00e8o x\u1ea3 stress, ch\u1ed1ng c\u1eafn ph\u00e1 K\u00edch th\u01b0\u1edbc: 6.2cm x 3.5cm + C\u1ecf b\u1ea1c h\u00e0 gi\u00fap m\u00e8o vui v\u1ebb khi ng\u1eedi ho\u1eb7c li\u1ebfm, b\u00e9 s\u1ebd c\u00f3 nh\u1eefng h\u00e0nh \u0111\u1ed9ng [&hellip;]<\/p>\n","protected":false},"featured_media":334,"comment_status":"open","ping_status":"closed","template":"","meta":[],"product_cat":[25],"product_tag":[98,31],"class_list":{"0":"post-332","1":"product","2":"type-product","3":"status-publish","4":"has-post-thumbnail","6":"product_cat-do-choi-thu-cung","7":"product_tag-co","8":"product_tag-meo","10":"first","11":"instock","12":"taxable","13":"shipping-taxable","14":"purchasable","15":"product-type-simple"},"jetpack_sharing_enabled":true,"_links":{"self":[{"href":"http:\/\/longcando.id.vn\/index.php\/wp-json\/wp\/v2\/product\/332","targetHints":{"allow":["GET"]}}],"collection":[{"href":"http:\/\/longcando.id.vn\/index.php\/wp-json\/wp\/v2\/product"}],"about":[{"href":"http:\/\/longcando.id.vn\/index.php\/wp-json\/wp\/v2\/types\/product"}],"replies":[{"embeddable":true,"href":"http:\/\/longcando.id.vn\/index.php\/wp-json\/wp\/v2\/comments?post=332"}],"wp:featuredmedia":[{"embeddable":true,"href":"http:\/\/longcando.id.vn\/index.php\/wp-json\/wp\/v2\/media\/334"}],"wp:attachment":[{"href":"http:\/\/longcando.id.vn\/index.php\/wp-json\/wp\/v2\/media?parent=332"}],"wp:term":[{"taxonomy":"product_cat","embeddable":true,"href":"http:\/\/longcando.id.vn\/index.php\/wp-json\/wp\/v2\/product_cat?post=332"},{"taxonomy":"product_tag","embeddable":true,"href":"http:\/\/longcando.id.vn\/index.php\/wp-json\/wp\/v2\/product_tag?post=332"}],"curies":[{"name":"wp","href":"https:\/\/api.w.org\/{rel}","templated":true}]}}