{"id":327,"date":"2024-12-06T17:40:32","date_gmt":"2024-12-06T17:40:32","guid":{"rendered":"http:\/\/longcando.id.vn\/?post_type=product&#038;p=327"},"modified":"2024-12-20T13:35:57","modified_gmt":"2024-12-20T13:35:57","slug":"do-choi-can-cau-cach-dieu-hinh-bong-hoa-cho-meo","status":"publish","type":"product","link":"http:\/\/longcando.id.vn\/index.php\/san-pham\/do-choi-can-cau-cach-dieu-hinh-bong-hoa-cho-meo\/","title":{"rendered":"\u0110\u1ed3 ch\u01a1i c\u1ea7n c\u00e2u c\u00e1ch \u0111i\u1ec7u h\u00ecnh b\u00f4ng hoa cho m\u00e8o"},"content":{"rendered":"<p>TH\u00d4NG TIN S\u1ea2N PH\u1ea8M:<\/p>\n<p>\u2714Thi\u1ebft k\u1ebf \u0111\u00e1ng y\u00eau, m\u1ec1m m\u1ea1i, ch\u1eafc ch\u1eafn.<\/p>\n<p>\u2714Que c\u00e1n nh\u1ef1a \u0111\u01a1n gi\u1ea3n d\u1ec5 s\u1eed d\u1ee5ng.<\/p>\n<p>C\u00f4ng D\u1ee5ng:<\/p>\n<p>\u0110\u1ed3 ch\u01a1i c\u1ea7n c\u00e2u m\u00e8o gi\u00fap hu\u1ea5n luy\u1ec7n m\u00e8o b\u1ea3n n\u0103ng t\u1ef1 nhi\u00ean, nhanh nh\u1eb9n, linh ho\u1ea1t trong h\u00e0nh \u0111\u1ed9ng.<\/p>\n<p>T\u1ea1o m\u1ed1i quan h\u1ec7 th\u00e2n thi\u1ebft g\u1eafn b\u00f3 gi\u1eef ng\u01b0\u1eddi nu\u00f4i v\u00e0 m\u00e8o trong l\u00fac ch\u01a1i \u0111\u00f9a c\u00f9ng nhau.<\/p>\n<p>Gi\u00fap b\u00e9 m\u00e8o gi\u1ea3i tr\u00ed, gi\u1ea3m stress cho m\u00e8o.<\/p>\n<p>C\u1ea7n c\u00e2u m\u00e8o l\u00e0 m\u00f3n \u0111\u1ed3 ch\u01a1i th\u00fa c\u01b0ng r\u1ea5t th\u00edch ch\u01a1i v\u00e0 gi\u00fap \u00edch r\u1ea5t cao trong vi\u1ec7c t\u01b0\u01a1ng t\u00e1c gi\u1eefa ng\u01b0\u1eddi v\u1edbi th\u00fa c\u01b0ng.<\/p>\n<p><strong>Quy\u1ec1n l\u1ee3i khi mua h\u00e0ng t\u1ea1i P-Pet Shop:<\/strong><\/p>\n<p>Cam k\u1ebft h\u00e0ng ch\u00ednh h\u00e3ng 100% Ho\u00e0n ti\u1ec1n v\u00e0 \u0111\u1ed5i tr\u1ea3 s\u1ea3n ph\u1ea9m n\u1ebfu kh\u00f4ng \u0111\u00fang mi\u00eau t\u1ea3.<\/p>\n<p>N\u1ebfu ph\u00e1t hi\u1ec7n ra h\u00e0ng Fake ho\u00e0n ti\u1ec1n g\u1ea5p \u0111\u00f4i s\u1ea3n ph\u1ea9m<\/p>\n<p>N\u1ebfu c\u00f3 b\u1ea5t k\u00ec \u0111i\u1ec1u g\u00ec c\u1ea7n h\u1ed7 tr\u1ee3 v\u1edbi s\u1ea3n ph\u1ea9m vui l\u00f2ng li\u00ean h\u1ec7 ngay v\u1edbi P-Pet Shop<\/p>\n<p>Ch\u00fang t\u00f4i cam k\u1ebft \u0111\u1eb7t uy t\u00edn v\u00e0 ch\u1ea5t l\u01b0\u1ee3ng s\u1ea3n ph\u1ea9m l\u00ean h\u00e0ng \u0111\u1ea7u<\/p>\n","protected":false},"excerpt":{"rendered":"<p>TH\u00d4NG TIN S\u1ea2N PH\u1ea8M: \u2714Thi\u1ebft k\u1ebf \u0111\u00e1ng y\u00eau, m\u1ec1m m\u1ea1i, ch\u1eafc ch\u1eafn. \u2714Que c\u00e1n nh\u1ef1a \u0111\u01a1n gi\u1ea3n d\u1ec5 s\u1eed d\u1ee5ng. C\u00f4ng D\u1ee5ng: \u0110\u1ed3 ch\u01a1i c\u1ea7n c\u00e2u m\u00e8o gi\u00fap hu\u1ea5n luy\u1ec7n m\u00e8o b\u1ea3n n\u0103ng t\u1ef1 nhi\u00ean, nhanh nh\u1eb9n, linh ho\u1ea1t trong h\u00e0nh \u0111\u1ed9ng. T\u1ea1o m\u1ed1i quan h\u1ec7 th\u00e2n thi\u1ebft g\u1eafn b\u00f3 gi\u1eef ng\u01b0\u1eddi nu\u00f4i v\u00e0 m\u00e8o [&hellip;]<\/p>\n","protected":false},"featured_media":331,"comment_status":"open","ping_status":"closed","template":"","meta":[],"product_cat":[25],"product_tag":[94,83,31],"class_list":{"0":"post-327","1":"product","2":"type-product","3":"status-publish","4":"has-post-thumbnail","6":"product_cat-do-choi-thu-cung","7":"product_tag-can-cau","8":"product_tag-do-choi","9":"product_tag-meo","11":"first","12":"instock","13":"sale","14":"taxable","15":"shipping-taxable","16":"purchasable","17":"product-type-simple"},"jetpack_sharing_enabled":true,"_links":{"self":[{"href":"http:\/\/longcando.id.vn\/index.php\/wp-json\/wp\/v2\/product\/327","targetHints":{"allow":["GET"]}}],"collection":[{"href":"http:\/\/longcando.id.vn\/index.php\/wp-json\/wp\/v2\/product"}],"about":[{"href":"http:\/\/longcando.id.vn\/index.php\/wp-json\/wp\/v2\/types\/product"}],"replies":[{"embeddable":true,"href":"http:\/\/longcando.id.vn\/index.php\/wp-json\/wp\/v2\/comments?post=327"}],"wp:featuredmedia":[{"embeddable":true,"href":"http:\/\/longcando.id.vn\/index.php\/wp-json\/wp\/v2\/media\/331"}],"wp:attachment":[{"href":"http:\/\/longcando.id.vn\/index.php\/wp-json\/wp\/v2\/media?parent=327"}],"wp:term":[{"taxonomy":"product_cat","embeddable":true,"href":"http:\/\/longcando.id.vn\/index.php\/wp-json\/wp\/v2\/product_cat?post=327"},{"taxonomy":"product_tag","embeddable":true,"href":"http:\/\/longcando.id.vn\/index.php\/wp-json\/wp\/v2\/product_tag?post=327"}],"curies":[{"name":"wp","href":"https:\/\/api.w.org\/{rel}","templated":true}]}}