{"id":323,"date":"2024-12-06T17:36:34","date_gmt":"2024-12-06T17:36:34","guid":{"rendered":"http:\/\/longcando.id.vn\/?post_type=product&#038;p=323"},"modified":"2024-12-20T13:36:00","modified_gmt":"2024-12-20T13:36:00","slug":"do-choi-cho-cho-cuc-xuong-cao-su-lam-sach-rang-do-choi-cho-thu-cung","status":"publish","type":"product","link":"http:\/\/longcando.id.vn\/index.php\/san-pham\/do-choi-cho-cho-cuc-xuong-cao-su-lam-sach-rang-do-choi-cho-thu-cung\/","title":{"rendered":"\u0110\u1ed3 ch\u01a1i cho ch\u00f3 C\u1ee5c x\u01b0\u01a1ng cao su l\u00e0m s\u1ea1ch r\u0103ng &#8211; \u0110\u1ed3 ch\u01a1i cho th\u00fa c\u01b0ng"},"content":{"rendered":"<p>S\u1eed d\u1ee5ng x\u01b0\u01a1ng g\u1eb7m l\u00e0 ph\u01b0\u01a1ng ph\u00e1p an to\u00e0n gi\u00fap h\u1ea1n ch\u1ebf h\u00e0nh vi g\u1eb7m ph\u00e1 ho\u1ea1i \u1edf lo\u00e0i ch\u00f3.<\/p>\n<p>Nhai g\u1eb7m l\u00e0 h\u00e0nh vi th\u01b0\u1eddng th\u1ea5y c\u1ee7a lo\u00e0i ch\u00f3 \u1edf b\u1ea5t k\u1ef3 \u0111\u1ed9 tu\u1ed5i n\u00e0o, b\u1ea1n c\u00f3 th\u1ec3 t\u00ecm hi\u1ec3u nh\u1eefng l\u00fd do ch\u00f3 th\u00edch g\u1eb7m \u0111\u1ed3 \u0111\u1ea1c.<\/p>\n<p>\u0110\u1ed1i v\u1edbi ch\u00f3 con, giai \u0111o\u1ea1n m\u1ecdc r\u0103ng c\u1ee7a ch\u00fang b\u1eaft \u0111\u1ea7u khi ch\u00f3 ba \u0111\u1ebfn t\u00e1m tu\u1ea7n tu\u1ed5i, r\u1ed3i t\u1eeb kho\u1ea3ng th\u00e1ng th\u1ee9 t\u01b0 \u0111\u1ebfn th\u00e1ng th\u1ee9 s\u00e1u, r\u0103ng s\u1eefa s\u1ebd \u0111\u01b0\u1ee3c th\u1ebf ch\u1ed7 b\u1eb1ng r\u0103ng v\u0129nh vi\u1ec5n.<\/p>\n<p>Ch\u00ednh v\u00ec v\u1eady, Inu l\u00e0 m\u1ed9t l\u1ef1a ch\u1ecdn ho\u00e0n h\u1ea3o n\u1ebfu b\u1ea1n \u0111ang t\u00ecm ki\u1ebfm x\u01b0\u01a1ng g\u1eb7m d\u00e0nh cho ch\u00f3 con.<\/p>\n<p>\u0110\u1ed3 ch\u01a1i ch\u00fat ch\u00edt \u0111\u00f9i g\u00e0 cho th\u00fa c\u01b0ng<\/p>\n<p>\u0110\u01b0\u1ee3c l\u00e0m t\u1eeb nh\u1ef1a kh\u00f4ng \u0111\u1ed9c h\u1ea1i, an to\u00e0n cho th\u00fa c\u01b0ng khi c\u1eafn v\u00e0 vui ch\u01a1i, ki\u1ec3u d\u00e1ng v\u00e0 m\u00e0u s\u1eafc t\u01b0\u01a1i t\u1eafn, b\u1ec1n \u0111\u1eb9p gi\u00fap cho th\u00fa c\u01b0ng kh\u00f4ng c\u00f2n nhai ho\u1eb7c c\u1eafn c\u00e1c v\u1eadt d\u1ee5ng trong nh\u00e0.<\/p>\n<p>\u0110\u1ed3 ch\u01a1i s\u1ebd ph\u00e1t ra ti\u1ebfng \u201cch\u00fat ch\u00edt\u201d khi th\u00fa c\u01b0ng c\u1eafn v\u00e0o, t\u1ea1o s\u1ef1 vui th\u00edch cho th\u00fa c\u01b0ng<\/p>\n","protected":false},"excerpt":{"rendered":"<p>S\u1eed d\u1ee5ng x\u01b0\u01a1ng g\u1eb7m l\u00e0 ph\u01b0\u01a1ng ph\u00e1p an to\u00e0n gi\u00fap h\u1ea1n ch\u1ebf h\u00e0nh vi g\u1eb7m ph\u00e1 ho\u1ea1i \u1edf lo\u00e0i ch\u00f3. Nhai g\u1eb7m l\u00e0 h\u00e0nh vi th\u01b0\u1eddng th\u1ea5y c\u1ee7a lo\u00e0i ch\u00f3 \u1edf b\u1ea5t k\u1ef3 \u0111\u1ed9 tu\u1ed5i n\u00e0o, b\u1ea1n c\u00f3 th\u1ec3 t\u00ecm hi\u1ec3u nh\u1eefng l\u00fd do ch\u00f3 th\u00edch g\u1eb7m \u0111\u1ed3 \u0111\u1ea1c. \u0110\u1ed1i v\u1edbi ch\u00f3 con, giai \u0111o\u1ea1n [&hellip;]<\/p>\n","protected":false},"featured_media":325,"comment_status":"open","ping_status":"closed","template":"","meta":[],"product_cat":[25],"product_tag":[43,83,62,92],"class_list":{"0":"post-323","1":"product","2":"type-product","3":"status-publish","4":"has-post-thumbnail","6":"product_cat-do-choi-thu-cung","7":"product_tag-cho","8":"product_tag-do-choi","9":"product_tag-thu-cung","10":"product_tag-xuong","12":"first","13":"instock","14":"taxable","15":"shipping-taxable","16":"purchasable","17":"product-type-simple"},"jetpack_sharing_enabled":true,"_links":{"self":[{"href":"http:\/\/longcando.id.vn\/index.php\/wp-json\/wp\/v2\/product\/323","targetHints":{"allow":["GET"]}}],"collection":[{"href":"http:\/\/longcando.id.vn\/index.php\/wp-json\/wp\/v2\/product"}],"about":[{"href":"http:\/\/longcando.id.vn\/index.php\/wp-json\/wp\/v2\/types\/product"}],"replies":[{"embeddable":true,"href":"http:\/\/longcando.id.vn\/index.php\/wp-json\/wp\/v2\/comments?post=323"}],"wp:featuredmedia":[{"embeddable":true,"href":"http:\/\/longcando.id.vn\/index.php\/wp-json\/wp\/v2\/media\/325"}],"wp:attachment":[{"href":"http:\/\/longcando.id.vn\/index.php\/wp-json\/wp\/v2\/media?parent=323"}],"wp:term":[{"taxonomy":"product_cat","embeddable":true,"href":"http:\/\/longcando.id.vn\/index.php\/wp-json\/wp\/v2\/product_cat?post=323"},{"taxonomy":"product_tag","embeddable":true,"href":"http:\/\/longcando.id.vn\/index.php\/wp-json\/wp\/v2\/product_tag?post=323"}],"curies":[{"name":"wp","href":"https:\/\/api.w.org\/{rel}","templated":true}]}}