{"id":317,"date":"2024-12-06T17:32:37","date_gmt":"2024-12-06T17:32:37","guid":{"rendered":"http:\/\/longcando.id.vn\/?post_type=product&#038;p=317"},"modified":"2024-12-06T17:37:59","modified_gmt":"2024-12-06T17:37:59","slug":"vong-co-cho-cho-lon-vong-co-xin-co-dem-davong-co-size-lon-cho-cho","status":"publish","type":"product","link":"http:\/\/longcando.id.vn\/index.php\/san-pham\/vong-co-cho-cho-lon-vong-co-xin-co-dem-davong-co-size-lon-cho-cho\/","title":{"rendered":"V\u00f2ng C\u1ed5 Cho Ch\u00f3 L\u1edbn &#8211; V\u00f2ng C\u1ed5 X\u1ecbn C\u00f3 \u0110\u1ec7m DaV\u00f2ng C\u1ed5 Size L\u1edbn Cho Ch\u00f3"},"content":{"rendered":"<p><strong>TH\u00d4NG TIN S\u1ea2N PH\u1ea8M\u00a0<\/strong><\/p>\n<p>&#8211; R\u1eba, M\u00c0U \u0110\u1eb8P GI\u00daP B\u1ea0N D\u1ec4 D\u00c0NG TH\u1ea4Y C\u00daN C\u01afNG C\u1ee6A B\u1ea0N<\/p>\n<p>&#8211; V\u00f2ng c\u1ed5 cho c\u00fan v\u00e0 m\u00e8o c\u01b0ng \u0111\u1eb9p, th\u00fa c\u01b0ng c\u00f3 c\u00e2n n\u1eb7ng c\u01a1 th\u1ec3 tr\u00ean 5kg.<\/p>\n<p>&#8211; B\u1ea1n c\u00f3 th\u1ec3 \u0111i\u1ec1u ch\u1ec9nh k\u00edch th\u01b0\u1edbc c\u1ee7a v\u00f2ng c\u1ed5 theo k\u00edch th\u01b0\u1edbc c\u1ed5 c\u1ee7a ch\u00fa c\u00fan c\u01b0ng c\u1ee7a b\u1ea1n, chi\u1ec1u d\u00e0i ng\u1eafn nh\u1ea5t c\u1ee7a v\u00f2ng c\u1ed5 c\u1ee7a ch\u00fang t\u00f4i c\u00f3 th\u1ec3 \u0111\u01b0\u1ee3c \u0111i\u1ec1u ch\u1ec9nh l\u00e0 27 cm v\u00e0 chi\u1ec1u d\u00e0i d\u00e0i nh\u1ea5t c\u00f3 th\u1ec3 \u0111\u01b0\u1ee3c \u0111i\u1ec1u ch\u1ec9nh l\u00e0 51 cm<\/p>\n<p>&#8211; Ch\u1ea5t li\u1ec7u v\u00f2ng c\u1ed5 m\u1ec1m m\u1ea1i, \u0111\u1eb7c bi\u1ec7t kh\u00f4ng l\u00e0m m\u00e8o c\u01b0ng b\u1ecb \u0111au, r\u1ea5t tho\u1ea3i m\u00e1i khi \u0111eo.<\/p>\n<p>&#8211; M\u00e0u s\u1eafc t\u1ea1o h\u00ecnh gi\u00fap b\u1ea1n d\u1ec5 d\u00e0ng l\u1ef1a ch\u1ecdn m\u00e0u y\u00eau th\u00edch.<\/p>\n<p>&#8211; Gi\u00fap b\u1ea1n d\u1ec5 d\u00e0ng quan s\u00e1t th\u00fa c\u01b0ng c\u1ee7a m\u00ecnh,<\/p>\n<p>&#8211; T\u1ea1o &#8220;phong c\u00e1ch&#8221; cho v\u1eadt nu\u00f4i<\/p>\n<p><em><strong>Quy\u1ec1n l\u1ee3i khi mua h\u00e0ng t\u1ea1i P-Pet Shop:<\/strong><\/em><br \/>\nCam k\u1ebft h\u00e0ng ch\u00ednh h\u00e3ng 100%<br \/>\nHo\u00e0n ti\u1ec1n v\u00e0 \u0111\u1ed5i tr\u1ea3 s\u1ea3n ph\u1ea9m n\u1ebfu kh\u00f4ng \u0111\u00fang mi\u00eau t\u1ea3. N\u1ebfu ph\u00e1t hi\u1ec7n ra h\u00e0ng Fake ho\u00e0n ti\u1ec1n g\u1ea5p \u0111\u00f4i s\u1ea3n ph\u1ea9m<br \/>\nN\u1ebfu c\u00f3 b\u1ea5t k\u00ec \u0111i\u1ec1u g\u00ec c\u1ea7n h\u1ed7 tr\u1ee3 v\u1edbi s\u1ea3n ph\u1ea9m vui l\u00f2ng li\u00ean h\u1ec7 ngay v\u1edbi P-Pet Shop<br \/>\nCh\u00fang t\u00f4i cam k\u1ebft \u0111\u1eb7t uy t\u00edn v\u00e0 ch\u1ea5t l\u01b0\u1ee3ng s\u1ea3n ph\u1ea9m l\u00ean h\u00e0ng \u0111\u1ea7u<\/p>\n","protected":false},"excerpt":{"rendered":"<p>TH\u00d4NG TIN S\u1ea2N PH\u1ea8M\u00a0 &#8211; R\u1eba, M\u00c0U \u0110\u1eb8P GI\u00daP B\u1ea0N D\u1ec4 D\u00c0NG TH\u1ea4Y C\u00daN C\u01afNG C\u1ee6A B\u1ea0N &#8211; V\u00f2ng c\u1ed5 cho c\u00fan v\u00e0 m\u00e8o c\u01b0ng \u0111\u1eb9p, th\u00fa c\u01b0ng c\u00f3 c\u00e2n n\u1eb7ng c\u01a1 th\u1ec3 tr\u00ean 5kg. &#8211; B\u1ea1n c\u00f3 th\u1ec3 \u0111i\u1ec1u ch\u1ec9nh k\u00edch th\u01b0\u1edbc c\u1ee7a v\u00f2ng c\u1ed5 theo k\u00edch th\u01b0\u1edbc c\u1ed5 c\u1ee7a ch\u00fa c\u00fan c\u01b0ng c\u1ee7a [&hellip;]<\/p>\n","protected":false},"featured_media":295,"comment_status":"open","ping_status":"closed","template":"","meta":[],"product_cat":[20],"product_tag":[88,90,62,87,89],"class_list":{"0":"post-317","1":"product","2":"type-product","3":"status-publish","4":"has-post-thumbnail","6":"product_cat-vong-co-day-dat","7":"product_tag-day-dat","8":"product_tag-mau-sac","9":"product_tag-thu-cung","10":"product_tag-vong-co","11":"product_tag-vong-co-mau-sac","13":"first","14":"instock","15":"sale","16":"taxable","17":"shipping-taxable","18":"purchasable","19":"product-type-variable"},"jetpack_sharing_enabled":true,"_links":{"self":[{"href":"http:\/\/longcando.id.vn\/index.php\/wp-json\/wp\/v2\/product\/317","targetHints":{"allow":["GET"]}}],"collection":[{"href":"http:\/\/longcando.id.vn\/index.php\/wp-json\/wp\/v2\/product"}],"about":[{"href":"http:\/\/longcando.id.vn\/index.php\/wp-json\/wp\/v2\/types\/product"}],"replies":[{"embeddable":true,"href":"http:\/\/longcando.id.vn\/index.php\/wp-json\/wp\/v2\/comments?post=317"}],"wp:featuredmedia":[{"embeddable":true,"href":"http:\/\/longcando.id.vn\/index.php\/wp-json\/wp\/v2\/media\/295"}],"wp:attachment":[{"href":"http:\/\/longcando.id.vn\/index.php\/wp-json\/wp\/v2\/media?parent=317"}],"wp:term":[{"taxonomy":"product_cat","embeddable":true,"href":"http:\/\/longcando.id.vn\/index.php\/wp-json\/wp\/v2\/product_cat?post=317"},{"taxonomy":"product_tag","embeddable":true,"href":"http:\/\/longcando.id.vn\/index.php\/wp-json\/wp\/v2\/product_tag?post=317"}],"curies":[{"name":"wp","href":"https:\/\/api.w.org\/{rel}","templated":true}]}}