{"id":303,"date":"2024-12-06T17:26:14","date_gmt":"2024-12-06T17:26:14","guid":{"rendered":"http:\/\/longcando.id.vn\/?post_type=product&#038;p=303"},"modified":"2024-12-20T13:36:02","modified_gmt":"2024-12-20T13:36:02","slug":"do-choi-bong-cao-su-7-sac-cho-cho-meo","status":"publish","type":"product","link":"http:\/\/longcando.id.vn\/index.php\/san-pham\/do-choi-bong-cao-su-7-sac-cho-cho-meo\/","title":{"rendered":"\u0110\u1ed3 ch\u01a1i b\u00f3ng cao su 7 s\u1eafc cho ch\u00f3 m\u00e8o"},"content":{"rendered":"<p>TH\u00d4NG TIN S\u1ea2N PH\u1ea8M<\/p>\n<p>&#8211; K\u00edch Th\u01b0\u1edbc: CV 20cm<\/p>\n<p>&#8211; Ch\u1ea5t li\u1ec7u: nh\u1ef1a d\u1ebbo<\/p>\n<p>&#8211; M\u00e0u s\u1eafc: h\u1ed3ng, cam, xanh l\u00e1&#8230;<\/p>\n<p>\u0110\u1eb6C \u0110I\u1ec2M N\u1ed4I B\u1eacT<\/p>\n<p>&#8211; \u0110\u1ed3 ch\u01a1i b\u00f3ng cao su gai l\u00e0m t\u1eeb ch\u1ea5t li\u1ec7u cao su cao c\u1ea5p, kh\u00f4ng ch\u1ee9a c\u00e1c ch\u1ea5t \u0111\u1ed9c h\u1ea1i, th\u00e2n thi\u1ec7n v\u1edbi m\u00f4i tr\u01b0\u1eddng \u0111\u1ea3m b\u1ea3o an to\u00e0n cho s\u1ee9c kh\u1ecfe th\u00fa c\u01b0ng nh\u00e0 b\u1ea1n. Gi\u00fap gi\u1ea3m ngh\u1ecbch ph\u00e1, c\u1eafn h\u01b0 \u0111\u1ed3 \u0111\u1ea1c trong nh\u00e0.<\/p>\n<p>&#8211; S\u1ea3n ph\u1ea9m v\u1edbi ki\u1ec3u d\u00e1ng, m\u00e0u s\u1eafc t\u01b0\u01a1i t\u1eafn thu h\u00fat, gi\u00fap th\u00fa c\u01b0ng h\u0103ng say vui \u0111\u00f9a t\u1ea1o s\u1ef1 v\u1eadn \u0111\u1ed9ng kh\u1ecfe m\u1ea1nh v\u00e0 nhanh nh\u1eb9n. B\u00ean c\u1ea1nh \u0111\u00f3, \u0111\u1ed3 ch\u01a1i c\u0169ng r\u1ea5t t\u1ed1t cho qu\u00e1 tr\u00ecnh ph\u00e1t tri\u1ec3n r\u0103ng c\u1ee7a th\u00fa c\u01b0ng nh\u00e0 b\u1ea1n.<\/p>\n<p>&#8211; Ngo\u00e0i ra, b\u00ean trong c\u00f2n c\u00f3 1 chi\u1ebfc c\u00f2i nh\u1ecf, t\u1ea1o n\u00ean \u00e2m thanh ch\u00fat ch\u00edt vui nh\u1ed9n, s\u1ed1ng \u0111\u1ed9ng cho cu\u1ed9c s\u1ed1ng, t\u1ea1o s\u1ef1 vui th\u00edch cho th\u00fa c\u01b0ng.<\/p>\n<p><strong>Quy\u1ec1n l\u1ee3i khi mua h\u00e0ng t\u1ea1i P-Pet Shop:<\/strong><\/p>\n<p>&#8211; Cam k\u1ebft h\u00e0ng ch\u00ednh h\u00e3ng 100%<br \/>\n&#8211; Ho\u00e0n ti\u1ec1n v\u00e0 \u0111\u1ed5i tr\u1ea3 s\u1ea3n ph\u1ea9m n\u1ebfu kh\u00f4ng \u0111\u00fang mi\u00eau t\u1ea3.<br \/>\n&#8211; N\u1ebfu ph\u00e1t hi\u1ec7n ra h\u00e0ng Fake ho\u00e0n ti\u1ec1n g\u1ea5p \u0111\u00f4i s\u1ea3n ph\u1ea9m<br \/>\n&#8211; N\u1ebfu c\u00f3 b\u1ea5t k\u00ec \u0111i\u1ec1u g\u00ec c\u1ea7n h\u1ed7 tr\u1ee3 v\u1edbi s\u1ea3n ph\u1ea9m vui l\u00f2ng li\u00ean h\u1ec7 ngay v\u1edbi P-Pet Shop<br \/>\n&#8211; Ch\u00fang t\u00f4i cam k\u1ebft \u0111\u1eb7t uy t\u00edn v\u00e0 ch\u1ea5t l\u01b0\u1ee3ng s\u1ea3n ph\u1ea9m l\u00ean h\u00e0ng \u0111\u1ea7u<\/p>\n","protected":false},"excerpt":{"rendered":"<p>TH\u00d4NG TIN S\u1ea2N PH\u1ea8M &#8211; K\u00edch Th\u01b0\u1edbc: CV 20cm &#8211; Ch\u1ea5t li\u1ec7u: nh\u1ef1a d\u1ebbo &#8211; M\u00e0u s\u1eafc: h\u1ed3ng, cam, xanh l\u00e1&#8230; \u0110\u1eb6C \u0110I\u1ec2M N\u1ed4I B\u1eacT &#8211; \u0110\u1ed3 ch\u01a1i b\u00f3ng cao su gai l\u00e0m t\u1eeb ch\u1ea5t li\u1ec7u cao su cao c\u1ea5p, kh\u00f4ng ch\u1ee9a c\u00e1c ch\u1ea5t \u0111\u1ed9c h\u1ea1i, th\u00e2n thi\u1ec7n v\u1edbi m\u00f4i tr\u01b0\u1eddng \u0111\u1ea3m b\u1ea3o an to\u00e0n [&hellip;]<\/p>\n","protected":false},"featured_media":304,"comment_status":"open","ping_status":"closed","template":"","meta":[],"product_cat":[25],"product_tag":[85,86,43,83,31],"class_list":{"0":"post-303","1":"product","2":"type-product","3":"status-publish","4":"has-post-thumbnail","6":"product_cat-do-choi-thu-cung","7":"product_tag-bong","8":"product_tag-cao-su","9":"product_tag-cho","10":"product_tag-do-choi","11":"product_tag-meo","13":"first","14":"instock","15":"taxable","16":"shipping-taxable","17":"purchasable","18":"product-type-simple"},"jetpack_sharing_enabled":true,"_links":{"self":[{"href":"http:\/\/longcando.id.vn\/index.php\/wp-json\/wp\/v2\/product\/303","targetHints":{"allow":["GET"]}}],"collection":[{"href":"http:\/\/longcando.id.vn\/index.php\/wp-json\/wp\/v2\/product"}],"about":[{"href":"http:\/\/longcando.id.vn\/index.php\/wp-json\/wp\/v2\/types\/product"}],"replies":[{"embeddable":true,"href":"http:\/\/longcando.id.vn\/index.php\/wp-json\/wp\/v2\/comments?post=303"}],"wp:featuredmedia":[{"embeddable":true,"href":"http:\/\/longcando.id.vn\/index.php\/wp-json\/wp\/v2\/media\/304"}],"wp:attachment":[{"href":"http:\/\/longcando.id.vn\/index.php\/wp-json\/wp\/v2\/media?parent=303"}],"wp:term":[{"taxonomy":"product_cat","embeddable":true,"href":"http:\/\/longcando.id.vn\/index.php\/wp-json\/wp\/v2\/product_cat?post=303"},{"taxonomy":"product_tag","embeddable":true,"href":"http:\/\/longcando.id.vn\/index.php\/wp-json\/wp\/v2\/product_tag?post=303"}],"curies":[{"name":"wp","href":"https:\/\/api.w.org\/{rel}","templated":true}]}}