{"id":285,"date":"2024-12-06T17:12:29","date_gmt":"2024-12-06T17:12:29","guid":{"rendered":"http:\/\/longcando.id.vn\/?post_type=product&#038;p=285"},"modified":"2024-12-20T13:36:06","modified_gmt":"2024-12-20T13:36:06","slug":"do-choi-cuc-bong-meo-con-petgavity","status":"publish","type":"product","link":"http:\/\/longcando.id.vn\/index.php\/san-pham\/do-choi-cuc-bong-meo-con-petgavity\/","title":{"rendered":"\u0110\u1ed3 ch\u01a1i c\u1ee5c b\u00f4ng m\u00e8o con Petgavity"},"content":{"rendered":"<p>\u0110\u01b0\u1ee3c n\u00e2ng c\u1ea5p ph\u00e1t ti\u1ebfng k\u00eau \u0111\u1ed9ng v\u1eadt th\u1ef1c t\u1ebf \u0111\u1ec3 thu h\u00fat m\u00e8o c\u1ee7a b\u1ea1n v\u00e0o ban \u0111\u00eam.<\/p>\n<p>\u00c2m thanh c\u1ee7a 3 lo\u00e0i \u0111\u1ed9ng v\u1eadt l\u1ea7n l\u01b0\u1ee3t l\u00e0 ti\u1ebfng \u1ebfch, ti\u1ebfng d\u1ebf v\u00e0 ti\u1ebfng chim k\u00eau.<\/p>\n<p>\u00c2m thanh kh\u00f4ng v\u01b0\u1ee3t qu\u00e1 60 decibel, \u00e2m thanh 2 gi\u00e2y m\u1ed7i l\u1ea7n, kh\u00f4ng \u1ed3n \u00e0o v\u00e0 ng\u1eafn.<\/p>\n<p>C\u00f3 th\u1ec3 s\u1eed d\u1ee5ng t\u1eebng qu\u1ea3 b\u00f3ng \u0111\u1ed3 ch\u01a1i cho m\u00e8o<\/p>\n<p>\u3010\u0110\u01b0\u1ee3c thi\u1ebft k\u1ebf \u0111\u1ec3 t\u1ed3n t\u1ea1i l\u00e2u d\u00e0i\u3011:<\/p>\n<p>&#8211; \u0110\u01b0\u1ee3c l\u00e0m t\u1eeb ch\u1ea5t li\u1ec7u sang tr\u1ecdng, m\u1ec1m v\u00e0 ch\u1ed1ng c\u1eafn, m\u1ed7i qu\u1ea3 b\u00f3ng \u0111\u1ed3 ch\u01a1i cho m\u00e8o c\u00f3 th\u1ec3 k\u00eau meo meo 10.000 l\u1ea7n.<\/p>\n<p>&#8211; C\u00f3 th\u1ec3 thay th\u1ebf 2 pin LR41 t\u00edch h\u1ee3p ch\u1ec9 b\u1eb1ng c\u00e1ch b\u1eadt n\u00f3 l\u00ean. \u0111\u1eady n\u1eafp l\u1ea1i, th\u00e1o h\u1ed9p catnip, v\u1ee9t pin v\u00e0 l\u1eafp pin m\u1edbi. (Ch\u00fa \u00fd c\u1ef1c d\u01b0\u01a1ng v\u00e0 c\u1ef1c \u00e2m) B\u00f3ng y\u00ean t\u0129nh khi \u1edf m\u1ed9t m\u00ecnh \u0111\u1ec3 ti\u1ebft ki\u1ec7m pin.<\/p>\n<p>[C\u00e1ch s\u1eed d\u1ee5ng]:<\/p>\n<p>&#8211; K\u00edch ho\u1ea1t \u0111\u1ed3 ch\u01a1i b\u1eb1ng c\u00e1ch th\u00e1o t\u1ea5m c\u00e1ch nhi\u1ec7t trong su\u1ed1t d\u00f9ng m\u1ed9t l\u1ea7n ph\u00eda tr\u00ean qu\u1ea3 b\u00f3ng k\u00eau r\u00edt.<\/p>\n<p>&#8211; M\u1ed9t khi l\u1edbp c\u00e1ch nhi\u1ec7t trong su\u1ed1t \u0111\u01b0\u1ee3c g\u1ee1 b\u1ecf, n\u00f3 s\u1ebd kh\u00f4ng \u0111\u01b0\u1ee3c tr\u1ea3 l\u1ea1i.<\/p>\n<p>&#8211; Ch\u1ec9 c\u1ea7n ch\u1ea1m \u0111\u1ec3 t\u1ea1o ra \u00e2m thanh. (C\u1ea3nh b\u00e1o ph\u00eda d\u01b0\u1edbi: Khi kh\u00f4ng c\u00f3 \u00e2m thanh, vui l\u00f2ng \u0111\u1eadp m\u1ea1nh v\u00e0o t\u1ea5m ph\u00eda d\u01b0\u1edbi \u0111\u1ec3 gi\u1ea3i quy\u1ebft v\u1ea5n \u0111\u1ec1 kh\u00f4ng c\u00f3 \u00e2m thanh.<\/p>\n<p>[\u0110\u1ea3m b\u1ea3o s\u1ef1 h\u00e0i l\u00f2ng]: Bao b\u00ec \u0111\u00e1ng y\u00eau, thi\u1ebft k\u1ebf \u0111\u1eb9p v\u00e0 \u0111\u01a1n gi\u1ea3n, nhi\u1ec1u c\u00e1ch gi\u1ea3i tr\u00ed. Nh\u1eefng \u0111\u1ed3 ch\u01a1i catnip n\u00e0y gi\u00fap m\u00e8o c\u1ee7a b\u1ea1n lu\u00f4n n\u0103ng \u0111\u1ed9ng v\u00e0 b\u1eadn r\u1ed9n ngay c\u1ea3 khi con ng\u01b0\u1eddi y\u00eau th\u00edch c\u1ee7a ch\u00fang \u0111\u00ednh h\u00f4n ho\u1eb7c \u0111i xa, gi\u00fap m\u00e8o c\u1ee7a b\u1ea1n kh\u00f4ng b\u1ecb c\u00f4 \u0111\u01a1n.<\/p>\n<p>Quy\u1ec1n l\u1ee3i khi mua h\u00e0ng t\u1ea1i P-Pet Shop: Cam k\u1ebft h\u00e0ng ch\u00ednh h\u00e3ng 100% Ho\u00e0n ti\u1ec1n v\u00e0 \u0111\u1ed5i tr\u1ea3 s\u1ea3n ph\u1ea9m n\u1ebfu kh\u00f4ng \u0111\u00fang mi\u00eau t\u1ea3. N\u1ebfu ph\u00e1t hi\u1ec7n ra h\u00e0ng Fake ho\u00e0n ti\u1ec1n g\u1ea5p \u0111\u00f4i s\u1ea3n ph\u1ea9m N\u1ebfu c\u00f3 b\u1ea5t k\u00ec \u0111i\u1ec1u g\u00ec c\u1ea7n h\u1ed7 tr\u1ee3 v\u1edbi s\u1ea3n ph\u1ea9m vui l\u00f2ng li\u00ean h\u1ec7 ngay v\u1edbi P-Pet Shop Ch\u00fang t\u00f4i cam k\u1ebft \u0111\u1eb7t uy t\u00edn v\u00e0 ch\u1ea5t l\u01b0\u1ee3ng s\u1ea3n ph\u1ea9m l\u00ean h\u00e0ng \u0111\u1ea7u<\/p>\n","protected":false},"excerpt":{"rendered":"<p>\u0110\u01b0\u1ee3c n\u00e2ng c\u1ea5p ph\u00e1t ti\u1ebfng k\u00eau \u0111\u1ed9ng v\u1eadt th\u1ef1c t\u1ebf \u0111\u1ec3 thu h\u00fat m\u00e8o c\u1ee7a b\u1ea1n v\u00e0o ban \u0111\u00eam. \u00c2m thanh c\u1ee7a 3 lo\u00e0i \u0111\u1ed9ng v\u1eadt l\u1ea7n l\u01b0\u1ee3t l\u00e0 ti\u1ebfng \u1ebfch, ti\u1ebfng d\u1ebf v\u00e0 ti\u1ebfng chim k\u00eau. \u00c2m thanh kh\u00f4ng v\u01b0\u1ee3t qu\u00e1 60 decibel, \u00e2m thanh 2 gi\u00e2y m\u1ed7i l\u1ea7n, kh\u00f4ng \u1ed3n \u00e0o v\u00e0 ng\u1eafn. [&hellip;]<\/p>\n","protected":false},"featured_media":287,"comment_status":"open","ping_status":"closed","template":"","meta":[],"product_cat":[25],"product_tag":[85,83,31,62],"class_list":{"0":"post-285","1":"product","2":"type-product","3":"status-publish","4":"has-post-thumbnail","6":"product_cat-do-choi-thu-cung","7":"product_tag-bong","8":"product_tag-do-choi","9":"product_tag-meo","10":"product_tag-thu-cung","12":"first","13":"instock","14":"taxable","15":"shipping-taxable","16":"purchasable","17":"product-type-simple"},"jetpack_sharing_enabled":true,"_links":{"self":[{"href":"http:\/\/longcando.id.vn\/index.php\/wp-json\/wp\/v2\/product\/285","targetHints":{"allow":["GET"]}}],"collection":[{"href":"http:\/\/longcando.id.vn\/index.php\/wp-json\/wp\/v2\/product"}],"about":[{"href":"http:\/\/longcando.id.vn\/index.php\/wp-json\/wp\/v2\/types\/product"}],"replies":[{"embeddable":true,"href":"http:\/\/longcando.id.vn\/index.php\/wp-json\/wp\/v2\/comments?post=285"}],"wp:featuredmedia":[{"embeddable":true,"href":"http:\/\/longcando.id.vn\/index.php\/wp-json\/wp\/v2\/media\/287"}],"wp:attachment":[{"href":"http:\/\/longcando.id.vn\/index.php\/wp-json\/wp\/v2\/media?parent=285"}],"wp:term":[{"taxonomy":"product_cat","embeddable":true,"href":"http:\/\/longcando.id.vn\/index.php\/wp-json\/wp\/v2\/product_cat?post=285"},{"taxonomy":"product_tag","embeddable":true,"href":"http:\/\/longcando.id.vn\/index.php\/wp-json\/wp\/v2\/product_tag?post=285"}],"curies":[{"name":"wp","href":"https:\/\/api.w.org\/{rel}","templated":true}]}}