{"id":283,"date":"2024-12-06T17:08:56","date_gmt":"2024-12-06T17:08:56","guid":{"rendered":"http:\/\/longcando.id.vn\/?post_type=product&#038;p=283"},"modified":"2024-12-20T13:36:07","modified_gmt":"2024-12-20T13:36:07","slug":"do-choi-cao-su-gam-sach-rang-cho-thu-cung","status":"publish","type":"product","link":"http:\/\/longcando.id.vn\/index.php\/san-pham\/do-choi-cao-su-gam-sach-rang-cho-thu-cung\/","title":{"rendered":"\u0110\u1ed3 ch\u01a1i cao su g\u1eb7m s\u1ea1ch r\u0103ng cho th\u00fa c\u01b0ng"},"content":{"rendered":"<p>TH\u00d4NG TIN S\u1ea2N PH\u1ea8M<\/p>\n<p>\u0110\u1ed3 ch\u01a1i nhai g\u1eb7m cho ch\u00f3 m\u00e8o ch\u1ea5t li\u1ec7u cao su TPR an to\u00e0n h\u1ed7 tr\u1ee3 l\u00e0m s\u1ea1ch r\u0103ng, gi\u1ea3m c\u1eafn ph\u00e1 v\u00e0 gi\u1ea3m stress cho c\u00e1c b\u00e9.<\/p>\n<p>Ch\u1ea5t li\u1ec7u:<\/p>\n<p>&#8211; S\u1ea3n ph\u1ea9m \u0111\u1ed3 ch\u01a1i t\u01b0\u01a1ng t\u00e1c v\u1edbi th\u00fa c\u01b0ng \u0111\u01b0\u1ee3c l\u00e0m b\u1edfi ch\u1ea5t li\u1ec7u TPR cao c\u1ea5p v\u00e0 d\u00e2y cotton d\u1ec7t \u0111an ch\u1eafc ch\u1eafn, b\u1ec1n b\u1ec9 \u0111\u00e1p \u1ee9ng nhu c\u1ea7u g\u1eb7m c\u1eafn c\u1ee7a ch\u00f3 m\u00e8o.<\/p>\n<p>&#8211; Ch\u1ea5t li\u1ec7u v\u1edbi \u0111\u1ed9 b\u1ec1n cao, m\u00e0u s\u1eafc thu h\u00fat, kh\u1ea3 n\u0103ng \u0111\u00e0n h\u1ed3i t\u1ed1t, th\u00e2n thi\u1ec7n v\u1edbi m\u00f4i tr\u01b0\u1eddng v\u00e0 \u0111\u1eb7c bi\u1ec7t an to\u00e0n cho s\u1ee9c kho\u1ebb th\u00fa c\u01b0ng.<\/p>\n<p>C\u00f4ng d\u1ee5ng:<\/p>\n<p>&#8211; \u0110\u1ed3 ch\u01a1i t\u01b0\u01a1ng t\u00e1c g\u1eb7m, c\u1eafn cho ch\u00f3 l\u00e0m gi\u1ea3m stress, gi\u1ea3i t\u1ecfa c\u0103ng th\u1eb3ng khi c\u00e1c b\u00e9 ph\u1ea3i \u1edf nh\u00e0 1 m\u00ecnh.<\/p>\n<p>&#8211; S\u1ea3n ph\u1ea9m \u0111\u1ed3 ch\u01a1i t\u01b0\u01a1ng t\u00e1c v\u1edbi th\u00fa c\u01b0ng n\u00e0y l\u00e0 l\u1ef1a ch\u1ecdn tuy\u1ec7t v\u1eddi k\u00edch th\u00edch b\u1ea3n n\u0103ng nhai g\u1eb7m t\u1ef1 nhi\u00ean c\u1ee7a th\u00fa c\u01b0ng h\u1ed7 tr\u1ee3 l\u00e0m s\u1ea1ch r\u0103ng v\u00e0 n\u01b0\u1edbu.<\/p>\n<p>&#8211; H\u1ea1n ch\u1ebf vi\u1ec7c th\u00fa c\u01b0ng c\u1eafn ph\u00e1 \u0111\u1ed3 \u0111\u1ea1c trong nh\u00e0<\/p>\n<p>&#8211; S\u1eed d\u1ee5ng c\u00e1c m\u00f3n \u0111\u1ed3 ch\u01a1i c\u00f9ng th\u00fa c\u01b0ng s\u1ebd gi\u00fap t\u0103ng s\u1ef1 t\u01b0\u01a1ng t\u00e1c gi\u1eefa th\u00fa c\u01b0ng v\u00e0 ch\u1ee7, khi\u1ebfn c\u00e1c b\u00e9 y\u00eau qu\u00fd, qu\u1ea5n ch\u1ee7 h\u01a1n.<\/p>\n","protected":false},"excerpt":{"rendered":"<p>TH\u00d4NG TIN S\u1ea2N PH\u1ea8M \u0110\u1ed3 ch\u01a1i nhai g\u1eb7m cho ch\u00f3 m\u00e8o ch\u1ea5t li\u1ec7u cao su TPR an to\u00e0n h\u1ed7 tr\u1ee3 l\u00e0m s\u1ea1ch r\u0103ng, gi\u1ea3m c\u1eafn ph\u00e1 v\u00e0 gi\u1ea3m stress cho c\u00e1c b\u00e9. Ch\u1ea5t li\u1ec7u: &#8211; S\u1ea3n ph\u1ea9m \u0111\u1ed3 ch\u01a1i t\u01b0\u01a1ng t\u00e1c v\u1edbi th\u00fa c\u01b0ng \u0111\u01b0\u1ee3c l\u00e0m b\u1edfi ch\u1ea5t li\u1ec7u TPR cao c\u1ea5p v\u00e0 d\u00e2y cotton [&hellip;]<\/p>\n","protected":false},"featured_media":284,"comment_status":"open","ping_status":"closed","template":"","meta":[],"product_cat":[25],"product_tag":[43,83,84,31,62],"class_list":{"0":"post-283","1":"product","2":"type-product","3":"status-publish","4":"has-post-thumbnail","6":"product_cat-do-choi-thu-cung","7":"product_tag-cho","8":"product_tag-do-choi","9":"product_tag-giai-tri","10":"product_tag-meo","11":"product_tag-thu-cung","13":"first","14":"instock","15":"taxable","16":"shipping-taxable","17":"purchasable","18":"product-type-simple"},"jetpack_sharing_enabled":true,"_links":{"self":[{"href":"http:\/\/longcando.id.vn\/index.php\/wp-json\/wp\/v2\/product\/283","targetHints":{"allow":["GET"]}}],"collection":[{"href":"http:\/\/longcando.id.vn\/index.php\/wp-json\/wp\/v2\/product"}],"about":[{"href":"http:\/\/longcando.id.vn\/index.php\/wp-json\/wp\/v2\/types\/product"}],"replies":[{"embeddable":true,"href":"http:\/\/longcando.id.vn\/index.php\/wp-json\/wp\/v2\/comments?post=283"}],"wp:featuredmedia":[{"embeddable":true,"href":"http:\/\/longcando.id.vn\/index.php\/wp-json\/wp\/v2\/media\/284"}],"wp:attachment":[{"href":"http:\/\/longcando.id.vn\/index.php\/wp-json\/wp\/v2\/media?parent=283"}],"wp:term":[{"taxonomy":"product_cat","embeddable":true,"href":"http:\/\/longcando.id.vn\/index.php\/wp-json\/wp\/v2\/product_cat?post=283"},{"taxonomy":"product_tag","embeddable":true,"href":"http:\/\/longcando.id.vn\/index.php\/wp-json\/wp\/v2\/product_tag?post=283"}],"curies":[{"name":"wp","href":"https:\/\/api.w.org\/{rel}","templated":true}]}}