{"id":281,"date":"2024-12-06T17:05:35","date_gmt":"2024-12-06T17:05:35","guid":{"rendered":"http:\/\/longcando.id.vn\/?post_type=product&#038;p=281"},"modified":"2024-12-20T13:34:51","modified_gmt":"2024-12-20T13:34:51","slug":"long-hang-khong-danh-cho-cho-meo-long-van-chuyen-thu-cung-di-xa-tien-loi-size-48cm-58cm-66cm","status":"publish","type":"product","link":"http:\/\/longcando.id.vn\/index.php\/san-pham\/long-hang-khong-danh-cho-cho-meo-long-van-chuyen-thu-cung-di-xa-tien-loi-size-48cm-58cm-66cm\/","title":{"rendered":"L\u1ed3ng H\u00e0ng Kh\u00f4ng D\u00e0nh Cho Ch\u00f3 M\u00e8o, L\u1ed3ng V\u1eadn Chuy\u1ec3n Th\u00fa C\u01b0ng \u0110i Xa Ti\u1ec7n L\u1ee3i Size 48CM, 58CM, 66CM"},"content":{"rendered":"<p>T\u00ean s\u1ea3n ph\u1ea9m: L\u1ed3ng h\u00e0ng kh\u00f4ng v\u1eadn chuy\u1ec3n ch\u00f3 m\u00e8o<\/p>\n<p>\u0110\u00e2y l\u00e0 s\u1ea3n ph\u1ea9m ph\u00f9 h\u1ee3p cho d\u1ecbch v\u1ee5 k\u00ed g\u1eedi th\u00fa c\u01b0ng trong c\u00e1c chuy\u1ebfn bay trong n\u01b0\u1edbc (ch\u01b0a \u0111\u1ee7 ti\u00eau chu\u1ea9n Boeing)<\/p>\n<p>Ch\u1ea5t li\u1ec7u: Nh\u1ef1a PP v\u00e0 th\u00e9p kh\u00f4ng g\u1ec9 M\u00e0u s\u1eafc: \u0110en, N\u00e2u v\u00e0 Xanh \u0111\u1eadm, (chu\u1ed3ng 81cm v\u00e0 99cm ch\u1ec9 c\u00f3 N\u00e2u v\u00e0 \u0110en)<\/p>\n<p>\u0110\u1eb6C \u0110I\u1ec2M:<\/p>\n<ul>\n<li>Thi\u1ebft k\u1ebf ph\u00f9 h\u1ee3p v\u1edbi ti\u00eau chu\u1ea9n k\u00ed g\u1eedi th\u00fa c\u01b0ng trong c\u00e1c chuy\u1ebfn h\u00e0ng kh\u00f4ng n\u1ed9i \u0111\u1ecba , t\u00e0u ho\u1ea3, \u00f4 t\u00f4.<\/li>\n<li>D\u1ec5 d\u00e0ng r\u00e0ng sau xe m\u00e1y, ho\u1eb7c c\u1ed1p \u00f4 t\u00f4 gia \u0111\u00ecnh. Ch\u1ea5t li\u1ec7u nh\u1ef1a PP si\u00eau b\u1ec1n, m\u00f3c th\u00e9p kh\u00f4ng g\u1ec9 ch\u1eafc ch\u1eafn.<\/li>\n<li>Thi\u1ebft k\u1ebf v\u1edbi nhi\u1ec1u l\u1ed7 tho\u00e1ng gi\u00f3, n\u00ean th\u00fa c\u01b0ng \u0111i xa kh\u00f4ng b\u1ecb ng\u1ed9t.<\/li>\n<li>Thi\u1ebft k\u1ebf c\u00f3 quai x\u00e1ch ti\u1ec7n d\u1ee5ng cho c\u00e1c l\u1ed3ng size v\u1eeba v\u00e0 nh\u1ecf, l\u1ed3ng size l\u1edbn c\u00f3 b\u00e1nh xe v\u00e0 tay k\u00e9o d\u1ea1ng vali n\u00ean d\u1ec5 d\u00e0ng v\u1eadn chuy\u1ec3n.<\/li>\n<li>L\u1ed3ng ch\u1eafc ch\u1eafn, ch\u1ecbu \u0111\u01b0\u1ee3c va \u0111\u1eadp m\u1ea1nh, b\u1ea3o v\u1ec7 an to\u00e0n cho th\u00fa c\u01b0ng<\/li>\n<\/ul>\n<p>Quy\u1ec1n l\u1ee3i khi mua h\u00e0ng t\u1ea1i P-Pet Shop: Cam k\u1ebft h\u00e0ng ch\u00ednh h\u00e3ng 100% Ho\u00e0n ti\u1ec1n v\u00e0 \u0111\u1ed5i tr\u1ea3 s\u1ea3n ph\u1ea9m n\u1ebfu kh\u00f4ng \u0111\u00fang mi\u00eau t\u1ea3. N\u1ebfu ph\u00e1t hi\u1ec7n ra h\u00e0ng Fake ho\u00e0n ti\u1ec1n g\u1ea5p \u0111\u00f4i s\u1ea3n ph\u1ea9m N\u1ebfu c\u00f3 b\u1ea5t k\u00ec \u0111i\u1ec1u g\u00ec c\u1ea7n h\u1ed7 tr\u1ee3 v\u1edbi s\u1ea3n ph\u1ea9m vui l\u00f2ng li\u00ean h\u1ec7 ngay v\u1edbi P-Pet Shop Ch\u00fang t\u00f4i cam k\u1ebft \u0111\u1eb7t uy t\u00edn v\u00e0 ch\u1ea5t l\u01b0\u1ee3ng s\u1ea3n ph\u1ea9m l\u00ean h\u00e0ng \u0111\u1ea7u<\/p>\n","protected":false},"excerpt":{"rendered":"<p>T\u00ean s\u1ea3n ph\u1ea9m: L\u1ed3ng h\u00e0ng kh\u00f4ng v\u1eadn chuy\u1ec3n ch\u00f3 m\u00e8o \u0110\u00e2y l\u00e0 s\u1ea3n ph\u1ea9m ph\u00f9 h\u1ee3p cho d\u1ecbch v\u1ee5 k\u00ed g\u1eedi th\u00fa c\u01b0ng trong c\u00e1c chuy\u1ebfn bay trong n\u01b0\u1edbc (ch\u01b0a \u0111\u1ee7 ti\u00eau chu\u1ea9n Boeing) Ch\u1ea5t li\u1ec7u: Nh\u1ef1a PP v\u00e0 th\u00e9p kh\u00f4ng g\u1ec9 M\u00e0u s\u1eafc: \u0110en, N\u00e2u v\u00e0 Xanh \u0111\u1eadm, (chu\u1ed3ng 81cm v\u00e0 99cm ch\u1ec9 c\u00f3 [&hellip;]<\/p>\n","protected":false},"featured_media":282,"comment_status":"open","ping_status":"closed","template":"","meta":[],"product_cat":[22],"product_tag":[43,64,31,62],"class_list":{"0":"post-281","1":"product","2":"type-product","3":"status-publish","4":"has-post-thumbnail","6":"product_cat-chuong-nem-tui","7":"product_tag-cho","8":"product_tag-chuong","9":"product_tag-meo","10":"product_tag-thu-cung","12":"first","13":"instock","14":"sale","15":"taxable","16":"shipping-taxable","17":"purchasable","18":"product-type-simple"},"jetpack_sharing_enabled":true,"_links":{"self":[{"href":"http:\/\/longcando.id.vn\/index.php\/wp-json\/wp\/v2\/product\/281","targetHints":{"allow":["GET"]}}],"collection":[{"href":"http:\/\/longcando.id.vn\/index.php\/wp-json\/wp\/v2\/product"}],"about":[{"href":"http:\/\/longcando.id.vn\/index.php\/wp-json\/wp\/v2\/types\/product"}],"replies":[{"embeddable":true,"href":"http:\/\/longcando.id.vn\/index.php\/wp-json\/wp\/v2\/comments?post=281"}],"wp:featuredmedia":[{"embeddable":true,"href":"http:\/\/longcando.id.vn\/index.php\/wp-json\/wp\/v2\/media\/282"}],"wp:attachment":[{"href":"http:\/\/longcando.id.vn\/index.php\/wp-json\/wp\/v2\/media?parent=281"}],"wp:term":[{"taxonomy":"product_cat","embeddable":true,"href":"http:\/\/longcando.id.vn\/index.php\/wp-json\/wp\/v2\/product_cat?post=281"},{"taxonomy":"product_tag","embeddable":true,"href":"http:\/\/longcando.id.vn\/index.php\/wp-json\/wp\/v2\/product_tag?post=281"}],"curies":[{"name":"wp","href":"https:\/\/api.w.org\/{rel}","templated":true}]}}