{"id":251,"date":"2024-12-06T16:04:30","date_gmt":"2024-12-06T16:04:30","guid":{"rendered":"http:\/\/longcando.id.vn\/?post_type=product&#038;p=251"},"modified":"2024-12-20T13:35:01","modified_gmt":"2024-12-20T13:35:01","slug":"dem-vong-chan-go-cho-thu-cung","status":"publish","type":"product","link":"http:\/\/longcando.id.vn\/index.php\/san-pham\/dem-vong-chan-go-cho-thu-cung\/","title":{"rendered":"\u0110\u1ec7m v\u00f5ng ch\u00e2n g\u1ed7 cho th\u00fa c\u01b0ng <10kg"},"content":{"rendered":"<p>\u0110\u1ec7m v\u00f5ng ch\u00e2n g\u1ed7 d\u00e0nh cho th\u00fa c\u01b0ng tr\u1ecdng l\u01b0\u1ee3ng &lt;10kg<\/p>\n<p>Ch\u1ea5t li\u1ec7u: V\u1ea3i Canvas cao c\u1ea5p, ch\u1ed1ng m\u00e0i m\u00f2n, tho\u00e1ng kh\u00ed. T\u1ea1o c\u1ea3m gi\u00e1c tho\u1ea3i m\u00e1i v\u00e0 th\u00e2n thi\u1ec7n v\u1edbi l\u00e0n da th\u00fa nu\u00f4i.<\/p>\n<p>\u2714Khung g\u1ed7 r\u1eafn ch\u1eafc. 4 ch\u00e2n g\u1ed7 th\u00f4ng n\u00e2ng \u0111\u1ee1 ch\u1eafc tr\u00e1nh, tr\u00e1nh rung l\u1eafc. Th\u00fa c\u01b0ng c\u00f3 th\u1ec3 d\u1ec5 d\u00e0ng leo l\u00ean xu\u1ed1ng.<\/p>\n<p>\u2714Thi\u1ebft k\u1ebf d\u1ea1ng v\u00f5ng tr\u00e1nh n\u01b0\u1edbc m\u1eb7t s\u00e0n, tr\u00e1nh \u1ea9m n\u1ea5m cho th\u00fa c\u01b0ng.<\/p>\n<p>\u2714 4 ch\u00e2n th\u00e1o l\u1eafp d\u1ec5 d\u00e0ng. T\u1ea5m v\u00f5ng c\u00f3 th\u1ec3 gi\u1eb7t m\u00e1y. Kh\u00f4ng lo bai x\u00f9, r\u00e1ch.<\/p>\n<p>K\u00edch th\u01b0\u1edbc: 51 x 45cm Ho\u00e0n h\u1ea3o cho gia \u0111\u00ecnh, du d\u1ecbch, d\u00e3 ngo\u1ea1i, c\u1eafm tr\u1ea1i, b\u00e3i bi\u1ec3n.<\/p>\n","protected":false},"excerpt":{"rendered":"<p>\u0110\u1ec7m v\u00f5ng ch\u00e2n g\u1ed7 d\u00e0nh cho th\u00fa c\u01b0ng tr\u1ecdng l\u01b0\u1ee3ng &lt;10kg Ch\u1ea5t li\u1ec7u: V\u1ea3i Canvas cao c\u1ea5p, ch\u1ed1ng m\u00e0i m\u00f2n, tho\u00e1ng kh\u00ed. T\u1ea1o c\u1ea3m gi\u00e1c tho\u1ea3i m\u00e1i v\u00e0 th\u00e2n thi\u1ec7n v\u1edbi l\u00e0n da th\u00fa nu\u00f4i. \u2714Khung g\u1ed7 r\u1eafn ch\u1eafc. 4 ch\u00e2n g\u1ed7 th\u00f4ng n\u00e2ng \u0111\u1ee1 ch\u1eafc tr\u00e1nh, tr\u00e1nh rung l\u1eafc. Th\u00fa c\u01b0ng c\u00f3 th\u1ec3 d\u1ec5 [&hellip;]<\/p>\n","protected":false},"featured_media":252,"comment_status":"open","ping_status":"closed","template":"","meta":[],"product_cat":[22],"product_tag":[43,75,31,74],"class_list":{"0":"post-251","1":"product","2":"type-product","3":"status-publish","4":"has-post-thumbnail","6":"product_cat-chuong-nem-tui","7":"product_tag-cho","8":"product_tag-dem","9":"product_tag-meo","10":"product_tag-nem","12":"first","13":"instock","14":"taxable","15":"shipping-taxable","16":"purchasable","17":"product-type-simple"},"jetpack_sharing_enabled":true,"_links":{"self":[{"href":"http:\/\/longcando.id.vn\/index.php\/wp-json\/wp\/v2\/product\/251","targetHints":{"allow":["GET"]}}],"collection":[{"href":"http:\/\/longcando.id.vn\/index.php\/wp-json\/wp\/v2\/product"}],"about":[{"href":"http:\/\/longcando.id.vn\/index.php\/wp-json\/wp\/v2\/types\/product"}],"replies":[{"embeddable":true,"href":"http:\/\/longcando.id.vn\/index.php\/wp-json\/wp\/v2\/comments?post=251"}],"wp:featuredmedia":[{"embeddable":true,"href":"http:\/\/longcando.id.vn\/index.php\/wp-json\/wp\/v2\/media\/252"}],"wp:attachment":[{"href":"http:\/\/longcando.id.vn\/index.php\/wp-json\/wp\/v2\/media?parent=251"}],"wp:term":[{"taxonomy":"product_cat","embeddable":true,"href":"http:\/\/longcando.id.vn\/index.php\/wp-json\/wp\/v2\/product_cat?post=251"},{"taxonomy":"product_tag","embeddable":true,"href":"http:\/\/longcando.id.vn\/index.php\/wp-json\/wp\/v2\/product_tag?post=251"}],"curies":[{"name":"wp","href":"https:\/\/api.w.org\/{rel}","templated":true}]}}