{"id":249,"date":"2024-12-06T15:57:13","date_gmt":"2024-12-06T15:57:13","guid":{"rendered":"http:\/\/longcando.id.vn\/?post_type=product&#038;p=249"},"modified":"2024-12-20T13:54:23","modified_gmt":"2024-12-20T13:54:23","slug":"balo-cho-meo-thu-cung-cho-nho","status":"publish","type":"product","link":"http:\/\/longcando.id.vn\/index.php\/san-pham\/balo-cho-meo-thu-cung-cho-nho\/","title":{"rendered":"Balo cho m\u00e8o th\u00fa c\u01b0ng ch\u00f3 nh\u1ecf"},"content":{"rendered":"<p>\u2728Thi\u1ebft k\u1ebf:<\/p>\n<p>&#8211; Balo v\u1eadn chuy\u1ec3n m\u00e8o cho ch\u00f3 th\u00fa c\u01b0ng c\u1ee1 to size l\u1edbn tho\u00e1ng kh\u00ed<\/p>\n<p>&#8211; Ch\u1ea5t li\u1ec7u: v\u1ea3i oxford \/ PVC &#8211; K\u00edch th\u01b0\u1edbc: 37x34x25cm<\/p>\n<p>&#8211; Tr\u1ecdng l\u01b0\u1ee3ng balo: 0.7kg &#8211; D\u00f9ng cho m\u00e8o &lt;10kg ; ch\u00f3 &lt; 4kg<\/p>\n<p>\u2728 M\u00e0u s\u1eafc : T\u00edm, H\u1ed3ng, V\u00e0ng, X\u00e1m, Xanh ng\u1ecdc, Xanh nh\u1ea1t<\/p>\n<p>\u2728\u01afu \u0110i\u1ec3m:<\/p>\n<p>&#8211; Balo k\u00edch c\u1ee1 l\u1edbn r\u1ed9ng c\u00f3 th\u1ec3 \u0111\u1ef1ng \u0111\u01b0\u1ee3c nhi\u1ec1u pet v\u00e0 pet n\u1eb7ng kg<\/p>\n<p>&#8211; Thi\u1ebft k\u1ebf phong c\u00e1ch tr\u1ebb trung cute, tr\u00e1nh \u00e1nh n\u1eafng tr\u1ef1c ti\u1ebfp<\/p>\n<p>&#8211; Nhi\u1ec1u l\u1ed7 tho\u00e1ng kh\u00ed gi\u00fap th\u00fa c\u01b0ng h\u00edt th\u1edf kh\u00f4ng kh\u00ed trong l\u00e0nh.<\/p>\n<p>&#8211; Balo phom c\u1ee9ng c\u00e1p v\u00e0 c\u00f3 th\u1ec3 g\u1ea5p g\u1ecdn.<\/p>\n<p>&#8211; Kh\u00f3a k\u00e9o tr\u01b0\u1ee3t \u00eam \u00e1i.<\/p>\n","protected":false},"excerpt":{"rendered":"<p>\u2728Thi\u1ebft k\u1ebf: &#8211; Balo v\u1eadn chuy\u1ec3n m\u00e8o cho ch\u00f3 th\u00fa c\u01b0ng c\u1ee1 to size l\u1edbn tho\u00e1ng kh\u00ed &#8211; Ch\u1ea5t li\u1ec7u: v\u1ea3i oxford \/ PVC &#8211; K\u00edch th\u01b0\u1edbc: 37x34x25cm &#8211; Tr\u1ecdng l\u01b0\u1ee3ng balo: 0.7kg &#8211; D\u00f9ng cho m\u00e8o &lt;10kg ; ch\u00f3 &lt; 4kg \u2728 M\u00e0u s\u1eafc : T\u00edm, H\u1ed3ng, V\u00e0ng, X\u00e1m, Xanh ng\u1ecdc, Xanh nh\u1ea1t \u2728\u01afu [&hellip;]<\/p>\n","protected":false},"featured_media":250,"comment_status":"open","ping_status":"closed","template":"","meta":[],"product_cat":[22],"product_tag":[69,68,31,67],"class_list":{"0":"post-249","1":"product","2":"type-product","3":"status-publish","4":"has-post-thumbnail","6":"product_cat-chuong-nem-tui","7":"product_tag-ba-lo-cho","8":"product_tag-balo","9":"product_tag-meo","10":"product_tag-tui","12":"first","13":"instock","14":"sale","15":"taxable","16":"shipping-taxable","17":"purchasable","18":"product-type-simple"},"jetpack_sharing_enabled":true,"_links":{"self":[{"href":"http:\/\/longcando.id.vn\/index.php\/wp-json\/wp\/v2\/product\/249","targetHints":{"allow":["GET"]}}],"collection":[{"href":"http:\/\/longcando.id.vn\/index.php\/wp-json\/wp\/v2\/product"}],"about":[{"href":"http:\/\/longcando.id.vn\/index.php\/wp-json\/wp\/v2\/types\/product"}],"replies":[{"embeddable":true,"href":"http:\/\/longcando.id.vn\/index.php\/wp-json\/wp\/v2\/comments?post=249"}],"wp:featuredmedia":[{"embeddable":true,"href":"http:\/\/longcando.id.vn\/index.php\/wp-json\/wp\/v2\/media\/250"}],"wp:attachment":[{"href":"http:\/\/longcando.id.vn\/index.php\/wp-json\/wp\/v2\/media?parent=249"}],"wp:term":[{"taxonomy":"product_cat","embeddable":true,"href":"http:\/\/longcando.id.vn\/index.php\/wp-json\/wp\/v2\/product_cat?post=249"},{"taxonomy":"product_tag","embeddable":true,"href":"http:\/\/longcando.id.vn\/index.php\/wp-json\/wp\/v2\/product_tag?post=249"}],"curies":[{"name":"wp","href":"https:\/\/api.w.org\/{rel}","templated":true}]}}