{"id":247,"date":"2024-12-06T15:40:22","date_gmt":"2024-12-06T15:40:22","guid":{"rendered":"http:\/\/longcando.id.vn\/?post_type=product&#038;p=247"},"modified":"2024-12-20T13:47:00","modified_gmt":"2024-12-20T13:47:00","slug":"cui-thu-cung-di-dong","status":"publish","type":"product","link":"http:\/\/longcando.id.vn\/index.php\/san-pham\/cui-thu-cung-di-dong\/","title":{"rendered":"C\u0169i th\u00fa c\u01b0ng di \u0111\u1ed9ng"},"content":{"rendered":"<p>\ud83d\udcf8 K\u00edch th\u01b0\u1edbc: Trung b\u00ecnh 72\u00d772\u00d743 cm #\u0110o theo \u0111\u01b0\u1eddng ch\u00e9o.<\/p>\n<p>Kh\u00f4ng gian b\u00ean trong \u0110\u01b0\u1eddng k\u00ednh 62 cm<\/p>\n<p>\ud83d\udcf8 K\u00edch th\u01b0\u1edbc v\u1eeba ph\u1ea3i 91*91*58cm<\/p>\n<p>#\u0110o d\u1ecdc \u0111\u01b0\u1eddng ch\u00e9o. Kh\u00f4ng gian b\u00ean trong \u0110\u01b0\u1eddng k\u00ednh 72 cm<\/p>\n<p>C\u00f3 5 m\u00e0u: n\u00e2u, \u0111\u1ecf, xanh, h\u1ed3ng, x\u00e1m.<\/p>\n<p>\ud83d\udcf8 K\u00edch th\u01b0\u1edbc l\u1edbn 114*114*58cm #\u0110o theo \u0111\u01b0\u1eddng ch\u00e9o.<\/p>\n<p>Kh\u00f4ng gian b\u00ean trong \u0110\u01b0\u1eddng k\u00ednh 94cm<\/p>\n<p>C\u00f3 3 m\u00e0u: n\u00e2u, h\u1ed3ng, x\u00e1m.<\/p>\n<p>\u2714\ufe0f Ch\u1ea5t li\u1ec7u l\u00e0 v\u1ea3i oxford d\u00e0y d\u1eb7n.<\/p>\n<p>\u2714\ufe0f Ch\u1ea5t li\u1ec7u l\u01b0\u1edbi ng\u0103n ch\u1eb7n nhi\u1ec1u lo\u1ea1i c\u00f4n tr\u00f9ng, b\u1ec1n \u0111\u1eb9p v\u00e0 kh\u00f4ng d\u1ec5 b\u1ecb r\u00e1ch.<\/p>\n<p>\u2714\ufe0f K\u00edch th\u01b0\u1edbc r\u1ed9ng r\u00e3i, nh\u1ecf g\u1ecdn, c\u00f3 th\u1ec3 ch\u1ee9a t\u1ed1i \u0111a 2 ch\u00fa ch\u00f3 nh\u1ecf m\u00e0 kh\u00f4ng g\u00e2y c\u1ea3m gi\u00e1c ch\u1eadt ch\u1ed9i.<\/p>\n<p>\u2714\ufe0f Mang theo \u0111i du l\u1ecbch c\u00e1c t\u1ec9nh, \u0111i d\u00e3 ngo\u1ea1i, r\u1ea5t tho\u1ea3i m\u00e1i.<\/p>\n<p>\u2714\ufe0f D\u00f9ng t\u1ed1t cho th\u00fa c\u01b0ng khi sinh con, chu\u1ed3ng nu\u00f4i d\u01b0\u1ee1ng ri\u00eang, gi\u1eef \u1ea5m cho tr\u1ebb.<\/p>\n<p>\u2714\ufe0f Ph\u00eda tr\u00ean c\u00f3 l\u01b0\u1edbi c\u00f3 th\u1ec3 m\u1edf &#8211; \u0111\u00f3ng, l\u1ea5y v\u00e0o &#8211; l\u1ea5y ra.<\/p>\n<p>\u2714\ufe0f Th\u00f4ng gi\u00f3 thu\u1eadn ti\u1ec7n D\u1ec5 d\u00e0ng l\u00e0m s\u1ea1ch<\/p>\n<p>\u2714\ufe0fG\u1ea5p g\u1ecdn d\u1ec5 d\u00e0ng, ti\u1ec7n l\u1ee3i, ti\u1ebft ki\u1ec7m kh\u00f4ng gian.<\/p>\n<p>\u2714\ufe0f C\u00f3 nhi\u1ec1u m\u00e0u s\u1eafc \u0111\u1ec3 l\u1ef1a ch\u1ecdn.<\/p>\n<p>\u2714\ufe0f M\u00e0u s\u1eafc t\u01b0\u01a1i s\u00e1ng, kh\u00f4ng phai m\u00e0u.<\/p>\n<p>\u2714\ufe0f S\u1eed d\u1ee5ng nh\u01b0 nh\u00e0. \u0110\u00e2y l\u00e0 m\u1ed9t chi\u1ebfc c\u0169i di \u0111\u1ed9ng tr\u00ean \u00f4 t\u00f4, ti\u1ec7n l\u1ee3i, b\u1ec1n b\u1ec9.<\/p>\n","protected":false},"excerpt":{"rendered":"<p>\ud83d\udcf8 K\u00edch th\u01b0\u1edbc: Trung b\u00ecnh 72\u00d772\u00d743 cm #\u0110o theo \u0111\u01b0\u1eddng ch\u00e9o. Kh\u00f4ng gian b\u00ean trong \u0110\u01b0\u1eddng k\u00ednh 62 cm \ud83d\udcf8 K\u00edch th\u01b0\u1edbc v\u1eeba ph\u1ea3i 91*91*58cm #\u0110o d\u1ecdc \u0111\u01b0\u1eddng ch\u00e9o. Kh\u00f4ng gian b\u00ean trong \u0110\u01b0\u1eddng k\u00ednh 72 cm C\u00f3 5 m\u00e0u: n\u00e2u, \u0111\u1ecf, xanh, h\u1ed3ng, x\u00e1m. \ud83d\udcf8 K\u00edch th\u01b0\u1edbc l\u1edbn 114*114*58cm #\u0110o theo \u0111\u01b0\u1eddng ch\u00e9o. Kh\u00f4ng [&hellip;]<\/p>\n","protected":false},"featured_media":248,"comment_status":"open","ping_status":"closed","template":"","meta":[],"product_cat":[22],"product_tag":[],"class_list":{"0":"post-247","1":"product","2":"type-product","3":"status-publish","4":"has-post-thumbnail","6":"product_cat-chuong-nem-tui","8":"first","9":"instock","10":"taxable","11":"shipping-taxable","12":"purchasable","13":"product-type-simple"},"jetpack_sharing_enabled":true,"_links":{"self":[{"href":"http:\/\/longcando.id.vn\/index.php\/wp-json\/wp\/v2\/product\/247","targetHints":{"allow":["GET"]}}],"collection":[{"href":"http:\/\/longcando.id.vn\/index.php\/wp-json\/wp\/v2\/product"}],"about":[{"href":"http:\/\/longcando.id.vn\/index.php\/wp-json\/wp\/v2\/types\/product"}],"replies":[{"embeddable":true,"href":"http:\/\/longcando.id.vn\/index.php\/wp-json\/wp\/v2\/comments?post=247"}],"wp:featuredmedia":[{"embeddable":true,"href":"http:\/\/longcando.id.vn\/index.php\/wp-json\/wp\/v2\/media\/248"}],"wp:attachment":[{"href":"http:\/\/longcando.id.vn\/index.php\/wp-json\/wp\/v2\/media?parent=247"}],"wp:term":[{"taxonomy":"product_cat","embeddable":true,"href":"http:\/\/longcando.id.vn\/index.php\/wp-json\/wp\/v2\/product_cat?post=247"},{"taxonomy":"product_tag","embeddable":true,"href":"http:\/\/longcando.id.vn\/index.php\/wp-json\/wp\/v2\/product_tag?post=247"}],"curies":[{"name":"wp","href":"https:\/\/api.w.org\/{rel}","templated":true}]}}