{"id":244,"date":"2024-12-06T15:11:22","date_gmt":"2024-12-06T15:11:22","guid":{"rendered":"http:\/\/longcando.id.vn\/?post_type=product&#038;p=244"},"modified":"2024-12-20T13:59:06","modified_gmt":"2024-12-20T13:59:06","slug":"balo-phi-hanh-gia-cho-thu-cung-hinh-baeccob","status":"publish","type":"product","link":"http:\/\/longcando.id.vn\/index.php\/san-pham\/balo-phi-hanh-gia-cho-thu-cung-hinh-baeccob\/","title":{"rendered":"Balo phi h\u00e0nh gia cho th\u00fa c\u01b0ng h\u00ecnh Baeccob"},"content":{"rendered":"<p>TH\u00d4NG TIN S\u1ea2N PH\u1ea8M<\/p>\n<p>S\u1ea3n ph\u1ea9m: BALO phi h\u00e0nh gia h\u00ecnh Baeccob<\/p>\n<p>K\u00edch th\u01b0\u1edbc: 42x32x24<\/p>\n<p>Ph\u00f9 h\u1ee3p cho th\u00fa c\u01b0ng &lt;6kg<\/p>\n<p>Ch\u1ea5t li\u1ec7u: Nh\u1ef1a cao c\u1ea5p PVC kh\u00f4ng th\u1ea5m n\u01b0\u1edbc, r\u1ed9ng, tho\u00e1ng kh\u00ed, c\u00f3 th\u00eam c\u1eeda b\u00ean, kh\u00f4ng gian tho\u1ea3i m\u00e1i, gi\u00fap c\u00e1c b\u00e9 d\u1ec5 ch\u1ecbu h\u01a1n. \u0110\u1eb7c bi\u1ec7t ph\u00f9 h\u1ee3p v\u1edbi c\u1ea3 c\u00e1c b\u00e9 s\u1ee3 khi ra ngo\u00e0i, \u0111i ch\u01a1i hay ch\u00edch ng\u1eeba.<\/p>\n<p>Balo phi h\u00e0nh gia cho ch\u00f3 m\u00e8o l\u00e0 s\u1ea3n ph\u1ea9m linh \u0111\u1ed9ng cho kh\u00e1ch h\u00e0ng khi mang theo th\u00fa c\u01b0ng c\u1ee7a m\u00ecnh \u0111i ch\u01a1i. Balo phi h\u00e0nh gia c\u00f3 thi\u1ebft k\u1ebf th\u00f4ng minh, th\u00f4ng tho\u00e1ng gi\u00fap cho th\u00fa c\u01b0ng c\u1ee7a b\u1ea1n tho\u1ea3i m\u00e1i v\u00e0 an to\u00e0n khi di chuy\u1ec3n.<\/p>\n<p>L\u00f3t t\u1eb7ng k\u00e8m ngay b\u00ean trong Balo phi h\u00e0nh gia m\u00e0 b\u1ea1n kh\u00f4ng c\u1ea7n ph\u1ea3i mua th\u00eam. C\u00e1ch s\u1eed d\u1ee5ng balo phi h\u00e0nh gia: Ph\u00eda sau balo c\u00f3 d\u00e2y k\u00e9o kh\u00f3a, b\u1ea1n k\u00e9o d\u00e2y k\u00e9o v\u00e0 cho th\u00fa c\u01b0ng c\u1ee7a b\u1ea1n v\u00e0o b\u00ean trong. K\u00e9o to\u00e0n b\u1ed9 kh\u00f3a k\u00e9o v\u1ec1 1 b\u00ean m\u00e9p, tr\u00e1nh kh\u00f4ng \u0111\u1ec3 kh\u00f3a k\u00e9o tr\u00ean \u0111\u1ec9nh s\u1ebd d\u1ec5 tu\u1ed9t ho\u1eb7c v\u00f4 t\u00ecnh l\u00e0m tu\u1ed9t. Ki\u1ec3m tra l\u1ea1i th\u00fa c\u01b0ng c\u1ee7a b\u1ea1n qua v\u00f2m k\u00ednh ho\u1eb7c l\u1ed5 th\u00f4ng gi\u00f3 2 b\u00ean.<\/p>\n<p>C\u00e1ch v\u1ec7 sinh balo phi h\u00e0nh gia:<\/p>\n<p>&#8211; Khi ch\u00f3 ho\u1eb7c m\u00e8o c\u1ee7a b\u1ea1n t\u00e8 hay \u0111i b\u1eady v\u00e0o balo phi h\u00e0nh gia th\u00ec tr\u01b0\u1edbc h\u1ebft b\u1ea1n n\u00ean d\u00f9ng kh\u0103n gi\u1ea5y th\u1ea5m b\u1edbt.<\/p>\n<p>&#8211; Sau \u0111\u00f3 ng\u00e2m trong thau n\u01b0\u1edbc kho\u1ea3ng 5 ph\u00fat.<\/p>\n<p>&#8211; D\u00f9ng x\u00e0 b\u00f4ng ch\u00e0 l\u00ean m\u1eb7t trong, t\u1ea9y s\u1ea1ch ch\u1ed7 b\u1ea9n.<\/p>\n<p>&#8211; Ph\u01a1i kh\u00f4 n\u01a1i c\u00f3 nhi\u1ec1u n\u1eafng \u0111\u1ec3 l\u00e0m s\u1ea1ch s\u1ea3n ph\u1ea9m.<\/p>\n<p><em><strong>Quy\u1ec1n l\u1ee3i khi mua h\u00e0ng t\u1ea1i P-Pet Shop:<\/strong><\/em><br \/>\nCam k\u1ebft h\u00e0ng ch\u00ednh h\u00e3ng 100%<br \/>\nHo\u00e0n ti\u1ec1n v\u00e0 \u0111\u1ed5i tr\u1ea3 s\u1ea3n ph\u1ea9m n\u1ebfu kh\u00f4ng \u0111\u00fang mi\u00eau t\u1ea3. N\u1ebfu ph\u00e1t hi\u1ec7n ra h\u00e0ng Fake ho\u00e0n ti\u1ec1n g\u1ea5p \u0111\u00f4i s\u1ea3n ph\u1ea9m<br \/>\nN\u1ebfu c\u00f3 b\u1ea5t k\u00ec \u0111i\u1ec1u g\u00ec c\u1ea7n h\u1ed7 tr\u1ee3 v\u1edbi s\u1ea3n ph\u1ea9m vui l\u00f2ng li\u00ean h\u1ec7 ngay v\u1edbi P-Pet Shop<br \/>\nCh\u00fang t\u00f4i cam k\u1ebft \u0111\u1eb7t uy t\u00edn v\u00e0 ch\u1ea5t l\u01b0\u1ee3ng s\u1ea3n ph\u1ea9m l\u00ean h\u00e0ng \u0111\u1ea7u<\/p>\n","protected":false},"excerpt":{"rendered":"<p>TH\u00d4NG TIN S\u1ea2N PH\u1ea8M S\u1ea3n ph\u1ea9m: BALO phi h\u00e0nh gia h\u00ecnh Baeccob K\u00edch th\u01b0\u1edbc: 42x32x24 Ph\u00f9 h\u1ee3p cho th\u00fa c\u01b0ng &lt;6kg Ch\u1ea5t li\u1ec7u: Nh\u1ef1a cao c\u1ea5p PVC kh\u00f4ng th\u1ea5m n\u01b0\u1edbc, r\u1ed9ng, tho\u00e1ng kh\u00ed, c\u00f3 th\u00eam c\u1eeda b\u00ean, kh\u00f4ng gian tho\u1ea3i m\u00e1i, gi\u00fap c\u00e1c b\u00e9 d\u1ec5 ch\u1ecbu h\u01a1n. \u0110\u1eb7c bi\u1ec7t ph\u00f9 h\u1ee3p v\u1edbi c\u1ea3 c\u00e1c b\u00e9 [&hellip;]<\/p>\n","protected":false},"featured_media":245,"comment_status":"open","ping_status":"closed","template":"","meta":[],"product_cat":[22],"product_tag":[65,64,66],"class_list":{"0":"post-244","1":"product","2":"type-product","3":"status-publish","4":"has-post-thumbnail","6":"product_cat-chuong-nem-tui","7":"product_tag-cho-o","8":"product_tag-chuong","9":"product_tag-noi-o","11":"first","12":"instock","13":"sale","14":"taxable","15":"shipping-taxable","16":"purchasable","17":"product-type-simple"},"jetpack_sharing_enabled":true,"_links":{"self":[{"href":"http:\/\/longcando.id.vn\/index.php\/wp-json\/wp\/v2\/product\/244","targetHints":{"allow":["GET"]}}],"collection":[{"href":"http:\/\/longcando.id.vn\/index.php\/wp-json\/wp\/v2\/product"}],"about":[{"href":"http:\/\/longcando.id.vn\/index.php\/wp-json\/wp\/v2\/types\/product"}],"replies":[{"embeddable":true,"href":"http:\/\/longcando.id.vn\/index.php\/wp-json\/wp\/v2\/comments?post=244"}],"wp:featuredmedia":[{"embeddable":true,"href":"http:\/\/longcando.id.vn\/index.php\/wp-json\/wp\/v2\/media\/245"}],"wp:attachment":[{"href":"http:\/\/longcando.id.vn\/index.php\/wp-json\/wp\/v2\/media?parent=244"}],"wp:term":[{"taxonomy":"product_cat","embeddable":true,"href":"http:\/\/longcando.id.vn\/index.php\/wp-json\/wp\/v2\/product_cat?post=244"},{"taxonomy":"product_tag","embeddable":true,"href":"http:\/\/longcando.id.vn\/index.php\/wp-json\/wp\/v2\/product_tag?post=244"}],"curies":[{"name":"wp","href":"https:\/\/api.w.org\/{rel}","templated":true}]}}