{"id":240,"date":"2024-12-06T15:04:06","date_gmt":"2024-12-06T15:04:06","guid":{"rendered":"http:\/\/longcando.id.vn\/?post_type=product&#038;p=240"},"modified":"2024-12-20T13:30:44","modified_gmt":"2024-12-20T13:30:44","slug":"bat-nuoc-uong-2-trong-1-cho-cho-meo","status":"publish","type":"product","link":"http:\/\/longcando.id.vn\/index.php\/san-pham\/bat-nuoc-uong-2-trong-1-cho-cho-meo\/","title":{"rendered":"B\u00e1t n\u01b0\u1edbc u\u1ed1ng 2 trong 1 cho ch\u00f3 m\u00e8o."},"content":{"rendered":"<p>T\u00ednh n\u0103ng s\u1ea3n ph\u1ea9m<\/p>\n<p>1. Thi\u1ebft k\u1ebf h\u00ecnh kh\u00fac x\u01b0\u01a1ng h\u1ea5p d\u1eabn th\u00fa c\u01b0ng khi\u1ebfn ch\u00fang th\u00edch \u0103n th\u1ee9c \u0103n.<\/p>\n<p>2. B\u1ec1n v\u00e0 tr\u01a1n \u0111\u1ec3 mi\u1ec7ng th\u00fa c\u01b0ng kh\u00f4ng d\u1ec5 b\u1ecb t\u1ed5n th\u01b0\u01a1ng.<\/p>\n<p>3. B\u00e1t c\u00f3 th\u1ec3 th\u00e1o r\u1eddi \u0111\u1ec3 d\u1ec5 d\u00e0ng v\u1ec7 sinh.<\/p>\n<p>4. B\u00e1t \u0111\u00f4i c\u00f3 th\u1ec3 \u0111\u1ef1ng n\u01b0\u1edbc v\u00e0 th\u1ee9c \u0103n c\u00f9ng l\u00fac, r\u1ea5t ti\u1ec7n l\u1ee3i.<\/p>\n<p>Th\u00f4ng s\u1ed1 s\u1ea3n ph\u1ea9m<\/p>\n<p>&#8211; 100% m\u1edbi, ch\u1ea5t l\u01b0\u1ee3ng cao<\/p>\n<p>&#8211; \u0110\u01b0\u1ee3c l\u00e0m b\u1eb1ng v\u1eadt li\u1ec7u PP th\u00e2n thi\u1ec7n v\u1edbi m\u00f4i tr\u01b0\u1eddng<\/p>\n<p>&#8211; B\u1ed1n m\u00e0u cho s\u1ef1 l\u1ef1a ch\u1ecdn c\u1ee7a b\u1ea1n : M\u00e0u xanh d\u01b0\u01a1ng, be, t\u00edm, h\u1ed3ng<\/p>\n<p>&#8211; Ch\u1ea5t li\u1ec7u m\u1ecbn tr\u01a1n , d\u1ec5 d\u00e0ng v\u1ec7 sinh<\/p>\n<p>&#8211; V\u1eadt li\u1ec7u d\u00e0y. B\u1ec1n v\u00e0 ch\u1ed1ng m\u00e0i m\u00f2n<\/p>\n<p>&#8211; K\u00edch th\u01b0\u1edbc: 23*12*3.7cm<\/p>\n<p>&#8211; Ch\u1ea5t li\u1ec7u: PP, PET, AS<\/p>\n","protected":false},"excerpt":{"rendered":"<p>T\u00ednh n\u0103ng s\u1ea3n ph\u1ea9m 1. Thi\u1ebft k\u1ebf h\u00ecnh kh\u00fac x\u01b0\u01a1ng h\u1ea5p d\u1eabn th\u00fa c\u01b0ng khi\u1ebfn ch\u00fang th\u00edch \u0103n th\u1ee9c \u0103n. 2. B\u1ec1n v\u00e0 tr\u01a1n \u0111\u1ec3 mi\u1ec7ng th\u00fa c\u01b0ng kh\u00f4ng d\u1ec5 b\u1ecb t\u1ed5n th\u01b0\u01a1ng. 3. B\u00e1t c\u00f3 th\u1ec3 th\u00e1o r\u1eddi \u0111\u1ec3 d\u1ec5 d\u00e0ng v\u1ec7 sinh. 4. B\u00e1t \u0111\u00f4i c\u00f3 th\u1ec3 \u0111\u1ef1ng n\u01b0\u1edbc v\u00e0 th\u1ee9c \u0103n c\u00f9ng [&hellip;]<\/p>\n","protected":false},"featured_media":241,"comment_status":"open","ping_status":"closed","template":"","meta":[],"product_cat":[19],"product_tag":[],"class_list":{"0":"post-240","1":"product","2":"type-product","3":"status-publish","4":"has-post-thumbnail","6":"product_cat-bat-an-thu-cung","8":"first","9":"instock","10":"taxable","11":"shipping-taxable","12":"purchasable","13":"product-type-simple"},"jetpack_sharing_enabled":true,"_links":{"self":[{"href":"http:\/\/longcando.id.vn\/index.php\/wp-json\/wp\/v2\/product\/240","targetHints":{"allow":["GET"]}}],"collection":[{"href":"http:\/\/longcando.id.vn\/index.php\/wp-json\/wp\/v2\/product"}],"about":[{"href":"http:\/\/longcando.id.vn\/index.php\/wp-json\/wp\/v2\/types\/product"}],"replies":[{"embeddable":true,"href":"http:\/\/longcando.id.vn\/index.php\/wp-json\/wp\/v2\/comments?post=240"}],"wp:featuredmedia":[{"embeddable":true,"href":"http:\/\/longcando.id.vn\/index.php\/wp-json\/wp\/v2\/media\/241"}],"wp:attachment":[{"href":"http:\/\/longcando.id.vn\/index.php\/wp-json\/wp\/v2\/media?parent=240"}],"wp:term":[{"taxonomy":"product_cat","embeddable":true,"href":"http:\/\/longcando.id.vn\/index.php\/wp-json\/wp\/v2\/product_cat?post=240"},{"taxonomy":"product_tag","embeddable":true,"href":"http:\/\/longcando.id.vn\/index.php\/wp-json\/wp\/v2\/product_tag?post=240"}],"curies":[{"name":"wp","href":"https:\/\/api.w.org\/{rel}","templated":true}]}}