{"id":238,"date":"2024-12-06T14:57:07","date_gmt":"2024-12-06T14:57:07","guid":{"rendered":"http:\/\/longcando.id.vn\/?post_type=product&#038;p=238"},"modified":"2024-12-20T13:30:45","modified_gmt":"2024-12-20T13:30:45","slug":"bat-an-cho-cho-meo","status":"publish","type":"product","link":"http:\/\/longcando.id.vn\/index.php\/san-pham\/bat-an-cho-cho-meo\/","title":{"rendered":"B\u00e1t \u0103n cho ch\u00f3 m\u00e8o"},"content":{"rendered":"<p>\u2022 Th\u00f4ng s\u1ed1 k\u1ef9 thu\u1eadt: 100% m\u1edbi, ch\u1ea5t l\u01b0\u1ee3ng cao<\/p>\n<p>\u2022 B\u00e1t \u0111\u1ef1ng th\u1ee9c \u0103n v\u00e0 n\u01b0\u1edbc u\u1ed1ng l\u00fd t\u01b0\u1edfng cho th\u00fa c\u01b0ng y\u00eau qu\u00fd c\u1ee7a b\u1ea1n\u2022<\/p>\n<p>\u2022 R\u1ea5t b\u1ec1n Th\u00edch h\u1ee3p cho t\u1ea5t c\u1ea3 c\u00e1c lo\u1ea1i v\u1eadt nu\u00f4i Lo\u1ea1i: B\u00e1t th\u1ee9c \u0103n ho\u1eb7c b\u00e1t n\u01b0\u1edbc cho th\u00fa c\u01b0ng<\/p>\n<p>\u2022 V\u1eadt li\u1ec7u: th\u00e9p kh\u00f4ng g\u1ec9<\/p>\n<p>\u2022 C\u00e1c t\u00ednh n\u0103ng: c\u1ee9ng r\u1eafn, d\u1ee5ng c\u1ee5 \u0103n u\u1ed1ng, ch\u1ed1ng c\u1eafn<\/p>\n<p>\u2022 Chi ti\u1ebft k\u00edch th\u01b0\u1edbc Nh\u1ecf (\u0110\u01b0\u1eddng k\u00ednh): 16cm Trung b\u00ecnh (\u0110\u01b0\u1eddng k\u00ednh): 18cm L\u1edbn (\u0110\u01b0\u1eddng k\u00ednh): 22cm XL(\u0110\u01b0\u1eddng k\u00ednh): 26cm<\/p>\n","protected":false},"excerpt":{"rendered":"<p>\u2022 Th\u00f4ng s\u1ed1 k\u1ef9 thu\u1eadt: 100% m\u1edbi, ch\u1ea5t l\u01b0\u1ee3ng cao \u2022 B\u00e1t \u0111\u1ef1ng th\u1ee9c \u0103n v\u00e0 n\u01b0\u1edbc u\u1ed1ng l\u00fd t\u01b0\u1edfng cho th\u00fa c\u01b0ng y\u00eau qu\u00fd c\u1ee7a b\u1ea1n\u2022 \u2022 R\u1ea5t b\u1ec1n Th\u00edch h\u1ee3p cho t\u1ea5t c\u1ea3 c\u00e1c lo\u1ea1i v\u1eadt nu\u00f4i Lo\u1ea1i: B\u00e1t th\u1ee9c \u0103n ho\u1eb7c b\u00e1t n\u01b0\u1edbc cho th\u00fa c\u01b0ng \u2022 V\u1eadt li\u1ec7u: th\u00e9p kh\u00f4ng g\u1ec9 [&hellip;]<\/p>\n","protected":false},"featured_media":239,"comment_status":"open","ping_status":"closed","template":"","meta":[],"product_cat":[19],"product_tag":[61,60,63],"class_list":{"0":"post-238","1":"product","2":"type-product","3":"status-publish","4":"has-post-thumbnail","6":"product_cat-bat-an-thu-cung","7":"product_tag-bat","8":"product_tag-bat-thuc-an","9":"product_tag-dung-cu","11":"first","12":"instock","13":"taxable","14":"shipping-taxable","15":"purchasable","16":"product-type-simple"},"jetpack_sharing_enabled":true,"_links":{"self":[{"href":"http:\/\/longcando.id.vn\/index.php\/wp-json\/wp\/v2\/product\/238","targetHints":{"allow":["GET"]}}],"collection":[{"href":"http:\/\/longcando.id.vn\/index.php\/wp-json\/wp\/v2\/product"}],"about":[{"href":"http:\/\/longcando.id.vn\/index.php\/wp-json\/wp\/v2\/types\/product"}],"replies":[{"embeddable":true,"href":"http:\/\/longcando.id.vn\/index.php\/wp-json\/wp\/v2\/comments?post=238"}],"wp:featuredmedia":[{"embeddable":true,"href":"http:\/\/longcando.id.vn\/index.php\/wp-json\/wp\/v2\/media\/239"}],"wp:attachment":[{"href":"http:\/\/longcando.id.vn\/index.php\/wp-json\/wp\/v2\/media?parent=238"}],"wp:term":[{"taxonomy":"product_cat","embeddable":true,"href":"http:\/\/longcando.id.vn\/index.php\/wp-json\/wp\/v2\/product_cat?post=238"},{"taxonomy":"product_tag","embeddable":true,"href":"http:\/\/longcando.id.vn\/index.php\/wp-json\/wp\/v2\/product_tag?post=238"}],"curies":[{"name":"wp","href":"https:\/\/api.w.org\/{rel}","templated":true}]}}