{"id":236,"date":"2024-12-06T14:51:55","date_gmt":"2024-12-06T14:51:55","guid":{"rendered":"http:\/\/longcando.id.vn\/?post_type=product&#038;p=236"},"modified":"2024-12-20T13:30:46","modified_gmt":"2024-12-20T13:30:46","slug":"bat-chen-an-chong-gu-cho-cho-meo","status":"publish","type":"product","link":"http:\/\/longcando.id.vn\/index.php\/san-pham\/bat-chen-an-chong-gu-cho-cho-meo\/","title":{"rendered":"B\u00e1t ch\u00e9n \u0103n ch\u1ed1ng g\u00f9 cho ch\u00f3 m\u00e8o"},"content":{"rendered":"<p>TH\u00d4NG TIN S\u1ea2N PH\u1ea8M<\/p>\n<p>Lo\u1ea1i s\u1ea3n ph\u1ea9m: B\u00e1t \u0103n ch\u1ed1ng g\u00f9 cho ch\u00f3 m\u00e8o<\/p>\n<p>D\u1ea1ng s\u1ea3n ph\u1ea9m: Nh\u1ef1a PP<\/p>\n<p>Xu\u1ea5t x\u1ee9: Trung Qu\u1ed1c<\/p>\n<p>Th\u00edch h\u1ee3p cho: Ch\u00f3 m\u00e8o \u1edf m\u1ecdi l\u1ee9a tu\u1ed5i<\/p>\n<p>Tr\u1ecdng l\u01b0\u1ee3ng: 100g<\/p>\n<p>\u2705 B\u00e1t \u0103n cho ch\u00f3 m\u00e8o ch\u1ed1ng g\u00f9 k\u00edch th\u01b0\u1edbc l\u1edbn<\/p>\n<p>\u2705 B\u1ec1 m\u1eb7t l\u00e1ng m\u1ecbn d\u1ec5 d\u00e0ng l\u00e0m s\u1ea1ch<\/p>\n<p>\u2705 Ch\u1ea5t li\u1ec7u nh\u1ef1a PP cao c\u1ea5p an to\u00e0n cho s\u1ee9c kh\u1ecfe th\u00fa c\u01b0ng<\/p>\n<p>\u2705 Thi\u1ebft k\u1ebf th\u00f4ng minh gi\u00fap h\u1ea1n ch\u1ebf \u0111\u1ed5 ng\u00e3<\/p>\n<p>\u2705 Ch\u1ea5t li\u1ec7u nh\u1ef1a d\u00e0y d\u1eb7n ch\u1eafc ch\u1eafn<\/p>\n","protected":false},"excerpt":{"rendered":"<p>TH\u00d4NG TIN S\u1ea2N PH\u1ea8M Lo\u1ea1i s\u1ea3n ph\u1ea9m: B\u00e1t \u0103n ch\u1ed1ng g\u00f9 cho ch\u00f3 m\u00e8o D\u1ea1ng s\u1ea3n ph\u1ea9m: Nh\u1ef1a PP Xu\u1ea5t x\u1ee9: Trung Qu\u1ed1c Th\u00edch h\u1ee3p cho: Ch\u00f3 m\u00e8o \u1edf m\u1ecdi l\u1ee9a tu\u1ed5i Tr\u1ecdng l\u01b0\u1ee3ng: 100g \u2705 B\u00e1t \u0103n cho ch\u00f3 m\u00e8o ch\u1ed1ng g\u00f9 k\u00edch th\u01b0\u1edbc l\u1edbn \u2705 B\u1ec1 m\u1eb7t l\u00e1ng m\u1ecbn d\u1ec5 d\u00e0ng l\u00e0m s\u1ea1ch [&hellip;]<\/p>\n","protected":false},"featured_media":237,"comment_status":"open","ping_status":"closed","template":"","meta":[],"product_cat":[19],"product_tag":[],"class_list":{"0":"post-236","1":"product","2":"type-product","3":"status-publish","4":"has-post-thumbnail","6":"product_cat-bat-an-thu-cung","8":"first","9":"instock","10":"taxable","11":"shipping-taxable","12":"purchasable","13":"product-type-simple"},"jetpack_sharing_enabled":true,"_links":{"self":[{"href":"http:\/\/longcando.id.vn\/index.php\/wp-json\/wp\/v2\/product\/236","targetHints":{"allow":["GET"]}}],"collection":[{"href":"http:\/\/longcando.id.vn\/index.php\/wp-json\/wp\/v2\/product"}],"about":[{"href":"http:\/\/longcando.id.vn\/index.php\/wp-json\/wp\/v2\/types\/product"}],"replies":[{"embeddable":true,"href":"http:\/\/longcando.id.vn\/index.php\/wp-json\/wp\/v2\/comments?post=236"}],"wp:featuredmedia":[{"embeddable":true,"href":"http:\/\/longcando.id.vn\/index.php\/wp-json\/wp\/v2\/media\/237"}],"wp:attachment":[{"href":"http:\/\/longcando.id.vn\/index.php\/wp-json\/wp\/v2\/media?parent=236"}],"wp:term":[{"taxonomy":"product_cat","embeddable":true,"href":"http:\/\/longcando.id.vn\/index.php\/wp-json\/wp\/v2\/product_cat?post=236"},{"taxonomy":"product_tag","embeddable":true,"href":"http:\/\/longcando.id.vn\/index.php\/wp-json\/wp\/v2\/product_tag?post=236"}],"curies":[{"name":"wp","href":"https:\/\/api.w.org\/{rel}","templated":true}]}}