{"id":234,"date":"2024-12-06T14:49:38","date_gmt":"2024-12-06T14:49:38","guid":{"rendered":"http:\/\/longcando.id.vn\/?post_type=product&#038;p=234"},"modified":"2024-12-20T13:30:49","modified_gmt":"2024-12-20T13:30:49","slug":"bat-an-de-go-chong-gu-cho-cho-meo","status":"publish","type":"product","link":"http:\/\/longcando.id.vn\/index.php\/san-pham\/bat-an-de-go-chong-gu-cho-cho-meo\/","title":{"rendered":"B\u00e1t \u0103n \u0111\u1ebf g\u1ed7 ch\u1ed1ng g\u00f9 cho ch\u00f3 m\u00e8o"},"content":{"rendered":"<p>\ud83c\udf08B\u00e1t \u0103n ch\u1ed1ng g\u00f9 l\u01b0ng d\u00e0nh cho ch\u00f3 m\u00e8o nh\u1ecf kho\u1ea3ng d\u01b0\u1edbi 5-6kg<\/p>\n<p>\ud83c\udf08Gi\u00fap th\u00fa c\u01b0ng tho\u1ea3i m\u00e1i khi \u0103n<\/p>\n<p>\ud83c\udf08T\u00f4 \u0111\u1ef1ng th\u1ee9c \u0103n b\u00ean trong c\u00f3 th\u1ec3 th\u00e1o r\u1eddi \u0111\u01b0\u1ee3c<\/p>\n<p>\ud83c\udf08\u0110\u1ebf g\u1ed7 ch\u1ed1ng th\u1ea5m n\u01b0\u1edbc, th\u1ea9m m\u1ef9 cao<\/p>\n<p>\ud83c\udf08D\u1ec5 d\u00e0ng l\u1eafp r\u00e1p v\u00e0 v\u1ec7 sinh<\/p>\n<p>Ch\u1ea5t li\u1ec7u \ud83d\udd25: \u0110\u1ebf g\u1ed7 \u00e9p . b\u00e1t nh\u1ef1a<\/p>\n<p>K\u00edch th\u01b0\u1edbc\ud83d\udd25: B\u00e1t \u0103n \u0111\u1ebf g\u1ed7 \u0111\u01a1n: 20 x 16 x 10 cm<\/p>\n<p>B\u00e1t \u0103n \u0111\u1ebf g\u1ed7 \u0111\u00f4i: 33 x 16 x 10 cm<\/p>\n","protected":false},"excerpt":{"rendered":"<p>\ud83c\udf08B\u00e1t \u0103n ch\u1ed1ng g\u00f9 l\u01b0ng d\u00e0nh cho ch\u00f3 m\u00e8o nh\u1ecf kho\u1ea3ng d\u01b0\u1edbi 5-6kg \ud83c\udf08Gi\u00fap th\u00fa c\u01b0ng tho\u1ea3i m\u00e1i khi \u0103n \ud83c\udf08T\u00f4 \u0111\u1ef1ng th\u1ee9c \u0103n b\u00ean trong c\u00f3 th\u1ec3 th\u00e1o r\u1eddi \u0111\u01b0\u1ee3c \ud83c\udf08\u0110\u1ebf g\u1ed7 ch\u1ed1ng th\u1ea5m n\u01b0\u1edbc, th\u1ea9m m\u1ef9 cao \ud83c\udf08D\u1ec5 d\u00e0ng l\u1eafp r\u00e1p v\u00e0 v\u1ec7 sinh Ch\u1ea5t li\u1ec7u \ud83d\udd25: \u0110\u1ebf g\u1ed7 \u00e9p . b\u00e1t nh\u1ef1a [&hellip;]<\/p>\n","protected":false},"featured_media":235,"comment_status":"open","ping_status":"closed","template":"","meta":[],"product_cat":[19],"product_tag":[61,60,63],"class_list":{"0":"post-234","1":"product","2":"type-product","3":"status-publish","4":"has-post-thumbnail","6":"product_cat-bat-an-thu-cung","7":"product_tag-bat","8":"product_tag-bat-thuc-an","9":"product_tag-dung-cu","11":"first","12":"instock","13":"taxable","14":"shipping-taxable","15":"purchasable","16":"product-type-simple"},"jetpack_sharing_enabled":true,"_links":{"self":[{"href":"http:\/\/longcando.id.vn\/index.php\/wp-json\/wp\/v2\/product\/234","targetHints":{"allow":["GET"]}}],"collection":[{"href":"http:\/\/longcando.id.vn\/index.php\/wp-json\/wp\/v2\/product"}],"about":[{"href":"http:\/\/longcando.id.vn\/index.php\/wp-json\/wp\/v2\/types\/product"}],"replies":[{"embeddable":true,"href":"http:\/\/longcando.id.vn\/index.php\/wp-json\/wp\/v2\/comments?post=234"}],"wp:featuredmedia":[{"embeddable":true,"href":"http:\/\/longcando.id.vn\/index.php\/wp-json\/wp\/v2\/media\/235"}],"wp:attachment":[{"href":"http:\/\/longcando.id.vn\/index.php\/wp-json\/wp\/v2\/media?parent=234"}],"wp:term":[{"taxonomy":"product_cat","embeddable":true,"href":"http:\/\/longcando.id.vn\/index.php\/wp-json\/wp\/v2\/product_cat?post=234"},{"taxonomy":"product_tag","embeddable":true,"href":"http:\/\/longcando.id.vn\/index.php\/wp-json\/wp\/v2\/product_tag?post=234"}],"curies":[{"name":"wp","href":"https:\/\/api.w.org\/{rel}","templated":true}]}}