{"id":232,"date":"2024-12-06T14:45:34","date_gmt":"2024-12-06T14:45:34","guid":{"rendered":"http:\/\/longcando.id.vn\/?post_type=product&#038;p=232"},"modified":"2024-12-20T13:30:50","modified_gmt":"2024-12-20T13:30:50","slug":"bat-dung-thuc-an-nuoc-uong-tu-dong-cho-cho-meo-bat-an-doi-cho-thu-cung","status":"publish","type":"product","link":"http:\/\/longcando.id.vn\/index.php\/san-pham\/bat-dung-thuc-an-nuoc-uong-tu-dong-cho-cho-meo-bat-an-doi-cho-thu-cung\/","title":{"rendered":"B\u00e1t \u0111\u1ef1ng th\u1ee9c \u0103n n\u01b0\u1edbc u\u1ed5ng t\u1ef1 \u0111\u1ed9ng cho ch\u00f3 m\u00e8o- B\u00e1t \u0103n \u0111\u00f4i cho th\u00fa c\u01b0ng"},"content":{"rendered":"<p>B\u00e1t \u0111\u1ef1ng th\u1ee9c \u0103n n\u01b0\u1edbc u\u1ed1ng t\u1ef1 \u0111\u1ed9ng cho ch\u00f3 m\u00e8o- B\u00e1t \u0103n \u0111\u00f4i cho th\u00fa c\u01b0ng<\/p>\n<p>TH\u00d4NG TIN S\u1ea2N PH\u1ea8M<\/p>\n<p>&#8211; Ch\u1ea5t li\u1ec7u: nh\u1ef1a PP cao c\u1ea5p<\/p>\n<p>&#8211; K\u00edch th\u01b0\u1edbc: 28*25*26 cm<\/p>\n<p>&#8211; B\u00ecnh n\u01b0\u1edbc c\u00f3 dung t\u00edch 1000ml<\/p>\n<p>&#8211; M\u00e0u s\u1eafc: X\u00e1m\/ H\u1ed3ng\/ Xanh d\u01b0\u01a1ng\/ V\u00e0ng<\/p>\n<p>\u0110\u1eb6C \u0110I\u1ec2M<\/p>\n<p>+ Gi\u1ea3m m\u1ec7t m\u1ecfi c\u01a1 b\u1eafp v\u00e0 c\u1ea3i thi\u1ec7n s\u1ef1 tho\u1ea3i m\u00e1i trong qu\u00e1 tr\u00ecnh \u0103n u\u1ed1ng.<\/p>\n<p>+ Ch\u1ea5t l\u01b0\u1ee3ng t\u1ed1t, ch\u1ecbu \u0111\u01b0\u1ee3c nhi\u1ec7t \u0111\u1ed9 cao, \u00e1nh s\u00e1ng m\u1eb7t tr\u1eddi v\u00e0 s\u1ef1 ph\u00e1t tri\u1ec3n c\u1ee7a vi khu\u1ea9n.<\/p>\n<p>+ M\u1ee5c \u0111\u00edch k\u00e9p, th\u00fa c\u01b0ng c\u00f3 th\u1ec3 v\u1eeba \u0103n th\u1ee9c \u0103n v\u1eeba u\u1ed1ng n\u01b0\u1edbc.<\/p>\n<p>+ Thi\u1ebft k\u1ebf b\u00e1t \u0111\u00f4i cho ph\u00e9p con v\u1eadt c\u01b0ng c\u1ee7a b\u1ea1n \u0111\u1ec3 u\u1ed1ng v\u00e0 \u0103n m\u1ed9t c\u00e1ch d\u1ec5 d\u00e0ng. \u0102n, c\u1ea3m th\u1ea5y kh\u00e1t v\u00e0 sau \u0111\u00f3 u\u1ed1ng n\u01b0\u1edbc ngay l\u1eadp t\u1ee9c. Th\u00fa c\u01b0ng c\u1ee7a b\u1ea1n s\u1ebd kh\u00f4ng c\u1ea7n ph\u1ea3i ch\u1ea1y \u0111\u1ebfn n\u01a1i kh\u00e1c m\u1ed9t l\u1ea7n n\u1eefa.<\/p>\n<p>&#8212;&#8212;&#8212;&#8212;&#8212;&#8212;&#8212;&#8212;&#8212;&#8212;<\/p>\n<p>Shop Th\u00fa C\u01b0ng cam k\u1ebft<\/p>\n<p>&#8211; \u0110\u1ea3m b\u1ea3o ch\u1ea5t l\u01b0\u1ee3ng s\u1ea3n ph\u1ea9m, d\u1ecbch v\u1ee5 t\u1ed1t nh\u1ea5t, h\u00e0ng \u0111\u01b0\u1ee3c giao t\u1eeb 1-5 ng\u00e0y k\u1ec3 t\u1eeb ng\u00e0y \u0111\u1eb7t h\u00e0ng.<\/p>\n<p>&#8211; Giao h\u00e0ng tr\u00ean to\u00e0n qu\u1ed1c.<\/p>\n<p>&#8211; \u0110\u1ed5i tr\u1ea3 theo \u0111\u00fang quy \u0111\u1ecbnh:<\/p>\n<p>1. \u0110i\u1ec1u ki\u1ec7n \u00e1p d\u1ee5ng (trong v\u00f2ng 07 ng\u00e0y k\u1ec3 t\u1eeb khi nh\u1eadn s\u1ea3n ph\u1ea9m):<\/p>\n<p>+ H\u00e0ng h\u00f3a v\u1eabn c\u00f2n m\u1edbi, ch\u01b0a qua s\u1eed d\u1ee5ng.<\/p>\n<p>+ H\u00e0ng h\u00f3a h\u01b0 h\u1ecfng do v\u1eadn chuy\u1ec3n ho\u1eb7c do nh\u00e0 s\u1ea3n xu\u1ea5t.<\/p>\n<p>+ H\u00e0ng kh\u00f4ng \u0111\u00fang size, ki\u1ec3u d\u00e1ng, kh\u00f4ng \u0111\u1ee7 s\u1ed1 l\u01b0\u1ee3ng nh\u01b0 qu\u00fd kh\u00e1ch \u0111\u1eb7t h\u00e0ng<\/p>\n<p>+ H\u00e0ng kh\u00f4ng v\u1eeba size kh\u00e1ch h\u00e0ng.<\/p>\n<p>2. Tr\u01b0\u1eddng h\u1ee3p kh\u00f4ng \u0111\u1ee7 \u0111i\u1ec1u ki\u1ec7n \u00e1p d\u1ee5ng ch\u00ednh s\u00e1ch:<\/p>\n<p>+ Qu\u00e1 07 ng\u00e0y k\u1ec3 t\u1eeb khi Qu\u00fd kh\u00e1ch nh\u1eadn h\u00e0ng.<\/p>\n<p>+ G\u1eedi l\u1ea1i h\u00e0ng kh\u00f4ng \u0111\u00fang m\u1eabu m\u00e3<\/p>\n<p>+ Kh\u00f4ng th\u00edch, kh\u00f4ng h\u1ee3p, \u0111\u1eb7t nh\u1ea7m m\u1eabu m\u00e3, nh\u1ea7m m\u00e0u.<\/p>\n","protected":false},"excerpt":{"rendered":"<p>B\u00e1t \u0111\u1ef1ng th\u1ee9c \u0103n n\u01b0\u1edbc u\u1ed1ng t\u1ef1 \u0111\u1ed9ng cho ch\u00f3 m\u00e8o- B\u00e1t \u0103n \u0111\u00f4i cho th\u00fa c\u01b0ng TH\u00d4NG TIN S\u1ea2N PH\u1ea8M &#8211; Ch\u1ea5t li\u1ec7u: nh\u1ef1a PP cao c\u1ea5p &#8211; K\u00edch th\u01b0\u1edbc: 28*25*26 cm &#8211; B\u00ecnh n\u01b0\u1edbc c\u00f3 dung t\u00edch 1000ml &#8211; M\u00e0u s\u1eafc: X\u00e1m\/ H\u1ed3ng\/ Xanh d\u01b0\u01a1ng\/ V\u00e0ng \u0110\u1eb6C \u0110I\u1ec2M + Gi\u1ea3m m\u1ec7t m\u1ecfi c\u01a1 [&hellip;]<\/p>\n","protected":false},"featured_media":233,"comment_status":"open","ping_status":"closed","template":"","meta":[],"product_cat":[19],"product_tag":[61,60,63],"class_list":{"0":"post-232","1":"product","2":"type-product","3":"status-publish","4":"has-post-thumbnail","6":"product_cat-bat-an-thu-cung","7":"product_tag-bat","8":"product_tag-bat-thuc-an","9":"product_tag-dung-cu","11":"first","12":"instock","13":"sale","14":"taxable","15":"shipping-taxable","16":"purchasable","17":"product-type-simple"},"jetpack_sharing_enabled":true,"_links":{"self":[{"href":"http:\/\/longcando.id.vn\/index.php\/wp-json\/wp\/v2\/product\/232","targetHints":{"allow":["GET"]}}],"collection":[{"href":"http:\/\/longcando.id.vn\/index.php\/wp-json\/wp\/v2\/product"}],"about":[{"href":"http:\/\/longcando.id.vn\/index.php\/wp-json\/wp\/v2\/types\/product"}],"replies":[{"embeddable":true,"href":"http:\/\/longcando.id.vn\/index.php\/wp-json\/wp\/v2\/comments?post=232"}],"wp:featuredmedia":[{"embeddable":true,"href":"http:\/\/longcando.id.vn\/index.php\/wp-json\/wp\/v2\/media\/233"}],"wp:attachment":[{"href":"http:\/\/longcando.id.vn\/index.php\/wp-json\/wp\/v2\/media?parent=232"}],"wp:term":[{"taxonomy":"product_cat","embeddable":true,"href":"http:\/\/longcando.id.vn\/index.php\/wp-json\/wp\/v2\/product_cat?post=232"},{"taxonomy":"product_tag","embeddable":true,"href":"http:\/\/longcando.id.vn\/index.php\/wp-json\/wp\/v2\/product_tag?post=232"}],"curies":[{"name":"wp","href":"https:\/\/api.w.org\/{rel}","templated":true}]}}