{"id":230,"date":"2024-12-06T14:40:24","date_gmt":"2024-12-06T14:40:24","guid":{"rendered":"http:\/\/longcando.id.vn\/?post_type=product&#038;p=230"},"modified":"2024-12-20T13:30:52","modified_gmt":"2024-12-20T13:30:52","slug":"bat-an-doi-kem-binh-nuoc-tai-gau-cho-thu-cung","status":"publish","type":"product","link":"http:\/\/longcando.id.vn\/index.php\/san-pham\/bat-an-doi-kem-binh-nuoc-tai-gau-cho-thu-cung\/","title":{"rendered":"B\u00e1t \u0102n \u0110\u00f4i K\u00e8m B\u00ecnh N\u01b0\u1edbc Tai G\u1ea5u cho Th\u00fa C\u01b0ng"},"content":{"rendered":"<p>B\u00c1T \u0102N CHO TH\u00da C\u01afNG \u0110\u00d4I C\u1ea4P N\u01af\u1edaC T\u1ef0 \u0110\u1ed8NG C\u00d3 B\u00ccNH 500ml<\/p>\n<p>TH\u00d4NG TIN S\u1ea2N PH\u1ea8M:<\/p>\n<p>&#8211; V\u1edbi thi\u1ebft k\u1ebf 2 ng\u0103n ri\u00eang bi\u1ec7t, m\u1ed9t b\u00ean \u0111\u1ec3 th\u1ee9c \u0103n v\u00e0 m\u1ed9t b\u00ean c\u1ea5p n\u01b0\u1edbc<\/p>\n<p>&#8211; \u0110\u01b0\u1ee3c l\u00e0m b\u1eb1ng nh\u1ef1a c\u1ee9ng v\u00e0 nhi\u1ec1u m\u00e0u s\u1eafc b\u1eaft m\u1eaft, c\u00f3 th\u1ec3 t\u00e1i s\u1eed d\u1ee5ng v\u00e0 b\u1ec1n theo th\u1eddi gian<\/p>\n<p>&#8211; V\u1ec7 sinh nhanh s\u1ea1ch s\u1ebd. Kh\u00f4ng s\u1ee3 c\u00fan b\u1ecb thi\u1ebfu n\u01b0\u1edbc \u0103n h\u1eb1ng ng\u00e0y.<\/p>\n<p>&#8211; Thi\u1ebft k\u1ebf ch\u1ed1ng c\u00fan h\u1ea5t l\u00e0m \u0111\u1ed5 th\u1ee9c \u0103n.<\/p>\n<p>K\u00cdCH TH\u01af\u1edaC: 28.5 x 15 x 8cm ( D\u00e0i x R\u1ed9ng Cao)<\/p>\n<p>\u0110\u01b0\u1eddng k\u00ednh b\u00e1t inox: 15cm B\u00e1t nghi\u00eang 15 \u0111\u1ed9 ch\u1ed1ng g\u00f9 l\u01b0ng Ch\u1ee9a kho\u1ea3ng 230gr h\u1ea1t B\u00ecnh 500ml, c\u1ea5p n\u01b0\u1edbc t\u1ef1 \u0111\u1ed9ng<\/p>\n<p>M\u00c0U S\u1eaeC: C\u00f3 3 m\u00e0u: H\u1ed3ng\/ Cam\/ Xanh<\/p>\n","protected":false},"excerpt":{"rendered":"<p>B\u00c1T \u0102N CHO TH\u00da C\u01afNG \u0110\u00d4I C\u1ea4P N\u01af\u1edaC T\u1ef0 \u0110\u1ed8NG C\u00d3 B\u00ccNH 500ml TH\u00d4NG TIN S\u1ea2N PH\u1ea8M: &#8211; V\u1edbi thi\u1ebft k\u1ebf 2 ng\u0103n ri\u00eang bi\u1ec7t, m\u1ed9t b\u00ean \u0111\u1ec3 th\u1ee9c \u0103n v\u00e0 m\u1ed9t b\u00ean c\u1ea5p n\u01b0\u1edbc &#8211; \u0110\u01b0\u1ee3c l\u00e0m b\u1eb1ng nh\u1ef1a c\u1ee9ng v\u00e0 nhi\u1ec1u m\u00e0u s\u1eafc b\u1eaft m\u1eaft, c\u00f3 th\u1ec3 t\u00e1i s\u1eed d\u1ee5ng v\u00e0 b\u1ec1n theo [&hellip;]<\/p>\n","protected":false},"featured_media":231,"comment_status":"open","ping_status":"closed","template":"","meta":[],"product_cat":[19],"product_tag":[61,62],"class_list":{"0":"post-230","1":"product","2":"type-product","3":"status-publish","4":"has-post-thumbnail","6":"product_cat-bat-an-thu-cung","7":"product_tag-bat","8":"product_tag-thu-cung","10":"first","11":"instock","12":"taxable","13":"shipping-taxable","14":"purchasable","15":"product-type-variable","16":"has-default-attributes"},"jetpack_sharing_enabled":true,"_links":{"self":[{"href":"http:\/\/longcando.id.vn\/index.php\/wp-json\/wp\/v2\/product\/230","targetHints":{"allow":["GET"]}}],"collection":[{"href":"http:\/\/longcando.id.vn\/index.php\/wp-json\/wp\/v2\/product"}],"about":[{"href":"http:\/\/longcando.id.vn\/index.php\/wp-json\/wp\/v2\/types\/product"}],"replies":[{"embeddable":true,"href":"http:\/\/longcando.id.vn\/index.php\/wp-json\/wp\/v2\/comments?post=230"}],"wp:featuredmedia":[{"embeddable":true,"href":"http:\/\/longcando.id.vn\/index.php\/wp-json\/wp\/v2\/media\/231"}],"wp:attachment":[{"href":"http:\/\/longcando.id.vn\/index.php\/wp-json\/wp\/v2\/media?parent=230"}],"wp:term":[{"taxonomy":"product_cat","embeddable":true,"href":"http:\/\/longcando.id.vn\/index.php\/wp-json\/wp\/v2\/product_cat?post=230"},{"taxonomy":"product_tag","embeddable":true,"href":"http:\/\/longcando.id.vn\/index.php\/wp-json\/wp\/v2\/product_tag?post=230"}],"curies":[{"name":"wp","href":"https:\/\/api.w.org\/{rel}","templated":true}]}}