{"id":227,"date":"2024-12-06T14:31:44","date_gmt":"2024-12-06T14:31:44","guid":{"rendered":"http:\/\/longcando.id.vn\/?post_type=product&#038;p=227"},"modified":"2024-12-20T13:30:53","modified_gmt":"2024-12-20T13:30:53","slug":"bat-thuc-an","status":"publish","type":"product","link":"http:\/\/longcando.id.vn\/index.php\/san-pham\/bat-thuc-an\/","title":{"rendered":"B\u00e1t th\u1ee9c \u0103n 4 ch\u00e2n d\u1ec5 th\u01b0\u01a1ng ch\u1ed1ng g\u00f9 cho th\u00fa c\u01b0ng"},"content":{"rendered":"<p><span style=\"font-weight: 400;\">\u2728 Thi\u1ebft k\u1ebf:<\/span><\/p>\n<p><span style=\"font-weight: 400;\">&#8211; V\u1edbi ph\u1ea7n ch\u00e2n \u0111\u1ebf cao 4,5cm, khay \u0111\u01b0\u1ee3c thi\u1ebft k\u1ebf cao \u0111\u1ec3 b\u00e9 kh\u00f4ng b\u1ecb m\u1ecfi c\u1ed5 khi c\u00fai xu\u1ed1ng \u0103n<\/span><\/p>\n<p><span style=\"font-weight: 400;\">&#8211; Khay gi\u00fap h\u1ea1n ch\u1ebf \u0111\u01b0\u1ee3c c\u00e1c tri\u1ec7u ch\u1ee9ng v\u1ec1 ti\u00eau ho\u00e1 hay kh\u00f3 ti\u00eau, gi\u00fap b\u1ea3o v\u1ec7 c\u1ed9t s\u1ed1ng c\u1ee7a ch\u00f3 m\u00e8o<\/span><\/p>\n<p><span style=\"font-weight: 400;\">&#8211; Khay c\u00f3 nhi\u1ec1u m\u00e0u kh\u00e1c nhau cho b\u00e9 l\u1ef1a ch\u1ecdn<\/span><\/p>\n<p><span style=\"font-weight: 400;\">\u2728 K\u00edch th\u01b0\u1edbc: Chu vi b\u00e1t \u0103n 13,4cm, chi\u1ec1u cao c\u1ea3 khay 9cm<\/span><\/p>\n<p><span style=\"font-weight: 400;\">\u2728 M\u00e0u s\u1eafc: Xanh l\u00e1, v\u00e0ng.<\/span><\/p>\n<p>&nbsp;<\/p>\n<p><em><strong>Quy\u1ec1n l\u1ee3i khi mua h\u00e0ng t\u1ea1i P-Pet Shop:<\/strong><\/em><br \/>\nCam k\u1ebft h\u00e0ng ch\u00ednh h\u00e3ng 100%<br \/>\nHo\u00e0n ti\u1ec1n v\u00e0 \u0111\u1ed5i tr\u1ea3 s\u1ea3n ph\u1ea9m n\u1ebfu kh\u00f4ng \u0111\u00fang mi\u00eau t\u1ea3. N\u1ebfu ph\u00e1t hi\u1ec7n ra h\u00e0ng Fake ho\u00e0n ti\u1ec1n g\u1ea5p \u0111\u00f4i s\u1ea3n ph\u1ea9m<br \/>\nN\u1ebfu c\u00f3 b\u1ea5t k\u00ec \u0111i\u1ec1u g\u00ec c\u1ea7n h\u1ed7 tr\u1ee3 v\u1edbi s\u1ea3n ph\u1ea9m vui l\u00f2ng li\u00ean h\u1ec7 ngay v\u1edbi P-Pet Shop<br \/>\nCh\u00fang t\u00f4i cam k\u1ebft \u0111\u1eb7t uy t\u00edn v\u00e0 ch\u1ea5t l\u01b0\u1ee3ng s\u1ea3n ph\u1ea9m l\u00ean h\u00e0ng \u0111\u1ea7u<\/p>\n","protected":false},"excerpt":{"rendered":"<p>\u2728 Thi\u1ebft k\u1ebf: &#8211; V\u1edbi ph\u1ea7n ch\u00e2n \u0111\u1ebf cao 4,5cm, khay \u0111\u01b0\u1ee3c thi\u1ebft k\u1ebf cao \u0111\u1ec3 b\u00e9 kh\u00f4ng b\u1ecb m\u1ecfi c\u1ed5 khi c\u00fai xu\u1ed1ng \u0103n &#8211; Khay gi\u00fap h\u1ea1n ch\u1ebf \u0111\u01b0\u1ee3c c\u00e1c tri\u1ec7u ch\u1ee9ng v\u1ec1 ti\u00eau ho\u00e1 hay kh\u00f3 ti\u00eau, gi\u00fap b\u1ea3o v\u1ec7 c\u1ed9t s\u1ed1ng c\u1ee7a ch\u00f3 m\u00e8o &#8211; Khay c\u00f3 nhi\u1ec1u m\u00e0u kh\u00e1c nhau [&hellip;]<\/p>\n","protected":false},"featured_media":228,"comment_status":"open","ping_status":"closed","template":"","meta":[],"product_cat":[19],"product_tag":[60,31],"class_list":{"0":"post-227","1":"product","2":"type-product","3":"status-publish","4":"has-post-thumbnail","6":"product_cat-bat-an-thu-cung","7":"product_tag-bat-thuc-an","8":"product_tag-meo","10":"first","11":"instock","12":"taxable","13":"shipping-taxable","14":"purchasable","15":"product-type-variable","16":"has-default-attributes"},"jetpack_sharing_enabled":true,"_links":{"self":[{"href":"http:\/\/longcando.id.vn\/index.php\/wp-json\/wp\/v2\/product\/227","targetHints":{"allow":["GET"]}}],"collection":[{"href":"http:\/\/longcando.id.vn\/index.php\/wp-json\/wp\/v2\/product"}],"about":[{"href":"http:\/\/longcando.id.vn\/index.php\/wp-json\/wp\/v2\/types\/product"}],"replies":[{"embeddable":true,"href":"http:\/\/longcando.id.vn\/index.php\/wp-json\/wp\/v2\/comments?post=227"}],"wp:featuredmedia":[{"embeddable":true,"href":"http:\/\/longcando.id.vn\/index.php\/wp-json\/wp\/v2\/media\/228"}],"wp:attachment":[{"href":"http:\/\/longcando.id.vn\/index.php\/wp-json\/wp\/v2\/media?parent=227"}],"wp:term":[{"taxonomy":"product_cat","embeddable":true,"href":"http:\/\/longcando.id.vn\/index.php\/wp-json\/wp\/v2\/product_cat?post=227"},{"taxonomy":"product_tag","embeddable":true,"href":"http:\/\/longcando.id.vn\/index.php\/wp-json\/wp\/v2\/product_tag?post=227"}],"curies":[{"name":"wp","href":"https:\/\/api.w.org\/{rel}","templated":true}]}}