{"id":223,"date":"2024-12-06T13:09:12","date_gmt":"2024-12-06T13:09:12","guid":{"rendered":"http:\/\/longcando.id.vn\/?post_type=product&#038;p=223"},"modified":"2024-12-20T13:36:21","modified_gmt":"2024-12-20T13:36:21","slug":"thuc-an-cho-meo-truong-thanh-me-o-ca-thu-ca-trich-goi-chiet-ban-le-15kg","status":"publish","type":"product","link":"http:\/\/longcando.id.vn\/index.php\/san-pham\/thuc-an-cho-meo-truong-thanh-me-o-ca-thu-ca-trich-goi-chiet-ban-le-15kg\/","title":{"rendered":"Pate Cho M\u00e8o L\u1edbn Whiskas V\u1ecb C\u00e1 Bi\u1ec3n"},"content":{"rendered":"<p>Pate cho m\u00e8o l\u00e0 m\u00f3n \u0103n kho\u00e1i kh\u1ea9u c\u1ee7a c\u00e1c \u201cboss\u201d. H\u01b0\u01a1ng v\u1ecb th\u01a1m ngon, m\u00f9i h\u01b0\u01a1ng k\u00edch th\u00edch ch\u00ednh l\u00e0 \u201cch\u00eca kho\u00e1\u201d thu h\u00fat c\u00e1c b\u1ea1n m\u00e8o. Kh\u00f4ng nh\u1eefng th\u1ebf, pate c\u00f2n ch\u1ee9a h\u00e0m l\u01b0\u1ee3ng dinh d\u01b0\u1ee1ng d\u1ed3i d\u00e0o cho m\u00e8o. V\u00ec th\u1ebf, cho m\u00e8o \u0103n pate l\u00e0 \u0111i\u1ec1u b\u1ea1n n\u00ean l\u00e0m. Nh\u1eefng s\u1ea3n ph\u1ea9m pate cho m\u00e8o tr\u00ean th\u1ecb tr\u01b0\u1eddng r\u1ea5t \u0111a d\u1ea1ng. 1 trong s\u1ed1 \u0111\u00f3 ch\u00ednh l\u00e0 Pate Cho M\u00e8o L\u1edbn Whiskas V\u1ecb C\u00e1 Bi\u1ec3n 85g.<\/p>\n<p><strong>TH\u00d4NG TIN S\u1ea2N PH\u1ea8M<\/strong><\/p>\n<p>Pate Cho M\u00e8o L\u1edbn Whiskas V\u1ecb C\u00e1 Bi\u1ec3n 85g ngon tuy\u1ec7t h\u1ea3o, gi\u00e0u d\u01b0\u1ee1ng ch\u1ea5t gi\u00fap m\u00e8o \u0103n ngon mi\u1ec7ng, mau l\u1edbn. Whiskas v\u1edbi c\u00f4ng th\u1ee9c c\u1ea3i ti\u1ebfn cung c\u1ea5p ch\u1ebf \u0111\u1ed9 dinh d\u01b0\u1ee1ng c\u00e2n b\u1eb1ng 100%. S\u1ea3n ph\u1ea9m \u0111\u01b0\u1ee3c d\u00f9ng cho m\u00e8o t\u1eeb 1 n\u0103m tu\u1ed5i tr\u1edf l\u00ean.<\/p>\n<p>Pate Cho M\u00e8o L\u1edbn Whiskas V\u1ecb C\u00e1 Bi\u1ec3n v\u1edbi h\u01b0\u01a1ng v\u1ecb c\u00e1 bi\u1ec3n kh\u00f4 gi\u00fap l\u00e0m h\u00e0i l\u00f2ng nh\u1eefng ch\u00fa m\u00e8o nh\u00e0 b\u1ea1n, ngay c\u1ea3 nh\u1eefng ch\u00fa m\u00e8o k\u00e9n \u0103n nh\u1ea5t! Pate Cho M\u00e8o L\u1edbn Whiskas V\u1ecb C\u00e1 Bi\u1ec3n 85g c\u00f3 s\u1eb5n v\u00e0 \u0111\u01b0\u1ee3c b\u00e1n gi\u00e1 t\u1ed1t nh\u1ea5t t\u1ea1i shop th\u00fa c\u01b0ng PetXinh.<\/p>\n<p>&#8211; Xu\u1ea5t X\u1ee9<br \/>\nCh\u1eafc h\u1eb3n c\u00e1c \u201csen\u201d kh\u00f4ng c\u00f2n xa l\u1ea1 g\u00ec v\u1edbi th\u01b0\u01a1ng hi\u1ec7u Whiskas n\u1eefa r\u1ed3i! Nh\u00e3n hi\u1ec7u th\u1ee9c \u0103n cho m\u00e8o m\u00e0u t\u00edm n\u00e0y \u0111\u00e3 chinh ph\u1ee5c \u0111\u01b0\u1ee3c c\u00e1c \u201cboss kh\u00f3 t\u00ednh\u201d nh\u1ea5t! Pate Cho M\u00e8o L\u1edbn Whiskas V\u1ecb C\u00e1 Bi\u1ec3n 85g l\u00e0 s\u1ea3n ph\u1ea9m c\u1ee7a Whiskas, \u0111\u01b0\u1ee3c nh\u1eadp kh\u1ea9u tr\u1ef1c ti\u1ebfp t\u1eeb Th\u00e1i Lan.<\/p>\n<p>S\u1ea3n ph\u1ea9m l\u1ef1a ch\u1ecdn nh\u1eefng th\u00e0nh ph\u1ea7n t\u01b0\u01a1i ngon, \u0111\u1ea3m b\u1ea3o an to\u00e0n cho m\u00e8o. \u0110\u1ed3ng th\u1eddi c\u0169ng cung c\u1ea5p h\u00e0m l\u01b0\u1ee3ng dinh d\u01b0\u1ee1ng d\u1ed3i d\u00e0o cho ch\u00fa m\u00e8o c\u1ee7a b\u1ea1n. V\u1edbi ngu\u1ed3n g\u1ed1c xu\u1ea5t x\u1ee9 r\u00f5 r\u00e0ng, b\u1ea1n ho\u00e0n to\u00e0n c\u00f3 th\u1ec3 an t\u00e2m v\u1ec1 ch\u1ea5t l\u01b0\u1ee3ng s\u1ea3n ph\u1ea9m.<\/p>\n<p>&#8211; Th\u00e0nh Ph\u1ea7n S\u1ea3n Ph\u1ea9m<br \/>\nNguy\u00ean Li\u1ec7u: C\u00e1 ng\u1eeb \u0111\u1ea1i d\u01b0\u01a1ng, d\u1ea7u th\u1ef1c v\u1eadt, vitamin v\u00e0 kho\u00e1ng ch\u1ea5t.<\/p>\n<p>V\u1edbi nh\u1eefng nguy\u00ean li\u1ec7u \u0111\u01b0\u1ee3c ch\u1ecdn loc k\u1ef9 l\u01b0\u1ee1ng, \u0111\u1ea3m b\u1ea3o an to\u00e0n v\u1ec7 sinh th\u1ef1c ph\u1ea9m, Pate Cho M\u00e8o L\u1edbn Whiskas V\u1ecb C\u00e1 Bi\u1ec3n 85g ch\u1eafc ch\u1eafn s\u1ebd \u0111em \u0111\u1ebfn cho m\u00e8o nh\u1eefng ch\u1ea5t dinh d\u01b0\u1ee1ng c\u1ea7n thi\u1ebft.<\/p>\n<p>Th\u00e0nh ph\u1ea7n dinh d\u01b0\u1ee1ng: \u0110\u1ed9 \u1ea9m 87%, Protein th\u00f4 9%, ME 400kcal\/kg, x\u01a1 th\u00f4 1%, Canxi 0.02-3%,\u2026<\/p>\n<p>&#8211; C\u00f4ng D\u1ee5ng C\u1ee7a Pate Cho M\u00e8o L\u1edbn Whiskas V\u1ecb C\u00e1 Bi\u1ec3n<br \/>\nPate Cho M\u00e8o L\u1edbn Whiskas V\u1ecb C\u00e1 Bi\u1ec3n 85g gi\u00fap l\u00e0m s\u1ea1ch r\u0103ng c\u1ee7a nh\u1eefng ch\u00fa m\u00e8o nh\u00e0 b\u1ea1n.<br \/>\nB\u1ed5 sung canxi cho nh\u1eefng ch\u00fa m\u00e8o nh\u00e0 b\u1ea1n, gi\u00fap r\u0103ng v\u00e0 x\u01b0\u01a1ng ch\u1eafc kh\u1ecfe.<br \/>\nB\u1ed5 sung DHA gi\u00fap tr\u00ed n\u00e3o ph\u00e1t tri\u1ec3n t\u1ed1t, gi\u00fap ch\u00fa m\u00e8o c\u1ee7a b\u1ea1n ph\u00e1t tri\u1ec3n m\u1ed9t c\u00e1ch to\u00e0n di\u1ec7n h\u01a1n<br \/>\n\u0110\u1ed3 \u0103n cho m\u00e8o gi\u00fap cho nh\u1eefng ch\u00fa m\u00e8o y\u00eau nh\u00e0 b\u1ea1n c\u00f3 b\u1ed9 l\u00f4ng m\u1ec1m m\u01b0\u1ee3t h\u01a1n.<\/p>\n<p>&#8211; C\u00e1ch D\u00f9ng &amp; B\u1ea3o Qu\u1ea3n Pate Cho M\u00e8o L\u1edbn Whiskas V\u1ecb C\u00e1 Bi\u1ec3n<br \/>\nH\u01b0\u1edbng d\u1eabn s\u1eed d\u1ee5ng: M\u1ed7i g\u00f3i Pate Cho M\u00e8o L\u1edbn Whiskas V\u1ecb C\u00e1 Bi\u1ec3n c\u00f3 kh\u1ed1i l\u01b0\u1ee3ng 85g. Kh\u1ed1i l\u01b0\u1ee3ng n\u00e0y kh\u00e1 ph\u00f9 h\u1ee3p \u0111\u1ec3 chia b\u1eefa cho m\u00e8o. D\u00f9ng 1 g\u00f3i\/1 ng\u00e0y cho m\u1ed7i kg th\u1ec3 tr\u1ecdng, chia l\u00e0m 2 b\u1eefa. C\u00f3 th\u1ec3 cho \u0103n lu\u00f4n ho\u1eb7c tr\u1ed9n l\u1eabn v\u1edbi lo\u1ea1i th\u1ee9c \u0103n kh\u00e1c.<\/p>\n<p>&#8211; H\u01b0\u1edbng d\u1eabn b\u1ea3o qu\u1ea3n:<\/p>\n<p>B\u1ea3o qu\u1ea3n n\u01a1i kh\u00f4, tho\u00e1ng, tr\u00e1nh s\u00e1nh s\u00e1ng tr\u1ef1c ti\u1ebfp.<br \/>\nPh\u1ea7n th\u1ee9c \u0103n ch\u01b0a s\u1eed d\u1ee5ng h\u1ebft trong t\u1ee7 l\u1ea1nh kh\u00f4ng qu\u00e1 3 ng\u00e0y. Khi s\u1eed d\u1ee5ng, h\u00e2m n\u00f3ng th\u1ee9c \u0103n r\u1ed3i \u0111\u1ec3 ngu\u1ed9i.<\/p>\n<p><strong>Gi\u1edbi Thi\u1ec7u Th\u01b0\u01a1ng Hi\u1ec7u Whiskas<\/strong><\/p>\n<p>Whiskas l\u00e0 m\u1ed9t th\u01b0\u01a1ng hi\u1ec7u th\u1ee9c \u0103n cho m\u00e8o \u0111\u01b0\u1ee3c b\u00e1n tr\u00ean kh\u1eafp th\u1ebf gi\u1edbi. Thu\u1ed9c s\u1edf h\u1eefu c\u1ee7a t\u1eadp \u0111o\u00e0n Mars, M\u1ef9. Whiskas ban \u0111\u1ea7u \u0111\u01b0\u1ee3c g\u1ecdi l\u00e0 Kal Kan khi b\u1eaft \u0111\u1ea7u v\u00e0o n\u0103m 1936. N\u0103m 1988, c\u00f4ng ty \u0111\u1ed5i t\u00ean th\u00e0nh Whiskas nh\u1eb1m qu\u1ea3ng c\u00e1o th\u1ee9c \u0103n cho m\u00e8o tr\u00ean th\u1ecb tr\u01b0\u1eddng qu\u1ed1c t\u1ebf.<\/p>\n<p>Whiskas cung c\u1ea5p \u0111\u1ea7y \u0111\u1ee7 c\u00e1c d\u00f2ng th\u1ee9c \u0103n m\u00e0 nh\u1eefng ch\u00fa m\u00e8o y\u00eau th\u00edch. T\u1eeb h\u01b0\u01a1ng v\u1ecb h\u1ea3i s\u1ea3n h\u1ea5p d\u1eabn \u0111\u01b0\u1ee3c ch\u1ebf bi\u1ebfn t\u01b0\u01a1i ngon nh\u01b0 ch\u00ednh tay b\u1ea1n n\u1ea5u c\u00f3 trong nh\u1eefng g\u00f3i th\u1ee9c \u0103n s\u1ed1t m\u1ec1m b\u1eb1ng nh\u1eefng mi\u1ebfng th\u1ecbt th\u1ef1c s\u1ef1 cho \u0111\u1ebfn v\u1ecb th\u1ecbt \u0111\u1eadm \u0111\u00e0 trong t\u1eebng h\u1ea1t th\u1ee9c \u0103n kh\u00f4.<\/p>\n<p>V\u1edbi s\u1ef1 k\u1ebft h\u1ee3p h\u00e0i h\u00f2a gi\u1eefa c\u00e1c nguy\u00ean li\u1ec7u k\u00e8m theo t\u1ef7 l\u1ec7 h\u1ee3p l\u00fd, kh\u00f3 c\u00f3 ch\u00fa m\u00e8o n\u00e0o c\u00f3 th\u1ec3 c\u01b0\u1ee1ng l\u1ea1i Pate Cho M\u00e8o L\u1edbn Whiskas V\u1ecb C\u00e1 Bi\u1ec3n. Ch\u00fa m\u00e8o nh\u00e0 b\u1ea1n s\u1ebd nh\u1eadn \u0111\u01b0\u1ee3c \u0111\u1ea7y \u0111\u1ee7 ch\u1ea5t dinh d\u01b0\u1ee1ng, protein cho s\u1ef1 ph\u00e1t tri\u1ec3n c\u1ee7a ch\u00fang v\u1edbi Whiskas.<\/p>\n<p><em><strong>Quy\u1ec1n l\u1ee3i khi mua h\u00e0ng t\u1ea1i P-Pet Shop:<\/strong><\/em><br \/>\nCam k\u1ebft h\u00e0ng ch\u00ednh h\u00e3ng 100%<br \/>\nHo\u00e0n ti\u1ec1n v\u00e0 \u0111\u1ed5i tr\u1ea3 s\u1ea3n ph\u1ea9m n\u1ebfu kh\u00f4ng \u0111\u00fang mi\u00eau t\u1ea3. N\u1ebfu ph\u00e1t hi\u1ec7n ra h\u00e0ng Fake ho\u00e0n ti\u1ec1n g\u1ea5p \u0111\u00f4i s\u1ea3n ph\u1ea9m<br \/>\nN\u1ebfu c\u00f3 b\u1ea5t k\u00ec \u0111i\u1ec1u g\u00ec c\u1ea7n h\u1ed7 tr\u1ee3 v\u1edbi s\u1ea3n ph\u1ea9m vui l\u00f2ng li\u00ean h\u1ec7 ngay v\u1edbi P-Pet Shop<br \/>\nCh\u00fang t\u00f4i cam k\u1ebft \u0111\u1eb7t uy t\u00edn v\u00e0 ch\u1ea5t l\u01b0\u1ee3ng s\u1ea3n ph\u1ea9m l\u00ean h\u00e0ng \u0111\u1ea7u<\/p>\n","protected":false},"excerpt":{"rendered":"<p>Pate cho m\u00e8o l\u00e0 m\u00f3n \u0103n kho\u00e1i kh\u1ea9u c\u1ee7a c\u00e1c \u201cboss\u201d. H\u01b0\u01a1ng v\u1ecb th\u01a1m ngon, m\u00f9i h\u01b0\u01a1ng k\u00edch th\u00edch ch\u00ednh l\u00e0 \u201cch\u00eca kho\u00e1\u201d thu h\u00fat c\u00e1c b\u1ea1n m\u00e8o. Kh\u00f4ng nh\u1eefng th\u1ebf, pate c\u00f2n ch\u1ee9a h\u00e0m l\u01b0\u1ee3ng dinh d\u01b0\u1ee1ng d\u1ed3i d\u00e0o cho m\u00e8o. V\u00ec th\u1ebf, cho m\u00e8o \u0103n pate l\u00e0 \u0111i\u1ec1u b\u1ea1n n\u00ean l\u00e0m. Nh\u1eefng s\u1ea3n [&hellip;]<\/p>\n","protected":false},"featured_media":213,"comment_status":"open","ping_status":"closed","template":"","meta":[],"product_cat":[16],"product_tag":[32,31,57,49],"class_list":{"0":"post-223","1":"product","2":"type-product","3":"status-publish","4":"has-post-thumbnail","6":"product_cat-thuc-an-cho-meo","7":"product_tag-cat","8":"product_tag-meo","9":"product_tag-pate-meo","10":"product_tag-thuc-an-meo","12":"first","13":"instock","14":"taxable","15":"shipping-taxable","16":"purchasable","17":"product-type-simple"},"jetpack_sharing_enabled":true,"_links":{"self":[{"href":"http:\/\/longcando.id.vn\/index.php\/wp-json\/wp\/v2\/product\/223","targetHints":{"allow":["GET"]}}],"collection":[{"href":"http:\/\/longcando.id.vn\/index.php\/wp-json\/wp\/v2\/product"}],"about":[{"href":"http:\/\/longcando.id.vn\/index.php\/wp-json\/wp\/v2\/types\/product"}],"replies":[{"embeddable":true,"href":"http:\/\/longcando.id.vn\/index.php\/wp-json\/wp\/v2\/comments?post=223"}],"wp:featuredmedia":[{"embeddable":true,"href":"http:\/\/longcando.id.vn\/index.php\/wp-json\/wp\/v2\/media\/213"}],"wp:attachment":[{"href":"http:\/\/longcando.id.vn\/index.php\/wp-json\/wp\/v2\/media?parent=223"}],"wp:term":[{"taxonomy":"product_cat","embeddable":true,"href":"http:\/\/longcando.id.vn\/index.php\/wp-json\/wp\/v2\/product_cat?post=223"},{"taxonomy":"product_tag","embeddable":true,"href":"http:\/\/longcando.id.vn\/index.php\/wp-json\/wp\/v2\/product_tag?post=223"}],"curies":[{"name":"wp","href":"https:\/\/api.w.org\/{rel}","templated":true}]}}