{"id":222,"date":"2024-12-06T13:08:43","date_gmt":"2024-12-06T13:08:43","guid":{"rendered":"http:\/\/longcando.id.vn\/?post_type=product&#038;p=222"},"modified":"2024-12-20T13:36:22","modified_gmt":"2024-12-20T13:36:22","slug":"thuc-an-chim-cut-say-kho-cho-meo","status":"publish","type":"product","link":"http:\/\/longcando.id.vn\/index.php\/san-pham\/thuc-an-chim-cut-say-kho-cho-meo\/","title":{"rendered":"Th\u1ee9c \u0103n Chim c\u00fat s\u1ea5y kh\u00f4 cho m\u00e8o"},"content":{"rendered":"<p><strong>TH\u00d4NG TIN S\u1ea2N PH\u1ea8M<\/strong><\/p>\n<p>Th\u1ecbt chim c\u00fat l\u00e0 m\u1ed9t trong nh\u1eefng th\u1ef1c ph\u1ea9m ch\u1ee9a l\u01b0\u1ee3ng protein t\u1ed1t cho c\u01a1 th\u1ec3, t\u1ec9 l\u1ec7 ti\u00eau ho\u00e1 t\u1ed1t, b\u1ed5 sung dinh d\u01b0\u1ee1ng ph\u00f9 h\u1ee3p cho c\u00e1c b\u00e9 m\u00e8o \u0111ang ph\u00e1t tri\u1ec3n.<\/p>\n<p>B\u00ean c\u1ea1nh \u0111\u00f3, protein trong th\u1ecbt chim c\u00fat g\u1ed3m nhi\u1ec1u axit amin thi\u1ebft y\u1ebfu c\u1ea7n cho c\u01a1 th\u1ec3.<\/p>\n<p>Chim c\u00fat c\u00f3 ch\u1ee9a s\u1eaft, canxi, \u0111\u1ed3ng v\u00e0 c\u00e1c y\u1ebfu t\u1ed1 vi l\u01b0\u1ee3ng kh\u00e1c, k\u00e8m theo s\u1ef1 phong ph\u00fa v\u1ec1 c\u00e1c lo\u1ea1i vitamin.<\/p>\n<p>T\u1ea5t c\u1ea3 c\u00e1c s\u1ea3n ph\u1ea9m s\u1ea5y kh\u00f4 \u0111\u1ec1u kh\u00f4ng c\u00f3 ch\u1ea5t b\u1ea3o qu\u1ea3n, kh\u00f4ng ch\u1ea5t ph\u1ee5 gia, t\u1ea1o m\u00e0u. L\u00e0 s\u1ea3n ph\u1ea9m \u0103n d\u1eb7m, kh\u00f4ng thay th\u1ebf cho b\u1eefa ch\u00ednh.<\/p>\n<p>H\u1ea1n s\u1eed d\u1ee5ng: 6 th\u00e1ng k\u1ec3 t\u1eeb ng\u00e0y s\u1ea3n xu\u1ea5t in tr\u00ean bao b\u00ec.<\/p>\n<p>&nbsp;<\/p>\n<p><em><strong>Quy\u1ec1n l\u1ee3i khi mua h\u00e0ng t\u1ea1i P-Pet Shop:<\/strong><\/em><br \/>\nCam k\u1ebft h\u00e0ng ch\u00ednh h\u00e3ng 100%<br \/>\nHo\u00e0n ti\u1ec1n v\u00e0 \u0111\u1ed5i tr\u1ea3 s\u1ea3n ph\u1ea9m n\u1ebfu kh\u00f4ng \u0111\u00fang mi\u00eau t\u1ea3. N\u1ebfu ph\u00e1t hi\u1ec7n ra h\u00e0ng Fake ho\u00e0n ti\u1ec1n g\u1ea5p \u0111\u00f4i s\u1ea3n ph\u1ea9m<br \/>\nN\u1ebfu c\u00f3 b\u1ea5t k\u00ec \u0111i\u1ec1u g\u00ec c\u1ea7n h\u1ed7 tr\u1ee3 v\u1edbi s\u1ea3n ph\u1ea9m vui l\u00f2ng li\u00ean h\u1ec7 ngay v\u1edbi P-Pet Shop<br \/>\nCh\u00fang t\u00f4i cam k\u1ebft \u0111\u1eb7t uy t\u00edn v\u00e0 ch\u1ea5t l\u01b0\u1ee3ng s\u1ea3n ph\u1ea9m l\u00ean h\u00e0ng \u0111\u1ea7u<\/p>\n","protected":false},"excerpt":{"rendered":"<p>TH\u00d4NG TIN S\u1ea2N PH\u1ea8M Th\u1ecbt chim c\u00fat l\u00e0 m\u1ed9t trong nh\u1eefng th\u1ef1c ph\u1ea9m ch\u1ee9a l\u01b0\u1ee3ng protein t\u1ed1t cho c\u01a1 th\u1ec3, t\u1ec9 l\u1ec7 ti\u00eau ho\u00e1 t\u1ed1t, b\u1ed5 sung dinh d\u01b0\u1ee1ng ph\u00f9 h\u1ee3p cho c\u00e1c b\u00e9 m\u00e8o \u0111ang ph\u00e1t tri\u1ec3n. B\u00ean c\u1ea1nh \u0111\u00f3, protein trong th\u1ecbt chim c\u00fat g\u1ed3m nhi\u1ec1u axit amin thi\u1ebft y\u1ebfu c\u1ea7n cho c\u01a1 [&hellip;]<\/p>\n","protected":false},"featured_media":208,"comment_status":"open","ping_status":"closed","template":"","meta":[],"product_cat":[16],"product_tag":[32,31,49],"class_list":{"0":"post-222","1":"product","2":"type-product","3":"status-publish","4":"has-post-thumbnail","6":"product_cat-thuc-an-cho-meo","7":"product_tag-cat","8":"product_tag-meo","9":"product_tag-thuc-an-meo","11":"first","12":"instock","13":"sale","14":"taxable","15":"shipping-taxable","16":"purchasable","17":"product-type-simple"},"jetpack_sharing_enabled":true,"_links":{"self":[{"href":"http:\/\/longcando.id.vn\/index.php\/wp-json\/wp\/v2\/product\/222","targetHints":{"allow":["GET"]}}],"collection":[{"href":"http:\/\/longcando.id.vn\/index.php\/wp-json\/wp\/v2\/product"}],"about":[{"href":"http:\/\/longcando.id.vn\/index.php\/wp-json\/wp\/v2\/types\/product"}],"replies":[{"embeddable":true,"href":"http:\/\/longcando.id.vn\/index.php\/wp-json\/wp\/v2\/comments?post=222"}],"wp:featuredmedia":[{"embeddable":true,"href":"http:\/\/longcando.id.vn\/index.php\/wp-json\/wp\/v2\/media\/208"}],"wp:attachment":[{"href":"http:\/\/longcando.id.vn\/index.php\/wp-json\/wp\/v2\/media?parent=222"}],"wp:term":[{"taxonomy":"product_cat","embeddable":true,"href":"http:\/\/longcando.id.vn\/index.php\/wp-json\/wp\/v2\/product_cat?post=222"},{"taxonomy":"product_tag","embeddable":true,"href":"http:\/\/longcando.id.vn\/index.php\/wp-json\/wp\/v2\/product_tag?post=222"}],"curies":[{"name":"wp","href":"https:\/\/api.w.org\/{rel}","templated":true}]}}