{"id":221,"date":"2024-12-06T13:03:29","date_gmt":"2024-12-06T13:03:29","guid":{"rendered":"http:\/\/longcando.id.vn\/?post_type=product&#038;p=221"},"modified":"2024-12-20T13:37:27","modified_gmt":"2024-12-20T13:37:27","slug":"xuong-gam-lam-sach-rang-doggy-man","status":"publish","type":"product","link":"http:\/\/longcando.id.vn\/index.php\/san-pham\/xuong-gam-lam-sach-rang-doggy-man\/","title":{"rendered":"X\u01b0\u01a1ng g\u1eb7m l\u00e0m s\u1ea1ch r\u0103ng Doggy Man"},"content":{"rendered":"<p><strong>TH\u00d4NG TIN S\u1ea2N PH\u1ea8M<\/strong><\/p>\n<p>Xu\u1ea5t x\u1ee9: Doggyman Nh\u1eadt B\u1ea3n \u2013 Made in Vietnam<\/p>\n<p>Quy c\u00e1ch: 5 thanh\/t\u00fai.<\/p>\n<p>Nguy\u00ean li\u1ec7u s\u1ea3n ph\u1ea9m t\u1ef1 nhi\u00ean, ngu\u1ed3n g\u1ed1c r\u00f5 r\u00e0ng, \u0111\u1eb7c bi\u1ec7t \u0111\u1ea3m b\u1ea3o h\u1ec7 ti\u00eau ho\u00e1 c\u1ee7a ch\u00f3, m\u00e8o nh\u1edd b\u1ed5 sung c\u00e1c lo\u1ea1i th\u1ef1c v\u1eadt.<\/p>\n<p>Que g\u1eb7m thu\u1ed9c th\u01b0\u01a1ng hi\u1ec7u Doggyman \u0111\u1ebfn t\u1eeb \u0111\u1ea5t n\u01b0\u1edbc Nh\u1eadt B\u1ea3n,v\u00ec v\u1eady c\u00f3 th\u1ec3 kh\u1eb3ng \u0111\u1ecbnh ch\u1ea5t l\u01b0\u1ee3ng s\u1ea3n ph\u1ea9m c\u0169ng nh\u01b0 \u0111\u1ed9 an to\u00e0n, c\u00f4ng d\u1ee5ng khi d\u00f9ng.<\/p>\n<p>C\u00e1c th\u00e0nh ph\u1ea7n t\u1ef1 nhi\u00ean v\u00e0 kh\u00f4ng qu\u00e1 ph\u1ee9c t\u1ea1p: Da b\u00f2 v\u00e0 ch\u1ea5t di\u1ec7p l\u1ee5c t\u1eeb th\u1ef1c v\u1eadt.<\/p>\n<p>Th\u00e0nh ph\u1ea7n nguy\u00ean li\u1ec7u \u0111\u01b0\u1ee3c k\u1ebft h\u1ee3p v\u00e0 ph\u00e2n chia theo t\u1ec9 l\u1ec7 c\u00e2n b\u1eb1ng, \u0111\u1ea3m b\u1ea3o \u0111\u1ed9 th\u01a1m, da b\u00f2 t\u1ea1o m\u00f9i y\u00eau th\u00edch cho m\u00f3n \u0103n c\u1ee7a th\u00fa c\u01b0ng.<\/p>\n<p><em><strong>Quy\u1ec1n l\u1ee3i khi mua h\u00e0ng t\u1ea1i P-Pet Shop:<\/strong><\/em><br \/>\nCam k\u1ebft h\u00e0ng ch\u00ednh h\u00e3ng 100%<br \/>\nHo\u00e0n ti\u1ec1n v\u00e0 \u0111\u1ed5i tr\u1ea3 s\u1ea3n ph\u1ea9m n\u1ebfu kh\u00f4ng \u0111\u00fang mi\u00eau t\u1ea3. N\u1ebfu ph\u00e1t hi\u1ec7n ra h\u00e0ng Fake ho\u00e0n ti\u1ec1n g\u1ea5p \u0111\u00f4i s\u1ea3n ph\u1ea9m<br \/>\nN\u1ebfu c\u00f3 b\u1ea5t k\u00ec \u0111i\u1ec1u g\u00ec c\u1ea7n h\u1ed7 tr\u1ee3 v\u1edbi s\u1ea3n ph\u1ea9m vui l\u00f2ng li\u00ean h\u1ec7 ngay v\u1edbi P-Pet Shop<br \/>\nCh\u00fang t\u00f4i cam k\u1ebft \u0111\u1eb7t uy t\u00edn v\u00e0 ch\u1ea5t l\u01b0\u1ee3ng s\u1ea3n ph\u1ea9m l\u00ean h\u00e0ng \u0111\u1ea7u<\/p>\n","protected":false},"excerpt":{"rendered":"<p>TH\u00d4NG TIN S\u1ea2N PH\u1ea8M Xu\u1ea5t x\u1ee9: Doggyman Nh\u1eadt B\u1ea3n \u2013 Made in Vietnam Quy c\u00e1ch: 5 thanh\/t\u00fai. Nguy\u00ean li\u1ec7u s\u1ea3n ph\u1ea9m t\u1ef1 nhi\u00ean, ngu\u1ed3n g\u1ed1c r\u00f5 r\u00e0ng, \u0111\u1eb7c bi\u1ec7t \u0111\u1ea3m b\u1ea3o h\u1ec7 ti\u00eau ho\u00e1 c\u1ee7a ch\u00f3, m\u00e8o nh\u1edd b\u1ed5 sung c\u00e1c lo\u1ea1i th\u1ef1c v\u1eadt. Que g\u1eb7m thu\u1ed9c th\u01b0\u01a1ng hi\u1ec7u Doggyman \u0111\u1ebfn t\u1eeb \u0111\u1ea5t n\u01b0\u1edbc Nh\u1eadt [&hellip;]<\/p>\n","protected":false},"featured_media":210,"comment_status":"open","ping_status":"closed","template":"","meta":[],"product_cat":[17],"product_tag":[43,46,54,48,53],"class_list":{"0":"post-221","1":"product","2":"type-product","3":"status-publish","4":"has-post-thumbnail","6":"product_cat-thuc-an-cho-cun","7":"product_tag-cho","8":"product_tag-cun","9":"product_tag-thuc-an-cho","10":"product_tag-thuc-an-cun","11":"product_tag-xuong-gam","13":"first","14":"instock","15":"taxable","16":"shipping-taxable","17":"purchasable","18":"product-type-simple"},"jetpack_sharing_enabled":true,"_links":{"self":[{"href":"http:\/\/longcando.id.vn\/index.php\/wp-json\/wp\/v2\/product\/221","targetHints":{"allow":["GET"]}}],"collection":[{"href":"http:\/\/longcando.id.vn\/index.php\/wp-json\/wp\/v2\/product"}],"about":[{"href":"http:\/\/longcando.id.vn\/index.php\/wp-json\/wp\/v2\/types\/product"}],"replies":[{"embeddable":true,"href":"http:\/\/longcando.id.vn\/index.php\/wp-json\/wp\/v2\/comments?post=221"}],"wp:featuredmedia":[{"embeddable":true,"href":"http:\/\/longcando.id.vn\/index.php\/wp-json\/wp\/v2\/media\/210"}],"wp:attachment":[{"href":"http:\/\/longcando.id.vn\/index.php\/wp-json\/wp\/v2\/media?parent=221"}],"wp:term":[{"taxonomy":"product_cat","embeddable":true,"href":"http:\/\/longcando.id.vn\/index.php\/wp-json\/wp\/v2\/product_cat?post=221"},{"taxonomy":"product_tag","embeddable":true,"href":"http:\/\/longcando.id.vn\/index.php\/wp-json\/wp\/v2\/product_tag?post=221"}],"curies":[{"name":"wp","href":"https:\/\/api.w.org\/{rel}","templated":true}]}}