{"id":218,"date":"2024-12-06T12:55:23","date_gmt":"2024-12-06T12:55:23","guid":{"rendered":"http:\/\/longcando.id.vn\/?post_type=product&#038;p=218"},"modified":"2024-12-20T13:37:31","modified_gmt":"2024-12-20T13:37:31","slug":"thuc-an-hat-kho-kitchenflavor-nature-gourmet-cho-cho-moi-lua-tuoi","status":"publish","type":"product","link":"http:\/\/longcando.id.vn\/index.php\/san-pham\/thuc-an-hat-kho-kitchenflavor-nature-gourmet-cho-cho-moi-lua-tuoi\/","title":{"rendered":"Th\u1ee9c \u0103n h\u1ea1t kh\u00f4 KitchenFlavor Nature Gourmet cho ch\u00f3 m\u1ecdi l\u1ee9a tu\u1ed5i"},"content":{"rendered":"<p><strong>TH\u00d4NG TIN S\u1ea2N PH\u1ea8M<\/strong><\/p>\n<p><strong>Th\u00e0nh ph\u1ea7n:<\/strong><br \/>\nB\u1ed9t th\u1ecbt g\u00e0, ng\u00f4, l\u00faa m\u00ec, m\u1ee1 v\u1ecbt, \u0111\u1eadu t\u01b0\u01a1ng kh\u00f4, b\u1ed9t c\u00e1, d\u1ea7u c\u00e1, c\u00e1 h\u1ed3i \u0111\u00f4ng l\u1ea1nh (1,0%), c\u00e0 r\u1ed1t (1,0%), \u0111\u1eadu xanh (0,5%), s\u00fap l\u01a1 kh\u00f4, h\u1ea1t c\u1ea3i kh\u00f4, b\u01a1 kh\u00f4, h\u1ea1t rong bi\u1ec3n.<\/p>\n<p><strong>Ch\u1ec9 ti\u00eau ch\u1ea5t l\u01b0\u1ee3ng:<\/strong><br \/>\n\u0110\u1ea1m \u2265 20%; B\u00e9o th\u00f4 \u2265 12%; X\u01a1 th\u00f4 \u2264 5%; Tro th\u00f4 &lt; 10%; \u0110\u1ed9 \u1ea9m \u2264 10%.<\/p>\n<p>C\u00f4ng d\u1ee5ng:<\/p>\n<p>&#8211; B\u1ed9 l\u00f4ng b\u00f3ng m\u01b0\u1ee3t cho c\u00fan l\u00e0 m\u1ee5c ti\u00eau theo \u0111u\u1ed5i c\u1ee7a nh\u1eefng ng\u01b0\u1eddi nu\u00f4i c\u00fan c\u01b0ng. Tuy nhi\u00ean, vi\u1ec7c b\u1ed5 sung dinh d\u01b0\u1ee1ng ph\u1ea3i b\u1eaft ngu\u1ed3n t\u1eeb ng\u1ecdn.<\/p>\n<p>&#8211; Vitamin A l\u00e0 th\u00e0nh ph\u1ea7n dinh d\u01b0\u1ee1ng ch\u00ednh c\u1ee7a l\u00f4ng, ho\u1ea1t \u0111\u1ed9ng tr\u00ean b\u00e3 nh\u1eddn v\u00e0 cung c\u1ea5p dinh d\u01b0\u1ee1ng cho nu\u00f4i d\u01b0\u1ee1ng nang l\u00f4ng.<\/p>\n<p>&#8211; Da l\u00e0 m\u1ed9t k\u00eanh quan tr\u1ecdng \u0111\u1ec3 cung c\u1ea5p dinh d\u01b0\u1ee1ng cho l\u00f4ng. H\u00e0m l\u01b0\u1ee3ng protein d\u1ed3i d\u00e0o h\u1ed7 tr\u1ee3 nu\u00f4i d\u01b0\u1ee1ng l\u00e0n da.<\/p>\n<p>&#8211; C\u00e1 h\u1ed3i ch\u1ee9a axit b\u00e9o kh\u00f4ng b\u00e3o h\u00f2a \u03a93, b\u1ed5 sung dinh d\u01b0\u1ee1ng cho l\u00f4ng b\u00f3ng m\u01b0\u1ee3t.<\/p>\n","protected":false},"excerpt":{"rendered":"<p>TH\u00d4NG TIN S\u1ea2N PH\u1ea8M Th\u00e0nh ph\u1ea7n: B\u1ed9t th\u1ecbt g\u00e0, ng\u00f4, l\u00faa m\u00ec, m\u1ee1 v\u1ecbt, \u0111\u1eadu t\u01b0\u01a1ng kh\u00f4, b\u1ed9t c\u00e1, d\u1ea7u c\u00e1, c\u00e1 h\u1ed3i \u0111\u00f4ng l\u1ea1nh (1,0%), c\u00e0 r\u1ed1t (1,0%), \u0111\u1eadu xanh (0,5%), s\u00fap l\u01a1 kh\u00f4, h\u1ea1t c\u1ea3i kh\u00f4, b\u01a1 kh\u00f4, h\u1ea1t rong bi\u1ec3n. Ch\u1ec9 ti\u00eau ch\u1ea5t l\u01b0\u1ee3ng: \u0110\u1ea1m \u2265 20%; B\u00e9o th\u00f4 \u2265 12%; X\u01a1 [&hellip;]<\/p>\n","protected":false},"featured_media":207,"comment_status":"open","ping_status":"closed","template":"","meta":[],"product_cat":[17],"product_tag":[43,46,55,52,54,48,53],"class_list":{"0":"post-218","1":"product","2":"type-product","3":"status-publish","4":"has-post-thumbnail","6":"product_cat-thuc-an-cho-cun","7":"product_tag-cho","8":"product_tag-cun","9":"product_tag-hat-kho","10":"product_tag-muot-long","11":"product_tag-thuc-an-cho","12":"product_tag-thuc-an-cun","13":"product_tag-xuong-gam","15":"first","16":"instock","17":"sale","18":"taxable","19":"shipping-taxable","20":"purchasable","21":"product-type-simple"},"jetpack_sharing_enabled":true,"_links":{"self":[{"href":"http:\/\/longcando.id.vn\/index.php\/wp-json\/wp\/v2\/product\/218","targetHints":{"allow":["GET"]}}],"collection":[{"href":"http:\/\/longcando.id.vn\/index.php\/wp-json\/wp\/v2\/product"}],"about":[{"href":"http:\/\/longcando.id.vn\/index.php\/wp-json\/wp\/v2\/types\/product"}],"replies":[{"embeddable":true,"href":"http:\/\/longcando.id.vn\/index.php\/wp-json\/wp\/v2\/comments?post=218"}],"wp:featuredmedia":[{"embeddable":true,"href":"http:\/\/longcando.id.vn\/index.php\/wp-json\/wp\/v2\/media\/207"}],"wp:attachment":[{"href":"http:\/\/longcando.id.vn\/index.php\/wp-json\/wp\/v2\/media?parent=218"}],"wp:term":[{"taxonomy":"product_cat","embeddable":true,"href":"http:\/\/longcando.id.vn\/index.php\/wp-json\/wp\/v2\/product_cat?post=218"},{"taxonomy":"product_tag","embeddable":true,"href":"http:\/\/longcando.id.vn\/index.php\/wp-json\/wp\/v2\/product_tag?post=218"}],"curies":[{"name":"wp","href":"https:\/\/api.w.org\/{rel}","templated":true}]}}