{"id":204,"date":"2024-12-06T12:49:18","date_gmt":"2024-12-06T12:49:18","guid":{"rendered":"http:\/\/longcando.id.vn\/?post_type=product&#038;p=204"},"modified":"2024-12-20T13:37:34","modified_gmt":"2024-12-20T13:37:34","slug":"banh-quy-cho-cho-meo-vi-ca-ho-tro-bong-muot-long","status":"publish","type":"product","link":"http:\/\/longcando.id.vn\/index.php\/san-pham\/banh-quy-cho-cho-meo-vi-ca-ho-tro-bong-muot-long\/","title":{"rendered":"B\u00e1nh quy cho ch\u00f3 m\u00e8o v\u1ecb C\u00e1 h\u1ed7 tr\u1ee3 b\u00f3ng m\u01b0\u1ee3t l\u00f4ng"},"content":{"rendered":"<p>TH\u00d4NG TIN S\u1ea2N PH\u1ea8M<\/p>\n<p>B\u00e1nh quy v\u1ecb C\u00e1 v\u1eeba l\u00e0 m\u1ed9t lo\u1ea1i th\u1ee9c \u0103n c\u00f3 ch\u1ee9a nhi\u1ec1u vitamin, canxi, kho\u00e1ng ch\u1ea5t c\u00f3 th\u1ec3 th\u00fac \u0111\u1ea9y s\u1ef1 ph\u00e1t tri\u1ec3n c\u1ee7a x\u01b0\u01a1ng v\u00e0 r\u0103ng, h\u1ed7 tr\u1ee3 \u0111\u1eb9p da, b\u00f3ng m\u01b0\u1ee3t l\u00f4ng v\u00e0 k\u00edch th\u00edch v\u1ecb gi\u00e1c, v\u1eeba l\u00e0 m\u1ed9t lo\u1ea1i d\u1ee5ng c\u1ee5 c\u00f3 th\u1ec3 d\u00f9ng \u0111\u1ec3 hu\u1ea5n luy\u1ec7n c\u00e1c boss v\u00e2ng l\u1eddi h\u01a1n.<\/p>\n<p>H\u01b0\u01a1ng v\u1ecb th\u01a1m ngon, h\u1ea5p d\u1eabn, gi\u00fap k\u00edch th\u00edch s\u1ef1 th\u00edch th\u00fa h\u00e0o h\u1ee9ng v\u00e0 h\u01a1n n\u1eefa n\u00f3 b\u1ed5 sung nhi\u1ec1u gi\u00e1 tr\u1ecb dinh d\u01b0\u1ee1ng thi\u1ebft y\u1ebfu cho c\u00e1c boss.<\/p>\n<p>Xu\u1ea5t x\u1ee9: Anh Qu\u1ed1c.<\/p>\n","protected":false},"excerpt":{"rendered":"<p>TH\u00d4NG TIN S\u1ea2N PH\u1ea8M B\u00e1nh quy v\u1ecb C\u00e1 v\u1eeba l\u00e0 m\u1ed9t lo\u1ea1i th\u1ee9c \u0103n c\u00f3 ch\u1ee9a nhi\u1ec1u vitamin, canxi, kho\u00e1ng ch\u1ea5t c\u00f3 th\u1ec3 th\u00fac \u0111\u1ea9y s\u1ef1 ph\u00e1t tri\u1ec3n c\u1ee7a x\u01b0\u01a1ng v\u00e0 r\u0103ng, h\u1ed7 tr\u1ee3 \u0111\u1eb9p da, b\u00f3ng m\u01b0\u1ee3t l\u00f4ng v\u00e0 k\u00edch th\u00edch v\u1ecb gi\u00e1c, v\u1eeba l\u00e0 m\u1ed9t lo\u1ea1i d\u1ee5ng c\u1ee5 c\u00f3 th\u1ec3 d\u00f9ng \u0111\u1ec3 hu\u1ea5n [&hellip;]<\/p>\n","protected":false},"featured_media":206,"comment_status":"open","ping_status":"closed","template":"","meta":[],"product_cat":[16,17],"product_tag":[51,43,31,52,48,49],"class_list":{"0":"post-204","1":"product","2":"type-product","3":"status-publish","4":"has-post-thumbnail","6":"product_cat-thuc-an-cho-meo","7":"product_cat-thuc-an-cho-cun","8":"product_tag-banh-quy","9":"product_tag-cho","10":"product_tag-meo","11":"product_tag-muot-long","12":"product_tag-thuc-an-cun","13":"product_tag-thuc-an-meo","15":"first","16":"instock","17":"taxable","18":"shipping-taxable","19":"purchasable","20":"product-type-simple"},"jetpack_sharing_enabled":true,"_links":{"self":[{"href":"http:\/\/longcando.id.vn\/index.php\/wp-json\/wp\/v2\/product\/204","targetHints":{"allow":["GET"]}}],"collection":[{"href":"http:\/\/longcando.id.vn\/index.php\/wp-json\/wp\/v2\/product"}],"about":[{"href":"http:\/\/longcando.id.vn\/index.php\/wp-json\/wp\/v2\/types\/product"}],"replies":[{"embeddable":true,"href":"http:\/\/longcando.id.vn\/index.php\/wp-json\/wp\/v2\/comments?post=204"}],"wp:featuredmedia":[{"embeddable":true,"href":"http:\/\/longcando.id.vn\/index.php\/wp-json\/wp\/v2\/media\/206"}],"wp:attachment":[{"href":"http:\/\/longcando.id.vn\/index.php\/wp-json\/wp\/v2\/media?parent=204"}],"wp:term":[{"taxonomy":"product_cat","embeddable":true,"href":"http:\/\/longcando.id.vn\/index.php\/wp-json\/wp\/v2\/product_cat?post=204"},{"taxonomy":"product_tag","embeddable":true,"href":"http:\/\/longcando.id.vn\/index.php\/wp-json\/wp\/v2\/product_tag?post=204"}],"curies":[{"name":"wp","href":"https:\/\/api.w.org\/{rel}","templated":true}]}}